{"id":184,"date":"2015-12-07T11:28:45","date_gmt":"2015-12-07T10:28:45","guid":{"rendered":"http:\/\/agora.xtec.cat\/ceipcervanteslleida\/?page_id=184"},"modified":"2023-03-14T10:38:31","modified_gmt":"2023-03-14T09:38:31","slug":"actuacions-dexit","status":"publish","type":"page","link":"https:\/\/agora.xtec.cat\/ceipcervanteslleida\/actuacions-dexit\/","title":{"rendered":"Actuacions d&#8217;\u00e8xit"},"content":{"rendered":"<p><strong>L&#8217;escola La Seu Vella<\/strong><strong>\u00a0\u00e9s una comunitat d&#8217;aprenentatge des del curs 2012\/2013, <\/strong>quan es va aprovar el projecte a trav\u00e9s d&#8217;una assemblea i es van recollir els somnis dels alumnes, mares, pares i professorat de com vol\u00edem que fos l&#8217;escola.<\/p>\n<p>Les comunitats d&#8217;Aprenentatge s\u00f3n un projecte de transformaci\u00f3 social, cultural i de l&#8217;entorn, vinculant el professorat, les fam\u00edlies, i altres persones del territori amb accions adre\u00e7ades a millorar : l&#8217;aprenentatge dels nens i nenes i el clima de conviv\u00e8ncia en el centre.<\/p>\n<p>Amb la Comunitat d&#8217;Aprenentatge l&#8217;escola esdev\u00e9 un espai educatiu on totes les persones ensenyen i aprenen, siguin infants, mares, pares, voluntariat o professorat.<\/p>\n<p>&nbsp;<\/p>\n","protected":false},"excerpt":{"rendered":"<p>L&#8217;escola La Seu Vella\u00a0\u00e9s una comunitat d&#8217;aprenentatge des del curs 2012\/2013, quan es va aprovar el projecte a trav\u00e9s d&#8217;una assemblea i es van recollir els somnis dels alumnes, mares, pares i professorat de com vol\u00edem que fos l&#8217;escola.<br \/>\nLes comunitats d&#8217;Aprenentatge s\u00f3n un projecte de&hellip;  <a href=\"https:\/\/agora.xtec.cat\/ceipcervanteslleida\/actuacions-dexit\/\" title=\"Read Actuacions d&#8217;\u00e8xit\">Llegeix m\u00e9s\u00bb<\/a><\/p>\n","protected":false},"author":1,"featured_media":0,"parent":0,"menu_order":0,"comment_status":"closed","ping_status":"closed","template":"","meta":{"_bbp_topic_count":0,"_bbp_reply_count":0,"_bbp_total_topic_count":0,"_bbp_total_reply_count":0,"_bbp_voice_count":0,"_bbp_anonymous_reply_count":0,"_bbp_topic_count_hidden":0,"_bbp_reply_count_hidden":0,"_bbp_forum_subforum_count":0,"footnotes":""},"class_list":["post-184","page","type-page","status-publish","hentry"],"post_mailing_queue_ids":[],"_links":{"self":[{"href":"https:\/\/agora.xtec.cat\/ceipcervanteslleida\/wp-json\/wp\/v2\/pages\/184","targetHints":{"allow":["GET"]}}],"collection":[{"href":"https:\/\/agora.xtec.cat\/ceipcervanteslleida\/wp-json\/wp\/v2\/pages"}],"about":[{"href":"https:\/\/agora.xtec.cat\/ceipcervanteslleida\/wp-json\/wp\/v2\/types\/page"}],"author":[{"embeddable":true,"href":"https:\/\/agora.xtec.cat\/ceipcervanteslleida\/wp-json\/wp\/v2\/users\/1"}],"replies":[{"embeddable":true,"href":"https:\/\/agora.xtec.cat\/ceipcervanteslleida\/wp-json\/wp\/v2\/comments?post=184"}],"version-history":[{"count":3,"href":"https:\/\/agora.xtec.cat\/ceipcervanteslleida\/wp-json\/wp\/v2\/pages\/184\/revisions"}],"predecessor-version":[{"id":6384,"href":"https:\/\/agora.xtec.cat\/ceipcervanteslleida\/wp-json\/wp\/v2\/pages\/184\/revisions\/6384"}],"wp:attachment":[{"href":"https:\/\/agora.xtec.cat\/ceipcervanteslleida\/wp-json\/wp\/v2\/media?parent=184"}],"curies":[{"name":"wp","href":"https:\/\/api.w.org\/{rel}","templated":true}]}}