{"id":1865,"date":"2019-11-14T13:03:03","date_gmt":"2019-11-14T12:03:03","guid":{"rendered":"http:\/\/agora.xtec.cat\/ceipcastellroc\/?page_id=1865"},"modified":"2023-02-28T16:18:47","modified_gmt":"2023-02-28T15:18:47","slug":"projecte-r3","status":"publish","type":"page","link":"https:\/\/agora.xtec.cat\/ceipcastellroc\/projectes\/projecte-r3\/","title":{"rendered":"PUNTS DE RECOLLIDA I RECICLATGE"},"content":{"rendered":"<h6 style=\"text-align: justify;\"><span class=\"Estilo3\"> A l&#8217;escola disposem:<\/span><\/h6>\n<ul>\n<li>Punts de selecci\u00f3 i reciclatge de pl\u00e0stic, cartr\u00f3, org\u00e0nic i resta.<\/li>\n<li style=\"text-align: justify;\"><span class=\"Estilo3\">Punt de recollida de c\u00e0psules de caf\u00e8 (proporcionat per l&#8217;Ajuntament).<\/span><\/li>\n<li>Punt de recollida i reciclatge de cartutxos d&#8217;impressora. <a href=\"https:\/\/agora.xtec.cat\/ceipcastellroc\/wp-content\/uploads\/usu235\/2023\/02\/FBO_PRESENTACIO\u0301_CATALA\u0300_VF_compressed-0504.pdf\">FBO_PRESENTACIO\u0301_CATALA\u0300_VF_compressed-0504<\/a><\/li>\n<\/ul>\n<p><a href=\"https:\/\/agora.xtec.cat\/ceipcastellroc\/wp-content\/uploads\/usu235\/2023\/02\/Poster-proyecto-copia.png\"><img loading=\"lazy\" decoding=\"async\" class=\"wp-image-17115 alignright\" src=\"https:\/\/agora.xtec.cat\/ceipcastellroc\/wp-content\/uploads\/usu235\/2023\/02\/Poster-proyecto-copia-484x1024.png\" alt=\"\" width=\"280\" height=\"592\" srcset=\"https:\/\/agora.xtec.cat\/ceipcastellroc\/wp-content\/uploads\/usu235\/2023\/02\/Poster-proyecto-copia-484x1024.png 484w, https:\/\/agora.xtec.cat\/ceipcastellroc\/wp-content\/uploads\/usu235\/2023\/02\/Poster-proyecto-copia-142x300.png 142w, https:\/\/agora.xtec.cat\/ceipcastellroc\/wp-content\/uploads\/usu235\/2023\/02\/Poster-proyecto-copia-768x1624.png 768w, https:\/\/agora.xtec.cat\/ceipcastellroc\/wp-content\/uploads\/usu235\/2023\/02\/Poster-proyecto-copia-726x1536.png 726w, https:\/\/agora.xtec.cat\/ceipcastellroc\/wp-content\/uploads\/usu235\/2023\/02\/Poster-proyecto-copia-968x2048.png 968w, https:\/\/agora.xtec.cat\/ceipcastellroc\/wp-content\/uploads\/usu235\/2023\/02\/Poster-proyecto-copia.png 990w\" sizes=\"auto, (max-width: 280px) 100vw, 280px\" \/><\/a><\/p>\n<h6><a style=\"color: #2795b6;\" href=\"https:\/\/agora.xtec.cat\/ceipcastellroc\/wp-content\/uploads\/usu235\/2023\/02\/reciclatge.jpg\"><img loading=\"lazy\" decoding=\"async\" class=\"wp-image-17119 alignleft\" src=\"https:\/\/agora.xtec.cat\/ceipcastellroc\/wp-content\/uploads\/usu235\/2023\/02\/reciclatge.jpg\" alt=\"\" width=\"475\" height=\"356\" srcset=\"https:\/\/agora.xtec.cat\/ceipcastellroc\/wp-content\/uploads\/usu235\/2023\/02\/reciclatge.jpg 800w, https:\/\/agora.xtec.cat\/ceipcastellroc\/wp-content\/uploads\/usu235\/2023\/02\/reciclatge-300x225.jpg 300w, https:\/\/agora.xtec.cat\/ceipcastellroc\/wp-content\/uploads\/usu235\/2023\/02\/reciclatge-768x576.jpg 768w, https:\/\/agora.xtec.cat\/ceipcastellroc\/wp-content\/uploads\/usu235\/2023\/02\/reciclatge-200x150.jpg 200w\" sizes=\"auto, (max-width: 475px) 100vw, 475px\" \/><\/a><\/h6>\n<h6><\/h6>\n<h6><\/h6>\n<p><strong style=\"text-align: justify;\"><span class=\"Estilo3\">\u00a0<\/span><\/strong><\/p>\n<h6><\/h6>\n<h6><\/h6>\n<h6><\/h6>\n<h6><\/h6>\n<h6><\/h6>\n<h6><\/h6>\n<h6><\/h6>\n<p>&nbsp;<\/p>\n<p>&nbsp;<\/p>\n<p>&nbsp;<\/p>\n<p>&nbsp;<\/p>\n<p>&nbsp;<\/p>\n<p>&nbsp;<\/p>\n<p>&nbsp;<\/p>\n<h6 style=\"text-align: justify;\"><strong><span class=\"Estilo3\">Co<\/span><\/strong><strong style=\"font-size: 1em; text-align: justify;\"><span class=\"Estilo3\">m cada any, a l&#8217;escola es realitza un projecte interdisciplinari, conjunt a totes les classes i nens i nenes.<\/span><\/strong><\/h6>\n<h6 style=\"text-align: justify;\"><strong><span class=\"Estilo3\">Aquest curs <\/span><\/strong><strong>2018-19<\/strong><strong><span class=\"Estilo3\">\u00a0hem escollit el PROJECTE R3 (Reduir, Reutilitzar i Reciclar). <\/span><br \/>\n<\/strong><\/h6>\n<div>\n<p style=\"text-align: justify;\"><span class=\"Estilo3\">Els alumnes de cicle superior ens han fet la presentaci\u00f3 del projecte. Primer hem vist un v\u00eddeo molt interessant &#8220;<em>Plastic Planet&#8221;<\/em> i a continuaci\u00f3 ens han explicat de qu\u00e8 consistia R3 i qu\u00e8 haur\u00edem de fer a l&#8217;escola. Tamb\u00e9 ens han presentat els nous cubells de reciclatge. <\/span><\/p>\n<\/div>\n<div><\/div>\n<div><\/div>\n<div>\n<div><strong>PLASTIC PLANET<\/strong><\/div>\n<div><\/div>\n<\/div>\n","protected":false},"excerpt":{"rendered":"<p> A l&#8217;escola disposem:<\/p>\n<ul>\n<li>Punts de selecci\u00f3 i reciclatge de pl\u00e0stic, cartr\u00f3, org\u00e0nic i resta.<\/li>\n<li style=\"text-align: justify;\">Punt de recollida de c\u00e0psules de caf\u00e8 (proporcionat per l&#8217;Ajuntament).<\/li>\n<li>Punt de recollida i reciclatge de cartutxos d&#8217;impressora. <a href=\"https:\/\/agora.xtec.cat\/ceipcastellroc\/wp-content\/uploads\/usu235\/2023\/02\/FBO_PRESENTACIO\u0301_CATALA\u0300_VF_compressed-0504.pdf\">FBO_PRESENTACIO\u0301_CATALA\u0300_VF_compressed-0504<\/a><\/li>\n<\/ul>\n<p><a href=\"https:\/\/agora.xtec.cat\/ceipcastellroc\/wp-content\/uploads\/usu235\/2023\/02\/Poster-proyecto-copia.png\"><\/a><br \/>\n<a style=\"color: #2795b6;\" href=\"https:\/\/agora.xtec.cat\/ceipcastellroc\/wp-content\/uploads\/usu235\/2023\/02\/reciclatge.jpg\"><\/a><\/p>\n<p>\u00a0<\/p>\n<p>&nbsp;<br \/>\n&nbsp;<br \/>\n&nbsp;<br \/>\n&nbsp;<br \/>\n&nbsp;<br \/>\n&nbsp;<br \/>\n&nbsp;<br \/>\nCom cada any, a l&#8217;escola es realitza un&hellip;  <a href=\"https:\/\/agora.xtec.cat\/ceipcastellroc\/projectes\/projecte-r3\/\" title=\"Read PUNTS DE RECOLLIDA I RECICLATGE\">Llegeix m\u00e9s\u00bb<\/a><\/p>\n","protected":false},"author":1,"featured_media":0,"parent":1843,"menu_order":50,"comment_status":"closed","ping_status":"closed","template":"page-templates\/side-menu.php","meta":{"_bbp_topic_count":0,"_bbp_reply_count":0,"_bbp_total_topic_count":0,"_bbp_total_reply_count":0,"_bbp_voice_count":0,"_bbp_anonymous_reply_count":0,"_bbp_topic_count_hidden":0,"_bbp_reply_count_hidden":0,"_bbp_forum_subforum_count":0,"footnotes":""},"class_list":["post-1865","page","type-page","status-publish","hentry"],"post_mailing_queue_ids":[],"_links":{"self":[{"href":"https:\/\/agora.xtec.cat\/ceipcastellroc\/wp-json\/wp\/v2\/pages\/1865","targetHints":{"allow":["GET"]}}],"collection":[{"href":"https:\/\/agora.xtec.cat\/ceipcastellroc\/wp-json\/wp\/v2\/pages"}],"about":[{"href":"https:\/\/agora.xtec.cat\/ceipcastellroc\/wp-json\/wp\/v2\/types\/page"}],"author":[{"embeddable":true,"href":"https:\/\/agora.xtec.cat\/ceipcastellroc\/wp-json\/wp\/v2\/users\/1"}],"replies":[{"embeddable":true,"href":"https:\/\/agora.xtec.cat\/ceipcastellroc\/wp-json\/wp\/v2\/comments?post=1865"}],"version-history":[{"count":4,"href":"https:\/\/agora.xtec.cat\/ceipcastellroc\/wp-json\/wp\/v2\/pages\/1865\/revisions"}],"predecessor-version":[{"id":17123,"href":"https:\/\/agora.xtec.cat\/ceipcastellroc\/wp-json\/wp\/v2\/pages\/1865\/revisions\/17123"}],"up":[{"embeddable":true,"href":"https:\/\/agora.xtec.cat\/ceipcastellroc\/wp-json\/wp\/v2\/pages\/1843"}],"wp:attachment":[{"href":"https:\/\/agora.xtec.cat\/ceipcastellroc\/wp-json\/wp\/v2\/media?parent=1865"}],"curies":[{"name":"wp","href":"https:\/\/api.w.org\/{rel}","templated":true}]}}