{"id":1758,"date":"2019-11-14T12:28:50","date_gmt":"2019-11-14T11:28:50","guid":{"rendered":"http:\/\/agora.xtec.cat\/ceipcastellroc\/?page_id=1758"},"modified":"2021-10-12T22:34:51","modified_gmt":"2021-10-12T20:34:51","slug":"biblioteca","status":"publish","type":"page","link":"https:\/\/agora.xtec.cat\/ceipcastellroc\/escola\/espais-i-serveis\/biblioteca\/","title":{"rendered":"Biblioteca"},"content":{"rendered":"<table border=\"0\" width=\"743\" align=\"left\">\n<tbody>\n<tr>\n<td colspan=\"2\" width=\"445\">\n<h2>Normes<a href=\"http:\/\/agora.xtec.cat\/ceipcastellroc\/escola\/espais-i-serveis\/biblioteca\/attachment\/dsc00900\/\" rel=\"attachment wp-att-16059\"><img loading=\"lazy\" decoding=\"async\" class=\"size-full wp-image-16059 alignright\" src=\"https:\/\/agora.xtec.cat\/ceipcastellroc\/wp-content\/uploads\/usu235\/2020\/11\/DSC00900-e1604521272266.jpg\" alt=\"\" width=\"280\" height=\"373\" srcset=\"https:\/\/agora.xtec.cat\/ceipcastellroc\/wp-content\/uploads\/usu235\/2020\/11\/DSC00900-e1604521272266.jpg 280w, https:\/\/agora.xtec.cat\/ceipcastellroc\/wp-content\/uploads\/usu235\/2020\/11\/DSC00900-e1604521272266-225x300.jpg 225w\" sizes=\"auto, (max-width: 280px) 100vw, 280px\" \/><\/a><\/h2>\n<h3>Aquestes s\u00f3n les normes de la biblioteca<\/h3>\n<ul>\n<li>La biblioteca \u00e9s un espai de treball i de lectura.<\/li>\n<li>\u00a0Respecteu el silenci i el treball dels vostres companys.<\/li>\n<li>Si feu treballs en grup podeu PARLAR FLUIXET.<\/li>\n<li>Senyaleu el lloc del llibre que esteu consultant.<\/li>\n<li>Agafeu un llibre cada vegada sense desordenar els altres.<\/li>\n<li>Tracteu b\u00e9 els llibres: no els guixeu, no els doblegueu, ni els esparraqueu\u2026tamb\u00e9 s\u00f3n vostres.<\/li>\n<li>Respecteu el material: ordinadors, mobiliari\u2026<\/li>\n<li>Podeu utilitzar el servei de pr\u00e9stec. Recordeu tornar els llibres en bon estat.\u00a0 En cas de perdre o malmetre un llibre, heu de substituir-lo per un de nou o del mateix autor.<\/li>\n<li>Els llibres de coneixements (enciclop\u00e8dies, diccionaris\u2026) s\u00f3n per consultar i no estan en pr\u00e9stec.<\/li>\n<li>Deixeu les taules i les cadires com les heu trobat.<\/li>\n<li>Recordeu que no es pot entrar amb menjar ni beure a la biblioteca.<\/li>\n<\/ul>\n<\/td>\n<\/tr>\n<tr>\n<td colspan=\"2\">\n<h2>Horari<\/h2>\n<h3>Horari de la biblioteca<\/h3>\n<h4><strong>\u00b7 <\/strong><strong>HORARI<\/strong><strong>ESCOLAR<\/strong><\/h4>\n<p>\u2192 Una sessi\u00f3 setmanal pera tots els nivells educatius.<br \/>\n\u2192 Activitats curriculars, Pla de lectura i Formaci\u00f3 d\u2019usuaris<br \/>\n\u2192 Servei de pr\u00e9stec cada dia a l&#8217;hora del pat\u00ed de 11.00h a 11:30h<\/td>\n<\/tr>\n<tr>\n<td colspan=\"2\">\n<h2 align=\"left\">\u00e8-pergam<a href=\"http:\/\/agora.xtec.cat\/ceipcastellroc\/escola\/espais-i-serveis\/biblioteca\/attachment\/dsc00901\/\" rel=\"attachment wp-att-16060\"><img loading=\"lazy\" decoding=\"async\" class=\" wp-image-16060 alignright\" src=\"https:\/\/agora.xtec.cat\/ceipcastellroc\/wp-content\/uploads\/usu235\/2020\/11\/DSC00901-e1604520663587.jpg\" alt=\"\" width=\"264\" height=\"198\" \/><\/a><\/h2>\n<h3>Consulta de llibres<\/h3>\n<table border=\"1\" width=\"200\" bgcolor=\"#FF9933\">\n<tbody>\n<tr>\n<td>\n<div align=\"center\"><a href=\"https:\/\/aplicacions.gestioeducativa.gencat.cat\/epergam\/web\/biblioteca.jsp?codi=17000861\" target=\"_blank\" rel=\"noopener noreferrer\"><strong>ANAR A \u00c8-PERGAM <\/strong><\/a><\/div>\n<\/td>\n<\/tr>\n<\/tbody>\n<\/table>\n<h2 align=\"justify\">El nom<\/h2>\n<h3 align=\"justify\">Biblioteca Bas\u00e0ltica<\/h3>\n<p align=\"justify\">Aquestes \u00faltimes setmanes els alumnes ja desitjaven saber el nom de la biblioteca, per\u00f2 els \u201cprofes\u201d tamb\u00e9. Finalment gr\u00e0cies a la col\u00b7laboraci\u00f3 de tota la comunitat educativa ja tenim el nom i \u00e9s dir\u00e0: BAS\u00c0LTICA<\/p>\n<\/td>\n<\/tr>\n<tr>\n<td colspan=\"2\">\n<h2>Historia de la biblioteca<\/h2>\n<h3>\u00c9s jove per\u00f2 amb molta energia<\/h3>\n<p align=\"justify\">L\u2019espai on es trobava ubicada la biblioteca fins ara, no era el m\u00e9s adequat ja que era fosc i poc atractiu per a l\u2019alumnat i\u00a0 a m\u00e9s amb fons bibliogr\u00e0fics obsolets. La preocupaci\u00f3 per millorar la biblioteca ens condueix a repensar canvis constants. El curs passat, 2010-11\u00a0 van comen\u00e7ar a esporgar tot el material, treball en el que col\u2022laboren els membres de la comissi\u00f3 de la biblioteca i el coordinador responsable del CRP. L\u2019assist\u00e8ncia a cursos de formaci\u00f3 ens va fer reflexionar sobre la necessitat de millorar la formaci\u00f3 d\u2019usuaris, l\u2019educaci\u00f3 documental, la dotaci\u00f3 de fons, la centralitzaci\u00f3 dels mateixos\u2026etc<br \/>\nA trav\u00e9s de la creaci\u00f3 de l\u2019equip de la biblioteca es va analitzar quin seria el millor espai per a la mateixa i es decid\u00ed canviar-la a una aula m\u00e9s gran. Van realitzar el seu disseny i distribuci\u00f3 actualitzant el mobiliari i tamb\u00e9 el terra de l\u2019aula. Els professors de l\u2019aula taller de fusta d\u2019Olot juntament amb els seus alumnes, ens van fabricar els mobles i\u00a0 ens\u00a0 col\u2022locaren el parquet fent molt m\u00e9s acollidor l\u2019espai. Aquesta col\u2022laboraci\u00f3 va \u00e9sser fonamental ja que al haver de pagar tan sols el material van poder fer front al pressupost total gr\u00e0cies a l\u2019aportaci\u00f3 econ\u00f2mica de l\u2019AMPA, Ajuntament i la pr\u00f2pia escola.<br \/>\nL\u2019Ajuntament va posar a la nostra disposici\u00f3 la seva brigada per a poder pintar i condicionar l\u2019espai.<br \/>\nL\u2019assist\u00e8ncia a un curs de formaci\u00f3 organitzat pel CRP d\u2019Olot ens permet mitjan\u00e7ant el programa e-pergam informatitzar els fons dels que disposem; catalogar-los, activitat que continua en aquest moment.<br \/>\nHem demanat tamb\u00e9 col\u2022laboraci\u00f3 a les fam\u00edlies per acabar de decorar la biblioteca i poder-la aix\u00ed, inaugurar el proper mes d\u2019abril.<br \/>\nLa propera actuaci\u00f3 ser\u00e0 consensuar les normes, aix\u00ed com comprar material bibliogr\u00e0fic i finalment crear un equip de treball motivat per a dinamitzar la nova Biblioteca.<\/p>\n<\/td>\n<\/tr>\n<tr>\n<td colspan=\"2\">\n<h2>El follet saberut<a href=\"http:\/\/agora.xtec.cat\/ceipcastellroc\/escola\/espais-i-serveis\/biblioteca\/attachment\/dsc00897\/\" rel=\"attachment wp-att-16058\"><img loading=\"lazy\" decoding=\"async\" class=\"size-full wp-image-16058 alignright\" src=\"https:\/\/agora.xtec.cat\/ceipcastellroc\/wp-content\/uploads\/usu235\/2020\/11\/DSC00897-e1604520630475.jpg\" alt=\"\" width=\"280\" height=\"373\" \/><\/a><\/h2>\n<h2>El Lip-Dub<\/h2>\n<h3>Per qu\u00e8 un Lip-Dub?<\/h3>\n<p align=\"justify\">En motiu de la inauguraci\u00f3 de la nova Biblioteca de l\u2019escola Castellroc de Castellfollit de la Roca hem creat aquest Lipdub.<br \/>\nEl protagonista del recorregut del LipDub \u00e9s el follet de la Biblioteca Bas\u00e0ltica que va passant per diferents contes: el llop i els tres porquets, els petits titelles, el flautista d\u2019Hamelin, el narrador de contes, les tres Bessones, la Blancaneus i el set nans, en Patufet, la Bella i la B\u00e8stia i la Ventafocs. El LipDub acaba quan el follet ens porta a dins la Biblioteca Bas\u00e0ltica, on hi ha tots els nens i nenes, mestres,\u2026. de l\u2019escola.<br \/>\nEl follet en acabar el Lipdub ens monstre un quadre on es troba ell i fent m\u00e0gia es converteix en el follet de la Biblioteca.<br \/>\nDesitgem que us agradi molt\u00edssim!<\/p>\n<div align=\"center\">\n<table border=\"1\" width=\"200\" bgcolor=\"#FF9933\">\n<tbody>\n<tr>\n<td width=\"190\">\n<div align=\"center\"><strong><a href=\"https:\/\/www.youtube.com\/watch?v=Uripg8K05SE&amp;feature=youtu.be\" target=\"_blank\" rel=\"noopener noreferrer\">VEURE EL LIP-DUB <\/a><\/strong><\/div>\n<\/td>\n<\/tr>\n<\/tbody>\n<\/table>\n<\/div>\n<p align=\"center\"><strong><em>Els llibres <\/em><br \/>\n<\/strong><strong>Arrenglerats <\/strong><\/p>\n<p align=\"center\"><strong>en els prestatges<\/strong><\/p>\n<p align=\"center\"><strong>semblen soldats <\/strong><\/p>\n<p align=\"center\"><strong>o personatges<\/strong><\/p>\n<p align=\"center\"><strong>tots enrampats.<\/strong><\/p>\n<p align=\"center\"><strong>Si en prens algun<\/strong><\/p>\n<p align=\"center\"><strong>veur\u00e0s que s\u00f3n <\/strong><\/p>\n<p align=\"center\"><strong>una altra cosa.<\/strong><\/p>\n<p align=\"center\"><strong>Dintre la m\u00e0<\/strong><\/p>\n<p align=\"center\"><strong>seran un m\u00f3n<\/strong><\/p>\n<p align=\"center\"><strong>que es badar\u00e0<\/strong><\/p>\n<p align=\"center\"><strong>com una rosa.<\/strong><\/p>\n<h1 align=\"center\">Joana Raspall<\/h1>\n<h1 align=\"center\"><a href=\"http:\/\/agora.xtec.cat\/ceipcastellroc\/escola\/espais-i-serveis\/biblioteca\/attachment\/dsc00896\/\" rel=\"attachment wp-att-16057\"><img loading=\"lazy\" decoding=\"async\" class=\" wp-image-16057 alignnone\" src=\"https:\/\/agora.xtec.cat\/ceipcastellroc\/wp-content\/uploads\/usu235\/2020\/11\/DSC00896-e1604520601592.jpg\" alt=\"\" width=\"280\" height=\"373\" \/><\/a><\/h1>\n<\/td>\n<\/tr>\n<\/tbody>\n<\/table>\n","protected":false},"excerpt":{"rendered":"<p>Normes<a href=\"http:\/\/agora.xtec.cat\/ceipcastellroc\/escola\/espais-i-serveis\/biblioteca\/attachment\/dsc00900\/\" rel=\"attachment wp-att-16059\"><\/a><br \/>\nAquestes s\u00f3n les normes de la biblioteca<\/p>\n<ul>\n<li>La biblioteca \u00e9s un espai de treball i de lectura.<\/li>\n<li>\u00a0Respecteu el silenci i el treball dels vostres companys.<\/li>\n<li>Si feu treballs en grup podeu PARLAR FLUIXET.<\/li>\n<li>Senyaleu el lloc del llibre que esteu consultant.<\/li>\n<li>Agafeu un llibre cada vegada&hellip;  <a href=\"https:\/\/agora.xtec.cat\/ceipcastellroc\/escola\/espais-i-serveis\/biblioteca\/\" title=\"Read Biblioteca\">Llegeix m\u00e9s\u00bb<\/a><br \/>\n","protected":false},"author":1,"featured_media":0,"parent":1755,"menu_order":0,"comment_status":"closed","ping_status":"closed","template":"page-templates\/side-menu.php","meta":{"_bbp_topic_count":0,"_bbp_reply_count":0,"_bbp_total_topic_count":0,"_bbp_total_reply_count":0,"_bbp_voice_count":0,"_bbp_anonymous_reply_count":0,"_bbp_topic_count_hidden":0,"_bbp_reply_count_hidden":0,"_bbp_forum_subforum_count":0,"footnotes":""},"class_list":["post-1758","page","type-page","status-publish","hentry"],"post_mailing_queue_ids":[],"_links":{"self":[{"href":"https:\/\/agora.xtec.cat\/ceipcastellroc\/wp-json\/wp\/v2\/pages\/1758","targetHints":{"allow":["GET"]}}],"collection":[{"href":"https:\/\/agora.xtec.cat\/ceipcastellroc\/wp-json\/wp\/v2\/pages"}],"about":[{"href":"https:\/\/agora.xtec.cat\/ceipcastellroc\/wp-json\/wp\/v2\/types\/page"}],"author":[{"embeddable":true,"href":"https:\/\/agora.xtec.cat\/ceipcastellroc\/wp-json\/wp\/v2\/users\/1"}],"replies":[{"embeddable":true,"href":"https:\/\/agora.xtec.cat\/ceipcastellroc\/wp-json\/wp\/v2\/comments?post=1758"}],"version-history":[{"count":4,"href":"https:\/\/agora.xtec.cat\/ceipcastellroc\/wp-json\/wp\/v2\/pages\/1758\/revisions"}],"predecessor-version":[{"id":16476,"href":"https:\/\/agora.xtec.cat\/ceipcastellroc\/wp-json\/wp\/v2\/pages\/1758\/revisions\/16476"}],"up":[{"embeddable":true,"href":"https:\/\/agora.xtec.cat\/ceipcastellroc\/wp-json\/wp\/v2\/pages\/1755"}],"wp:attachment":[{"href":"https:\/\/agora.xtec.cat\/ceipcastellroc\/wp-json\/wp\/v2\/media?parent=1758"}],"curies":[{"name":"wp","href":"https:\/\/api.w.org\/{rel}","templated":true}]}}