{"id":2600,"date":"2024-12-01T21:50:42","date_gmt":"2024-12-01T20:50:42","guid":{"rendered":"https:\/\/agora.xtec.cat\/ceipcastelloli\/?page_id=2600"},"modified":"2024-12-01T21:50:42","modified_gmt":"2024-12-01T20:50:42","slug":"tallers-i-xerrades","status":"publish","type":"page","link":"https:\/\/agora.xtec.cat\/ceipcastelloli\/tallers-i-xerrades\/","title":{"rendered":"Tallers i xerrades"},"content":{"rendered":"<p>Des de l&#8217;escola promovem xerrades adre\u00e7ades a fam\u00edlies i tothom qui vulgui venir perqu\u00e8 aquesta \u00e9s la nostra escola i la de tots i totes.<\/p>\n","protected":false},"excerpt":{"rendered":"<p>Des de l&#8217;escola promovem xerrades adre\u00e7ades a fam\u00edlies i tothom qui vulgui venir perqu\u00e8 aquesta \u00e9s la nostra escola i la de tots i totes.<\/p>\n","protected":false},"author":1,"featured_media":0,"parent":0,"menu_order":0,"comment_status":"closed","ping_status":"closed","template":"page-templates\/side-menu.php","meta":{"_bbp_topic_count":0,"_bbp_reply_count":0,"_bbp_total_topic_count":0,"_bbp_total_reply_count":0,"_bbp_voice_count":0,"_bbp_anonymous_reply_count":0,"_bbp_topic_count_hidden":0,"_bbp_reply_count_hidden":0,"_bbp_forum_subforum_count":0,"footnotes":""},"class_list":["post-2600","page","type-page","status-publish","hentry"],"post_mailing_queue_ids":[],"_links":{"self":[{"href":"https:\/\/agora.xtec.cat\/ceipcastelloli\/wp-json\/wp\/v2\/pages\/2600","targetHints":{"allow":["GET"]}}],"collection":[{"href":"https:\/\/agora.xtec.cat\/ceipcastelloli\/wp-json\/wp\/v2\/pages"}],"about":[{"href":"https:\/\/agora.xtec.cat\/ceipcastelloli\/wp-json\/wp\/v2\/types\/page"}],"author":[{"embeddable":true,"href":"https:\/\/agora.xtec.cat\/ceipcastelloli\/wp-json\/wp\/v2\/users\/1"}],"replies":[{"embeddable":true,"href":"https:\/\/agora.xtec.cat\/ceipcastelloli\/wp-json\/wp\/v2\/comments?post=2600"}],"version-history":[{"count":1,"href":"https:\/\/agora.xtec.cat\/ceipcastelloli\/wp-json\/wp\/v2\/pages\/2600\/revisions"}],"predecessor-version":[{"id":2602,"href":"https:\/\/agora.xtec.cat\/ceipcastelloli\/wp-json\/wp\/v2\/pages\/2600\/revisions\/2602"}],"wp:attachment":[{"href":"https:\/\/agora.xtec.cat\/ceipcastelloli\/wp-json\/wp\/v2\/media?parent=2600"}],"curies":[{"name":"wp","href":"https:\/\/api.w.org\/{rel}","templated":true}]}}