{"id":2210,"date":"2024-03-05T11:54:39","date_gmt":"2024-03-05T10:54:39","guid":{"rendered":"https:\/\/agora.xtec.cat\/ceipcastelloli\/?page_id=2210"},"modified":"2026-04-09T13:47:12","modified_gmt":"2026-04-09T11:47:12","slug":"preinscripcio","status":"publish","type":"page","link":"https:\/\/agora.xtec.cat\/ceipcastelloli\/preinscripcio\/","title":{"rendered":"Preinscripci\u00f3"},"content":{"rendered":"<p>Si voleu tenir m\u00e9s informaci\u00f3 i con\u00e8ixer m\u00e9s l&#8217;escola feu una ullada al tr\u00edptic: <a href=\"https:\/\/agora.xtec.cat\/ceipcastelloli\/wp-content\/uploads\/usu1434\/2026\/04\/EI3_26_27_LLibret-informatiu-Families-1_compressed.pdf\">Llibret informatiu\u00a0<\/a><\/p>\n<p>I al v\u00eddeo: <a href=\"https:\/\/drive.google.com\/file\/d\/1MIpP1xvMCfq-uBHMR5nKN6jmBqbUHm7X\/view?usp=sharing\">Presentaci\u00f3 de l&#8217;escola<\/a><\/p>\n<p>Tamb\u00e9 podeu visualitzar al seg\u00fcent link l&#8217;oferta de places de l&#8217;escola: <a href=\"https:\/\/agora.xtec.cat\/ceipcastelloli\/wp-content\/uploads\/usu1434\/2026\/02\/Oferta-_26_27.pdf\">Oferta _26_27<\/a><\/p>\n<p>I l&#8217;explicaci\u00f3 PAS a PAS per poder fer-la: <a href=\"https:\/\/agora.xtec.cat\/ceipcastelloli\/wp-content\/uploads\/usu1434\/2026\/02\/PasAPasPreinscripcioFamilies_2026_27_compressed-1.pdf\">PasAPasPreinscripci\u00f3Fam\u00edlies_2026_27 <\/a><\/p>\n<p><a href=\"https:\/\/agora.xtec.cat\/ceipcastelloli\/wp-content\/uploads\/usu1434\/2026\/02\/Preinscripcio.png\"><img decoding=\"async\" src=\"https:\/\/www.edubcn.cat\/rcs_gene\/Preinscripcio_baners_Web_Consorci__Preinscripcio_web_consorci_746x250_SECUNDARIA.jpg\" alt=\"Preinscripci\u00f3 escolar (3-16 anys)\" \/><img loading=\"lazy\" decoding=\"async\" class=\"aligncenter size-full wp-image-3062\" src=\"https:\/\/agora.xtec.cat\/ceipcastelloli\/wp-content\/uploads\/usu1434\/2026\/02\/Preinscripcio.png\" alt=\"\" width=\"709\" height=\"397\" srcset=\"https:\/\/agora.xtec.cat\/ceipcastelloli\/wp-content\/uploads\/usu1434\/2026\/02\/Preinscripcio.png 709w, https:\/\/agora.xtec.cat\/ceipcastelloli\/wp-content\/uploads\/usu1434\/2026\/02\/Preinscripcio-300x168.png 300w\" sizes=\"auto, (max-width: 709px) 100vw, 709px\" \/><\/a><\/p>\n<p>&nbsp;<\/p>\n<p>&nbsp;<\/p>\n<p>&nbsp;<\/p>\n<p>&nbsp;<\/p>\n","protected":false},"excerpt":{"rendered":"<p>Si voleu tenir m\u00e9s informaci\u00f3 i con\u00e8ixer m\u00e9s l&#8217;escola feu una ullada al tr\u00edptic: <a href=\"https:\/\/agora.xtec.cat\/ceipcastelloli\/wp-content\/uploads\/usu1434\/2026\/04\/EI3_26_27_LLibret-informatiu-Families-1_compressed.pdf\">Llibret informatiu\u00a0<\/a><br \/>\nI al v\u00eddeo: <a href=\"https:\/\/drive.google.com\/file\/d\/1MIpP1xvMCfq-uBHMR5nKN6jmBqbUHm7X\/view?usp=sharing\">Presentaci\u00f3 de l&#8217;escola<\/a><br \/>\nTamb\u00e9 podeu visualitzar al seg\u00fcent link l&#8217;oferta de places de l&#8217;escola: <a href=\"https:\/\/agora.xtec.cat\/ceipcastelloli\/wp-content\/uploads\/usu1434\/2026\/02\/Oferta-_26_27.pdf\">Oferta _26_27<\/a><br \/>\nI l&#8217;explicaci\u00f3 PAS a PAS per poder fer-la: <a href=\"https:\/\/agora.xtec.cat\/ceipcastelloli\/wp-content\/uploads\/usu1434\/2026\/02\/PasAPasPreinscripcioFamilies_2026_27_compressed-1.pdf\">PasAPasPreinscripci\u00f3Fam\u00edlies_2026_27&hellip;  <a href=\"https:\/\/agora.xtec.cat\/ceipcastelloli\/preinscripcio\/\" title=\"Read Preinscripci\u00f3\">Llegeix m\u00e9s\u00bb<\/a><\/p>\n","protected":false},"author":1,"featured_media":0,"parent":0,"menu_order":0,"comment_status":"closed","ping_status":"closed","template":"page-templates\/side-menu.php","meta":{"_bbp_topic_count":0,"_bbp_reply_count":0,"_bbp_total_topic_count":0,"_bbp_total_reply_count":0,"_bbp_voice_count":0,"_bbp_anonymous_reply_count":0,"_bbp_topic_count_hidden":0,"_bbp_reply_count_hidden":0,"_bbp_forum_subforum_count":0,"footnotes":""},"class_list":["post-2210","page","type-page","status-publish","hentry"],"post_mailing_queue_ids":[],"_links":{"self":[{"href":"https:\/\/agora.xtec.cat\/ceipcastelloli\/wp-json\/wp\/v2\/pages\/2210","targetHints":{"allow":["GET"]}}],"collection":[{"href":"https:\/\/agora.xtec.cat\/ceipcastelloli\/wp-json\/wp\/v2\/pages"}],"about":[{"href":"https:\/\/agora.xtec.cat\/ceipcastelloli\/wp-json\/wp\/v2\/types\/page"}],"author":[{"embeddable":true,"href":"https:\/\/agora.xtec.cat\/ceipcastelloli\/wp-json\/wp\/v2\/users\/1"}],"replies":[{"embeddable":true,"href":"https:\/\/agora.xtec.cat\/ceipcastelloli\/wp-json\/wp\/v2\/comments?post=2210"}],"version-history":[{"count":6,"href":"https:\/\/agora.xtec.cat\/ceipcastelloli\/wp-json\/wp\/v2\/pages\/2210\/revisions"}],"predecessor-version":[{"id":3115,"href":"https:\/\/agora.xtec.cat\/ceipcastelloli\/wp-json\/wp\/v2\/pages\/2210\/revisions\/3115"}],"wp:attachment":[{"href":"https:\/\/agora.xtec.cat\/ceipcastelloli\/wp-json\/wp\/v2\/media?parent=2210"}],"curies":[{"name":"wp","href":"https:\/\/api.w.org\/{rel}","templated":true}]}}