{"id":1051,"date":"2022-09-21T14:26:33","date_gmt":"2022-09-21T12:26:33","guid":{"rendered":"https:\/\/agora.xtec.cat\/ceipcastelloli\/?page_id=1051"},"modified":"2024-11-15T12:35:24","modified_gmt":"2024-11-15T11:35:24","slug":"reunions-families-2022-23","status":"publish","type":"page","link":"https:\/\/agora.xtec.cat\/ceipcastelloli\/reunions-families-2022-23\/","title":{"rendered":"Reunions fam\u00edlies 22-23"},"content":{"rendered":"<p>A continuaci\u00f3 us deixem l&#8217;enlla\u00e7 a tots els documents que us hem anat mostrant al llarg de les diferents reunions realitzades fins al moment:<\/p>\n<p><a href=\"https:\/\/agora.xtec.cat\/ceipcastelloli\/wp-content\/uploads\/usu1434\/2022\/09\/EI-REUNIO-PARES-2022-2023-1.pdf\">EI-REUNI\u00d3 PARES 2022-2023<\/a><\/p>\n<p><a href=\"https:\/\/agora.xtec.cat\/ceipcastelloli\/wp-content\/uploads\/usu1434\/2022\/09\/CI-REUNIO-PARES-2022-2023-1.pdf\">CI-REUNI\u00d3 PARES 2022-2023<\/a><\/p>\n<p><a href=\"https:\/\/agora.xtec.cat\/ceipcastelloli\/wp-content\/uploads\/usu1434\/2022\/09\/CM-REUNIO-PARES-2022-2023-1.pdf\">CM-REUNI\u00d3 PARES 2022-2023<\/a><\/p>\n<p><a href=\"https:\/\/agora.xtec.cat\/ceipcastelloli\/wp-content\/uploads\/usu1434\/2022\/09\/CS-REUNIO-PARES-2022-2023-1.pdf\">CS-REUNI\u00d3 PARES 2022-2023<\/a><\/p>\n<p>&nbsp;<\/p>\n","protected":false},"excerpt":{"rendered":"<p>A continuaci\u00f3 us deixem l&#8217;enlla\u00e7 a tots els documents que us hem anat mostrant al llarg de les diferents reunions realitzades fins al moment:<br \/>\n<a href=\"https:\/\/agora.xtec.cat\/ceipcastelloli\/wp-content\/uploads\/usu1434\/2022\/09\/EI-REUNIO-PARES-2022-2023-1.pdf\">EI-REUNI\u00d3 PARES 2022-2023<\/a><br \/>\n<a href=\"https:\/\/agora.xtec.cat\/ceipcastelloli\/wp-content\/uploads\/usu1434\/2022\/09\/CI-REUNIO-PARES-2022-2023-1.pdf\">CI-REUNI\u00d3 PARES 2022-2023<\/a><br \/>\n<a href=\"https:\/\/agora.xtec.cat\/ceipcastelloli\/wp-content\/uploads\/usu1434\/2022\/09\/CM-REUNIO-PARES-2022-2023-1.pdf\">CM-REUNI\u00d3 PARES 2022-2023<\/a><br \/>\n<a href=\"https:\/\/agora.xtec.cat\/ceipcastelloli\/wp-content\/uploads\/usu1434\/2022\/09\/CS-REUNIO-PARES-2022-2023-1.pdf\">CS-REUNI\u00d3 PARES 2022-2023<\/a><br \/>\n&nbsp;<\/p>\n","protected":false},"author":1,"featured_media":0,"parent":0,"menu_order":1,"comment_status":"closed","ping_status":"closed","template":"page-templates\/side-menu.php","meta":{"_bbp_topic_count":0,"_bbp_reply_count":0,"_bbp_total_topic_count":0,"_bbp_total_reply_count":0,"_bbp_voice_count":0,"_bbp_anonymous_reply_count":0,"_bbp_topic_count_hidden":0,"_bbp_reply_count_hidden":0,"_bbp_forum_subforum_count":0,"footnotes":""},"class_list":["post-1051","page","type-page","status-publish","hentry"],"post_mailing_queue_ids":[],"_links":{"self":[{"href":"https:\/\/agora.xtec.cat\/ceipcastelloli\/wp-json\/wp\/v2\/pages\/1051","targetHints":{"allow":["GET"]}}],"collection":[{"href":"https:\/\/agora.xtec.cat\/ceipcastelloli\/wp-json\/wp\/v2\/pages"}],"about":[{"href":"https:\/\/agora.xtec.cat\/ceipcastelloli\/wp-json\/wp\/v2\/types\/page"}],"author":[{"embeddable":true,"href":"https:\/\/agora.xtec.cat\/ceipcastelloli\/wp-json\/wp\/v2\/users\/1"}],"replies":[{"embeddable":true,"href":"https:\/\/agora.xtec.cat\/ceipcastelloli\/wp-json\/wp\/v2\/comments?post=1051"}],"version-history":[{"count":3,"href":"https:\/\/agora.xtec.cat\/ceipcastelloli\/wp-json\/wp\/v2\/pages\/1051\/revisions"}],"predecessor-version":[{"id":1840,"href":"https:\/\/agora.xtec.cat\/ceipcastelloli\/wp-json\/wp\/v2\/pages\/1051\/revisions\/1840"}],"wp:attachment":[{"href":"https:\/\/agora.xtec.cat\/ceipcastelloli\/wp-json\/wp\/v2\/media?parent=1051"}],"curies":[{"name":"wp","href":"https:\/\/api.w.org\/{rel}","templated":true}]}}