{"id":697,"date":"2019-11-24T17:20:18","date_gmt":"2019-11-24T16:20:18","guid":{"rendered":"http:\/\/agora.xtec.cat\/ceipcastellfollit\/?page_id=697"},"modified":"2025-04-26T13:26:44","modified_gmt":"2025-04-26T11:26:44","slug":"equip-docent","status":"publish","type":"page","link":"https:\/\/agora.xtec.cat\/ceipcastellfollit\/lescola-2\/equip-docent\/","title":{"rendered":"Qui som?"},"content":{"rendered":"<p><span style=\"color: #ff0000;\"><strong>CLAUSTRE ESCOLA<\/strong><\/span><\/p>\n<p><strong>Mestra de prim\u00e0ria:<\/strong> Cristina Auguets<\/p>\n<p><strong>Mestra d&#8217;infantil: <\/strong>Judith Font<\/p>\n<p><strong>Mestra de m\u00fasica:<\/strong> Anna Casamitjana<\/p>\n<p><strong>Mestra d&#8217;angl\u00e8s:<\/strong> Laia Gonz\u00e1lez<\/p>\n<p><strong>Mestre d&#8217;educaci\u00f3 f\u00edsica:<\/strong> Llu\u00eds Egea<\/p>\n<p><strong>Mestra d&#8217;educaci\u00f3 especial:<\/strong> Merc\u00e8 Vila<\/p>\n<p><span style=\"color: #ff0000;\"><strong>CONSELL ESCOLAR<\/strong><\/span><\/p>\n<p><strong>Representant Ajuntament<\/strong>: Lourdes Oliveras<\/p>\n<p><strong>Representant pares i mares<\/strong>: David Nicot<\/p>\n<p><strong>Representant del professorat:<\/strong> Judith Font<\/p>\n<p><strong>Presidenta<\/strong>: Cristina Auguets<\/p>\n<p><span style=\"color: #ff0000;\"><strong>EQUIP DIRECTIU<\/strong><\/span><\/p>\n<p><strong>Equip Directiu d&#8217;escola<\/strong><\/p>\n<p><img loading=\"lazy\" decoding=\"async\" class=\"wp-image-700 alignright\" src=\"https:\/\/agora.xtec.cat\/ceipcastellfollit\/wp-content\/uploads\/usu1621\/2019\/11\/cdcda03ffb9155419c8fc95fcc686056-amb-infants.jpg\" alt=\"\" width=\"251\" height=\"303\" \/><\/p>\n<p>Directora: Cristina Auguets<\/p>\n<p><strong>Equip Directiu de ZER<\/strong><\/p>\n<p>Directora: Laia Gonz\u00e1lez<\/p>\n<p>Cap d&#8217;estudis: Anna Casamitjana<\/p>\n<p>Secretari: Llu\u00eds Egea<\/p>\n","protected":false},"excerpt":{"rendered":"<p>CLAUSTRE ESCOLA<br \/>\nMestra de prim\u00e0ria: Cristina Auguets<br \/>\nMestra d&#8217;infantil: Judith Font<br \/>\nMestra de m\u00fasica: Anna Casamitjana<br \/>\nMestra d&#8217;angl\u00e8s: Laia Gonz\u00e1lez<br \/>\nMestre d&#8217;educaci\u00f3 f\u00edsica: Llu\u00eds Egea<br \/>\nMestra d&#8217;educaci\u00f3 especial: Merc\u00e8 Vila<br \/>\nCONSELL ESCOLAR<br \/>\nRepresentant Ajuntament: Lourdes Oliveras<br \/>\nRepresentant pares i mares: David Nicot<br \/>\nRepresentant del professorat: Judith Font<br \/>\nPresidenta: Cristina Auguets<br \/>\nEQUIP DIRECTIU<br \/>\nEquip Directiu d&#8217;escola<\/p>\n<p>Directora: Cristina Auguets<br \/>\nEquip Directiu&hellip;  <a href=\"https:\/\/agora.xtec.cat\/ceipcastellfollit\/lescola-2\/equip-docent\/\" title=\"Read Qui som?\">Llegeix m\u00e9s\u00bb<\/a><\/p>\n","protected":false},"author":1,"featured_media":0,"parent":667,"menu_order":35,"comment_status":"closed","ping_status":"closed","template":"page-templates\/side-menu.php","meta":{"_bbp_topic_count":0,"_bbp_reply_count":0,"_bbp_total_topic_count":0,"_bbp_total_reply_count":0,"_bbp_voice_count":0,"_bbp_anonymous_reply_count":0,"_bbp_topic_count_hidden":0,"_bbp_reply_count_hidden":0,"_bbp_forum_subforum_count":0,"footnotes":""},"class_list":["post-697","page","type-page","status-publish","hentry"],"post_mailing_queue_ids":[],"_links":{"self":[{"href":"https:\/\/agora.xtec.cat\/ceipcastellfollit\/wp-json\/wp\/v2\/pages\/697","targetHints":{"allow":["GET"]}}],"collection":[{"href":"https:\/\/agora.xtec.cat\/ceipcastellfollit\/wp-json\/wp\/v2\/pages"}],"about":[{"href":"https:\/\/agora.xtec.cat\/ceipcastellfollit\/wp-json\/wp\/v2\/types\/page"}],"author":[{"embeddable":true,"href":"https:\/\/agora.xtec.cat\/ceipcastellfollit\/wp-json\/wp\/v2\/users\/1"}],"replies":[{"embeddable":true,"href":"https:\/\/agora.xtec.cat\/ceipcastellfollit\/wp-json\/wp\/v2\/comments?post=697"}],"version-history":[{"count":4,"href":"https:\/\/agora.xtec.cat\/ceipcastellfollit\/wp-json\/wp\/v2\/pages\/697\/revisions"}],"predecessor-version":[{"id":1812,"href":"https:\/\/agora.xtec.cat\/ceipcastellfollit\/wp-json\/wp\/v2\/pages\/697\/revisions\/1812"}],"up":[{"embeddable":true,"href":"https:\/\/agora.xtec.cat\/ceipcastellfollit\/wp-json\/wp\/v2\/pages\/667"}],"wp:attachment":[{"href":"https:\/\/agora.xtec.cat\/ceipcastellfollit\/wp-json\/wp\/v2\/media?parent=697"}],"curies":[{"name":"wp","href":"https:\/\/api.w.org\/{rel}","templated":true}]}}