{"id":80,"date":"2019-11-12T14:09:48","date_gmt":"2019-11-12T13:09:48","guid":{"rendered":"http:\/\/agora.xtec.cat\/ceipcastelldecalafell\/\/?page_id=80"},"modified":"2022-09-20T14:11:00","modified_gmt":"2022-09-20T12:11:00","slug":"transport","status":"publish","type":"page","link":"https:\/\/agora.xtec.cat\/ceipcastelldecalafell\/lescola\/serveis\/transport\/","title":{"rendered":"Transport"},"content":{"rendered":"<p>Per fer la inscripci\u00f3 us heu d&#8217;adre\u00e7ar a les depend\u00e8ncies de via p\u00fablica.<\/p>\n<p><strong>PLA DE FUNCIONAMENT DEL TRANSPORT ESCOLAR<\/strong><\/p>\n<p><strong style=\"font-family: inherit; font-size: 1em;\">ESCOLA CASTELL DE CALAFELL 2022\/23<\/strong><\/p>\n<p>El servei de transport escolar est\u00e0 organitzat per l\u2019Ajuntament de Calafell. El funcionament del servei de transport actualitzat, el trobareu al Pla Obertura, document annex a aquesta PGA.<\/p>\n<p>Els alumnes que necessiten transport l\u2019utilitzen dues o unes vegades al dia. Sempre van acompanyats per una monitora que els acompanya a l\u2019entrada del centre i els recull a la sortida del mateix. La monitora no accedeix a l\u2019edifici.<\/p>\n<p><strong>Normes generals<\/strong><\/p>\n<p><strong>\u00a0<\/strong>Els alumnes han de fer servir mascareta i se\u2019ls prendr\u00e0 la temperatura quan accedeixen a l\u2019autob\u00fas.<\/p>\n<ul>\n<li>Els alumnes han de fer els trajectes asseguts i amb el cintur\u00f3 de seguretat cordat.<\/li>\n<li>Estar al lloc de recollida dels alumnes a les 12.20\u202fh o 16.20\u202fh.<\/li>\n<li>Comptar els alumnes quan arriben al centre.<\/li>\n<li>Passar llista abans de sortir del centre.<\/li>\n<li>Comptar els alumnes al sortir del centre i tamb\u00e9 un cop estan tots al bus.<\/li>\n<li>Fer la notificaci\u00f3 per escrit a Via P\u00fablica i comunicar a la direcci\u00f3 del centre qualsevol mal comportament dels alumnes que es produeixi en el servei de transport. Notificar aquest comportament a la fam\u00edlia.<\/li>\n<li>Les fam\u00edlies han de saber que el transport \u00e9s un servei i que els alumnes han de tenir un bon comportament. En cas contrari hi ha la possibilitat que l\u2019alumne no pugui utilitzar m\u00e9s el servei.<\/li>\n<li>Les fam\u00edlies han de notificar la monitora a la parada del bus qualsevol canvi referent als trajectes dels seus fills\/es (si no agafar\u00e0 el bus&#8230;.)<\/li>\n<li>Dirigir-se als alumnes amb educaci\u00f3 i respecte.<\/li>\n<li>Utilitzar el catal\u00e0 com a llengua vehicular.<\/li>\n<li>Les mestres han de notificar la monitora si hi ha algun alumne que ha marxat.<\/li>\n<\/ul>\n<p>&nbsp;<\/p>\n<p><strong>Organitzaci\u00f3 del servei de transport<\/strong><\/p>\n<p><strong>\u00a0<\/strong><strong>Entrades<\/strong><\/p>\n<ol>\n<li>El bus al carrer Andalusia, davant la porta de P4 i P5.<\/li>\n<li>Els alumnes baixaran del bus ordenadament. Els alumnes grans ajuden la monitora a portar els alumnes petits fins a la porta d\u2019acc\u00e9s principal on es pren temperatura i es renten les mans.<\/li>\n<li>La monitora comptar\u00e0 per tal d\u2019assegurar-se que tots els alumnes estan al centre.<\/li>\n<li>Els alumnes de prim\u00e0ria podran anar pel passad\u00eds i pujar a la seva aula. Els alumnes d\u2019infantil van cap a les classes amb el secretari. Els alumnes de P3 s\u2019esperaran amb la monitora i quan arribin els alumnes de tota la classe, donar\u00e0 els alumnes del bus a la mestra.<\/li>\n<\/ol>\n<p>&nbsp;<\/p>\n<p><strong>Sortides<\/strong><\/p>\n<ol>\n<li>La monitora estar\u00e0 al lloc de recollida (entrada principal), dels alumnes a les 16.20\u202fh. All\u00e0 passar\u00e0 llista i anotar\u00e0 els alumnes que hi siguin.<\/li>\n<li>Tot seguit portar\u00e0 els alumnes al bus. Pujaran primer els alumnes i despr\u00e9s la monitora. Els alumnes s\u2019asseuran i se\u2019ls cordar\u00e0 el cintur\u00f3.<\/li>\n<li>La monitora comptar\u00e0 els alumnes per assegurar-se que s\u00f3n tots els que t\u00e9 a la llista.<\/li>\n<li>Marxa el bus.<\/li>\n<\/ol>\n<p>&nbsp;<\/p>\n<p><strong>DADES DEL TRANSPORT CURS 2021-22<\/strong><\/p>\n<p><strong>\u00a0<\/strong><\/p>\n<table width=\"576\">\n<tbody>\n<tr>\n<td width=\"144\"><strong>NIVELL<\/strong><\/td>\n<td width=\"144\"><strong>N\u00ba ALUMNES<\/strong><\/td>\n<td width=\"144\"><strong>TOTAL CICLE<\/strong><\/td>\n<td width=\"144\"><strong>PERCENTATGE<\/strong><\/td>\n<\/tr>\n<tr>\n<td width=\"144\"><strong>P3<\/strong><\/td>\n<td width=\"144\"><strong>6<\/strong><\/td>\n<td rowspan=\"3\" width=\"144\"><strong>16<\/strong><\/td>\n<td rowspan=\"3\" width=\"144\"><strong>27,1%<\/strong><\/td>\n<\/tr>\n<tr>\n<td width=\"144\"><strong>P4<\/strong><\/td>\n<td width=\"144\"><strong>4<\/strong><\/td>\n<\/tr>\n<tr>\n<td width=\"144\"><strong>P5<\/strong><\/td>\n<td width=\"144\"><strong>6<\/strong><\/td>\n<\/tr>\n<tr>\n<td width=\"144\"><strong>1r<\/strong><\/td>\n<td width=\"144\"><strong>11<\/strong><\/td>\n<td rowspan=\"2\" width=\"144\"><strong>16<\/strong><\/td>\n<td rowspan=\"2\" width=\"144\"><strong>27,1%<\/strong><\/td>\n<\/tr>\n<tr>\n<td width=\"144\"><strong>2n<\/strong><\/td>\n<td width=\"144\"><strong>5<\/strong><\/td>\n<\/tr>\n<tr>\n<td width=\"144\"><strong>3r<\/strong><\/td>\n<td width=\"144\"><strong>8<\/strong><\/td>\n<td rowspan=\"2\" width=\"144\"><strong>16<\/strong><\/td>\n<td rowspan=\"2\" width=\"144\"><strong>27,1%<\/strong><\/td>\n<\/tr>\n<tr>\n<td width=\"144\"><strong>4t<\/strong><\/td>\n<td width=\"144\"><strong>8<\/strong><\/td>\n<\/tr>\n<tr>\n<td width=\"144\"><strong>5\u00e8<\/strong><\/td>\n<td width=\"144\"><strong>3<\/strong><\/td>\n<td rowspan=\"2\" width=\"144\"><strong>11<\/strong><\/td>\n<td rowspan=\"2\" width=\"144\"><strong>18,1%<\/strong><\/td>\n<\/tr>\n<tr>\n<td width=\"144\"><strong>6\u00e8<\/strong><\/td>\n<td width=\"144\"><strong>8<\/strong><\/td>\n<\/tr>\n<tr>\n<td width=\"144\"><strong>TOTAL<\/strong><\/td>\n<td width=\"144\"><strong>59<\/strong><\/td>\n<td width=\"144\"><strong>59<\/strong><\/td>\n<td width=\"144\"><strong>\u00a0<\/strong><\/td>\n<\/tr>\n<\/tbody>\n<\/table>\n<p><strong>\u00a0<\/strong><\/p>\n<p><strong>Aquest document ha estat aprovat pel Consell Escolar del Centre el dia 3 de novembre de 2020.<\/strong><\/p>\n<p>&nbsp;<\/p>\n","protected":false},"excerpt":{"rendered":"<p>Per fer la inscripci\u00f3 us heu d&#8217;adre\u00e7ar a les depend\u00e8ncies de via p\u00fablica. PLA DE FUNCIONAMENT DEL TRANSPORT ESCOLAR ESCOLA [&hellip;]<\/p>\n","protected":false},"author":2,"featured_media":0,"parent":66,"menu_order":3,"comment_status":"closed","ping_status":"closed","template":"page-templates\/side-menu.php","meta":{"_bbp_topic_count":0,"_bbp_reply_count":0,"_bbp_total_topic_count":0,"_bbp_total_reply_count":0,"_bbp_voice_count":0,"_bbp_anonymous_reply_count":0,"_bbp_topic_count_hidden":0,"_bbp_reply_count_hidden":0,"_bbp_forum_subforum_count":0,"site-sidebar-layout":"default","site-content-layout":"","ast-site-content-layout":"","site-content-style":"default","site-sidebar-style":"default","ast-global-header-display":"","ast-banner-title-visibility":"","ast-main-header-display":"","ast-hfb-above-header-display":"","ast-hfb-below-header-display":"","ast-hfb-mobile-header-display":"","site-post-title":"","ast-breadcrumbs-content":"","ast-featured-img":"","footer-sml-layout":"","theme-transparent-header-meta":"","adv-header-id-meta":"","stick-header-meta":"","header-above-stick-meta":"","header-main-stick-meta":"","header-below-stick-meta":"","astra-migrate-meta-layouts":"default","ast-page-background-enabled":"default","ast-page-background-meta":{"desktop":{"background-color":"var(--ast-global-color-4)","background-image":"","background-repeat":"repeat","background-position":"center center","background-size":"auto","background-attachment":"scroll","background-type":"","background-media":"","overlay-type":"","overlay-color":"","overlay-opacity":"","overlay-gradient":""},"tablet":{"background-color":"","background-image":"","background-repeat":"repeat","background-position":"center center","background-size":"auto","background-attachment":"scroll","background-type":"","background-media":"","overlay-type":"","overlay-color":"","overlay-opacity":"","overlay-gradient":""},"mobile":{"background-color":"","background-image":"","background-repeat":"repeat","background-position":"center center","background-size":"auto","background-attachment":"scroll","background-type":"","background-media":"","overlay-type":"","overlay-color":"","overlay-opacity":"","overlay-gradient":""}},"ast-content-background-meta":{"desktop":{"background-color":"var(--ast-global-color-5)","background-image":"","background-repeat":"repeat","background-position":"center center","background-size":"auto","background-attachment":"scroll","background-type":"","background-media":"","overlay-type":"","overlay-color":"","overlay-opacity":"","overlay-gradient":""},"tablet":{"background-color":"var(--ast-global-color-5)","background-image":"","background-repeat":"repeat","background-position":"center center","background-size":"auto","background-attachment":"scroll","background-type":"","background-media":"","overlay-type":"","overlay-color":"","overlay-opacity":"","overlay-gradient":""},"mobile":{"background-color":"var(--ast-global-color-5)","background-image":"","background-repeat":"repeat","background-position":"center center","background-size":"auto","background-attachment":"scroll","background-type":"","background-media":"","overlay-type":"","overlay-color":"","overlay-opacity":"","overlay-gradient":""}},"footnotes":""},"class_list":["post-80","page","type-page","status-publish","hentry"],"post_mailing_queue_ids":[],"_links":{"self":[{"href":"https:\/\/agora.xtec.cat\/ceipcastelldecalafell\/wp-json\/wp\/v2\/pages\/80","targetHints":{"allow":["GET"]}}],"collection":[{"href":"https:\/\/agora.xtec.cat\/ceipcastelldecalafell\/wp-json\/wp\/v2\/pages"}],"about":[{"href":"https:\/\/agora.xtec.cat\/ceipcastelldecalafell\/wp-json\/wp\/v2\/types\/page"}],"author":[{"embeddable":true,"href":"https:\/\/agora.xtec.cat\/ceipcastelldecalafell\/wp-json\/wp\/v2\/users\/2"}],"replies":[{"embeddable":true,"href":"https:\/\/agora.xtec.cat\/ceipcastelldecalafell\/wp-json\/wp\/v2\/comments?post=80"}],"version-history":[{"count":4,"href":"https:\/\/agora.xtec.cat\/ceipcastelldecalafell\/wp-json\/wp\/v2\/pages\/80\/revisions"}],"predecessor-version":[{"id":3036,"href":"https:\/\/agora.xtec.cat\/ceipcastelldecalafell\/wp-json\/wp\/v2\/pages\/80\/revisions\/3036"}],"up":[{"embeddable":true,"href":"https:\/\/agora.xtec.cat\/ceipcastelldecalafell\/wp-json\/wp\/v2\/pages\/66"}],"wp:attachment":[{"href":"https:\/\/agora.xtec.cat\/ceipcastelldecalafell\/wp-json\/wp\/v2\/media?parent=80"}],"curies":[{"name":"wp","href":"https:\/\/api.w.org\/{rel}","templated":true}]}}