{"id":677,"date":"2010-12-20T21:05:41","date_gmt":"2010-12-20T19:05:41","guid":{"rendered":"http:\/\/blocs.xtec.cat\/escolacastelldecalafell\/?page_id=123"},"modified":"2023-04-18T13:19:29","modified_gmt":"2023-04-18T11:19:29","slug":"missio-valors-visio","status":"publish","type":"page","link":"https:\/\/agora.xtec.cat\/ceipcastelldecalafell\/lescola\/missio-valors-visio\/","title":{"rendered":"Missi\u00f3, valors, visi\u00f3"},"content":{"rendered":"<p><strong><span lang=\"CA\">VALORS<\/span><\/strong><\/p>\n<p class=\"MsoBodyText\"><span lang=\"CA\">Els valors de l&#8217;escola Castell de Calafell tenen per finalitat generar una manera de fer coherent amb el Projecte Educatiu del centre i esdevenir un comprom\u00eds compartit per tots els membres de la comunitat educativa.<\/span><\/p>\n<ul type=\"disc\">\n<li class=\"MsoNormal\"><span lang=\"CA\">L\u2019escola es declara p\u00fablica, catalana, democr\u00e0tica i inclusiva.<\/span><\/li>\n<li class=\"MsoNormal\"><span lang=\"CA\">L\u2019escola fomenta els valors \u00e8tics de la toler\u00e0ncia, la solidaritat, la pau, el respecte als drets individuals i col\u00b7lectius, la diversitat, la cohesi\u00f3 social, el di\u00e0leg, la llibertat d\u2019expressi\u00f3 i de pensament, la just\u00edcia, el civisme, l\u2019equitat i la cooperaci\u00f3.<\/span><\/li>\n<li class=\"MsoNormal\"><span lang=\"CA\">L\u2019escola treballa perqu\u00e8 les relacions humanes entre els membres de la comunitat educativa es regeixin pel respecte, l\u2019acceptaci\u00f3, el reconeixement, la col\u00b7laboraci\u00f3, la participaci\u00f3, la responsabilitat, la confian\u00e7a, la generositat, la sinceritat i el sentit com\u00fa. Tamb\u00e9 vetllem perqu\u00e8 la relaci\u00f3 amb el medi sigui respectuosa i responsable.<\/span><\/li>\n<li class=\"MsoNormal\"><span lang=\"CA\">La tasca educativa que realitzem es basa en la cultura de l\u2019esfor\u00e7, la perseveran\u00e7a, la const\u00e0ncia, la implicaci\u00f3, la sensibilitat, la creativitat, la honestedat, la transpar\u00e8ncia, la confidencialitat i l\u2019efic\u00e0cia.<\/span><\/li>\n<li class=\"MsoNormal\"><span lang=\"CA\">L\u2019escola valora la fomaci\u00f3 integral de la persona i per tant potencia l\u2019autonomia, l\u2019autoestima, l\u2019autoconcepte, l\u2019autoconeixement, l\u2019autosuperaci\u00f3, l\u2019autocontrol, la prud\u00e8ncia i l\u2019esperit cr\u00edtic<\/span><\/li>\n<\/ul>\n<p><strong><span lang=\"CA\">MISSI\u00d3<\/span><\/strong><\/p>\n<p class=\"MsoBodyText\"><span lang=\"CA\">L&#8217;escola Castell de Calafell treballa per la formaci\u00f3 integral dels seus alumnes, per la cohesi\u00f3 social i \u00e9s corresponsable de l\u2019educaci\u00f3 dels alumnes juntament amb les fam\u00edlies i l\u2019entorn.<\/span><\/p>\n<p class=\"MsoNormal\"><span lang=\"CA\">Proporcionem un servei educatiu de qualitat fonamentat en la professionalitat de l\u2019equip docent i basat en la participaci\u00f3 democr\u00e0tica, el respecte pels drets humans i pel medi ambient.<\/span><\/p>\n<p class=\"MsoNormal\"><span lang=\"CA\">Potenciem una educaci\u00f3 innovadora adaptada als canvis permanents que hi ha a la societat , apostant per les noves tecnologies, les lleng\u00fces estrangeres, l\u2019h\u00e0bit lector , l\u2019educaci\u00f3 per la salut i l\u2019educaci\u00f3 cultural i art\u00edstica.<\/span><\/p>\n<p class=\"MsoNormal\"><span lang=\"CA\">Eduquem les emocions i els sentiments dels alumnes per tal que esdevinguin persones felices i capaces de conviure en societat, facilitant-los estrat\u00e8gies per gestionar els conflictes i potenciant la cultura de la pau, el di\u00e0leg i respectant la diversitat.<\/span><\/p>\n<p><strong><span lang=\"CA\">VISI\u00d3<\/span><\/strong><\/p>\n<p class=\"MsoBodyText\"><span lang=\"CA\">L&#8217;escola Castell de Calafell vol aconseguir en un futur proper:<\/span><\/p>\n<ul type=\"disc\">\n<li class=\"MsoNormal\"><span lang=\"CA\">Formar persones compromeses amb la societat, tolerants responsables, aut\u00f2nomes, pac\u00edfiques, amb criteri propi i amb capacitat per desenvolupar-se per si sols dins la societat.<\/span><\/li>\n<li class=\"MsoNormal\"><span lang=\"CA\">Sistematitzar la formaci\u00f3 en compet\u00e8ncies i habilitats socials per tal que els alumnes esdevinguin ciutadans capa\u00e7os de conviure en societat.<\/span><\/li>\n<li class=\"MsoNormal\"><span lang=\"CA\">Aconseguir un equip de mestres estable, cohesionat , format i motivat que treballi en equip per construir el projecte de centre que volem.<\/span><\/li>\n<li class=\"MsoNormal\"><span lang=\"CA\">Consolidar una l\u00ednia pedag\u00f2gica coherent, basada en els principis del constructivisme i l\u2019aprenentatge significatiu.<\/span><\/li>\n<li class=\"MsoNormal\"><span lang=\"CA\">Fomentar la inclusivitat de l\u2019escola incrementant l\u2019atenci\u00f3 a les NEE, a la diversitat de l\u2019aula i als nouvinguts.<\/span><\/li>\n<li class=\"MsoNormal\"><span lang=\"CA\">Millorar el coneixement, l\u2019\u00fas i el domini del catal\u00e0 i la cultura catalana dins la comunitat educativa.<\/span><\/li>\n<li class=\"MsoNormal\"><span lang=\"CA\">Millorar el rendiment acad\u00e8mic dels alumnes proporcionant-los recursos i estrat\u00e8gies per l\u2019experimentaci\u00f3, la manipulaci\u00f3, la recerca i la construcci\u00f3 del seu propi aprenentatge.<\/span><\/li>\n<li class=\"MsoNormal\"><span lang=\"CA\">Incrementar l\u2019\u00fas de les TIC en el proc\u00e9s d\u2019ensenyament-aprenentatge, utilitzant-les com a recurs interdisciplinar.<\/span><\/li>\n<li class=\"MsoNormal\"><span lang=\"CA\">Millorar la compet\u00e8ncia dels alumnes en llengua anglesa participant en projectes europeus i augmentant el temps de contacte amb la llengua.<\/span><\/li>\n<li class=\"MsoNormal\"><span lang=\"CA\">Incrementar el treball relacionat amb el medi ambient i la conscienciaci\u00f3 ecol\u00f2gica.<\/span><\/li>\n<li class=\"MsoNormal\"><span lang=\"CA\">Consolidar el foment de l\u2019educaci\u00f3 per la salut, els h\u00e0bits saludables i l\u2019esport.<\/span><\/li>\n<li class=\"MsoNormal\"><span lang=\"CA\">Augmentar la participaci\u00f3 de les fam\u00edlies i la comunitat educativa en les activitats del centre aix\u00ed com obrir l\u2019escola als esdeveniments socials i culturals d\u2019arreu del m\u00f3n.<\/span><\/li>\n<\/ul>\n","protected":false},"excerpt":{"rendered":"<p>VALORS Els valors de l&#8217;escola Castell de Calafell tenen per finalitat generar una manera de fer coherent amb el Projecte [&hellip;]<\/p>\n","protected":false},"author":3,"featured_media":0,"parent":22,"menu_order":1,"comment_status":"open","ping_status":"open","template":"page-templates\/side-menu.php","meta":{"_bbp_topic_count":0,"_bbp_reply_count":0,"_bbp_total_topic_count":0,"_bbp_total_reply_count":0,"_bbp_voice_count":0,"_bbp_anonymous_reply_count":0,"_bbp_topic_count_hidden":0,"_bbp_reply_count_hidden":0,"_bbp_forum_subforum_count":0,"site-sidebar-layout":"default","site-content-layout":"","ast-site-content-layout":"","site-content-style":"default","site-sidebar-style":"default","ast-global-header-display":"","ast-banner-title-visibility":"","ast-main-header-display":"","ast-hfb-above-header-display":"","ast-hfb-below-header-display":"","ast-hfb-mobile-header-display":"","site-post-title":"","ast-breadcrumbs-content":"","ast-featured-img":"","footer-sml-layout":"","theme-transparent-header-meta":"","adv-header-id-meta":"","stick-header-meta":"","header-above-stick-meta":"","header-main-stick-meta":"","header-below-stick-meta":"","astra-migrate-meta-layouts":"default","ast-page-background-enabled":"default","ast-page-background-meta":{"desktop":{"background-color":"var(--ast-global-color-4)","background-image":"","background-repeat":"repeat","background-position":"center center","background-size":"auto","background-attachment":"scroll","background-type":"","background-media":"","overlay-type":"","overlay-color":"","overlay-opacity":"","overlay-gradient":""},"tablet":{"background-color":"","background-image":"","background-repeat":"repeat","background-position":"center center","background-size":"auto","background-attachment":"scroll","background-type":"","background-media":"","overlay-type":"","overlay-color":"","overlay-opacity":"","overlay-gradient":""},"mobile":{"background-color":"","background-image":"","background-repeat":"repeat","background-position":"center center","background-size":"auto","background-attachment":"scroll","background-type":"","background-media":"","overlay-type":"","overlay-color":"","overlay-opacity":"","overlay-gradient":""}},"ast-content-background-meta":{"desktop":{"background-color":"var(--ast-global-color-5)","background-image":"","background-repeat":"repeat","background-position":"center center","background-size":"auto","background-attachment":"scroll","background-type":"","background-media":"","overlay-type":"","overlay-color":"","overlay-opacity":"","overlay-gradient":""},"tablet":{"background-color":"var(--ast-global-color-5)","background-image":"","background-repeat":"repeat","background-position":"center center","background-size":"auto","background-attachment":"scroll","background-type":"","background-media":"","overlay-type":"","overlay-color":"","overlay-opacity":"","overlay-gradient":""},"mobile":{"background-color":"var(--ast-global-color-5)","background-image":"","background-repeat":"repeat","background-position":"center center","background-size":"auto","background-attachment":"scroll","background-type":"","background-media":"","overlay-type":"","overlay-color":"","overlay-opacity":"","overlay-gradient":""}},"footnotes":""},"class_list":["post-677","page","type-page","status-publish","hentry"],"post_mailing_queue_ids":[],"_links":{"self":[{"href":"https:\/\/agora.xtec.cat\/ceipcastelldecalafell\/wp-json\/wp\/v2\/pages\/677","targetHints":{"allow":["GET"]}}],"collection":[{"href":"https:\/\/agora.xtec.cat\/ceipcastelldecalafell\/wp-json\/wp\/v2\/pages"}],"about":[{"href":"https:\/\/agora.xtec.cat\/ceipcastelldecalafell\/wp-json\/wp\/v2\/types\/page"}],"author":[{"embeddable":true,"href":"https:\/\/agora.xtec.cat\/ceipcastelldecalafell\/wp-json\/wp\/v2\/users\/3"}],"replies":[{"embeddable":true,"href":"https:\/\/agora.xtec.cat\/ceipcastelldecalafell\/wp-json\/wp\/v2\/comments?post=677"}],"version-history":[{"count":3,"href":"https:\/\/agora.xtec.cat\/ceipcastelldecalafell\/wp-json\/wp\/v2\/pages\/677\/revisions"}],"predecessor-version":[{"id":3098,"href":"https:\/\/agora.xtec.cat\/ceipcastelldecalafell\/wp-json\/wp\/v2\/pages\/677\/revisions\/3098"}],"up":[{"embeddable":true,"href":"https:\/\/agora.xtec.cat\/ceipcastelldecalafell\/wp-json\/wp\/v2\/pages\/22"}],"wp:attachment":[{"href":"https:\/\/agora.xtec.cat\/ceipcastelldecalafell\/wp-json\/wp\/v2\/media?parent=677"}],"curies":[{"name":"wp","href":"https:\/\/api.w.org\/{rel}","templated":true}]}}