{"id":28,"date":"2014-09-18T12:29:35","date_gmt":"2014-09-18T10:29:35","guid":{"rendered":"http:\/\/agora.xtec.cat\/ceipcastellciuro\/?page_id=28"},"modified":"2024-09-07T23:20:55","modified_gmt":"2024-09-07T21:20:55","slug":"consell-escolar","status":"publish","type":"page","link":"https:\/\/agora.xtec.cat\/ceipcastellciuro\/lescola\/consell-escolar\/","title":{"rendered":"Consell Escolar"},"content":{"rendered":"<p style=\"color: #444444;\"><span style=\"color: #000000;\">El Consell Escolar \u00e9s un punt de trobada dels diferents membres de la comunitat educativa. \u00c9s l&#8217;\u00f2rgan clau per per compartir informacions, fer possibles demandes i consensuar decisions que afecten a tota l&#8217;escola.\u00a0<\/span><\/p>\n<p style=\"color: #444444;\">Les decisions que es prenen al consell escolar s\u00f3n clau per al funcionament i la millora del centre i, per tant, tamb\u00e9 per a l&#8217;\u00e8xit educatiu, acad\u00e8mic, social i personal de tot l&#8217;alumnat.<\/p>\n<p><a href=\"https:\/\/drive.google.com\/file\/d\/1VAom0aCaLX5rEkLs2pAg-ezHeoLqKXh6\/view?usp=sharing\" target=\"_blank\" rel=\"noopener\">FUNCIONS DEL CONSELL ESCOLAR<\/a><\/p>\n<p><a href=\"https:\/\/drive.google.com\/file\/d\/19TunkcjLN5Aq7MqXLZzKWCTX8r08ZFRg\/view?usp=sharing\" target=\"_blank\" rel=\"noopener\">ORIENTACIONS PARES-MARES CONSELL ESCOLAR<\/a><\/p>\n","protected":false},"excerpt":{"rendered":"<p>El Consell Escolar \u00e9s un punt de trobada dels diferents membres de la comunitat educativa. \u00c9s l&#8217;\u00f2rgan clau per per compartir informacions, fer possibles demandes i consensuar decisions que afecten a tota l&#8217;escola.\u00a0<br \/>\nLes decisions que es prenen al consell escolar s\u00f3n clau per al funcionament&hellip;  <a href=\"https:\/\/agora.xtec.cat\/ceipcastellciuro\/lescola\/consell-escolar\/\" title=\"Read Consell Escolar\">Llegeix m\u00e9s\u00bb<\/a><\/p>\n","protected":false},"author":1,"featured_media":0,"parent":22,"menu_order":30,"comment_status":"closed","ping_status":"closed","template":"page-templates\/side-menu.php","meta":{"_bbp_topic_count":0,"_bbp_reply_count":0,"_bbp_total_topic_count":0,"_bbp_total_reply_count":0,"_bbp_voice_count":0,"_bbp_anonymous_reply_count":0,"_bbp_topic_count_hidden":0,"_bbp_reply_count_hidden":0,"_bbp_forum_subforum_count":0,"footnotes":""},"class_list":["post-28","page","type-page","status-publish","hentry"],"post_mailing_queue_ids":[],"_links":{"self":[{"href":"https:\/\/agora.xtec.cat\/ceipcastellciuro\/wp-json\/wp\/v2\/pages\/28","targetHints":{"allow":["GET"]}}],"collection":[{"href":"https:\/\/agora.xtec.cat\/ceipcastellciuro\/wp-json\/wp\/v2\/pages"}],"about":[{"href":"https:\/\/agora.xtec.cat\/ceipcastellciuro\/wp-json\/wp\/v2\/types\/page"}],"author":[{"embeddable":true,"href":"https:\/\/agora.xtec.cat\/ceipcastellciuro\/wp-json\/wp\/v2\/users\/1"}],"replies":[{"embeddable":true,"href":"https:\/\/agora.xtec.cat\/ceipcastellciuro\/wp-json\/wp\/v2\/comments?post=28"}],"version-history":[{"count":6,"href":"https:\/\/agora.xtec.cat\/ceipcastellciuro\/wp-json\/wp\/v2\/pages\/28\/revisions"}],"predecessor-version":[{"id":17637,"href":"https:\/\/agora.xtec.cat\/ceipcastellciuro\/wp-json\/wp\/v2\/pages\/28\/revisions\/17637"}],"up":[{"embeddable":true,"href":"https:\/\/agora.xtec.cat\/ceipcastellciuro\/wp-json\/wp\/v2\/pages\/22"}],"wp:attachment":[{"href":"https:\/\/agora.xtec.cat\/ceipcastellciuro\/wp-json\/wp\/v2\/media?parent=28"}],"curies":[{"name":"wp","href":"https:\/\/api.w.org\/{rel}","templated":true}]}}