{"id":250,"date":"2016-02-19T22:50:02","date_gmt":"2016-02-19T21:50:02","guid":{"rendered":"http:\/\/agora.xtec.cat\/ceipcastellciuro\/?page_id=250"},"modified":"2026-01-29T10:20:49","modified_gmt":"2026-01-29T09:20:49","slug":"sortides-i-colonies","status":"publish","type":"page","link":"https:\/\/agora.xtec.cat\/ceipcastellciuro\/trets-d-identitat\/sortides-i-colonies\/","title":{"rendered":"Sortides i Col\u00f2nies"},"content":{"rendered":"<p data-start=\"118\" data-end=\"228\">A les reunions d\u2019inici de curs es lliurar\u00e0 el pla de sortides i col\u00f2nies previst per a cada nivell educatiu.<\/p>\n<p data-start=\"235\" data-end=\"451\">El pagament es gestiona mitjan\u00e7ant domiciliaci\u00f3 banc\u00e0ria, amb l\u2019objectiu d\u2019evitar comissions banc\u00e0ries i despla\u00e7aments innecessaris a entitats financeres.<\/p>\n<p data-start=\"458\" data-end=\"573\">Cada trimestre, les fam\u00edlies rebreu la relaci\u00f3 de sortides programades aix\u00ed com les dates previstes de cobrament.<\/p>\n<p data-start=\"580\" data-end=\"852\">L\u2019AFA disposa d\u2019un compte solidari destinat a donar suport a aquelles fam\u00edlies que, per motius econ\u00f2mics, no poden assumir el cost de les sortides i col\u00f2nies escolars. Les aportacions s\u00f3n volunt\u00e0ries, an\u00f2nimes i es poden fer en qualsevol moment del curs al seg\u00fcent compte:<\/p>\n<p>ES58 0081 0023 35 0001611863<\/p>\n","protected":false},"excerpt":{"rendered":"<p>A les reunions d\u2019inici de curs es lliurar\u00e0 el pla de sortides i col\u00f2nies previst per a cada nivell educatiu.<br \/>\nEl pagament es gestiona mitjan\u00e7ant domiciliaci\u00f3 banc\u00e0ria, amb l\u2019objectiu d\u2019evitar comissions banc\u00e0ries i despla\u00e7aments innecessaris a entitats financeres.<br \/>\nCada trimestre, les fam\u00edlies rebreu la relaci\u00f3 de sortides&hellip;  <a href=\"https:\/\/agora.xtec.cat\/ceipcastellciuro\/trets-d-identitat\/sortides-i-colonies\/\" title=\"Read Sortides i Col\u00f2nies\">Llegeix m\u00e9s\u00bb<\/a><\/p>\n","protected":false},"author":1,"featured_media":0,"parent":64,"menu_order":8,"comment_status":"closed","ping_status":"closed","template":"page-templates\/side-menu.php","meta":{"_bbp_topic_count":0,"_bbp_reply_count":0,"_bbp_total_topic_count":0,"_bbp_total_reply_count":0,"_bbp_voice_count":0,"_bbp_anonymous_reply_count":0,"_bbp_topic_count_hidden":0,"_bbp_reply_count_hidden":0,"_bbp_forum_subforum_count":0,"footnotes":""},"class_list":["post-250","page","type-page","status-publish","hentry"],"post_mailing_queue_ids":[],"_links":{"self":[{"href":"https:\/\/agora.xtec.cat\/ceipcastellciuro\/wp-json\/wp\/v2\/pages\/250","targetHints":{"allow":["GET"]}}],"collection":[{"href":"https:\/\/agora.xtec.cat\/ceipcastellciuro\/wp-json\/wp\/v2\/pages"}],"about":[{"href":"https:\/\/agora.xtec.cat\/ceipcastellciuro\/wp-json\/wp\/v2\/types\/page"}],"author":[{"embeddable":true,"href":"https:\/\/agora.xtec.cat\/ceipcastellciuro\/wp-json\/wp\/v2\/users\/1"}],"replies":[{"embeddable":true,"href":"https:\/\/agora.xtec.cat\/ceipcastellciuro\/wp-json\/wp\/v2\/comments?post=250"}],"version-history":[{"count":6,"href":"https:\/\/agora.xtec.cat\/ceipcastellciuro\/wp-json\/wp\/v2\/pages\/250\/revisions"}],"predecessor-version":[{"id":18049,"href":"https:\/\/agora.xtec.cat\/ceipcastellciuro\/wp-json\/wp\/v2\/pages\/250\/revisions\/18049"}],"up":[{"embeddable":true,"href":"https:\/\/agora.xtec.cat\/ceipcastellciuro\/wp-json\/wp\/v2\/pages\/64"}],"wp:attachment":[{"href":"https:\/\/agora.xtec.cat\/ceipcastellciuro\/wp-json\/wp\/v2\/media?parent=250"}],"curies":[{"name":"wp","href":"https:\/\/api.w.org\/{rel}","templated":true}]}}