{"id":15992,"date":"2019-01-10T10:51:17","date_gmt":"2019-01-10T09:51:17","guid":{"rendered":"http:\/\/agora.xtec.cat\/ceipcastellciuro\/?page_id=15992"},"modified":"2026-01-29T09:55:55","modified_gmt":"2026-01-29T08:55:55","slug":"pec-i-nofc","status":"publish","type":"page","link":"https:\/\/agora.xtec.cat\/ceipcastellciuro\/trets-d-identitat\/pec-i-nofc\/","title":{"rendered":"Documents d&#8217;escola"},"content":{"rendered":"<div style=\"text-align: center;\">\n<div>\n<div style=\"text-align: center;\">\n<div style=\"text-align: center;\">\n<div style=\"text-align: center;\">\n<p><a style=\"color: #339966;\" href=\"https:\/\/www.calameo.com\/books\/005222672ba1b94f219d2\" target=\"_blank\" rel=\"noopener noreferrer\"><strong>RESUM PEC i NOFC &#8211; ESCOLA CASTELL CIUR\u00d3<\/strong><\/a><\/p>\n<\/div>\n<\/div>\n<\/div>\n<\/div>\n<p><iframe loading=\"lazy\" src=\"\/\/v.calameo.com\/?bkcode=005222672ba1b94f219d2&amp;mode=mini\" width=\"480\" height=\"300\" frameborder=\"0\"><\/iframe><\/p>\n<div style=\"margin: 4px 0px 8px;\"><\/div>\n<div>\n<div style=\"text-align: center;\">\n<div style=\"margin: 8px 0px 4px;\"><span style=\"color: #339966;\"><strong><a style=\"color: #339966;\" href=\"https:\/\/www.calameo.com\/books\/0052226728c41758d6e4c\" target=\"_blank\" rel=\"noopener noreferrer\">PROJECTE LING\u00dc\u00cdSTIC &#8211; ESCOLA CASTELL CIUR\u00d3<\/a><\/strong><\/span><\/div>\n<div>\n<div style=\"text-align: center;\">\n<p><iframe loading=\"lazy\" src=\"\/\/v.calameo.com\/?bkcode=0052226728c41758d6e4c&amp;mode=mini\" width=\"480\" height=\"300\" frameborder=\"0\"><\/iframe><\/p>\n<div><span style=\"font-family: inherit; font-size: 1em;\">\u00a0<\/span><\/div>\n<div style=\"margin: 4px 0px 8px;\"><\/div>\n<\/div>\n<\/div>\n<\/div>\n<\/div>\n<\/div>\n","protected":false},"excerpt":{"rendered":"<p><a style=\"color: #339966;\" href=\"https:\/\/www.calameo.com\/books\/005222672ba1b94f219d2\" target=\"_blank\" rel=\"noopener noreferrer\">RESUM PEC i NOFC &#8211; ESCOLA CASTELL CIUR\u00d3<\/a><\/p>\n<p><a style=\"color: #339966;\" href=\"https:\/\/www.calameo.com\/books\/0052226728c41758d6e4c\" target=\"_blank\" rel=\"noopener noreferrer\">PROJECTE LING\u00dc\u00cdSTIC &#8211; ESCOLA CASTELL CIUR\u00d3<\/a><\/p>\n<p>\u00a0<\/p>\n","protected":false},"author":1,"featured_media":0,"parent":64,"menu_order":0,"comment_status":"closed","ping_status":"closed","template":"page-templates\/side-menu.php","meta":{"_bbp_topic_count":0,"_bbp_reply_count":0,"_bbp_total_topic_count":0,"_bbp_total_reply_count":0,"_bbp_voice_count":0,"_bbp_anonymous_reply_count":0,"_bbp_topic_count_hidden":0,"_bbp_reply_count_hidden":0,"_bbp_forum_subforum_count":0,"footnotes":""},"class_list":["post-15992","page","type-page","status-publish","hentry"],"post_mailing_queue_ids":[],"_links":{"self":[{"href":"https:\/\/agora.xtec.cat\/ceipcastellciuro\/wp-json\/wp\/v2\/pages\/15992","targetHints":{"allow":["GET"]}}],"collection":[{"href":"https:\/\/agora.xtec.cat\/ceipcastellciuro\/wp-json\/wp\/v2\/pages"}],"about":[{"href":"https:\/\/agora.xtec.cat\/ceipcastellciuro\/wp-json\/wp\/v2\/types\/page"}],"author":[{"embeddable":true,"href":"https:\/\/agora.xtec.cat\/ceipcastellciuro\/wp-json\/wp\/v2\/users\/1"}],"replies":[{"embeddable":true,"href":"https:\/\/agora.xtec.cat\/ceipcastellciuro\/wp-json\/wp\/v2\/comments?post=15992"}],"version-history":[{"count":5,"href":"https:\/\/agora.xtec.cat\/ceipcastellciuro\/wp-json\/wp\/v2\/pages\/15992\/revisions"}],"predecessor-version":[{"id":18047,"href":"https:\/\/agora.xtec.cat\/ceipcastellciuro\/wp-json\/wp\/v2\/pages\/15992\/revisions\/18047"}],"up":[{"embeddable":true,"href":"https:\/\/agora.xtec.cat\/ceipcastellciuro\/wp-json\/wp\/v2\/pages\/64"}],"wp:attachment":[{"href":"https:\/\/agora.xtec.cat\/ceipcastellciuro\/wp-json\/wp\/v2\/media?parent=15992"}],"curies":[{"name":"wp","href":"https:\/\/api.w.org\/{rel}","templated":true}]}}