{"id":1028,"date":"2018-01-16T18:24:39","date_gmt":"2018-01-16T17:24:39","guid":{"rendered":"http:\/\/agora.xtec.cat\/ceipcastellciuro\/?page_id=1028"},"modified":"2026-01-29T09:52:19","modified_gmt":"2026-01-29T08:52:19","slug":"circulars","status":"publish","type":"page","link":"https:\/\/agora.xtec.cat\/ceipcastellciuro\/lescola\/circulars\/","title":{"rendered":"Comunicacions fam\u00edlies"},"content":{"rendered":"<p>A l\u2019escola fem servir com a eina de comunicaci\u00f3, l\u2019aplicaci\u00f3 TokApp! Aquesta App ens permet una comunicaci\u00f3 escola-fam\u00edlies m\u00e9s f\u00e0cil, \u00e0gil i segura, aix\u00ed com tamb\u00e9 gestionar totes les autoritzacions i les faltes d&#8217;assist\u00e8ncia dels alumnes. <a href=\"https:\/\/agora.xtec.cat\/ceipcastellciuro\/wp-content\/uploads\/usu890\/2025\/11\/tokapp.jpg\"><img loading=\"lazy\" decoding=\"async\" class=\"wp-image-17996 aligncenter\" src=\"https:\/\/agora.xtec.cat\/ceipcastellciuro\/wp-content\/uploads\/usu890\/2025\/11\/tokapp-300x134.jpg\" alt=\"\" width=\"197\" height=\"88\" srcset=\"https:\/\/agora.xtec.cat\/ceipcastellciuro\/wp-content\/uploads\/usu890\/2025\/11\/tokapp-300x134.jpg 300w, https:\/\/agora.xtec.cat\/ceipcastellciuro\/wp-content\/uploads\/usu890\/2025\/11\/tokapp.jpg 600w\" sizes=\"auto, (max-width: 197px) 100vw, 197px\" \/><\/a><\/p>\n","protected":false},"excerpt":{"rendered":"<p>A l\u2019escola fem servir com a eina de comunicaci\u00f3, l\u2019aplicaci\u00f3 TokApp! Aquesta App ens permet una comunicaci\u00f3 escola-fam\u00edlies m\u00e9s f\u00e0cil, \u00e0gil i segura, aix\u00ed com tamb\u00e9 gestionar totes les autoritzacions i les faltes d&#8217;assist\u00e8ncia dels alumnes. <a href=\"https:\/\/agora.xtec.cat\/ceipcastellciuro\/wp-content\/uploads\/usu890\/2025\/11\/tokapp.jpg\"><\/a><\/p>\n","protected":false},"author":1,"featured_media":0,"parent":22,"menu_order":80,"comment_status":"closed","ping_status":"closed","template":"page-templates\/side-menu.php","meta":{"_bbp_topic_count":0,"_bbp_reply_count":0,"_bbp_total_topic_count":0,"_bbp_total_reply_count":0,"_bbp_voice_count":0,"_bbp_anonymous_reply_count":0,"_bbp_topic_count_hidden":0,"_bbp_reply_count_hidden":0,"_bbp_forum_subforum_count":0,"footnotes":""},"class_list":["post-1028","page","type-page","status-publish","hentry"],"post_mailing_queue_ids":[],"_links":{"self":[{"href":"https:\/\/agora.xtec.cat\/ceipcastellciuro\/wp-json\/wp\/v2\/pages\/1028","targetHints":{"allow":["GET"]}}],"collection":[{"href":"https:\/\/agora.xtec.cat\/ceipcastellciuro\/wp-json\/wp\/v2\/pages"}],"about":[{"href":"https:\/\/agora.xtec.cat\/ceipcastellciuro\/wp-json\/wp\/v2\/types\/page"}],"author":[{"embeddable":true,"href":"https:\/\/agora.xtec.cat\/ceipcastellciuro\/wp-json\/wp\/v2\/users\/1"}],"replies":[{"embeddable":true,"href":"https:\/\/agora.xtec.cat\/ceipcastellciuro\/wp-json\/wp\/v2\/comments?post=1028"}],"version-history":[{"count":6,"href":"https:\/\/agora.xtec.cat\/ceipcastellciuro\/wp-json\/wp\/v2\/pages\/1028\/revisions"}],"predecessor-version":[{"id":17998,"href":"https:\/\/agora.xtec.cat\/ceipcastellciuro\/wp-json\/wp\/v2\/pages\/1028\/revisions\/17998"}],"up":[{"embeddable":true,"href":"https:\/\/agora.xtec.cat\/ceipcastellciuro\/wp-json\/wp\/v2\/pages\/22"}],"wp:attachment":[{"href":"https:\/\/agora.xtec.cat\/ceipcastellciuro\/wp-json\/wp\/v2\/media?parent=1028"}],"curies":[{"name":"wp","href":"https:\/\/api.w.org\/{rel}","templated":true}]}}