{"id":82,"date":"2014-09-18T14:10:51","date_gmt":"2014-09-18T13:10:51","guid":{"rendered":"http:\/\/agora.xtec.cat\/ceipcassiacostal\/?page_id=82"},"modified":"2024-06-16T14:23:04","modified_gmt":"2024-06-16T12:23:04","slug":"casal","status":"publish","type":"page","link":"https:\/\/agora.xtec.cat\/ceipcassiacostal\/ampa\/casal\/","title":{"rendered":"Xandalls i bates"},"content":{"rendered":"<h2>Xandalls<\/h2>\n<p>Aquest curs 2022-23 s\u2019ha fet canvi de xandall. Ara el nostre xandall \u00e9s de 3 colors, m\u00e9s modern i econ\u00f2mic que l&#8217;anterior.<\/p>\n<p><strong>Us recomanem, a qui no tingui el xandall del curs passat, comprar almenys la samarreta (taronja) i la jaqueta.<\/strong><\/p>\n<p>Si no compreu aquest pantal\u00f3, podeu portar un altre pantal\u00f3 esportiu de color blau fosc.`<\/p>\n<p>Recordem que <strong>les fam\u00edlies s\u00f2cies de l\u2019AMPA tenen un descompte del 5% sobre el preu. Per tal d\u2019obtindre el descompte, cal portar el tiquet (o la foto del tiquet) dels llibres on es va pagar la quota de l\u2019AMPA. Per qualsevol dubte consulteu-nos via @ o WhatsApp a l\u2019AMPA.<\/strong><\/p>\n<p><strong>MOLT IMPORTANT:<\/strong> A la p\u00e0gina web solament hi ha disponible fins a la talla 12, per\u00f2 a la botiga teniu: S- M- &#8230;<\/p>\n<p><img loading=\"lazy\" decoding=\"async\" class=\"\" src=\"https:\/\/images.gestionaweb.cat\/766\/pimg-1600-1600\/jaqueta-xandall-cassia-costal-22-23-1863360.jpg\" width=\"202\" height=\"268\" \/><img loading=\"lazy\" decoding=\"async\" class=\"\" src=\"https:\/\/images.gestionaweb.cat\/766\/pimg-1600-1600\/samarreta-cassia-costal-20-23-1863356.jpg\" width=\"189\" height=\"237\" \/><img loading=\"lazy\" decoding=\"async\" class=\"\" src=\"https:\/\/images.gestionaweb.cat\/766\/pimg-1600-1600\/021027-580-33666-preview-1863357.jpg\" width=\"189\" height=\"251\" \/><\/p>\n<p><span style=\"font-weight: 400;\"><img decoding=\"async\" src=\"https:\/\/images.gestionaweb.cat\/766\/pqimg-640-640\/logo-header.png\" alt=\"Dispromergi\" \/><\/span><\/p>\n<p><span style=\"font-weight: 400;\">DISPROMERGI<\/span><\/p>\n<p><span style=\"font-weight: 400;\">Carrer Rutlla, 216, baixos,\u00a0<\/span><span style=\"font-weight: 400;\">17003 Girona<\/span><\/p>\n<p><span style=\"font-weight: 400;\">Tel\u00e8fon: 972 20 85 83<\/span><\/p>\n<p><a href=\"https:\/\/www.dispromergi.com\/ca\/especials\/vestuari-escola-cassia-costal\/\"><span style=\"font-weight: 400;\">www.dispromergi.com<\/span><\/a><\/p>\n<h2>Bates (educaci\u00f3 infantil)<\/h2>\n<p>Aquest curs s&#8217;ha acordat que la bata ser\u00e0 de <strong>color verd i blanc<\/strong>, com els cursos anteriors. Podeu demanar assessorament a l&#8217;AMPA o les mestres d&#8217;infantil.\u00a0 Les mestres <strong>recomanen que les bates tinguin gomes als punys.<\/strong><\/p>\n<p>Us posem una foto d&#8217;exemple:<\/p>\n<p><img loading=\"lazy\" decoding=\"async\" class=\"alignnone wp-image-26897\" src=\"https:\/\/agora.xtec.cat\/ceipcassiacostal\/wp-content\/uploads\/usu719\/2022\/09\/bata.png\" alt=\"\" width=\"237\" height=\"262\" \/><\/p>\n<p>Si la compreu a <span style=\"font-weight: 400;\"><a href=\"https:\/\/www.dispromergi.com\/ca\/especials\/vestuari-escola-cassia-costal\/\">DISPROMERGI<\/a>, <\/span><strong>les fam\u00edlies s\u00f2cies de l\u2019AMPA tenen un descompte del 5% sobre el preu. Per tal d\u2019obtindre el descompte, cal portar el tiquet (o la foto del tiquet) dels llibres on es va pagar la quota de l\u2019AMPA. Per qualsevol dubte consulteu-nos via @ o WhatsApp a l\u2019AMPA.<\/strong><\/p>\n<p style=\"text-align: right;\"><em><span style=\"color: #999999;\">(Darrera actualitzaci\u00f3: 16\/6\/2024)<\/span><\/em><\/p>\n<p>&nbsp;<\/p>\n<p><img loading=\"lazy\" decoding=\"async\" class=\"alignnone wp-image-34880 \" src=\"https:\/\/agora.xtec.cat\/ceipcassiacostal\/wp-content\/uploads\/usu719\/2024\/06\/afa-logo-1020x1024.png\" alt=\"\" width=\"142\" height=\"143\" srcset=\"https:\/\/agora.xtec.cat\/ceipcassiacostal\/wp-content\/uploads\/usu719\/2024\/06\/afa-logo-1020x1024.png 1020w, https:\/\/agora.xtec.cat\/ceipcassiacostal\/wp-content\/uploads\/usu719\/2024\/06\/afa-logo-300x300.png 300w, https:\/\/agora.xtec.cat\/ceipcassiacostal\/wp-content\/uploads\/usu719\/2024\/06\/afa-logo-150x150.png 150w, https:\/\/agora.xtec.cat\/ceipcassiacostal\/wp-content\/uploads\/usu719\/2024\/06\/afa-logo-768x771.png 768w, https:\/\/agora.xtec.cat\/ceipcassiacostal\/wp-content\/uploads\/usu719\/2024\/06\/afa-logo.png 1413w\" sizes=\"auto, (max-width: 142px) 100vw, 142px\" \/>\u00a0 <a href=\"https:\/\/agora.xtec.cat\/ceipcassiacostal\/categoria\/noticies-afa\/\"><strong>NOT\u00cdCIES AFA<\/strong><\/a><\/p>\n","protected":false},"excerpt":{"rendered":"<p>Xandalls<br \/>\nAquest curs 2022-23 s\u2019ha fet canvi de xandall. Ara el nostre xandall \u00e9s de 3 colors, m\u00e9s modern i econ\u00f2mic que l&#8217;anterior.<br \/>\nUs recomanem, a qui no tingui el xandall del curs passat, comprar almenys la samarreta (taronja) i la jaqueta.<br \/>\nSi no compreu aquest pantal\u00f3, podeu&hellip;  <a href=\"https:\/\/agora.xtec.cat\/ceipcassiacostal\/ampa\/casal\/\" title=\"Read Xandalls i bates\">Llegeix m\u00e9s\u00bb<\/a><\/p>\n","protected":false},"author":1,"featured_media":0,"parent":405,"menu_order":70,"comment_status":"closed","ping_status":"closed","template":"page-templates\/side-menu.php","meta":{"_bbp_topic_count":0,"_bbp_reply_count":0,"_bbp_total_topic_count":0,"_bbp_total_reply_count":0,"_bbp_voice_count":0,"_bbp_anonymous_reply_count":0,"_bbp_topic_count_hidden":0,"_bbp_reply_count_hidden":0,"_bbp_forum_subforum_count":0,"footnotes":""},"class_list":["post-82","page","type-page","status-publish","hentry"],"post_mailing_queue_ids":[],"_links":{"self":[{"href":"https:\/\/agora.xtec.cat\/ceipcassiacostal\/wp-json\/wp\/v2\/pages\/82","targetHints":{"allow":["GET"]}}],"collection":[{"href":"https:\/\/agora.xtec.cat\/ceipcassiacostal\/wp-json\/wp\/v2\/pages"}],"about":[{"href":"https:\/\/agora.xtec.cat\/ceipcassiacostal\/wp-json\/wp\/v2\/types\/page"}],"author":[{"embeddable":true,"href":"https:\/\/agora.xtec.cat\/ceipcassiacostal\/wp-json\/wp\/v2\/users\/1"}],"replies":[{"embeddable":true,"href":"https:\/\/agora.xtec.cat\/ceipcassiacostal\/wp-json\/wp\/v2\/comments?post=82"}],"version-history":[{"count":6,"href":"https:\/\/agora.xtec.cat\/ceipcassiacostal\/wp-json\/wp\/v2\/pages\/82\/revisions"}],"predecessor-version":[{"id":34888,"href":"https:\/\/agora.xtec.cat\/ceipcassiacostal\/wp-json\/wp\/v2\/pages\/82\/revisions\/34888"}],"up":[{"embeddable":true,"href":"https:\/\/agora.xtec.cat\/ceipcassiacostal\/wp-json\/wp\/v2\/pages\/405"}],"wp:attachment":[{"href":"https:\/\/agora.xtec.cat\/ceipcassiacostal\/wp-json\/wp\/v2\/media?parent=82"}],"curies":[{"name":"wp","href":"https:\/\/api.w.org\/{rel}","templated":true}]}}