{"id":7945,"date":"2018-02-27T10:24:32","date_gmt":"2018-02-27T09:24:32","guid":{"rendered":"http:\/\/agora.xtec.cat\/ceipcassiacostal\/?page_id=7945"},"modified":"2019-09-11T18:08:03","modified_gmt":"2019-09-11T16:08:03","slug":"centre-formador","status":"publish","type":"page","link":"https:\/\/agora.xtec.cat\/ceipcassiacostal\/lescola\/centre-formador\/","title":{"rendered":"Centre Formador"},"content":{"rendered":"<p>El Cassi\u00e0 Costal \u00e9s Centre Formador del Departament. A la nostra escola assisteixen alumnes de diferents universitats i m\u00f2duls d&#8217;institut i batxillerat per poder acabar de formar-se fent pr\u00e0ctiques a la nostra escola.<\/p>\n<p>El Pla d&#8217;Acollida amb aquests estudiants \u00e9s:<\/p>\n<table class=\" alignleft\" border=\"0\" width=\"1002\" cellspacing=\"0\" cellpadding=\"0\">\n<tbody>\n<tr>\n<td style=\"width: 1000px;\" colspan=\"5\"><strong><br \/>\n<\/strong><strong>EL PLA D&#8217;ACOLLIDA, QUANT ALS ALUMNES DE PR\u00c0CTIQUES DE GRAU DE MESTRE \u00c9S:<\/strong><\/td>\n<\/tr>\n<tr>\n<td style=\"width: 161.13px;\"><strong>\u00a0<\/strong><strong>ACTUACIONS<\/strong><\/td>\n<td style=\"width: 180.28px;\"><strong>QUI \/RESPONSABLE<\/strong><\/td>\n<td style=\"width: 169.93px;\"><strong>QUAN LES FA?<\/strong><\/td>\n<td style=\"width: 262.46px;\"><strong>COM LES FA?<\/strong><\/td>\n<td style=\"width: 226.2px;\"><strong>OBSERVACIO<\/strong><\/td>\n<\/tr>\n<tr>\n<td style=\"width: 161.13px;\"><strong>1.\u00a0\u00a0\u00a0\u00a0 <\/strong><strong>Ompliment de l\u2019aplicatiu de pr\u00e0ctiques del Departament<\/strong><\/td>\n<td style=\"width: 180.28px;\">Cap d\u2019estudis (coordinadora del pr\u00e0cticum)<\/p>\n<p>Coordinador pr\u00e0cticum universitat.<\/td>\n<td style=\"width: 169.93px;\">Segons terminis que determina el Departament.<\/p>\n<p>Segons per\u00edode de pr\u00e0cticum de les diferents Universitats<\/td>\n<td style=\"width: 262.46px;\">Segons instruccions de l\u2019aplicatiu de practiques.<\/td>\n<td style=\"width: 226.2px;\">Amb anterioritat, s\u2019ha demanat als mestres del centre qui voldr\u00e0 ser tutor de practiques al llarg del curs.<\/td>\n<\/tr>\n<tr>\n<td style=\"width: 161.13px;\"><strong>2.\u00a0\u00a0\u00a0\u00a0 <\/strong><strong>Primer contacte del coordinador de la Universitat amb el coordinador\/a del Centre<\/strong><\/td>\n<td style=\"width: 180.28px;\">Coordinador pr\u00e0cticum universitat i \/o tutors.<\/p>\n<p>&nbsp;<\/p>\n<p>Cap d\u2019estudis (coordinadora del pr\u00e0cticum)<\/td>\n<td style=\"width: 169.93px;\">Abans de comen\u00e7ar el per\u00edode de pr\u00e0ctiques<\/td>\n<td style=\"width: 262.46px;\">Normalment via @. Tamb\u00e9 pot fer-se via telef\u00f2nica.<\/td>\n<td style=\"width: 226.2px;\">La coordinadora del centre (escola) informar\u00e0 al coordinador de la Universitat i\/o tutors el dia i hora en qu\u00e8 es t\u00e9 previst fer l\u2019Acollida dels estudiants (estudiants de 3t i 4t sobretot<\/td>\n<\/tr>\n<tr>\n<td style=\"width: 161.13px;\"><strong>3.\u00a0\u00a0\u00a0 <\/strong><strong>\u00a0Els alumnes s\u2019haurien de posar en contacte amb el centre una vegada s\u2019han confirmat les places acceptades pel Centre i Universitat. Es comunica el dia d\u2019acollida. <\/strong><\/p>\n<p><strong>\u00a0<\/strong><\/td>\n<td style=\"width: 180.28px;\">Alumnes de pr\u00e0ctiques.<\/p>\n<p>&nbsp;<\/p>\n<p>&nbsp;<\/p>\n<p>&nbsp;<\/p>\n<p>&nbsp;<\/p>\n<p>&nbsp;<\/p>\n<p>Cap d\u2019estudis (coordinadora del pr\u00e0cticum)\/ o en el seu defecte l\u2019administrativa.<\/p>\n<p>&nbsp;<\/p>\n<p>&nbsp;<\/p>\n<p>&nbsp;<\/p>\n<p>&nbsp;<\/td>\n<td style=\"width: 169.93px;\">Abans del comen\u00e7ament del per\u00edode de pr\u00e0ctiques. Via telef\u00f2nica o per @.<\/p>\n<p>&nbsp;<\/p>\n<p>&nbsp;<\/p>\n<p>&nbsp;<\/p>\n<p>&nbsp;<\/p>\n<p>Abans del comen\u00e7ament del per\u00edode de pr\u00e0ctiques. Per @ preferiblement.<\/p>\n<p>&nbsp;<\/p>\n<p>&nbsp;<\/p>\n<p>&nbsp;<\/p>\n<p>&nbsp;<\/td>\n<td style=\"width: 262.46px;\">Quan els alumnes es posen en contacte amb el centre han de deixar una\u00a0 s\u00e8rie de dades: nom i cognoms, MEI o MEP, tel\u00e8fon, @, menci\u00f3 en cas d\u2019estudiants de 4t i cursos en qu\u00e8 anteriorment han fet pr\u00e0ctiques en altres escoles (aquesta informaci\u00f3, en cas de no estar disponible la cap d\u2019estudis l\u2019agafa l\u2019administrativa del centre, en una graella feta per aquest fi).<\/p>\n<p>&nbsp;<\/p>\n<p>En aquest primer contacte telef\u00f2nic o per @ la cap d\u2019estudis comunica el dia i hora per fer l\u2019acollida de tots els alumnes de pr\u00e0ctiques i demana que l\u2019estudiant confirmi la seva possibilitat d\u2019assist\u00e8ncia.<\/p>\n<p>&nbsp;<\/p>\n<p>La coordinadora del pr\u00e0cticum envia un @ als estudiants per acabar de concretar la data d\u2019acollida una vegada tots els estudiants s\u2019hagin posat en contacte amb l\u2019escola.<\/td>\n<td style=\"width: 226.2px;\">En el primer contacte, una vegada comunicada la data d\u2019acollida, s\u2019informa que, en cas que no es pugui fer degut a que no tots els estudiants puguin assistir aquell dia, l\u2019acollida es far\u00e0 al comen\u00e7ament de les pr\u00e0ctiques, si l\u2019horari de la coordinadora de pr\u00e0cticum ho permet, les dues primeres hores del mat\u00ed. En cas contrari, es comen\u00e7ar\u00e0 a l\u2019hora del pati i s\u2019allargar\u00e0 l\u2019hora posterior. En aquest darrer cas, i via@:<\/p>\n<p>&#8211;\u00a0\u00a0\u00a0\u00a0\u00a0 es convidar\u00e0 als estudiants a que mirin la p\u00e0gina WEB del centre.<\/p>\n<p>&#8211;\u00a0\u00a0\u00a0\u00a0\u00a0 Se\u2019ls hi comunicar\u00e0 en quin curs quedaran assignats.<\/p>\n<p>&#8211;\u00a0\u00a0\u00a0\u00a0\u00a0 \u00a0S\u2019informar\u00e0 que han d\u2019incorporar-se a les 8:50h, que la coordinadora es presentar\u00e0 i se\u2019ls hi donar\u00e0 l\u2019horari i se\u2019ls hi acompanyar\u00e0 amb el tutor\/a assignat\/da.<\/p>\n<p>&nbsp;<\/td>\n<\/tr>\n<tr>\n<td style=\"width: 161.13px;\"><strong>4.\u00a0\u00a0\u00a0 <\/strong><strong>Rebuda\/<\/strong><\/p>\n<p><strong>benvinguda\u00a0 dels estudiants al centre<\/strong><\/p>\n<p><strong>\u00a0<\/strong><\/p>\n<p><strong>\u00a0<\/strong><\/p>\n<p><b>\u00a0<\/b><\/td>\n<td style=\"width: 180.28px;\">Cap d\u2019estudis (coordinadora del pr\u00e0cticum)<\/td>\n<td style=\"width: 169.93px;\"><strong>Si \u00e9s possible, MILLOR abans de la data de comen\u00e7ament de les pr\u00e0ctiques, en el dia proposat per la coordinadora del centre.\u00a0 <\/strong><\/p>\n<p>&nbsp;<\/p>\n<p>Si no \u00e9s possible, el dia en qu\u00e8 es comencen les pr\u00e0ctiques.<\/td>\n<td style=\"width: 262.46px;\">&nbsp;<\/p>\n<p>&#8211;\u00a0\u00a0\u00a0\u00a0 Es fa una reuni\u00f3 conjunta amb els estudiants, en qu\u00e8 s\u2019informa dels seg\u00fcents aspectes:<\/p>\n<p>\u00b7\u00a0\u00a0\u00a0\u00a0\u00a0\u00a0\u00a0\u00a0 Horaris: seguiment dels alumnes, import\u00e0ncia d\u2019assistir a les hores de reunions i preparaci\u00f3 de planificaci\u00f3, diferents agrupacions en qu\u00e8 es treballen i\/o recursos, dubtes d\u2019horaris, compatibilitat amb feina&#8230;<\/p>\n<p>\u00b7\u00a0\u00a0\u00a0\u00a0\u00a0\u00a0\u00a0\u00a0 Fulls informatius<\/p>\n<p>\u00b7\u00a0\u00a0\u00a0\u00a0\u00a0\u00a0\u00a0\u00a0 Extracte PEC, normes&#8230;<\/p>\n<p>\u00b7\u00a0\u00a0\u00a0\u00a0\u00a0\u00a0\u00a0\u00a0 Consulta de la WEB<\/p>\n<p>\u00b7\u00a0\u00a0\u00a0\u00a0\u00a0\u00a0\u00a0\u00a0 Pla de pr\u00e0ctiques<\/p>\n<p>\u00b7\u00a0\u00a0\u00a0\u00a0\u00a0\u00a0\u00a0\u00a0 Fotos i dret d\u2019imatge<\/p>\n<p>\u00b7\u00a0\u00a0\u00a0\u00a0\u00a0\u00a0\u00a0\u00a0 Visita al centre i distribuci\u00f3<\/p>\n<p>* <strong><em>Cofindencialitat de dades.<\/em><\/strong><\/td>\n<td style=\"width: 226.2px;\">&nbsp;<\/p>\n<p>Es demanen que comprovin les dades personals.<\/p>\n<p>&nbsp;<\/p>\n<p>&nbsp;<\/p>\n<p>&nbsp;<\/p>\n<p>&nbsp;<\/p>\n<p>Amb anterioritat es recorda als tutors la incorporaci\u00f3 dels alumnes i a quina hora es preveu que acabi la reuni\u00f3 d\u2019acollida.<\/p>\n<p>&nbsp;<\/p>\n<p>&nbsp;<\/p>\n<p>Els alumnes han d\u2019omplir el Pla de Pr\u00e0ctiques i s\u2019ha de signar per part del Centre i la Universitat.<\/td>\n<\/tr>\n<tr>\n<td style=\"width: 161.13px;\"><strong>5.\u00a0\u00a0\u00a0 <\/strong><strong>Rebuda\/<\/strong><\/p>\n<p><strong>benvinguda\u00a0 dels estudiants la classe<\/strong><\/p>\n<p><strong>\u00a0<\/strong><\/td>\n<td style=\"width: 180.28px;\">Coordinadora del pr\u00e0cticum<\/p>\n<p>&nbsp;<\/p>\n<p>tutor escola<\/td>\n<td style=\"width: 169.93px;\">Dia d\u2019incorporaci\u00f3 al centre.<\/td>\n<td style=\"width: 262.46px;\">La coordinadora de pr\u00e0cticum acompanya a l\u2019estudiant a la seva futura classe i fa una petita presentaci\u00f3.<\/p>\n<p>La tutora o tutor es fan c\u00e0rrec de l\u2019acollida a nivell del grup.<\/td>\n<td style=\"width: 226.2px;\">Si es fa l\u2019acollida de centre abans de la incorporaci\u00f3 a les pr\u00e0ctiques i es dona la possibilitat, es presenten els estudiants amb anterioritat als tutors.<\/td>\n<\/tr>\n<tr>\n<td style=\"width: 161.13px;\">\n<ol>\n<li><strong>Seguiment dels estudiants<\/strong><\/li>\n<\/ol>\n<\/td>\n<td style=\"width: 180.28px;\">Tutors del Centre<\/p>\n<p>&nbsp;<\/p>\n<p>Cap d\u2019estudis (coordinadora del pr\u00e0cticum)<\/p>\n<p>&nbsp;<\/p>\n<p>Tutor pr\u00e0cticum universitat.<\/td>\n<td style=\"width: 169.93px;\">Al llarg del per\u00edode\u00a0 de pr\u00e0ctiques<\/td>\n<td style=\"width: 262.46px;\">El seguiment es fa entre els dos tutors o amb mediaci\u00f3 del coordinador del pr\u00e0cticum.<\/p>\n<p>Preferiblement per@, tot i que tamb\u00e9 es fa via telef\u00f2nica.<\/p>\n<p>Normalment, els tutors dels estudiant de 4t v\u00e9nen a veure una sessi\u00f3 presencial.<\/td>\n<td style=\"width: 226.2px;\">Per part tant dels tutors com de la coordinadora de pr\u00e0cticum s\u2019intenta donar resposta a tots els dubtes o informaci\u00f3 sobre l\u2019escola que necessiten saber als alumnes de pr\u00e0ctiques. Es van acordant les reunions necess\u00e0ries per poder fer-ho.<\/td>\n<\/tr>\n<tr>\n<td style=\"width: 161.13px;\">\n<ol>\n<li><strong>Avaluaci\u00f3- tancament del proc\u00e9s. <\/strong><\/li>\n<\/ol>\n<\/td>\n<td style=\"width: 180.28px;\">Tutors del Centre<\/p>\n<p>&nbsp;<\/p>\n<p>Tutor\u00a0 pr\u00e0cticum universitat.<\/p>\n<p>&nbsp;<\/p>\n<p>Cap d\u2019estudis (coordinadora del pr\u00e0cticum)<\/p>\n<p>&nbsp;<\/p>\n<p>Estudiants<\/p>\n<p>&nbsp;<\/td>\n<td style=\"width: 169.93px;\">A final del per\u00edode\u00a0 de pr\u00e0ctiques<\/td>\n<td style=\"width: 262.46px;\">A primer i 2n de grau s\u2019omple una pauta d\u2019avaluaci\u00f3 molt senzilla, que normalment porten els mateixos estudiants.<\/p>\n<p>A 3r i 4t s\u2019omple l\u2019annex d\u2019avaluaci\u00f3 que proporciona la Universitat. S\u2019ha de signar pel tutor i coordinador de pr\u00e0ctiques i posar segell.<\/p>\n<p>La coordinadora passa un q\u00fcestionari de satisfacci\u00f3 als estudiants.<\/td>\n<td style=\"width: 226.2px;\">Les avaluacions s\u2019envien normalment a la Universitat per @, en sobre tancat donat al mateix estudiant o per correu ordinari, depenent dels requisits de les Universitats. Tamb\u00e9 podria donar-se el cas de donar-li al tutor de la Universitat en la trobada d\u2019avaluaci\u00f3 (aquest darrer cas \u00e9s el menys usual).<\/td>\n<\/tr>\n<tr>\n<td style=\"width: 161.13px;\">\n<ol>\n<li><strong>Tancament oficial del proc\u00e9s<\/strong><\/li>\n<\/ol>\n<\/td>\n<td style=\"width: 180.28px;\">Cap d\u2019estudis (coordinadora del pr\u00e0cticum)<\/p>\n<p>Coordinador pr\u00e0cticum universitat.<\/p>\n<p>Tutor\u00a0 pr\u00e0cticum universitat.<\/p>\n<p>&nbsp;<\/p>\n<p>&nbsp;<\/td>\n<td style=\"width: 169.93px;\">Tancament de l\u2019aplicatiu segons termini del departament.<\/p>\n<p>Comiat dels representants de La universitat (@).<\/td>\n<td style=\"width: 262.46px;\">Es comproven que totes les dades dels mestres tutors de l\u2019escola siguin correctes (persones de pr\u00e0ctiques i hores).<\/td>\n<td style=\"width: 226.2px;\">Els tutors i coordinador de l\u2019escola podran accedir a partir\u00a0 del tancament del curs als seus certificats a trav\u00e9s de xtec\/formaci\u00f3\/els meus certificats.<\/td>\n<\/tr>\n<\/tbody>\n<\/table>\n<p><strong>\u00a0<\/strong><\/p>\n<p>* <strong><em>Cofindencialitat de dades.<\/em><\/strong> Els alumnes de la universitat, que assisteixen a les reunions d&#8217;escola, signaran un full de confidencialitat de dades, abans de comen\u00e7ar les pr\u00e0ctiques.<\/p>\n","protected":false},"excerpt":{"rendered":"<p>El Cassi\u00e0 Costal \u00e9s Centre Formador del Departament. A la nostra escola assisteixen alumnes de diferents universitats i m\u00f2duls d&#8217;institut i batxillerat per poder acabar de formar-se fent pr\u00e0ctiques a la nostra escola.<br \/>\nEl Pla d&#8217;Acollida amb aquests estudiants \u00e9s:<\/p>\n<p>EL PLA D&#8217;ACOLLIDA, QUANT ALS ALUMNES DE&hellip;  <a href=\"https:\/\/agora.xtec.cat\/ceipcassiacostal\/lescola\/centre-formador\/\" title=\"Read Centre Formador\">Llegeix m\u00e9s\u00bb<\/a><\/p>\n","protected":false},"author":1,"featured_media":0,"parent":22,"menu_order":100,"comment_status":"closed","ping_status":"closed","template":"page-templates\/side-menu.php","meta":{"_bbp_topic_count":0,"_bbp_reply_count":0,"_bbp_total_topic_count":0,"_bbp_total_reply_count":0,"_bbp_voice_count":0,"_bbp_anonymous_reply_count":0,"_bbp_topic_count_hidden":0,"_bbp_reply_count_hidden":0,"_bbp_forum_subforum_count":0,"footnotes":""},"class_list":["post-7945","page","type-page","status-publish","hentry"],"post_mailing_queue_ids":[],"_links":{"self":[{"href":"https:\/\/agora.xtec.cat\/ceipcassiacostal\/wp-json\/wp\/v2\/pages\/7945","targetHints":{"allow":["GET"]}}],"collection":[{"href":"https:\/\/agora.xtec.cat\/ceipcassiacostal\/wp-json\/wp\/v2\/pages"}],"about":[{"href":"https:\/\/agora.xtec.cat\/ceipcassiacostal\/wp-json\/wp\/v2\/types\/page"}],"author":[{"embeddable":true,"href":"https:\/\/agora.xtec.cat\/ceipcassiacostal\/wp-json\/wp\/v2\/users\/1"}],"replies":[{"embeddable":true,"href":"https:\/\/agora.xtec.cat\/ceipcassiacostal\/wp-json\/wp\/v2\/comments?post=7945"}],"version-history":[{"count":3,"href":"https:\/\/agora.xtec.cat\/ceipcassiacostal\/wp-json\/wp\/v2\/pages\/7945\/revisions"}],"predecessor-version":[{"id":7948,"href":"https:\/\/agora.xtec.cat\/ceipcassiacostal\/wp-json\/wp\/v2\/pages\/7945\/revisions\/7948"}],"up":[{"embeddable":true,"href":"https:\/\/agora.xtec.cat\/ceipcassiacostal\/wp-json\/wp\/v2\/pages\/22"}],"wp:attachment":[{"href":"https:\/\/agora.xtec.cat\/ceipcassiacostal\/wp-json\/wp\/v2\/media?parent=7945"}],"curies":[{"name":"wp","href":"https:\/\/api.w.org\/{rel}","templated":true}]}}