{"id":71,"date":"2014-09-18T12:44:56","date_gmt":"2014-09-18T11:44:56","guid":{"rendered":"http:\/\/agora.xtec.cat\/ceipcassiacostal\/?page_id=71"},"modified":"2024-06-20T22:22:40","modified_gmt":"2024-06-20T20:22:40","slug":"serveis-digitals","status":"publish","type":"page","link":"https:\/\/agora.xtec.cat\/ceipcassiacostal\/serveis\/serveis-digitals\/","title":{"rendered":"Cultura Digital"},"content":{"rendered":"<p><img loading=\"lazy\" decoding=\"async\" class=\" wp-image-30475 aligncenter\" src=\"https:\/\/agora.xtec.cat\/ceipcassiacostal\/wp-content\/uploads\/usu719\/2023\/06\/2_Que-es-la-Cultura-digital-dun-centre_v3-1024x723.png\" alt=\"\" width=\"688\" height=\"485\" srcset=\"https:\/\/agora.xtec.cat\/ceipcassiacostal\/wp-content\/uploads\/usu719\/2023\/06\/2_Que-es-la-Cultura-digital-dun-centre_v3-1024x723.png 1024w, https:\/\/agora.xtec.cat\/ceipcassiacostal\/wp-content\/uploads\/usu719\/2023\/06\/2_Que-es-la-Cultura-digital-dun-centre_v3-300x212.png 300w, https:\/\/agora.xtec.cat\/ceipcassiacostal\/wp-content\/uploads\/usu719\/2023\/06\/2_Que-es-la-Cultura-digital-dun-centre_v3-768x542.png 768w, https:\/\/agora.xtec.cat\/ceipcassiacostal\/wp-content\/uploads\/usu719\/2023\/06\/2_Que-es-la-Cultura-digital-dun-centre_v3.png 1293w\" sizes=\"auto, (max-width: 688px) 100vw, 688px\" \/><\/p>\n<h1><strong>Acollida digital<\/strong><\/h1>\n<ul>\n<li><strong>Acollida a mestres<em><a href=\"https:\/\/docs.google.com\/document\/d\/17Pz-KdiT-32622FCavo_FIHtKFhhwOdOF89ibE6F8Eg\/edit\"> (acc\u00e9s per mestres)<\/a><\/em><\/strong><\/li>\n<li><a href=\"https:\/\/agora.xtec.cat\/ceipcassiacostal\/acollida-digital-alumnat\/\" target=\"_blank\" rel=\"noopener\"><strong>Acollida a alumnat\u00a0<\/strong><\/a><\/li>\n<li><a href=\"https:\/\/agora.xtec.cat\/ceipcassiacostal\/?page_id=34991&amp;preview=true\" target=\"_blank\" rel=\"noopener\"><strong>Acollida a fam\u00edlies<\/strong><\/a><\/li>\n<\/ul>\n<h1><strong>Desplegament compet\u00e8ncia digital<\/strong><\/h1>\n<p><a href=\"https:\/\/docs.google.com\/document\/d\/1Nuf_2rDeIio2VQFzdKZYEDi8So5pkVGhh7nE8Y7_4lM\/edit\" target=\"_blank\" rel=\"noopener\">Desplegament curricular CD alumnes (acc\u00e9s per mestres): <em><span style=\"color: #000000;\">Document en revisi\u00f3; <\/span><span style=\"font-weight: 400; color: #000000;\">estem treballant en la seva adequaci\u00f3 al nou curr\u00edculum.<\/span><\/em><\/a><\/p>\n<h1><strong>Pla de comunicaci\u00f3<\/strong><\/h1>\n<h3>Comunicaci\u00f3 amb les fam\u00edlies: una mica d&#8217;hist\u00f2ria<\/h3>\n<p><span style=\"font-family: Arial;\"><span style=\"color: #000000;\"><b><i>El curs 2019-20 vam deixar de donar la circular en format paper, <\/i><\/b><i>per fer una escola m\u00e9s sostenible, i vetllar per a que la informaci\u00f3 arribi a casa el m\u00e9s aviat possible (ja que en format paper, de vegades es perd pel cam\u00ed). <\/i><\/span><\/span><span style=\"font-family: Arial;\"><span style=\"color: #000000;\"><b><i>S&#8217;envien les circulars per l\u2019app <a href=\"https:\/\/www.tokappschool.com\/#\" target=\"_blank\" rel=\"noopener noreferrer\">TokApp school,<\/a> a excepci\u00f3 de les autoritzacions que s&#8217;han de signar <\/i><\/b><i>(sortides, \u00fas de la biblioteca escolar&#8230;).<b>\u00a0<\/b><\/i><\/span><\/span><\/p>\n<p><iframe loading=\"lazy\" title=\"\u00bfC\u00f3mo me registro en TokApp o TokApp School?\" width=\"500\" height=\"281\" src=\"https:\/\/www.youtube.com\/embed\/eOcx1Vb9EdU?feature=oembed\" frameborder=\"0\" allow=\"accelerometer; autoplay; clipboard-write; encrypted-media; gyroscope; picture-in-picture; web-share\" referrerpolicy=\"strict-origin-when-cross-origin\" allowfullscreen><\/iframe><\/p>\n<h3><strong>Pla de Comunicaci\u00f3 amb\u00a0les fam\u00edlies (esquema):<\/strong><\/h3>\n<p><img loading=\"lazy\" decoding=\"async\" class=\"alignnone wp-image-30428\" src=\"https:\/\/agora.xtec.cat\/ceipcassiacostal\/wp-content\/uploads\/usu719\/2023\/06\/Pla-de-comunicacio-families-ok3.png\" alt=\"\" width=\"842\" height=\"458\" srcset=\"https:\/\/agora.xtec.cat\/ceipcassiacostal\/wp-content\/uploads\/usu719\/2023\/06\/Pla-de-comunicacio-families-ok3.png 937w, https:\/\/agora.xtec.cat\/ceipcassiacostal\/wp-content\/uploads\/usu719\/2023\/06\/Pla-de-comunicacio-families-ok3-300x163.png 300w, https:\/\/agora.xtec.cat\/ceipcassiacostal\/wp-content\/uploads\/usu719\/2023\/06\/Pla-de-comunicacio-families-ok3-768x418.png 768w\" sizes=\"auto, (max-width: 842px) 100vw, 842px\" \/><\/p>\n<p>&nbsp;<\/p>\n<p>&nbsp;<\/p>\n<h3><strong>Pla de comunicaci\u00f3 amb els docents (esquema):<\/strong><\/h3>\n<p><img loading=\"lazy\" decoding=\"async\" class=\"alignnone wp-image-30419\" src=\"https:\/\/agora.xtec.cat\/ceipcassiacostal\/wp-content\/uploads\/usu719\/2023\/06\/pla-comunicacio-mestres-1024x561.png\" alt=\"\" width=\"843\" height=\"462\" srcset=\"https:\/\/agora.xtec.cat\/ceipcassiacostal\/wp-content\/uploads\/usu719\/2023\/06\/pla-comunicacio-mestres-1024x561.png 1024w, https:\/\/agora.xtec.cat\/ceipcassiacostal\/wp-content\/uploads\/usu719\/2023\/06\/pla-comunicacio-mestres-300x164.png 300w, https:\/\/agora.xtec.cat\/ceipcassiacostal\/wp-content\/uploads\/usu719\/2023\/06\/pla-comunicacio-mestres-768x420.png 768w, https:\/\/agora.xtec.cat\/ceipcassiacostal\/wp-content\/uploads\/usu719\/2023\/06\/pla-comunicacio-mestres.png 1032w\" sizes=\"auto, (max-width: 843px) 100vw, 843px\" \/><\/p>\n<p>&nbsp;<\/p>\n<h3><strong>Pla de comunicaci\u00f3 amb els alumnes (esquema):<\/strong><\/h3>\n<p><img loading=\"lazy\" decoding=\"async\" class=\"alignnone wp-image-30414\" src=\"https:\/\/agora.xtec.cat\/ceipcassiacostal\/wp-content\/uploads\/usu719\/2023\/06\/pla-comunicacio-alumnat-1024x482.png\" alt=\"\" width=\"869\" height=\"409\" srcset=\"https:\/\/agora.xtec.cat\/ceipcassiacostal\/wp-content\/uploads\/usu719\/2023\/06\/pla-comunicacio-alumnat-1024x482.png 1024w, https:\/\/agora.xtec.cat\/ceipcassiacostal\/wp-content\/uploads\/usu719\/2023\/06\/pla-comunicacio-alumnat-300x141.png 300w, https:\/\/agora.xtec.cat\/ceipcassiacostal\/wp-content\/uploads\/usu719\/2023\/06\/pla-comunicacio-alumnat-768x362.png 768w, https:\/\/agora.xtec.cat\/ceipcassiacostal\/wp-content\/uploads\/usu719\/2023\/06\/pla-comunicacio-alumnat.png 1043w\" sizes=\"auto, (max-width: 869px) 100vw, 869px\" \/><\/p>\n<h3><strong>Pla de comunicaci\u00f3 amb entitats (esquema):<\/strong><\/h3>\n<p><img loading=\"lazy\" decoding=\"async\" class=\"alignnone wp-image-30416\" src=\"https:\/\/agora.xtec.cat\/ceipcassiacostal\/wp-content\/uploads\/usu719\/2023\/06\/pla-comunicacio-entitats-1024x534.png\" alt=\"\" width=\"899\" height=\"469\" srcset=\"https:\/\/agora.xtec.cat\/ceipcassiacostal\/wp-content\/uploads\/usu719\/2023\/06\/pla-comunicacio-entitats-1024x534.png 1024w, https:\/\/agora.xtec.cat\/ceipcassiacostal\/wp-content\/uploads\/usu719\/2023\/06\/pla-comunicacio-entitats-300x156.png 300w, https:\/\/agora.xtec.cat\/ceipcassiacostal\/wp-content\/uploads\/usu719\/2023\/06\/pla-comunicacio-entitats-768x400.png 768w, https:\/\/agora.xtec.cat\/ceipcassiacostal\/wp-content\/uploads\/usu719\/2023\/06\/pla-comunicacio-entitats.png 1028w\" sizes=\"auto, (max-width: 899px) 100vw, 899px\" \/><\/p>\n<p>&nbsp;<\/p>\n<h1><strong>Recursos digitals<\/strong><\/h1>\n<p>L\u2019escola disposa d\u2019una p\u00e0gina web (<a href=\"https:\/\/agora.xtec.cat\/ceipcassiacostal\/\">https:\/\/agora.xtec.cat\/ceipcassiacostal\/<\/a>), allotjada dins el servei Nodes del Departament d\u2019Educaci\u00f3.<\/p>\n<p>Tamb\u00e9 disposa de domini propi (@escolacassiacostal.cat). Aquest domini incorpora un servei de Google Workspace amb tots els serveis associats tant per als alumnes com per als docents. Aquests serveis inclouen:<\/p>\n<ul>\n<li aria-level=\"1\">Correu electr\u00f2nic gmail<\/li>\n<li aria-level=\"1\">Emmagatzematge en el n\u00favol (google drive)<\/li>\n<li aria-level=\"1\">EVA (Google classroom)<\/li>\n<li aria-level=\"1\">Suite ofimatica amb procesador de textos, full de c\u00e0lcul i presentacions (docs, sheets i presentacions de google)<\/li>\n<li aria-level=\"1\">Calendari online (google calendar)<\/li>\n<li aria-level=\"1\">Serveis de geolocalitzaci\u00f3 (google maps, google earth i mymaps)<\/li>\n<\/ul>\n<p>El centre\u00a0<strong>NO<\/strong>\u00a0disposa de xarxes socials.<\/p>\n<p>Potenciem el treball amb <span style=\"font-size: 12pt; font-family: inherit;\"><strong>Chromebooks<\/strong> i la <\/span><span style=\"font-size: 12pt; font-family: inherit;\"><strong>Rob\u00f2tica<\/strong> educativa.<\/span><\/p>\n<p>&nbsp;<\/p>\n<h1><strong>Acords de Claustre i Consell Escolar (CE)<\/strong><\/h1>\n<ul>\n<li><a href=\"https:\/\/agora.xtec.cat\/ceipcassiacostal\/serveis\/us-del-mobil\/\">\u00das del m\u00f2bil a l&#8217;escola<\/a> (<em>afegit a les\u00a0NOFC\u00a0al Consell Escolar del 18 de juny de 2018)<\/em><\/li>\n<\/ul>\n<h3 style=\"text-align: right;\"><span style=\"font-size: 12pt;\"><em><span style=\"color: #999999;\">(Darrera actualitzaci\u00f3: 20 de juny de 2024)<\/span><\/em><\/span><\/h3>\n","protected":false},"excerpt":{"rendered":"<p>Acollida digital<\/p>\n<ul>\n<li>Acollida a mestres<a href=\"https:\/\/docs.google.com\/document\/d\/17Pz-KdiT-32622FCavo_FIHtKFhhwOdOF89ibE6F8Eg\/edit\"> (acc\u00e9s per mestres)<\/a><\/li>\n<li><a href=\"https:\/\/agora.xtec.cat\/ceipcassiacostal\/acollida-digital-alumnat\/\" target=\"_blank\" rel=\"noopener\">Acollida a alumnat\u00a0<\/a><\/li>\n<li><a href=\"https:\/\/agora.xtec.cat\/ceipcassiacostal\/?page_id=34991&amp;preview=true\" target=\"_blank\" rel=\"noopener\">Acollida a fam\u00edlies<\/a><\/li>\n<\/ul>\n<p>Desplegament compet\u00e8ncia digital<br \/>\n<a href=\"https:\/\/docs.google.com\/document\/d\/1Nuf_2rDeIio2VQFzdKZYEDi8So5pkVGhh7nE8Y7_4lM\/edit\" target=\"_blank\" rel=\"noopener\">Desplegament curricular CD alumnes (acc\u00e9s per mestres): Document en revisi\u00f3; estem treballant en la seva adequaci\u00f3 al nou curr\u00edculum.<\/a><br \/>\nPla de comunicaci\u00f3<br \/>\nComunicaci\u00f3 amb les&hellip;  <a href=\"https:\/\/agora.xtec.cat\/ceipcassiacostal\/serveis\/serveis-digitals\/\" title=\"Read Cultura Digital\">Llegeix m\u00e9s\u00bb<\/a><\/p>\n","protected":false},"author":1,"featured_media":0,"parent":66,"menu_order":0,"comment_status":"closed","ping_status":"closed","template":"page-templates\/side-menu.php","meta":{"_bbp_topic_count":0,"_bbp_reply_count":0,"_bbp_total_topic_count":0,"_bbp_total_reply_count":0,"_bbp_voice_count":0,"_bbp_anonymous_reply_count":0,"_bbp_topic_count_hidden":0,"_bbp_reply_count_hidden":0,"_bbp_forum_subforum_count":0,"footnotes":""},"class_list":["post-71","page","type-page","status-publish","hentry"],"post_mailing_queue_ids":[],"_links":{"self":[{"href":"https:\/\/agora.xtec.cat\/ceipcassiacostal\/wp-json\/wp\/v2\/pages\/71","targetHints":{"allow":["GET"]}}],"collection":[{"href":"https:\/\/agora.xtec.cat\/ceipcassiacostal\/wp-json\/wp\/v2\/pages"}],"about":[{"href":"https:\/\/agora.xtec.cat\/ceipcassiacostal\/wp-json\/wp\/v2\/types\/page"}],"author":[{"embeddable":true,"href":"https:\/\/agora.xtec.cat\/ceipcassiacostal\/wp-json\/wp\/v2\/users\/1"}],"replies":[{"embeddable":true,"href":"https:\/\/agora.xtec.cat\/ceipcassiacostal\/wp-json\/wp\/v2\/comments?post=71"}],"version-history":[{"count":7,"href":"https:\/\/agora.xtec.cat\/ceipcassiacostal\/wp-json\/wp\/v2\/pages\/71\/revisions"}],"predecessor-version":[{"id":35021,"href":"https:\/\/agora.xtec.cat\/ceipcassiacostal\/wp-json\/wp\/v2\/pages\/71\/revisions\/35021"}],"up":[{"embeddable":true,"href":"https:\/\/agora.xtec.cat\/ceipcassiacostal\/wp-json\/wp\/v2\/pages\/66"}],"wp:attachment":[{"href":"https:\/\/agora.xtec.cat\/ceipcassiacostal\/wp-json\/wp\/v2\/media?parent=71"}],"curies":[{"name":"wp","href":"https:\/\/api.w.org\/{rel}","templated":true}]}}