{"id":38,"date":"2014-09-18T12:34:08","date_gmt":"2014-09-18T11:34:08","guid":{"rendered":"http:\/\/agora.xtec.cat\/ceipcassiacostal\/?page_id=38"},"modified":"2019-09-11T18:08:25","modified_gmt":"2019-09-11T16:08:25","slug":"salut","status":"publish","type":"page","link":"https:\/\/agora.xtec.cat\/ceipcassiacostal\/lescola\/salut\/","title":{"rendered":"Salut"},"content":{"rendered":"<h3 style=\"text-align: justify;\"><strong>Medicaments<\/strong><\/h3>\n<p style=\"text-align: justify;\">Per poder administrar medicaments als alumnes, sempre que sigui imprescindible fer-ho en horari lectiu, cal que els pares, mares o tutors legals aportin un <strong>informe m\u00e8dic on consti el nom de l&#8217;alumne, el nom del medicament que ha de prendre i la pauta d&#8217;administraci\u00f3.<\/strong> Aix\u00ed mateix, els pares, mares o tutors legals han d&#8217;aportar un escrit on es demani, al director o directora del centre educatiu, l&#8217;administraci\u00f3 al fill o filla del medicament prescrit d&#8217;acord amb les pautes que constin en l&#8217;informe esmentat,<strong> i se n&#8217;autoritzi l&#8217;administraci\u00f3<\/strong> als docents del centre.<\/p>\n<h3 style=\"text-align: justify;\"><\/h3>\n<h3 style=\"text-align: justify;\"><strong>Al\u00b7l\u00e8rgies<\/strong><\/h3>\n<p style=\"text-align: justify;\">\u00c9s\u00a0responsabilitat dels pares comunicar les al\u00b7l\u00e8rgies dels seus fills <strong>en matricular-se a l&#8217;escola<\/strong>. Tot i que queda arxivat a l&#8217;expedient i es transmet als tutors dels nens i nenes (i aquests als mestres especialistes que intervenen a la classe), aquests pares\u00a0haurien\u00a0de <strong>parlar amb\u00a0els tutors\/es dels seus fills<\/strong> (sempre que hi hagi canvi de tutor) per concretar b\u00e9 intoler\u00e0ncies i actuacions o possibles variacions de la intoler\u00e0ncia (en aquest \u00faltim cas quan succeeixi).<\/p>\n<p style=\"text-align: justify;\"><strong>Si l&#8217;alumne fa \u00fas del menjador,<\/strong> demanar\u00e0 cita amb el responsable d&#8217;aquest servei per concretar les intoler\u00e0ncies i les actuacions adients a seguir.<\/p>\n<p style=\"text-align: justify;\"><strong>Informacions d&#8217;inter\u00e8s:\u00a0<a href=\"http:\/\/salutweb.gencat.cat\/web\/.content\/home\/ambits_tematics\/per_perfils\/centres_educatius\/al_lergens_alimentaris_en_restauracio_col_lectiva\/alerg2009.pdf\" target=\"_blank\" rel=\"noopener noreferrer\">ELS AL\u00b7L\u00c8RGENS ALIMENTARIS EN LA RESTAURACI\u00d3 COL\u00b7LECTIVA<\/a>.<\/strong><\/p>\n<h3 style=\"text-align: justify;\"><\/h3>\n<h3 style=\"text-align: justify;\"><\/h3>\n<h3 style=\"text-align: justify;\"><strong>Par\u00e0sits i altres\u00a0malalties transmissibles<\/strong><\/h3>\n<p style=\"text-align: justify;\"><strong><span style=\"font-size: 14pt;\">Malalties transmissibles (Departament de Salut de la Generalitat de Catalunya):<\/span><\/strong><\/p>\n<p style=\"text-align: justify;\">Les malalties infeccioses que es poden transmetre d&#8217;una persona a una altra per qualsevol mecanisme (malalties transmissibles) s\u00f3n freq\u00fcents en infants escolaritzats. En general, quan els infants estiguin afectats per infeccions respirat\u00f2ries lleus, no cal excloure&#8217;ls de l&#8217;escola. A m\u00e9s, cal tenir en compte que la transmissi\u00f3 t\u00e9 lloc abans que apareguin els s\u00edmptomes o a partir del contacte amb infants amb infeccions asimptom\u00e0tiques. El risc de contagi es pot minimitzar seguint les normes higi\u00e8niques habituals.<\/p>\n<p style=\"text-align: justify;\">L&#8217;exclusi\u00f3 dels infants malalts de l&#8217;escola es recomana quan, potencialment, es poden reduir les probabilitats d&#8217;aparici\u00f3 de casos secundaris.<\/p>\n<p style=\"text-align: justify;\">En general, els infants no s&#8217;han d&#8217;excloure de l&#8217;escola per malalties poc importants, llevat que es doni alguna de les condicions seg\u00fcents:<\/p>\n<ul>\n<li style=\"text-align: justify;\">Que la malaltia impedeixi que l&#8217;alumne dugui a terme les seves activitats amb normalitat.<\/li>\n<li style=\"text-align: justify;\">Que la malaltia de l&#8217;alumne requereixi m\u00e9s atencions de les que els seus responsables puguin donar-li, at\u00e8s que l&#8217;atenci\u00f3 envers la resta d&#8217;alumnes no pot quedar afectada.<\/li>\n<li>Que l&#8217;alumne presenti febre, letargia o irritabilitat, que plori constantment, que respiri amb dificultat o que tingui altres signes que evidenci\u00efn una malaltia greu.<\/li>\n<li>Que l&#8217;alumne presenti exantema amb febre o canvis de comportament i el metge no hagi descartat que sigui una malaltia infecciosa.<\/li>\n<\/ul>\n<p><span style=\"font-size: 14pt;\"><strong><a href=\"http:\/\/salutweb.gencat.cat\/web\/.content\/home\/ambits_tematics\/per_perfils\/centres_educatius\/infancia_i_malaltia\/malalties_transmissibles\/documents\/arxius\/eviccioescolar.pdf\" target=\"_blank\" rel=\"noopener noreferrer\">Criteris de no-assist\u00e8ncia de l\u2019alumnat a l\u2019escola o a la llar d\u2019infants durant un per\u00edode de temps determinat a causa de malalties transmissibles (Exclusi\u00f3 escolar Subdirecci\u00f3 de Vigil\u00e0ncia i Resposta a Emerg\u00e8ncies de Salut P\u00fablica): Departament de Salut de la Generalitat de Catalunya<\/a><\/strong>.<\/span><\/p>\n<p><strong><span style=\"font-size: 14pt;\">Us fem un <\/span><span style=\"text-decoration: underline;\">extracte d&#8217;aquest enlla\u00e7<\/span><span style=\"font-size: 14pt;\">, en qu\u00e8\u00a0<\/span><span style=\"font-size: 18.6667px; line-height: 29.8667px;\">ressaltem<\/span><span style=\"font-size: 14pt;\">\u00a0les malalties que s\u00f3n m\u00e9s habituals a l&#8217;escola:<\/span><\/strong><\/p>\n<p><a href=\"http:\/\/agora.xtec.cat\/ceipcassiacostal\/wp-content\/uploads\/usu719\/2016\/03\/1-respirat\u00f2ries.png\"><img loading=\"lazy\" decoding=\"async\" class=\" wp-image-1508 alignleft\" src=\"http:\/\/agora.xtec.cat\/ceipcassiacostal\/wp-content\/uploads\/usu719\/2016\/03\/1-respirat\u00f2ries.png\" alt=\"1 respirat\u00f2ries\" width=\"697\" height=\"248\" srcset=\"https:\/\/agora.xtec.cat\/ceipcassiacostal\/wp-content\/uploads\/usu719\/2016\/03\/1-respirat\u00f2ries.png 680w, https:\/\/agora.xtec.cat\/ceipcassiacostal\/wp-content\/uploads\/usu719\/2016\/03\/1-respirat\u00f2ries-300x107.png 300w\" sizes=\"auto, (max-width: 697px) 100vw, 697px\" \/><\/a><\/p>\n<p>&nbsp;<\/p>\n<p>&nbsp;<\/p>\n<p>&nbsp;<\/p>\n<p>&nbsp;<\/p>\n<p>&nbsp;<\/p>\n<p>&nbsp;<\/p>\n<p><a href=\"http:\/\/agora.xtec.cat\/ceipcassiacostal\/wp-content\/uploads\/usu719\/2016\/03\/2-gastroinstentinals.png\"><img loading=\"lazy\" decoding=\"async\" class=\" wp-image-1504 alignleft\" src=\"http:\/\/agora.xtec.cat\/ceipcassiacostal\/wp-content\/uploads\/usu719\/2016\/03\/2-gastroinstentinals.png\" alt=\"2 gastroinstentinals\" width=\"707\" height=\"513\" srcset=\"https:\/\/agora.xtec.cat\/ceipcassiacostal\/wp-content\/uploads\/usu719\/2016\/03\/2-gastroinstentinals.png 740w, https:\/\/agora.xtec.cat\/ceipcassiacostal\/wp-content\/uploads\/usu719\/2016\/03\/2-gastroinstentinals-300x218.png 300w\" sizes=\"auto, (max-width: 707px) 100vw, 707px\" \/><\/a><\/p>\n<p>&nbsp;<\/p>\n<p>&nbsp;<\/p>\n<p>&nbsp;<\/p>\n<p>&nbsp;<\/p>\n<p>&nbsp;<\/p>\n<p>&nbsp;<\/p>\n<p>&nbsp;<\/p>\n<p>&nbsp;<\/p>\n<p>&nbsp;<\/p>\n<p>&nbsp;<\/p>\n<p>&nbsp;<\/p>\n<p>&nbsp;<\/p>\n<p><a href=\"http:\/\/agora.xtec.cat\/ceipcassiacostal\/wp-content\/uploads\/usu719\/2016\/03\/3-cut\u00e0nies.png\"><img loading=\"lazy\" decoding=\"async\" class=\" wp-image-1505 alignleft\" src=\"http:\/\/agora.xtec.cat\/ceipcassiacostal\/wp-content\/uploads\/usu719\/2016\/03\/3-cut\u00e0nies.png\" alt=\"3 cut\u00e0nies\" width=\"697\" height=\"239\" srcset=\"https:\/\/agora.xtec.cat\/ceipcassiacostal\/wp-content\/uploads\/usu719\/2016\/03\/3-cut\u00e0nies.png 676w, https:\/\/agora.xtec.cat\/ceipcassiacostal\/wp-content\/uploads\/usu719\/2016\/03\/3-cut\u00e0nies-300x103.png 300w\" sizes=\"auto, (max-width: 697px) 100vw, 697px\" \/><\/a><\/p>\n<p>&nbsp;<\/p>\n<p>&nbsp;<\/p>\n<p>&nbsp;<\/p>\n<p>&nbsp;<\/p>\n<p>&nbsp;<\/p>\n<p>&nbsp;<\/p>\n<p>&nbsp;<\/p>\n<p><a href=\"http:\/\/agora.xtec.cat\/ceipcassiacostal\/wp-content\/uploads\/usu719\/2016\/03\/4-polls.png\"><img loading=\"lazy\" decoding=\"async\" class=\" wp-image-1512 alignleft\" src=\"http:\/\/agora.xtec.cat\/ceipcassiacostal\/wp-content\/uploads\/usu719\/2016\/03\/4-polls.png\" alt=\"4 polls\" width=\"687\" height=\"278\" srcset=\"https:\/\/agora.xtec.cat\/ceipcassiacostal\/wp-content\/uploads\/usu719\/2016\/03\/4-polls.png 655w, https:\/\/agora.xtec.cat\/ceipcassiacostal\/wp-content\/uploads\/usu719\/2016\/03\/4-polls-300x121.png 300w\" sizes=\"auto, (max-width: 687px) 100vw, 687px\" \/><\/a><\/p>\n<p>&nbsp;<\/p>\n<p>&nbsp;<\/p>\n<p>&nbsp;<\/p>\n<p>&nbsp;<\/p>\n<p>&nbsp;<\/p>\n<p>&nbsp;<\/p>\n<p>&nbsp;<\/p>\n<p><a href=\"http:\/\/agora.xtec.cat\/ceipcassiacostal\/wp-content\/uploads\/usu719\/2016\/03\/5-conjuntivitis.png\"><img loading=\"lazy\" decoding=\"async\" class=\" wp-image-1511 alignleft\" src=\"http:\/\/agora.xtec.cat\/ceipcassiacostal\/wp-content\/uploads\/usu719\/2016\/03\/5-conjuntivitis.png\" alt=\"5 conjuntivitis\" width=\"686\" height=\"221\" srcset=\"https:\/\/agora.xtec.cat\/ceipcassiacostal\/wp-content\/uploads\/usu719\/2016\/03\/5-conjuntivitis.png 677w, https:\/\/agora.xtec.cat\/ceipcassiacostal\/wp-content\/uploads\/usu719\/2016\/03\/5-conjuntivitis-300x97.png 300w\" sizes=\"auto, (max-width: 686px) 100vw, 686px\" \/><\/a><\/p>\n<p>&nbsp;<\/p>\n<p>&nbsp;<\/p>\n<p>&nbsp;<\/p>\n<p>&nbsp;<\/p>\n<p>&nbsp;<\/p>\n<p>&nbsp;<\/p>\n<h3>Enterovirus<\/h3>\n<p>Els enterovirus s\u00f3n un g\u00e8nere de virus ARN que circulen \u00e0mpliament entre la poblaci\u00f3 i afecten milions de persones en tot el m\u00f3n cada any. Aquest g\u00e8nere de virus inclou m\u00e9s de 100 serotips diferents que s\u00f3n responsables de quadres diversos, comuns en la poblaci\u00f3 infantil. Majorit\u00e0riament produeixen quadres lleus i autolimitats i sovint les infeccions s\u00f3n asimptom\u00e0tiques.<\/p>\n<p>Les infeccions per enterovirus es transmeten fonamentalment per via fecal-oral i respirat\u00f2ria i predominen durant l\u2019estiu i la tardor. Les persones amb infeccions asimptom\u00e0tiques tamb\u00e9 poden\u00a0excretar el virus.<\/p>\n<p><a href=\"http:\/\/salutweb.gencat.cat\/web\/.content\/home\/canalsalut\/enterovirus\/faq_enterovirus.pdf\" target=\"_blank\" rel=\"noopener noreferrer\">Preguntes i respostes del enterovirus.<\/a><\/p>\n<div class=\"border-start bgGrey\"><\/div>\n<section class=\"padding-xs padding-sm padding-md colorSectionEven\">\n<article class=\"container fullcontainer-xs\">\n<div class=\"row\"><\/div>\n<\/article>\n<\/section>\n","protected":false},"excerpt":{"rendered":"<p>Medicaments<br \/>\nPer poder administrar medicaments als alumnes, sempre que sigui imprescindible fer-ho en horari lectiu, cal que els pares, mares o tutors legals aportin un informe m\u00e8dic on consti el nom de l&#8217;alumne, el nom del medicament que ha de prendre i la pauta d&#8217;administraci\u00f3. Aix\u00ed&hellip;  <a href=\"https:\/\/agora.xtec.cat\/ceipcassiacostal\/lescola\/salut\/\" title=\"Read Salut\">Llegeix m\u00e9s\u00bb<\/a><\/p>\n","protected":false},"author":1,"featured_media":0,"parent":22,"menu_order":110,"comment_status":"closed","ping_status":"closed","template":"page-templates\/side-menu.php","meta":{"_bbp_topic_count":0,"_bbp_reply_count":0,"_bbp_total_topic_count":0,"_bbp_total_reply_count":0,"_bbp_voice_count":0,"_bbp_anonymous_reply_count":0,"_bbp_topic_count_hidden":0,"_bbp_reply_count_hidden":0,"_bbp_forum_subforum_count":0,"footnotes":""},"class_list":["post-38","page","type-page","status-publish","hentry"],"post_mailing_queue_ids":[],"_links":{"self":[{"href":"https:\/\/agora.xtec.cat\/ceipcassiacostal\/wp-json\/wp\/v2\/pages\/38","targetHints":{"allow":["GET"]}}],"collection":[{"href":"https:\/\/agora.xtec.cat\/ceipcassiacostal\/wp-json\/wp\/v2\/pages"}],"about":[{"href":"https:\/\/agora.xtec.cat\/ceipcassiacostal\/wp-json\/wp\/v2\/types\/page"}],"author":[{"embeddable":true,"href":"https:\/\/agora.xtec.cat\/ceipcassiacostal\/wp-json\/wp\/v2\/users\/1"}],"replies":[{"embeddable":true,"href":"https:\/\/agora.xtec.cat\/ceipcassiacostal\/wp-json\/wp\/v2\/comments?post=38"}],"version-history":[{"count":5,"href":"https:\/\/agora.xtec.cat\/ceipcassiacostal\/wp-json\/wp\/v2\/pages\/38\/revisions"}],"predecessor-version":[{"id":6108,"href":"https:\/\/agora.xtec.cat\/ceipcassiacostal\/wp-json\/wp\/v2\/pages\/38\/revisions\/6108"}],"up":[{"embeddable":true,"href":"https:\/\/agora.xtec.cat\/ceipcassiacostal\/wp-json\/wp\/v2\/pages\/22"}],"wp:attachment":[{"href":"https:\/\/agora.xtec.cat\/ceipcassiacostal\/wp-json\/wp\/v2\/media?parent=38"}],"curies":[{"name":"wp","href":"https:\/\/api.w.org\/{rel}","templated":true}]}}