{"id":36,"date":"2014-09-18T12:33:11","date_gmt":"2014-09-18T11:33:11","guid":{"rendered":"http:\/\/agora.xtec.cat\/ceipcassiacostal\/?page_id=36"},"modified":"2021-07-21T13:23:21","modified_gmt":"2021-07-21T11:23:21","slug":"material-escolar","status":"publish","type":"page","link":"https:\/\/agora.xtec.cat\/ceipcassiacostal\/lescola\/material-escolar\/","title":{"rendered":"Material i sortides"},"content":{"rendered":"<h3>Material escolar i sortides: informaci\u00f3 i fulls de pagament<\/h3>\n<h5><strong>Material fungible i estoig<\/strong><\/h5>\n<p>Des de P3 a fins a 2n curs de prim\u00e0ria, els alumnes no necessiten estoig.<\/p>\n<p>A partir de 3r, els alumnes porten el seu estoig amb llapis, goma, bol\u00edgrafs, regle, maquineta, llapis de colors i retoladors.<\/p>\n<p>Els tutors\/es es responsabilitzen de l\u2019adquisici\u00f3 de material fungible, ja que exceptuant l\u2019estoig, la resta de material fungible que els alumnes necessiten \u00e9s encarregat per l\u2019equip de mestres.<\/p>\n<p>A final de curs es\u00a0passa\u00a0un rebut amb l\u2019import que s\u2019ha d\u2019ingressar a l\u2019entitat banc\u00e0ria abans de comen\u00e7ar el curs i el codi de l\u2019activitat dels alumnes per a fer l\u2019ingr\u00e9s.<\/p>\n<h5><strong>Sortides<\/strong><\/h5>\n<p>Les mestres informen a les fam\u00edlies, normalment trimestralment, de les sortides que es realitzaran i del pagament que s&#8217;ha d&#8217;efectuar.<\/p>\n<h5><strong>Sistema de pagament<\/strong><\/h5>\n<p><span style=\"text-decoration: underline;\">El mateix sistema de pagament, que exposem a continuaci\u00f3, \u00e9s el que s&#8217;utilitza tant per fer l&#8217;abonament dels pagaments de <span style=\"font-size: 14pt;\"><strong>material<\/strong><\/span>, com per efectuar el pagament de les\u00a0<span style=\"font-size: 14pt;\"><strong>sortides trimestrals<\/strong><\/span><\/span><strong>.<\/strong><\/p>\n<h5><strong>1- PAGAMENT MITJAN\u00c7ANT ELS CAIXERS AUTOM\u00c0TICS DE \u201cla Caixa\u201d:<\/strong><\/h5>\n<p>Seleccionar \u201ccol\u00b7legis i matr\u00edcules\u201d\u201d &gt;&gt; Amb el codi de l\u2019Entitat. 0 3 1 7 9 9 4<\/p>\n<p>Omplir els espai en blanc seg\u00fcents: <strong>Import, Nom alumne, Codi activitat i Curs.<\/strong> Un cop s\u2019hagi fet l\u2019operaci\u00f3, s\u2019imprimiran dos rebuts, un per a la persona pagadora i l\u2019altre per lliurar al tutor\/a.<\/p>\n<p><a href=\"https:\/\/drive.google.com\/drive\/folders\/18n7bfuSYb3DcjKy8nUZ0y9KPNlU9fJwx?usp=sharing\" target=\"_blank\" rel=\"noopener noreferrer\">Imprimir c\u00f2pia dels fulls de pagament amb codi de barres<\/a><\/p>\n<p>&nbsp;<\/p>\n<h5><strong>2- PAGAMENT PER L\u00cdNIA OBERTA \u201cla Caixa\u201d<\/strong><\/h5>\n<p>Seleccionar Comptes &gt; Transfer\u00e8ncies i traspassos &gt; Pagaments a Tercers &gt; Fer un nou pagament a Tercers Amb el codi de l\u2019Entitat. 0 3 1 7 9 9 4<\/p>\n<p>Omplir els espai en blanc seg\u00fcents: <strong>Import, Nom alumne, Codi activitat i Curs.<\/strong> Cal lliurar el comprovant de pagament al tutor\/a.<\/p>\n<p><strong>3- PER TRANSFER\u00c8NCIA BANC\u00c0RIA D\u2019ALTRES ENTITATS<\/strong> Al compte n\u00famero 2100.8132.56.0200029372 <strong>Indicant: Import, Nom alumne, Codi activitat i Curs. <span style=\"text-decoration: underline;\">Cal lliurar el comprovant de pagament al tutor\/a.<\/span><\/strong><\/p>\n<table>\n<tbody>\n<tr>\n<td><strong>Curs<\/strong><\/td>\n<td><strong>Codi activitat<\/strong><\/td>\n<\/tr>\n<tr>\n<td><strong>P-3<\/strong><\/td>\n<td>73<\/td>\n<\/tr>\n<tr>\n<td><strong>P-4<\/strong><\/td>\n<td>85<\/td>\n<\/tr>\n<tr>\n<td><strong>P-5<\/strong><\/td>\n<td>97<\/td>\n<\/tr>\n<tr>\n<td><strong>1r<\/strong><\/td>\n<td>12<\/td>\n<\/tr>\n<tr>\n<td><strong>2n<\/strong><\/td>\n<td>24<\/td>\n<\/tr>\n<tr>\n<td><strong>3r<\/strong><\/td>\n<td>36<\/td>\n<\/tr>\n<tr>\n<td><strong>4t<\/strong><\/td>\n<td>48<\/td>\n<\/tr>\n<tr>\n<td><strong>5\u00e8<\/strong><\/td>\n<td>50<\/td>\n<\/tr>\n<tr>\n<td><strong>6\u00e8<\/strong><\/td>\n<td>61<\/td>\n<\/tr>\n<\/tbody>\n<\/table>\n<p><a href=\"https:\/\/drive.google.com\/drive\/folders\/1t8NO3xv5sabx2Ha1EpA3oHquU1z1iUCS\" target=\"_blank\" rel=\"noopener noreferrer\">C\u00f2pia dels fulls de pagament<\/a><\/p>\n<p>&nbsp;<\/p>\n<h5><strong>Llibres<\/strong><\/h5>\n<p>L&#8217;escola porta a terme un <strong><span style=\"font-size: 14pt;\">projecte de socialitzaci\u00f3 de llibres<\/span><\/strong>, afavorint la creaci\u00f3 d&#8217;<span class=\"Estilo2\">h\u00e0bits per a la conservaci\u00f3 dels recursos naturals\u00a0i\u00a0fomentant l&#8217;igualtat d&#8217;oportunitats&#8230;<\/span> <img loading=\"lazy\" decoding=\"async\" src=\"http:\/\/www.xtec.cat\/ceipcassiacostal\/images\/spacer.gif\" alt=\"\" width=\"1\" height=\"8\" \/><\/p>\n<p>Aquest projecte t\u00e9 m\u00e9s pes a cicle mitj\u00e0 i cicle superior, ja que a cicle inicial els llibres s\u00f3n fungibles.<\/p>\n<p>&nbsp;<\/p>\n","protected":false},"excerpt":{"rendered":"<p>Material escolar i sortides: informaci\u00f3 i fulls de pagament<br \/>\nMaterial fungible i estoig<br \/>\nDes de P3 a fins a 2n curs de prim\u00e0ria, els alumnes no necessiten estoig.<br \/>\nA partir de 3r, els alumnes porten el seu estoig amb llapis, goma, bol\u00edgrafs, regle, maquineta, llapis de colors i&hellip;  <a href=\"https:\/\/agora.xtec.cat\/ceipcassiacostal\/lescola\/material-escolar\/\" title=\"Read Material i sortides\">Llegeix m\u00e9s\u00bb<\/a><\/p>\n","protected":false},"author":1,"featured_media":0,"parent":22,"menu_order":90,"comment_status":"closed","ping_status":"closed","template":"page-templates\/side-menu.php","meta":{"_bbp_topic_count":0,"_bbp_reply_count":0,"_bbp_total_topic_count":0,"_bbp_total_reply_count":0,"_bbp_voice_count":0,"_bbp_anonymous_reply_count":0,"_bbp_topic_count_hidden":0,"_bbp_reply_count_hidden":0,"_bbp_forum_subforum_count":0,"footnotes":""},"class_list":["post-36","page","type-page","status-publish","hentry"],"post_mailing_queue_ids":[],"_links":{"self":[{"href":"https:\/\/agora.xtec.cat\/ceipcassiacostal\/wp-json\/wp\/v2\/pages\/36","targetHints":{"allow":["GET"]}}],"collection":[{"href":"https:\/\/agora.xtec.cat\/ceipcassiacostal\/wp-json\/wp\/v2\/pages"}],"about":[{"href":"https:\/\/agora.xtec.cat\/ceipcassiacostal\/wp-json\/wp\/v2\/types\/page"}],"author":[{"embeddable":true,"href":"https:\/\/agora.xtec.cat\/ceipcassiacostal\/wp-json\/wp\/v2\/users\/1"}],"replies":[{"embeddable":true,"href":"https:\/\/agora.xtec.cat\/ceipcassiacostal\/wp-json\/wp\/v2\/comments?post=36"}],"version-history":[{"count":3,"href":"https:\/\/agora.xtec.cat\/ceipcassiacostal\/wp-json\/wp\/v2\/pages\/36\/revisions"}],"predecessor-version":[{"id":22326,"href":"https:\/\/agora.xtec.cat\/ceipcassiacostal\/wp-json\/wp\/v2\/pages\/36\/revisions\/22326"}],"up":[{"embeddable":true,"href":"https:\/\/agora.xtec.cat\/ceipcassiacostal\/wp-json\/wp\/v2\/pages\/22"}],"wp:attachment":[{"href":"https:\/\/agora.xtec.cat\/ceipcassiacostal\/wp-json\/wp\/v2\/media?parent=36"}],"curies":[{"name":"wp","href":"https:\/\/api.w.org\/{rel}","templated":true}]}}