{"id":32,"date":"2014-09-18T12:31:33","date_gmt":"2014-09-18T11:31:33","guid":{"rendered":"http:\/\/agora.xtec.cat\/ceipcassiacostal\/?page_id=32"},"modified":"2025-07-20T14:02:44","modified_gmt":"2025-07-20T12:02:44","slug":"calendari-del-curs","status":"publish","type":"page","link":"https:\/\/agora.xtec.cat\/ceipcassiacostal\/lescola\/calendari-del-curs\/","title":{"rendered":"Calendari del curs i horaris"},"content":{"rendered":"<h3 style=\"text-align: center;\">Calendari 2025-26<\/h3>\n<p>&nbsp;<\/p>\n<p><img loading=\"lazy\" decoding=\"async\" class=\"size-large wp-image-38987 aligncenter\" src=\"https:\/\/agora.xtec.cat\/ceipcassiacostal\/wp-content\/uploads\/usu719\/2025\/07\/calendari_escolar_25-26_millorat_color-page-001-725x1024.jpg\" alt=\"\" width=\"725\" height=\"1024\" srcset=\"https:\/\/agora.xtec.cat\/ceipcassiacostal\/wp-content\/uploads\/usu719\/2025\/07\/calendari_escolar_25-26_millorat_color-page-001-725x1024.jpg 725w, https:\/\/agora.xtec.cat\/ceipcassiacostal\/wp-content\/uploads\/usu719\/2025\/07\/calendari_escolar_25-26_millorat_color-page-001-212x300.jpg 212w, https:\/\/agora.xtec.cat\/ceipcassiacostal\/wp-content\/uploads\/usu719\/2025\/07\/calendari_escolar_25-26_millorat_color-page-001-768x1085.jpg 768w, https:\/\/agora.xtec.cat\/ceipcassiacostal\/wp-content\/uploads\/usu719\/2025\/07\/calendari_escolar_25-26_millorat_color-page-001-1087x1536.jpg 1087w, https:\/\/agora.xtec.cat\/ceipcassiacostal\/wp-content\/uploads\/usu719\/2025\/07\/calendari_escolar_25-26_millorat_color-page-001-1450x2048.jpg 1450w, https:\/\/agora.xtec.cat\/ceipcassiacostal\/wp-content\/uploads\/usu719\/2025\/07\/calendari_escolar_25-26_millorat_color-page-001-scaled.jpg 1812w\" sizes=\"auto, (max-width: 725px) 100vw, 725px\" \/><\/p>\n<ul>\n<li><b>Inici de curs: 8 de setembre 2025<\/b><\/li>\n<li><strong>NADAL<\/strong>: del 22 de desembre 2025 al 7 de gener de 2026.<\/li>\n<li><strong>SETMANA SANTA<\/strong>: del 30 de mar\u00e7 al 6 d\u2019abril 2026<\/li>\n<li>Festa local a Girona ciutat: 29\/10\/24 i 1\/05\/2025<\/li>\n<li>Dies festius de lliure disposici\u00f3 (els acordats pel Consell Escolar: 30 i 31 d&#8217;octubre, 13 i 16 de febrer i 4 de maig).<\/li>\n<li style=\"font-weight: 400;\" aria-level=\"1\"><b>Jornada Continuada: <\/b><span style=\"font-weight: 400;\">19 de desembre<\/span><b> i <\/b><span style=\"font-weight: 400;\">del 8 al 19 de juny 2026.<\/span><\/li>\n<\/ul>\n<p>&nbsp;<\/p>\n<p style=\"text-align: center;\"><a href=\"https:\/\/drive.google.com\/file\/d\/1zx5Q05BBlS4926gJqAL3QhqNR1vbNpAg\/view?usp=sharing\"><em><span style=\"color: #339966;\">Versi\u00f3 per imprimir<\/span><\/em><\/a><\/p>\n<p><span style=\"font-weight: 400;\">Aix\u00ed mateix, tenen la consideraci\u00f3 de dies festius els que determini la disposici\u00f3 corresponent del Departament d&#8217;Empresa i Treball, i els dos dies de festa local. En cas que els dies de festa local caiguin en dia no lectiu, els centres poden afegir-los als de lliure disposici\u00f3 establerts dins el curs escolar corresponent.<\/span><\/p>\n<p>&nbsp;<\/p>\n<table style=\"height: 357px; width: 904px;\" width=\"1232\">\n<tbody>\n<tr>\n<td style=\"width: 898px;\">\n<h4 style=\"text-align: center;\"><span style=\"color: #299e29;\"><strong>HORARI lectiu habitual d&#8217;Educaci\u00f3 Infantil i Educaci\u00f3 Prim\u00e0ria:<\/strong><\/span><\/h4>\n<p style=\"text-align: center;\"><strong><span style=\"font-size: 14pt;\">Mat\u00ed: de 9h a 12:30h<\/span><\/strong><\/p>\n<p style=\"text-align: center;\"><strong><span style=\"font-size: 14pt;\">Tarda: de 15h a 16:30h<\/span><\/strong><\/p>\n<h4 style=\"text-align: center;\"><span style=\"color: #299e29;\"><strong>Durant la jornada continuada:<\/strong><\/span><\/h4>\n<p style=\"text-align: center;\"><strong><span style=\"font-size: 14pt;\">Mat\u00ed: de 9h a 13:00h<\/span><\/strong><\/p>\n<p style=\"text-align: center;\"><span style=\"color: #3366ff; font-size: 14pt;\"><em>Farem entrades i sortides esglaonades.\u00a0<\/em><\/span><\/p>\n<\/td>\n<\/tr>\n<\/tbody>\n<\/table>\n<p>&nbsp;<\/p>\n<p>Els alumnes d&#8217;I<strong>-3, per tal de facilitar la seva adaptaci\u00f3 al centre, fan una incorporaci\u00f3 esglaonada a l\u2019escola.<\/strong> <i>Es divideix cada classe en dos grups i s\u2019alterna la incorporaci\u00f3 al centre al mat\u00ed (entre la 1a i la segona franja)- Es fan reunions amb les fam\u00edlies a la tarda. <span style=\"text-decoration: underline;\"><strong>S&#8217;explica el funcionament de l&#8217;acollida a la reuni\u00f3 de principi de curs d&#8217;I3.<\/strong><\/span><\/i> Ajuden a l\u2019adaptaci\u00f3 d&#8217;I3 la TEI i la mestra de suport o EE d&#8217;educaci\u00f3 infantil.<\/p>\n<h4><\/h4>\n<table style=\"height: 283px;\" width=\"655\">\n<tbody>\n<tr style=\"height: 283px;\">\n<td style=\"width: 649px; height: 283px;\">\n<h4 style=\"text-align: center;\"><span style=\"color: #299e29;\"><strong>HORARI d&#8217;atenci\u00f3 de l&#8217;EQUIP DIRECTIU:<\/strong><\/span><\/h4>\n<p style=\"text-align: center;\"><span style=\"font-size: 14pt;\"><strong><u>Directora:<\/u>\u00a0 Fina Teba<\/strong><\/span><\/p>\n<p style=\"text-align: center;\"><span style=\"font-size: 12pt;\"><strong><u>Cap d&#8217;estudis<\/u>: Teresa Garc\u00ed\u00ada<\/strong><\/span><\/p>\n<p style=\"text-align: center;\"><span style=\"font-size: 12pt;\"><strong><u>Secret\u00e0ria<\/u>: Laura Peitav\u00ed<\/strong><\/span><\/p>\n<p style=\"text-align: center;\"><span style=\"color: #3366ff; font-size: 14pt; font-family: inherit;\">Cal demanar cita pr\u00e8via trucant a l&#8217;escola.<\/span><\/p>\n<\/td>\n<\/tr>\n<\/tbody>\n<\/table>\n<p style=\"text-align: right;\"><span style=\"color: #999999;\"><em><span style=\"font-size: 10pt;\">Darrera actualitzaci\u00f3: 15 de juliol de 2024<\/span><\/em><\/span><\/p>\n","protected":false},"excerpt":{"rendered":"<p>Calendari 2025-26<br \/>\n&nbsp;<\/p>\n<ul>\n<li>Inici de curs: 8 de setembre 2025<\/li>\n<li>NADAL: del 22 de desembre 2025 al 7 de gener de 2026.<\/li>\n<li>SETMANA SANTA: del 30 de mar\u00e7 al 6 d\u2019abril 2026<\/li>\n<li>Festa local a Girona ciutat: 29\/10\/24 i 1\/05\/2025<\/li>\n<li>Dies festius de lliure disposici\u00f3 (els acordats pel Consell Escolar: 30&hellip;  <a href=\"https:\/\/agora.xtec.cat\/ceipcassiacostal\/lescola\/calendari-del-curs\/\" title=\"Read Calendari del curs i horaris\">Llegeix m\u00e9s\u00bb<\/a><br \/>\n","protected":false},"author":1,"featured_media":0,"parent":22,"menu_order":50,"comment_status":"closed","ping_status":"closed","template":"page-templates\/side-menu.php","meta":{"_bbp_topic_count":0,"_bbp_reply_count":0,"_bbp_total_topic_count":0,"_bbp_total_reply_count":0,"_bbp_voice_count":0,"_bbp_anonymous_reply_count":0,"_bbp_topic_count_hidden":0,"_bbp_reply_count_hidden":0,"_bbp_forum_subforum_count":0,"footnotes":""},"class_list":["post-32","page","type-page","status-publish","hentry"],"post_mailing_queue_ids":[],"_links":{"self":[{"href":"https:\/\/agora.xtec.cat\/ceipcassiacostal\/wp-json\/wp\/v2\/pages\/32","targetHints":{"allow":["GET"]}}],"collection":[{"href":"https:\/\/agora.xtec.cat\/ceipcassiacostal\/wp-json\/wp\/v2\/pages"}],"about":[{"href":"https:\/\/agora.xtec.cat\/ceipcassiacostal\/wp-json\/wp\/v2\/types\/page"}],"author":[{"embeddable":true,"href":"https:\/\/agora.xtec.cat\/ceipcassiacostal\/wp-json\/wp\/v2\/users\/1"}],"replies":[{"embeddable":true,"href":"https:\/\/agora.xtec.cat\/ceipcassiacostal\/wp-json\/wp\/v2\/comments?post=32"}],"version-history":[{"count":6,"href":"https:\/\/agora.xtec.cat\/ceipcassiacostal\/wp-json\/wp\/v2\/pages\/32\/revisions"}],"predecessor-version":[{"id":38989,"href":"https:\/\/agora.xtec.cat\/ceipcassiacostal\/wp-json\/wp\/v2\/pages\/32\/revisions\/38989"}],"up":[{"embeddable":true,"href":"https:\/\/agora.xtec.cat\/ceipcassiacostal\/wp-json\/wp\/v2\/pages\/22"}],"wp:attachment":[{"href":"https:\/\/agora.xtec.cat\/ceipcassiacostal\/wp-json\/wp\/v2\/media?parent=32"}],"curies":[{"name":"wp","href":"https:\/\/api.w.org\/{rel}","templated":true}]}}