{"id":30,"date":"2014-09-18T12:30:23","date_gmt":"2014-09-18T11:30:23","guid":{"rendered":"http:\/\/agora.xtec.cat\/ceipcassiacostal\/?page_id=30"},"modified":"2022-04-19T11:52:13","modified_gmt":"2022-04-19T09:52:13","slug":"instal%c2%b7lacions","status":"publish","type":"page","link":"https:\/\/agora.xtec.cat\/ceipcassiacostal\/lescola\/instal%c2%b7lacions\/","title":{"rendered":"Instal\u00b7lacions"},"content":{"rendered":"<p><strong><img loading=\"lazy\" decoding=\"async\" class=\"alignleft wp-image-239 \" src=\"http:\/\/agora.xtec.cat\/ceipcassiacostal\/wp-content\/uploads\/usu719\/2014\/09\/ccpequipament.jpg\" alt=\"ccpequipament\" width=\"177\" height=\"376\" srcset=\"https:\/\/agora.xtec.cat\/ceipcassiacostal\/wp-content\/uploads\/usu719\/2014\/09\/ccpequipament.jpg 250w, https:\/\/agora.xtec.cat\/ceipcassiacostal\/wp-content\/uploads\/usu719\/2014\/09\/ccpequipament-141x300.jpg 141w\" sizes=\"auto, (max-width: 177px) 100vw, 177px\" \/><\/strong><\/p>\n<p><span class=\"Estilo2\">\u2022 2 edificis: un per Prim\u00e0ria i un per a Parvulari.<br \/>\n\u2022 17 aules per a grups-classe.<br \/>\n\u2022 Biblioteca (amb ordinadors per recerca o consulta online).<br \/>\n\u2022 2 aules de psicomotricitat\/usos m\u00faltiples, una a cada edifici.<br \/>\n\u2022 Aula d&#8217;audiovisuals \/ laboratori.<br \/>\n\u2022 Aula de m\u00fasica. A<\/span><span class=\"Estilo2\">ula d\u2019idiomes.<br \/>\n\u2022 Pati per a prim\u00e0ria amb 1 pista poliesportiva, gran espai de sorra i una gran pista poliesportiva coberta (finalitzada el curs 2018-19).<br \/>\n\u2022 Pati per a infantil diferenciat amb jocs. Ambd\u00f3s patis amplis i assolellats.<br \/>\n\u2022 Menjador.<br \/>\n\u2022 2 aules d\u2019educaci\u00f3 especial- suport \/ 1 aula d\u2019acollida.<br \/>\n\u2022 Cuina.<br \/>\n\u2022 Depend\u00e8ncies de gesti\u00f3: Consergeria, Direcci\u00f3 1, Direcci\u00f3 2\/ reunions i Secretaria.<\/span><\/p>\n<p>&nbsp;<\/p>\n<p><a href=\"http:\/\/agora.xtec.cat\/ceipcassiacostal\/wp-content\/uploads\/usu719\/2014\/09\/eqext_08.png\"><img loading=\"lazy\" decoding=\"async\" class=\"alignnone size-full wp-image-248\" src=\"http:\/\/agora.xtec.cat\/ceipcassiacostal\/wp-content\/uploads\/usu719\/2014\/09\/eqesp_05.png\" alt=\"eqesp_05\" width=\"200\" height=\"200\" srcset=\"https:\/\/agora.xtec.cat\/ceipcassiacostal\/wp-content\/uploads\/usu719\/2014\/09\/eqesp_05.png 200w, https:\/\/agora.xtec.cat\/ceipcassiacostal\/wp-content\/uploads\/usu719\/2014\/09\/eqesp_05-150x150.png 150w\" sizes=\"auto, (max-width: 200px) 100vw, 200px\" \/><img loading=\"lazy\" decoding=\"async\" class=\"alignnone size-full wp-image-251\" src=\"http:\/\/agora.xtec.cat\/ceipcassiacostal\/wp-content\/uploads\/usu719\/2014\/09\/eqesp_08.png\" alt=\"eqesp_08\" width=\"200\" height=\"200\" srcset=\"https:\/\/agora.xtec.cat\/ceipcassiacostal\/wp-content\/uploads\/usu719\/2014\/09\/eqesp_08.png 200w, https:\/\/agora.xtec.cat\/ceipcassiacostal\/wp-content\/uploads\/usu719\/2014\/09\/eqesp_08-150x150.png 150w\" sizes=\"auto, (max-width: 200px) 100vw, 200px\" \/><img loading=\"lazy\" decoding=\"async\" class=\"alignnone size-full wp-image-244\" src=\"http:\/\/agora.xtec.cat\/ceipcassiacostal\/wp-content\/uploads\/usu719\/2014\/09\/eqesp_01.png\" alt=\"eqesp_01\" width=\"200\" height=\"200\" srcset=\"https:\/\/agora.xtec.cat\/ceipcassiacostal\/wp-content\/uploads\/usu719\/2014\/09\/eqesp_01.png 200w, https:\/\/agora.xtec.cat\/ceipcassiacostal\/wp-content\/uploads\/usu719\/2014\/09\/eqesp_01-150x150.png 150w\" sizes=\"auto, (max-width: 200px) 100vw, 200px\" \/><img loading=\"lazy\" decoding=\"async\" class=\"alignnone size-full wp-image-246\" src=\"http:\/\/agora.xtec.cat\/ceipcassiacostal\/wp-content\/uploads\/usu719\/2014\/09\/eqesp_03.png\" alt=\"eqesp_03\" width=\"200\" height=\"200\" srcset=\"https:\/\/agora.xtec.cat\/ceipcassiacostal\/wp-content\/uploads\/usu719\/2014\/09\/eqesp_03.png 200w, https:\/\/agora.xtec.cat\/ceipcassiacostal\/wp-content\/uploads\/usu719\/2014\/09\/eqesp_03-150x150.png 150w\" sizes=\"auto, (max-width: 200px) 100vw, 200px\" \/><img loading=\"lazy\" decoding=\"async\" class=\"alignnone size-full wp-image-245\" src=\"http:\/\/agora.xtec.cat\/ceipcassiacostal\/wp-content\/uploads\/usu719\/2014\/09\/eqesp_02.png\" alt=\"eqesp_02\" width=\"200\" height=\"200\" srcset=\"https:\/\/agora.xtec.cat\/ceipcassiacostal\/wp-content\/uploads\/usu719\/2014\/09\/eqesp_02.png 200w, https:\/\/agora.xtec.cat\/ceipcassiacostal\/wp-content\/uploads\/usu719\/2014\/09\/eqesp_02-150x150.png 150w\" sizes=\"auto, (max-width: 200px) 100vw, 200px\" \/><img loading=\"lazy\" decoding=\"async\" class=\"alignnone size-full wp-image-243\" src=\"http:\/\/agora.xtec.cat\/ceipcassiacostal\/wp-content\/uploads\/usu719\/2014\/09\/eqdetall_03.jpg\" alt=\"eqdetall_03\" width=\"235\" height=\"98\" \/><img loading=\"lazy\" decoding=\"async\" class=\"alignnone size-full wp-image-250\" src=\"http:\/\/agora.xtec.cat\/ceipcassiacostal\/wp-content\/uploads\/usu719\/2014\/09\/eqesp_07.png\" alt=\"eqesp_07\" width=\"200\" height=\"200\" srcset=\"https:\/\/agora.xtec.cat\/ceipcassiacostal\/wp-content\/uploads\/usu719\/2014\/09\/eqesp_07.png 200w, https:\/\/agora.xtec.cat\/ceipcassiacostal\/wp-content\/uploads\/usu719\/2014\/09\/eqesp_07-150x150.png 150w\" sizes=\"auto, (max-width: 200px) 100vw, 200px\" \/><img loading=\"lazy\" decoding=\"async\" class=\"alignnone size-full wp-image-252\" src=\"http:\/\/agora.xtec.cat\/ceipcassiacostal\/wp-content\/uploads\/usu719\/2014\/09\/eqext_01.png\" alt=\"eqext_01\" width=\"200\" height=\"200\" srcset=\"https:\/\/agora.xtec.cat\/ceipcassiacostal\/wp-content\/uploads\/usu719\/2014\/09\/eqext_01.png 200w, https:\/\/agora.xtec.cat\/ceipcassiacostal\/wp-content\/uploads\/usu719\/2014\/09\/eqext_01-150x150.png 150w\" sizes=\"auto, (max-width: 200px) 100vw, 200px\" \/><\/a> <a href=\"http:\/\/agora.xtec.cat\/ceipcassiacostal\/wp-content\/uploads\/usu719\/2014\/09\/eqext_07.png\"><img loading=\"lazy\" decoding=\"async\" class=\"alignnone size-full wp-image-247\" src=\"http:\/\/agora.xtec.cat\/ceipcassiacostal\/wp-content\/uploads\/usu719\/2014\/09\/eqesp_04.png\" alt=\"eqesp_04\" width=\"200\" height=\"200\" srcset=\"https:\/\/agora.xtec.cat\/ceipcassiacostal\/wp-content\/uploads\/usu719\/2014\/09\/eqesp_04.png 200w, https:\/\/agora.xtec.cat\/ceipcassiacostal\/wp-content\/uploads\/usu719\/2014\/09\/eqesp_04-150x150.png 150w\" sizes=\"auto, (max-width: 200px) 100vw, 200px\" \/><img loading=\"lazy\" decoding=\"async\" class=\"alignnone size-full wp-image-256\" src=\"http:\/\/agora.xtec.cat\/ceipcassiacostal\/wp-content\/uploads\/usu719\/2014\/09\/eqext_05.png\" alt=\"eqext_05\" width=\"200\" height=\"200\" srcset=\"https:\/\/agora.xtec.cat\/ceipcassiacostal\/wp-content\/uploads\/usu719\/2014\/09\/eqext_05.png 200w, https:\/\/agora.xtec.cat\/ceipcassiacostal\/wp-content\/uploads\/usu719\/2014\/09\/eqext_05-150x150.png 150w\" sizes=\"auto, (max-width: 200px) 100vw, 200px\" \/><img loading=\"lazy\" decoding=\"async\" class=\"alignnone size-full wp-image-259\" src=\"http:\/\/agora.xtec.cat\/ceipcassiacostal\/wp-content\/uploads\/usu719\/2014\/09\/eqext_08.png\" alt=\"eqext_08\" width=\"200\" height=\"200\" srcset=\"https:\/\/agora.xtec.cat\/ceipcassiacostal\/wp-content\/uploads\/usu719\/2014\/09\/eqext_08.png 200w, https:\/\/agora.xtec.cat\/ceipcassiacostal\/wp-content\/uploads\/usu719\/2014\/09\/eqext_08-150x150.png 150w\" sizes=\"auto, (max-width: 200px) 100vw, 200px\" \/><img loading=\"lazy\" decoding=\"async\" class=\"alignnone size-full wp-image-258\" src=\"http:\/\/agora.xtec.cat\/ceipcassiacostal\/wp-content\/uploads\/usu719\/2014\/09\/eqext_07.png\" alt=\"eqext_07\" width=\"200\" height=\"200\" srcset=\"https:\/\/agora.xtec.cat\/ceipcassiacostal\/wp-content\/uploads\/usu719\/2014\/09\/eqext_07.png 200w, https:\/\/agora.xtec.cat\/ceipcassiacostal\/wp-content\/uploads\/usu719\/2014\/09\/eqext_07-150x150.png 150w\" sizes=\"auto, (max-width: 200px) 100vw, 200px\" \/><\/a>\u00a0<a href=\"http:\/\/agora.xtec.cat\/ceipcassiacostal\/wp-content\/uploads\/usu719\/2014\/09\/eqext_06.png\"><img loading=\"lazy\" decoding=\"async\" class=\"alignnone size-full wp-image-257\" src=\"http:\/\/agora.xtec.cat\/ceipcassiacostal\/wp-content\/uploads\/usu719\/2014\/09\/eqext_06.png\" alt=\"eqext_06\" width=\"200\" height=\"200\" srcset=\"https:\/\/agora.xtec.cat\/ceipcassiacostal\/wp-content\/uploads\/usu719\/2014\/09\/eqext_06.png 200w, https:\/\/agora.xtec.cat\/ceipcassiacostal\/wp-content\/uploads\/usu719\/2014\/09\/eqext_06-150x150.png 150w\" sizes=\"auto, (max-width: 200px) 100vw, 200px\" \/><\/a> \u00a0 \u00a0 \u00a0 \u00a0 \u00a0 \u00a0 \u00a0\u00a0<a href=\"http:\/\/agora.xtec.cat\/ceipcassiacostal\/wp-content\/uploads\/usu719\/2014\/09\/eqaula_01.jpg\"><img loading=\"lazy\" decoding=\"async\" class=\"alignnone size-full wp-image-254\" src=\"http:\/\/agora.xtec.cat\/ceipcassiacostal\/wp-content\/uploads\/usu719\/2014\/09\/eqext_03.png\" alt=\"eqext_03\" width=\"200\" height=\"200\" srcset=\"https:\/\/agora.xtec.cat\/ceipcassiacostal\/wp-content\/uploads\/usu719\/2014\/09\/eqext_03.png 200w, https:\/\/agora.xtec.cat\/ceipcassiacostal\/wp-content\/uploads\/usu719\/2014\/09\/eqext_03-150x150.png 150w\" sizes=\"auto, (max-width: 200px) 100vw, 200px\" \/><\/a><img loading=\"lazy\" decoding=\"async\" class=\"wp-image-10406 alignleft\" src=\"https:\/\/agora.xtec.cat\/ceipcassiacostal\/wp-content\/uploads\/usu719\/2019\/02\/pista-coberta-1.jpg\" alt=\"\" width=\"346\" height=\"195\" srcset=\"https:\/\/agora.xtec.cat\/ceipcassiacostal\/wp-content\/uploads\/usu719\/2019\/02\/pista-coberta-1.jpg 711w, https:\/\/agora.xtec.cat\/ceipcassiacostal\/wp-content\/uploads\/usu719\/2019\/02\/pista-coberta-1-300x169.jpg 300w\" sizes=\"auto, (max-width: 346px) 100vw, 346px\" \/><\/p>\n<p>&nbsp;<\/p>\n<p>&nbsp;<\/p>\n","protected":false},"excerpt":{"rendered":"<p>\u2022 2 edificis: un per Prim\u00e0ria i un per a Parvulari.<br \/>\n\u2022 17 aules per a grups-classe.<br \/>\n\u2022 Biblioteca (amb ordinadors per recerca o consulta online).<br \/>\n\u2022 2 aules de psicomotricitat\/usos m\u00faltiples, una a cada edifici.<br \/>\n\u2022 Aula d&#8217;audiovisuals \/ laboratori.<br \/>\n\u2022 Aula de m\u00fasica. Aula d\u2019idiomes.<br \/>\n\u2022 Pati per a&hellip;  <a href=\"https:\/\/agora.xtec.cat\/ceipcassiacostal\/lescola\/instal%c2%b7lacions\/\" title=\"Read Instal\u00b7lacions\">Llegeix m\u00e9s\u00bb<\/a><\/p>\n","protected":false},"author":1,"featured_media":0,"parent":22,"menu_order":30,"comment_status":"closed","ping_status":"closed","template":"page-templates\/side-menu.php","meta":{"_bbp_topic_count":0,"_bbp_reply_count":0,"_bbp_total_topic_count":0,"_bbp_total_reply_count":0,"_bbp_voice_count":0,"_bbp_anonymous_reply_count":0,"_bbp_topic_count_hidden":0,"_bbp_reply_count_hidden":0,"_bbp_forum_subforum_count":0,"footnotes":""},"class_list":["post-30","page","type-page","status-publish","hentry"],"post_mailing_queue_ids":[],"_links":{"self":[{"href":"https:\/\/agora.xtec.cat\/ceipcassiacostal\/wp-json\/wp\/v2\/pages\/30","targetHints":{"allow":["GET"]}}],"collection":[{"href":"https:\/\/agora.xtec.cat\/ceipcassiacostal\/wp-json\/wp\/v2\/pages"}],"about":[{"href":"https:\/\/agora.xtec.cat\/ceipcassiacostal\/wp-json\/wp\/v2\/types\/page"}],"author":[{"embeddable":true,"href":"https:\/\/agora.xtec.cat\/ceipcassiacostal\/wp-json\/wp\/v2\/users\/1"}],"replies":[{"embeddable":true,"href":"https:\/\/agora.xtec.cat\/ceipcassiacostal\/wp-json\/wp\/v2\/comments?post=30"}],"version-history":[{"count":4,"href":"https:\/\/agora.xtec.cat\/ceipcassiacostal\/wp-json\/wp\/v2\/pages\/30\/revisions"}],"predecessor-version":[{"id":25314,"href":"https:\/\/agora.xtec.cat\/ceipcassiacostal\/wp-json\/wp\/v2\/pages\/30\/revisions\/25314"}],"up":[{"embeddable":true,"href":"https:\/\/agora.xtec.cat\/ceipcassiacostal\/wp-json\/wp\/v2\/pages\/22"}],"wp:attachment":[{"href":"https:\/\/agora.xtec.cat\/ceipcassiacostal\/wp-json\/wp\/v2\/media?parent=30"}],"curies":[{"name":"wp","href":"https:\/\/api.w.org\/{rel}","templated":true}]}}