{"id":28,"date":"2014-09-18T12:29:35","date_gmt":"2014-09-18T11:29:35","guid":{"rendered":"http:\/\/agora.xtec.cat\/ceipcassiacostal\/?page_id=28"},"modified":"2022-08-31T19:15:27","modified_gmt":"2022-08-31T17:15:27","slug":"consell-escolar","status":"publish","type":"page","link":"https:\/\/agora.xtec.cat\/ceipcassiacostal\/lescola\/consell-escolar\/","title":{"rendered":"Consell escolar"},"content":{"rendered":"<div align=\"justify\"><\/div>\n<h4 align=\"justify\"><strong>El consell escolar (segons la Llei 12\/2009, del 10 de juliol, d\u2019Educaci\u00f3)<\/strong><\/h4>\n<h4 align=\"justify\"><\/h4>\n<div align=\"justify\"><\/div>\n<div align=\"justify\"><\/div>\n<div align=\"justify\"><strong><a href=\"http:\/\/agora.xtec.cat\/ceipcassiacostal\/wp-content\/uploads\/usu719\/2014\/09\/consellescolar_01.png\"><img loading=\"lazy\" decoding=\"async\" class=\"alignright wp-image-286 \" src=\"http:\/\/agora.xtec.cat\/ceipcassiacostal\/wp-content\/uploads\/usu719\/2014\/09\/consellescolar_01.png\" alt=\"consellescolar_01\" width=\"409\" height=\"409\" srcset=\"https:\/\/agora.xtec.cat\/ceipcassiacostal\/wp-content\/uploads\/usu719\/2014\/09\/consellescolar_01.png 280w, https:\/\/agora.xtec.cat\/ceipcassiacostal\/wp-content\/uploads\/usu719\/2014\/09\/consellescolar_01-150x150.png 150w\" sizes=\"auto, (max-width: 409px) 100vw, 409px\" \/><\/a><\/strong><\/div>\n<p><span class=\"Estilo2\"><span class=\"Estilo2\">1. El consell escolar \u00e9s l\u2019\u00f2rgan de participaci\u00f3 de la comunitat escolar en el govern del centre. Correspon al Departament establir mesures perqu\u00e8 aquesta participaci\u00f3 sigui efectiva, i tamb\u00e9 determinar el nombre i el procediment d\u2019elecci\u00f3 dels membres del consell.<\/span><\/span><\/p>\n<p>2. El Departament ha d\u2019adaptar l\u2019estructura i la composici\u00f3 del consell escolar a les caracter\u00edstiques dels centres educatius \u00fanics.<\/p>\n<p>3. Corresponen al Consell Escolar les funcions seg\u00fcents:<\/p>\n<ul>\n<li style=\"list-style-type: none;\">\n<ul>\n<li>Aprovar el projecte educatiu i les modificacions corresponents per una majoria de tres cinquenes parts dels membres.<\/li>\n<li>Aprovar la programaci\u00f3 general anual del centre i avaluar-ne el desenvolupament i els resultats.<\/li>\n<li>Aprovar les propostes d\u2019acords de coresponsabilitat, convenis i altres acords de col\u00b7laboraci\u00f3 del centre amb entitats o institucions.<\/li>\n<li>Aprovar les normes d\u2019organitzaci\u00f3 i funcionament i les modificacions corresponents.<\/li>\n<li>Aprovar la carta de comprom\u00eds educatiu.<\/li>\n<li>Aprovar el pressupost del centre i el rendiment de comptes.<\/li>\n<li>Intervenir en el procediment d\u2019admissi\u00f3 d\u2019alumnes.<\/li>\n<li>Participar en el procediment de selecci\u00f3 i en la proposta de cessament del director o directora.<\/li>\n<li>Intervenir en la resoluci\u00f3 dels conflictes i, si escau, revisar les sancions als alumnes.<\/li>\n<li>Aprovar les directrius per a la programaci\u00f3 d\u2019activitats escolars complement\u00e0ries i d\u2019activitats extraescolars, i avaluar-ne el desenvolupament.<\/li>\n<li>Participar en les an\u00e0lisis i les avaluacions del funcionament general del centre i con\u00e8ixer l\u2019evoluci\u00f3 del rendiment escolar.<\/li>\n<li>Aprovar els criteris de col\u00b7laboraci\u00f3 amb altres centres i amb l\u2019entorn.<\/li>\n<li>Qualsevol altra que li sigui atribu\u00efda per les normes legals o reglament\u00e0ries.<\/li>\n<\/ul>\n<\/li>\n<\/ul>\n<div align=\"justify\">\n<div align=\"justify\">\n<div align=\"justify\">\n<ol start=\"4\">\n<li>El consell escolar ha d\u2019aprovar les seves normes de funcionament. En all\u00f2 que aquestes normes no estableixin, s&#8217;apliquen les normes reguladores dels \u00f2rgans col\u00b7legiats de l&#8217;Administraci\u00f3 de la Generalitat.5. El consell escolar actua normalment en ple. Es poden constituir comissions espec\u00edfiques d\u2019estudi i informaci\u00f3, a les quals, en tot cas, s\u2019hi ha d\u2019incorporar un professor o professora, i un alumne o alumna o un representant o una representant de les mares i els pares. Els centres de titularitat p\u00fablica han de comptar amb una comissi\u00f3 econ\u00f2mica, amb les excepcions que estableixi el Departament.<\/li>\n<\/ol>\n<\/div>\n<\/div>\n<\/div>\n<div align=\"justify\"><\/div>\n<div align=\"justify\"><strong>Est\u00e0 format per:<\/strong><\/div>\n<div align=\"justify\"><\/div>\n<ul>\n<li style=\"list-style-type: none;\">\n<ul>\n<li style=\"list-style-type: none;\">\n<ul>\n<li style=\"list-style-type: none;\">\n<ul>\n<li>L\u2019equip directiu<\/li>\n<li>4 representants de mestres (en 2021-22 es redueix de 6 a 4)<\/li>\n<li>3 representants de pares i mares (en 2021-22 es redueix de 5 a 3)<\/li>\n<li>1 representant de l\u2019AMPA<\/li>\n<li>1 representant del personal d\u2019administraci\u00f3 i serveis (PAS)<\/li>\n<li>1 representant de l\u2019Ajuntament<\/li>\n<\/ul>\n<\/li>\n<\/ul>\n<\/li>\n<\/ul>\n<\/li>\n<\/ul>\n<p style=\"color: #444444;\"><strong>\u00a0Amb les seg\u00fcents comissions:<\/strong><\/p>\n<ul>\n<li style=\"list-style-type: none;\">\n<ul>\n<li style=\"list-style-type: none;\">\n<ul>\n<li style=\"list-style-type: none;\">\n<ul>\n<li>Econ\u00f2mica<\/li>\n<li>Permanent<\/li>\n<li>Socialitzaci\u00f3 de llibres<\/li>\n<li>Conviv\u00e8ncia<\/li>\n<\/ul>\n<\/li>\n<\/ul>\n<\/li>\n<\/ul>\n<\/li>\n<\/ul>\n<p style=\"color: #444444;\"><span class=\"Estilo2\">Es celebrar\u00e0 un m\u00ednim d\u2019un consell escolar per trimestre, a m\u00e9s d\u2019un a principi i un altre a final de curs.<\/span><\/p>\n<p>Es passa per correu electr\u00f2nic la convocat\u00f2ria amb l\u2019ordre del dia i es comparteix la documentaci\u00f3 pertinent.<\/p>\n","protected":false},"excerpt":{"rendered":"<p>El consell escolar (segons la Llei 12\/2009, del 10 de juliol, d\u2019Educaci\u00f3)<\/p>\n<p><a href=\"http:\/\/agora.xtec.cat\/ceipcassiacostal\/wp-content\/uploads\/usu719\/2014\/09\/consellescolar_01.png\"><\/a><br \/>\n1. El consell escolar \u00e9s l\u2019\u00f2rgan de participaci\u00f3 de la comunitat escolar en el govern del centre. Correspon al Departament establir mesures perqu\u00e8 aquesta participaci\u00f3 sigui efectiva, i tamb\u00e9 determinar el nombre i&hellip;  <a href=\"https:\/\/agora.xtec.cat\/ceipcassiacostal\/lescola\/consell-escolar\/\" title=\"Read Consell escolar\">Llegeix m\u00e9s\u00bb<\/a><\/p>\n","protected":false},"author":1,"featured_media":0,"parent":22,"menu_order":70,"comment_status":"closed","ping_status":"closed","template":"page-templates\/side-menu.php","meta":{"_bbp_topic_count":0,"_bbp_reply_count":0,"_bbp_total_topic_count":0,"_bbp_total_reply_count":0,"_bbp_voice_count":0,"_bbp_anonymous_reply_count":0,"_bbp_topic_count_hidden":0,"_bbp_reply_count_hidden":0,"_bbp_forum_subforum_count":0,"footnotes":""},"class_list":["post-28","page","type-page","status-publish","hentry"],"post_mailing_queue_ids":[],"_links":{"self":[{"href":"https:\/\/agora.xtec.cat\/ceipcassiacostal\/wp-json\/wp\/v2\/pages\/28","targetHints":{"allow":["GET"]}}],"collection":[{"href":"https:\/\/agora.xtec.cat\/ceipcassiacostal\/wp-json\/wp\/v2\/pages"}],"about":[{"href":"https:\/\/agora.xtec.cat\/ceipcassiacostal\/wp-json\/wp\/v2\/types\/page"}],"author":[{"embeddable":true,"href":"https:\/\/agora.xtec.cat\/ceipcassiacostal\/wp-json\/wp\/v2\/users\/1"}],"replies":[{"embeddable":true,"href":"https:\/\/agora.xtec.cat\/ceipcassiacostal\/wp-json\/wp\/v2\/comments?post=28"}],"version-history":[{"count":4,"href":"https:\/\/agora.xtec.cat\/ceipcassiacostal\/wp-json\/wp\/v2\/pages\/28\/revisions"}],"predecessor-version":[{"id":26885,"href":"https:\/\/agora.xtec.cat\/ceipcassiacostal\/wp-json\/wp\/v2\/pages\/28\/revisions\/26885"}],"up":[{"embeddable":true,"href":"https:\/\/agora.xtec.cat\/ceipcassiacostal\/wp-json\/wp\/v2\/pages\/22"}],"wp:attachment":[{"href":"https:\/\/agora.xtec.cat\/ceipcassiacostal\/wp-json\/wp\/v2\/media?parent=28"}],"curies":[{"name":"wp","href":"https:\/\/api.w.org\/{rel}","templated":true}]}}