{"id":22,"date":"2014-09-18T12:19:57","date_gmt":"2014-09-18T11:19:57","guid":{"rendered":"http:\/\/agora.xtec.cat\/ceipcassiacostal\/?page_id=22"},"modified":"2016-03-02T23:10:34","modified_gmt":"2016-03-02T22:10:34","slug":"lescola","status":"publish","type":"page","link":"https:\/\/agora.xtec.cat\/ceipcassiacostal\/lescola\/","title":{"rendered":"L&#8217;escola"},"content":{"rendered":"<p>L\u2019Escola Cassi\u00e0 Costal \u00e9s un Centre d\u2019Ensenyament P\u00fablic de doble l\u00ednia en qu\u00e8 s\u2019imparteix educaci\u00f3 Infantil i Prim\u00e0ria. Hi ha sis unitats de 2n Cicle \u00a0d\u2019Educaci\u00f3 Infantil i 12 d\u2019Educaci\u00f3 Prim\u00e0ria.<\/p>\n<p>Constru\u00eft en els antics terrenys de la Renfe, en una zona d\u2019expansi\u00f3 al sud de la ciutat, a uns 20 minuts del centre de Girona. Queda limitat per un costat per la carretera Barcelona i per l\u2019altra banda per la via del tren Barcelona-Portbou. Es troba fent frontissa entre els barris de Sant Pau i Sant Narc\u00eds, al costat d\u2019un gran Hipermercat i en una zona amb densitat de poblaci\u00f3 alta. Consta de dos edificis diferenciats (un per Prim\u00e0ria i un per Infantil) i un espai ampl\u00edssim per esbarjo. En el seu recinte hi ha dos dip\u00f2sits de l\u2019antiga estaci\u00f3 de trens de c\u00e0rrega, considerats per l\u2019Ajuntament com a patrimoni monumental.<\/p>\n<p>El darrers cursos t\u00e9 una plantilla amb 28,25 mestres especificats en la plantilla que el Departament, a trav\u00e9s de la Direcci\u00f3 General de Recursos Humans, distribueix en les seg\u00fcents adscripcions: Educaci\u00f3 Infantil, Educaci\u00f3 Prim\u00e0ria, Llengua Anglesa, Educaci\u00f3 F\u00edsica, Educaci\u00f3 Musical, Educaci\u00f3 Especial,\u00a0Aula d\u2019Acollida i Religi\u00f3 (la mestra de religi\u00f3 t\u00e9 una assignaci\u00f3 al centre d\u2019un 75%)<\/p>\n<p>Compta amb un conserge, una administrativa i una TEI (t\u00e8cnic d&#8217;educaci\u00f3 infantil).<\/p>\n<p>Disposem d\u2019un EAP un mat\u00ed setmanal i d\u2019una assessora LIC (que assisteix a demanda del centre).<\/p>\n","protected":false},"excerpt":{"rendered":"<p>L\u2019Escola Cassi\u00e0 Costal \u00e9s un Centre d\u2019Ensenyament P\u00fablic de doble l\u00ednia en qu\u00e8 s\u2019imparteix educaci\u00f3 Infantil i Prim\u00e0ria. Hi ha sis unitats de 2n Cicle \u00a0d\u2019Educaci\u00f3 Infantil i 12 d\u2019Educaci\u00f3 Prim\u00e0ria.<br \/>\nConstru\u00eft en els antics terrenys de la Renfe, en una zona d\u2019expansi\u00f3 al sud de&hellip;  <a href=\"https:\/\/agora.xtec.cat\/ceipcassiacostal\/lescola\/\" title=\"Read L&#8217;escola\">Llegeix m\u00e9s\u00bb<\/a><\/p>\n","protected":false},"author":1,"featured_media":0,"parent":0,"menu_order":0,"comment_status":"closed","ping_status":"closed","template":"page-templates\/side-menu.php","meta":{"_bbp_topic_count":0,"_bbp_reply_count":0,"_bbp_total_topic_count":0,"_bbp_total_reply_count":0,"_bbp_voice_count":0,"_bbp_anonymous_reply_count":0,"_bbp_topic_count_hidden":0,"_bbp_reply_count_hidden":0,"_bbp_forum_subforum_count":0,"footnotes":""},"class_list":["post-22","page","type-page","status-publish","hentry"],"post_mailing_queue_ids":[],"_links":{"self":[{"href":"https:\/\/agora.xtec.cat\/ceipcassiacostal\/wp-json\/wp\/v2\/pages\/22","targetHints":{"allow":["GET"]}}],"collection":[{"href":"https:\/\/agora.xtec.cat\/ceipcassiacostal\/wp-json\/wp\/v2\/pages"}],"about":[{"href":"https:\/\/agora.xtec.cat\/ceipcassiacostal\/wp-json\/wp\/v2\/types\/page"}],"author":[{"embeddable":true,"href":"https:\/\/agora.xtec.cat\/ceipcassiacostal\/wp-json\/wp\/v2\/users\/1"}],"replies":[{"embeddable":true,"href":"https:\/\/agora.xtec.cat\/ceipcassiacostal\/wp-json\/wp\/v2\/comments?post=22"}],"version-history":[{"count":3,"href":"https:\/\/agora.xtec.cat\/ceipcassiacostal\/wp-json\/wp\/v2\/pages\/22\/revisions"}],"predecessor-version":[{"id":404,"href":"https:\/\/agora.xtec.cat\/ceipcassiacostal\/wp-json\/wp\/v2\/pages\/22\/revisions\/404"}],"wp:attachment":[{"href":"https:\/\/agora.xtec.cat\/ceipcassiacostal\/wp-json\/wp\/v2\/media?parent=22"}],"curies":[{"name":"wp","href":"https:\/\/api.w.org\/{rel}","templated":true}]}}