{"id":1793,"date":"2016-05-11T14:34:43","date_gmt":"2016-05-11T13:34:43","guid":{"rendered":"http:\/\/agora.xtec.cat\/ceipcassiacostal\/?page_id=1793"},"modified":"2026-01-28T11:24:52","modified_gmt":"2026-01-28T10:24:52","slug":"personal-del-centre-docent-i-no-docent","status":"publish","type":"page","link":"https:\/\/agora.xtec.cat\/ceipcassiacostal\/lescola\/personal-del-centre-docent-i-no-docent\/","title":{"rendered":"Personal del Centre"},"content":{"rendered":"<p>&nbsp;<\/p>\n<table style=\"width: 71.7891%; height: 1432px;\">\n<tbody>\n<tr style=\"height: 33px;\">\n<td style=\"width: 104.918%; height: 33px;\" colspan=\"4\"><b>EQUIP DIRECTIU<\/b><\/td>\n<\/tr>\n<tr style=\"height: 33px;\">\n<td style=\"width: 20.8609%; height: 33px;\"><b>Directora<\/b><\/td>\n<td style=\"width: 84.057%; height: 33px;\" colspan=\"3\"><span style=\"font-weight: 400;\">Fina Teba<\/span><\/td>\n<\/tr>\n<tr style=\"height: 33px;\">\n<td style=\"width: 20.8609%; height: 33px;\"><b>Cap d\u2019estudis<\/b><\/td>\n<td style=\"width: 84.057%; height: 33px;\" colspan=\"3\"><span style=\"font-weight: 400;\">Teresa Garc\u00eda<\/span><\/td>\n<\/tr>\n<tr style=\"height: 33px;\">\n<td style=\"width: 20.8609%; height: 33px;\"><b>Secret\u00e0ria<\/b><\/td>\n<td style=\"width: 84.057%; height: 33px;\" colspan=\"3\"><span style=\"font-weight: 400;\">Laura Peitavi<\/span><\/td>\n<\/tr>\n<tr style=\"height: 33px;\">\n<td style=\"width: 104.918%; height: 33px;\" colspan=\"4\"><b>EDUCACI\u00d3 INFANTIL<\/b><\/td>\n<\/tr>\n<tr style=\"height: 33px;\">\n<td style=\"width: 20.8609%; height: 33px;\"><b>I3 A<\/b><\/td>\n<td style=\"width: 31.2496%; height: 33px;\"><span style=\"font-weight: 400;\"><span style=\"font-weight: 400;\">Carla Camps<\/span><\/span>\/<span style=\"font-weight: 400;\">Marc Ferri\u00a0<\/span><\/td>\n<td style=\"width: 12.0149%; height: 33px;\"><b>I3 B<\/b><\/td>\n<td style=\"width: 40.7925%; height: 33px;\"><span style=\"font-weight: 400;\">Elisabet Duch<\/span><\/td>\n<\/tr>\n<tr style=\"height: 33px;\">\n<td style=\"width: 20.8609%; height: 33px;\"><b>I4 A<\/b><\/td>\n<td style=\"width: 31.2496%; height: 33px;\"><span style=\"font-weight: 400;\"><span style=\"font-weight: 400;\">Anna Verges <\/span><\/span>\u00a0(subs. Irene Ru\u00edz)<\/td>\n<td style=\"width: 12.0149%; height: 33px;\"><b>I4 B<\/b><\/td>\n<td style=\"width: 40.7925%; height: 33px;\"><span style=\"font-weight: 400;\">Txell Cuberes\u00a0<\/span><\/td>\n<\/tr>\n<tr style=\"height: 33px;\">\n<td style=\"width: 20.8609%; height: 33px;\"><b>I5 A<\/b><\/td>\n<td style=\"width: 31.2496%; height: 33px;\"><span style=\"font-weight: 400;\">N\u00faria Costa \u00a0(subs. Maria Mu\u00f1oz)<\/span><\/td>\n<td style=\"width: 12.0149%; height: 33px;\"><b>I5 B<\/b><\/td>\n<td style=\"width: 40.7925%; height: 33px;\"><span style=\"font-weight: 400;\">D\u00e9lia Mart\u00ednez (subs. Maria Daunis)<\/span><\/td>\n<\/tr>\n<tr style=\"height: 33px;\">\n<td style=\"width: 20.8609%; height: 10px;\"><b>SUPORT 1<\/b><\/td>\n<td style=\"width: 31.2496%; height: 10px;\"><span style=\"font-weight: 400;\">Marta Massanet (subs:Silvia Tubau)<\/span><\/td>\n<td style=\"width: 12.0149%; height: 10px;\"><b>SUPORT 2<\/b><\/td>\n<td style=\"width: 40.7925%; height: 10px;\"><span style=\"font-weight: 400;\">Marc Ferri (0,5+ reducci\u00f3 Carla)<\/span><\/td>\n<\/tr>\n<tr style=\"height: 33px;\">\n<td style=\"width: 20.8609%; height: 33px;\"><b>T.E.I<\/b><\/td>\n<td style=\"width: 31.2496%; height: 33px;\"><span style=\"font-weight: 400;\">Ana Guti\u00e9rrez<\/span><\/td>\n<td style=\"width: 12.0149%; height: 33px;\"><\/td>\n<td style=\"width: 40.7925%; height: 33px;\"><\/td>\n<\/tr>\n<tr style=\"height: 33px;\">\n<td style=\"width: 104.918%; height: 33px;\" colspan=\"4\"><b>CICLE INICIAL<\/b><\/td>\n<\/tr>\n<tr style=\"height: 33px;\">\n<td style=\"width: 20.8609%; height: 33px;\"><b>1 A<\/b><\/td>\n<td style=\"width: 31.2496%; height: 33px;\"><span style=\"font-weight: 400;\">S\u00edlvia Noell\u00a0<\/span><\/td>\n<td style=\"width: 12.0149%; height: 33px;\"><b>1 B<\/b><\/td>\n<td style=\"width: 40.7925%; height: 33px;\"><span style=\"font-weight: 400;\"><span style=\"font-weight: 400;\">Maria Reyes <\/span><\/span>(Subs. Noem\u00ed Mart\u00ednez)<\/td>\n<\/tr>\n<tr style=\"height: 33px;\">\n<td style=\"width: 20.8609%; height: 33px;\"><b>2 A<\/b><\/td>\n<td style=\"width: 31.2496%; height: 33px;\"><span style=\"font-weight: 400;\"><span style=\"font-weight: 400;\">Jordi Sirvent\u00a0 <\/span><\/span>(subs Gemma Villanueva)<\/td>\n<td style=\"width: 12.0149%; height: 33px;\"><b>2 B<\/b><\/td>\n<td style=\"width: 40.7925%; height: 33px;\"><span style=\"font-weight: 400;\">In\u00e9s Sibils<\/span><\/td>\n<\/tr>\n<tr style=\"height: 33px;\">\n<td style=\"width: 104.918%; height: 33px;\" colspan=\"4\"><b>CICLE MITJ\u00c0<\/b><\/td>\n<\/tr>\n<tr style=\"height: 33px;\">\n<td style=\"width: 20.8609%; height: 33px;\"><b>3 A<\/b><\/td>\n<td style=\"width: 31.2496%; height: 33px;\"><span style=\"font-weight: 400;\">Carme Brugu\u00e9<\/span><\/td>\n<td style=\"width: 12.0149%; height: 33px;\"><b>3r B<\/b><\/td>\n<td style=\"width: 40.7925%; height: 33px;\"><span style=\"font-weight: 400;\">Jordi Pibernat<\/span><\/td>\n<\/tr>\n<tr style=\"height: 33px;\">\n<td style=\"width: 20.8609%; height: 33px;\"><b>4 A<\/b><\/td>\n<td style=\"width: 31.2496%; height: 33px;\"><span style=\"font-weight: 400;\">Helena Pinsach \u00a0<\/span><\/td>\n<td style=\"width: 12.0149%; height: 33px;\"><span style=\"font-weight: 400;\"><b>4 B<\/b><\/span><\/td>\n<td style=\"width: 40.7925%; height: 33px;\"><span style=\"font-weight: 400;\">Laura Vilarrodona\u00a0<\/span><\/td>\n<\/tr>\n<tr style=\"height: 33px;\">\n<td style=\"width: 104.918%; height: 33px;\" colspan=\"4\"><b>CICLE SUPERIOR<\/b><\/td>\n<\/tr>\n<tr style=\"height: 36px;\">\n<td style=\"width: 20.8609%; height: 36px;\"><b>5 A<\/b><\/td>\n<td style=\"width: 31.2496%; height: 36px;\"><span style=\"font-weight: 400;\">Sara Fern\u00e1ndez<\/span><\/td>\n<td style=\"width: 12.0149%; height: 36px;\"><\/td>\n<td style=\"width: 40.7925%; height: 36px;\"><\/td>\n<\/tr>\n<tr style=\"height: 33px;\">\n<td style=\"width: 20.8609%; height: 33px;\"><b>6 A<\/b><\/td>\n<td style=\"width: 31.2496%; height: 33px; text-align: justify;\"><span style=\"font-weight: 400;\">Pepi Mu\u00f1oz\/ Laura Peitav\u00ed <\/span><\/td>\n<td style=\"width: 12.0149%; height: 33px; text-align: justify;\"><b>6 B<\/b><\/td>\n<td style=\"width: 40.7925%; height: 33px; text-align: justify;\"><span style=\"font-weight: 400;\">Neus Gotarra (subs. Silvia Vall\u00b7llovera)<\/span><\/td>\n<\/tr>\n<tr style=\"height: 33px;\">\n<td style=\"width: 104.918%; height: 33px;\" colspan=\"4\"><b>ESPECIALISTES I ALTRES<\/b><\/td>\n<\/tr>\n<tr style=\"height: 33px;\">\n<td style=\"width: 52.1105%; height: 33px;\" colspan=\"2\"><b>ANGL\u00c8S EI, CI<\/b><\/td>\n<td style=\"width: 52.8074%; height: 33px;\" colspan=\"2\"><span style=\"font-weight: 400;\">Rosa Maria Calvo<\/span><span style=\"font-weight: 400;\">. Suport<\/span><\/td>\n<\/tr>\n<tr style=\"height: 33px;\">\n<td style=\"width: 52.1105%; height: 33px;\" colspan=\"2\"><b>ANGL\u00c8S CM<\/b><\/td>\n<td style=\"width: 52.8074%; height: 33px;\" colspan=\"2\"><span style=\"font-weight: 400;\"><span style=\"font-weight: 400;\">Montse Mart\u00edn. Suport <\/span><\/span>(subs. Ana Maria Vergara)<\/td>\n<\/tr>\n<tr style=\"height: 33px;\">\n<td style=\"width: 52.1105%; height: 33px;\" colspan=\"2\"><b>ANGL\u00c8S CS<\/b><\/td>\n<td style=\"width: 52.8074%; height: 33px;\" colspan=\"2\"><span style=\"font-weight: 400;\">Anna Donat. Suport i <\/span><b>Pl\u00e0stica en angl\u00e8s<\/b><span style=\"font-weight: 400;\">.<\/span><\/td>\n<\/tr>\n<tr style=\"height: 33px;\">\n<td style=\"width: 52.1105%; height: 33px;\" colspan=\"2\"><b>E. F\u00cdSICA 1r, 2n i 3r<\/b><\/td>\n<td style=\"width: 52.8074%; height: 33px;\" colspan=\"2\"><span style=\"font-weight: 400;\"><span style=\"font-weight: 400;\">Fina Navarro. Suport <\/span><\/span>(subs. Laia Mesquida)<\/td>\n<\/tr>\n<tr style=\"height: 33px;\">\n<td style=\"width: 52.1105%; height: 33px;\" colspan=\"2\"><b>E. F\u00cdSICA 4t<\/b><\/td>\n<td style=\"width: 52.8074%; height: 33px;\" colspan=\"2\"><span style=\"font-weight: 400;\">Teresa Garc\u00eda.<\/span><\/td>\n<\/tr>\n<tr style=\"height: 33px;\">\n<td style=\"width: 52.1105%; height: 33px;\" colspan=\"2\"><b>E. F\u00cdSICA 5\u00e8 i 6\u00e8<\/b><\/td>\n<td style=\"width: 52.8074%; height: 33px;\" colspan=\"2\"><span style=\"font-weight: 400;\">David Cerro. Suport.<\/span><\/td>\n<\/tr>\n<tr style=\"height: 33px;\">\n<td style=\"width: 52.1105%; height: 33px;\" colspan=\"2\"><b>M\u00daSICA<\/b><\/td>\n<td style=\"width: 52.8074%; height: 33px;\" colspan=\"2\"><span style=\"font-weight: 400;\">Marta Albert\u00ed.<\/span><b> Pl\u00e0stica en angl\u00e8s<\/b><span style=\"font-weight: 400;\"> a CM<\/span><\/td>\n<\/tr>\n<tr style=\"height: 33px;\">\n<td style=\"height: 33px; width: 52.1105%;\" colspan=\"2\"><b>MESI 1<\/b><\/td>\n<td style=\"height: 33px; width: 52.8074%;\" colspan=\"2\"><span style=\"font-weight: 400;\">Marta Marqu\u00e8s<\/span><\/td>\n<\/tr>\n<tr style=\"height: 33px;\">\n<td style=\"width: 52.1105%; height: 33px;\" colspan=\"2\"><b>MESI 2<\/b><\/td>\n<td style=\"width: 52.8074%; height: 33px;\" colspan=\"2\"><span style=\"font-weight: 400;\"> \u00c0nnia Costa<\/span><\/td>\n<\/tr>\n<tr style=\"height: 33px;\">\n<td style=\"width: 52.1105%; height: 33px;\" colspan=\"2\"><b>RELIGI\u00d3<\/b><\/td>\n<td style=\"width: 52.8074%; height: 33px;\" colspan=\"2\"><span style=\"font-weight: 400;\">Carol <\/span><span style=\"font-weight: 400;\">Carrascal<\/span><\/td>\n<\/tr>\n<tr style=\"height: 33px;\">\n<td style=\"width: 52.1105%; height: 33px;\" colspan=\"2\"><b>SUPORT\u00a0 EP<\/b><\/td>\n<td style=\"width: 52.8074%; height: 33px;\" colspan=\"2\"><span style=\"font-weight: 400;\">Laura Peitavi<\/span><\/td>\n<\/tr>\n<tr style=\"height: 33px;\">\n<td style=\"width: 52.1105%; height: 33px;\" colspan=\"2\"><b>AULA D\u2019ACOLLIDA\u00a0<\/b><\/td>\n<td style=\"width: 52.8074%; height: 33px;\" colspan=\"2\"><span style=\"font-weight: 400;\">Almudena Mar\u00edn<\/span><\/td>\n<\/tr>\n<tr style=\"height: 33px;\">\n<td style=\"width: 104.918%; height: 33px;\" colspan=\"4\"><b>SERVEIS EDUCATIUS<\/b><\/td>\n<\/tr>\n<tr style=\"height: 33px;\">\n<td style=\"width: 52.1105%; height: 33px;\" colspan=\"2\"><b>TIS<\/b><\/td>\n<td style=\"width: 52.8074%; height: 33px;\" colspan=\"2\"><\/td>\n<\/tr>\n<tr style=\"height: 33px;\">\n<td style=\"width: 52.1105%; height: 33px;\" colspan=\"2\"><b>EAP (dijous mat\u00ed)<\/b><\/td>\n<td style=\"width: 52.8074%; height: 33px;\" colspan=\"2\"><span style=\"font-weight: 400;\">Sandra Garc\u00e9s<\/span><\/td>\n<\/tr>\n<tr style=\"height: 33px;\">\n<td style=\"width: 52.1105%; height: 33px;\" colspan=\"2\"><b>Fisio EAP (dimecres i divendres mat\u00ed)<\/b><\/td>\n<td style=\"width: 52.8074%; height: 33px;\" colspan=\"2\"><span style=\"font-weight: 400;\">Marta Romera<\/span><\/td>\n<\/tr>\n<tr style=\"height: 33px;\">\n<td style=\"width: 52.1105%; height: 33px;\" colspan=\"2\"><b>Logopeda<\/b><\/td>\n<td style=\"width: 52.8074%; height: 33px;\" colspan=\"2\"><span style=\"font-weight: 400;\">Cristina Pous<\/span><\/td>\n<\/tr>\n<tr style=\"height: 33px;\">\n<td style=\"width: 52.1105%; height: 33px;\" colspan=\"2\"><b>CREDV (dimarts mat\u00ed)<\/b><\/td>\n<td style=\"width: 52.8074%; height: 33px;\" colspan=\"2\"><span style=\"font-weight: 400;\">Laura Nadal<\/span><\/td>\n<\/tr>\n<tr style=\"height: 33px;\">\n<td style=\"width: 52.1105%; height: 33px;\" colspan=\"2\"><b>CEEPSIR (dimecres mat\u00ed)<\/b><\/td>\n<td style=\"width: 52.8074%; height: 33px;\" colspan=\"2\"><\/td>\n<\/tr>\n<tr style=\"height: 33px;\">\n<td style=\"width: 52.1105%; height: 33px;\" colspan=\"2\"><b>Assessora LIC<\/b><\/td>\n<td style=\"width: 52.8074%; height: 33px;\" colspan=\"2\">Sandrine Doucinet<\/td>\n<\/tr>\n<tr style=\"height: 33px;\">\n<td style=\"width: 52.1105%; height: 33px;\" colspan=\"2\"><b>Vetlladora\/es<\/b><\/td>\n<td style=\"width: 52.8074%; height: 33px;\" colspan=\"2\"><span style=\"font-weight: 400;\">\u00c0ngela Moyano\/ Cristina<\/span><\/td>\n<\/tr>\n<tr style=\"height: 33px;\">\n<td style=\"width: 104.918%; height: 33px;\" colspan=\"4\"><b>PERSONAL NO DOCENT<\/b><\/td>\n<\/tr>\n<tr style=\"height: 33px;\">\n<td style=\"width: 52.1105%; height: 33px;\" colspan=\"2\"><b>CONSERGE<\/b><\/td>\n<td style=\"width: 52.8074%; height: 33px;\" colspan=\"2\"><span style=\"font-weight: 400;\">Xavier Urda<\/span><\/td>\n<\/tr>\n<tr style=\"height: 33px;\">\n<td style=\"width: 52.1105%; height: 33px;\" colspan=\"2\"><b>ADMINISTRATIVA<\/b><\/td>\n<td style=\"width: 52.8074%; height: 33px;\" colspan=\"2\"><span style=\"font-weight: 400;\">Roser Ayala<\/span><\/td>\n<\/tr>\n<\/tbody>\n<\/table>\n<p style=\"text-align: right;\"><span style=\"color: #808080;\"><em>Darrera actualitzaci\u00f3: 20\/7\/2025<\/em><\/span><\/p>\n","protected":false},"excerpt":{"rendered":"<p>&nbsp;<\/p>\n<p>EQUIP DIRECTIU<\/p>\n<p>Directora<br \/>\nFina Teba<\/p>\n<p>Cap d\u2019estudis<br \/>\nTeresa Garc\u00eda<\/p>\n<p>Secret\u00e0ria<br \/>\nLaura Peitavi<\/p>\n<p>EDUCACI\u00d3 INFANTIL<\/p>\n<p>I3 A<br \/>\nCarla Camps\/Marc Ferri\u00a0<br \/>\nI3 B<br \/>\nElisabet Duch<\/p>\n<p>I4 A<br \/>\nAnna Verges \u00a0(subs. Irene Ru\u00edz)<br \/>\nI4 B<br \/>\nTxell Cuberes\u00a0<\/p>\n<p>I5 A<br \/>\nN\u00faria Costa \u00a0(subs. Maria Mu\u00f1oz)<br \/>\nI5 B<br \/>\nD\u00e9lia Mart\u00ednez (subs. Maria Daunis)<\/p>\n<p>SUPORT 1<br \/>\nMarta Massanet (subs:Silvia Tubau)<br \/>\nSUPORT 2<br \/>\nMarc Ferri (0,5+ reducci\u00f3 Carla)<\/p>\n<p>T.E.I<br \/>\nAna Guti\u00e9rrez<\/p>\n<p>CICLE INICIAL<\/p>\n<p>1 A<br \/>\nS\u00edlvia Noell\u00a0<br \/>\n1 B<br \/>\nMaria Reyes (Subs.&hellip;  <a href=\"https:\/\/agora.xtec.cat\/ceipcassiacostal\/lescola\/personal-del-centre-docent-i-no-docent\/\" title=\"Read Personal del Centre\">Llegeix m\u00e9s\u00bb<\/a><\/p>\n","protected":false},"author":3,"featured_media":0,"parent":22,"menu_order":60,"comment_status":"closed","ping_status":"closed","template":"page-templates\/side-menu.php","meta":{"_bbp_topic_count":0,"_bbp_reply_count":0,"_bbp_total_topic_count":0,"_bbp_total_reply_count":0,"_bbp_voice_count":0,"_bbp_anonymous_reply_count":0,"_bbp_topic_count_hidden":0,"_bbp_reply_count_hidden":0,"_bbp_forum_subforum_count":0,"footnotes":""},"class_list":["post-1793","page","type-page","status-publish","hentry"],"post_mailing_queue_ids":[],"_links":{"self":[{"href":"https:\/\/agora.xtec.cat\/ceipcassiacostal\/wp-json\/wp\/v2\/pages\/1793","targetHints":{"allow":["GET"]}}],"collection":[{"href":"https:\/\/agora.xtec.cat\/ceipcassiacostal\/wp-json\/wp\/v2\/pages"}],"about":[{"href":"https:\/\/agora.xtec.cat\/ceipcassiacostal\/wp-json\/wp\/v2\/types\/page"}],"author":[{"embeddable":true,"href":"https:\/\/agora.xtec.cat\/ceipcassiacostal\/wp-json\/wp\/v2\/users\/3"}],"replies":[{"embeddable":true,"href":"https:\/\/agora.xtec.cat\/ceipcassiacostal\/wp-json\/wp\/v2\/comments?post=1793"}],"version-history":[{"count":6,"href":"https:\/\/agora.xtec.cat\/ceipcassiacostal\/wp-json\/wp\/v2\/pages\/1793\/revisions"}],"predecessor-version":[{"id":40217,"href":"https:\/\/agora.xtec.cat\/ceipcassiacostal\/wp-json\/wp\/v2\/pages\/1793\/revisions\/40217"}],"up":[{"embeddable":true,"href":"https:\/\/agora.xtec.cat\/ceipcassiacostal\/wp-json\/wp\/v2\/pages\/22"}],"wp:attachment":[{"href":"https:\/\/agora.xtec.cat\/ceipcassiacostal\/wp-json\/wp\/v2\/media?parent=1793"}],"curies":[{"name":"wp","href":"https:\/\/api.w.org\/{rel}","templated":true}]}}