{"id":1561,"date":"2016-04-02T10:38:56","date_gmt":"2016-04-02T09:38:56","guid":{"rendered":"http:\/\/agora.xtec.cat\/ceipcassiacostal\/?page_id=1561"},"modified":"2024-09-12T06:08:35","modified_gmt":"2024-09-12T04:08:35","slug":"projectes-i-altres-activitats","status":"publish","type":"page","link":"https:\/\/agora.xtec.cat\/ceipcassiacostal\/projecte-educatiu\/projectes-i-altres-activitats\/","title":{"rendered":"Altres projectes d&#8217;escola"},"content":{"rendered":"<p>&nbsp;<\/p>\n<table style=\"height: 1113px; width: 67.3588%;\">\n<tbody>\n<tr style=\"height: 42px;\">\n<td style=\"width: 24.1202%; height: 168px;\" rowspan=\"4\"><b>Llengua<\/b><\/td>\n<td style=\"width: 75.014%; height: 42px;\"><strong><a href=\"http:\/\/xtec.gencat.cat\/ca\/projectes\/lectura\/impulslectura\/\" target=\"_blank\" rel=\"noopener noreferrer\">Pla d\u2019impuls a la lectura<\/a><\/strong>: Pla de lectura de centre.<\/td>\n<\/tr>\n<tr style=\"height: 42px;\">\n<td style=\"width: 75.014%; height: 42px;\">Projecte \u201cActiva la biblioteca\u201d<\/td>\n<\/tr>\n<tr style=\"height: 42px;\">\n<td style=\"width: 75.014%; height: 42px;\">Acompanyaments i <strong><a href=\"http:\/\/blocs.xtec.cat\/biblioteca1ecc\/2016\/03\/07\/vull-un-padri-lector\/\" target=\"_blank\" rel=\"noopener noreferrer\">apadrinaments lectors.<\/a><\/strong><\/td>\n<\/tr>\n<tr style=\"height: 42px;\">\n<td style=\"width: 75.014%; height: 42px;\"><b>Angl\u00e8s des de P3.<\/b><\/td>\n<\/tr>\n<tr style=\"height: 42px;\">\n<td style=\"width: 24.1202%; height: 146px;\" rowspan=\"3\"><b>Formaci\u00f3<\/b><\/td>\n<td style=\"width: 75.014%; height: 42px;\">Formaci\u00f3 <b>cont\u00ednua <\/b>de mestres (PFC-PFZ).<\/td>\n<\/tr>\n<tr style=\"height: 62px;\">\n<td style=\"width: 75.014%; height: 62px;\"><strong><a href=\"http:\/\/xtec.gencat.cat\/ca\/projectes\/escriptura\/ara-escric\/\" target=\"_blank\" rel=\"noopener noreferrer\">AraEscric<\/a>, <\/strong>formaci\u00f3 en problemes matem\u00e0tics i resoluci\u00f3 en grups cooperatius, Escolta com parlen, Estrat\u00e8gia digital de centre&#8230;<\/td>\n<\/tr>\n<tr style=\"height: 42px;\">\n<td style=\"width: 75.014%; height: 42px;\"><strong>Centre Formador\u00a0<\/strong>(acollim estudiants de pr\u00e0ctiques de diferents nivells educatius).<\/td>\n<\/tr>\n<tr style=\"height: 42px;\">\n<td style=\"width: 24.1202%; height: 160px;\" rowspan=\"4\"><b>Educaci\u00f3 f\u00edsica<\/b><br \/>\n<b>\u00a0<\/b><br \/>\n<b>\u00a0<\/b><br \/>\n<b>\u00a0<\/b><\/td>\n<td style=\"width: 75.014%; height: 42px;\"><b><a href=\"http:\/\/xtec.gencat.cat\/ca\/comunitat\/esportescola\/\" target=\"_blank\" rel=\"noopener noreferrer\">Pla Catal\u00e0 de l&#8217;Esport a l&#8217;Escola<\/a><\/b><\/td>\n<\/tr>\n<tr style=\"height: 42px;\">\n<td style=\"width: 75.014%; height: 42px;\">Projecte esportiu de centre.<strong>\u00a0<a href=\"https:\/\/agora.xtec.cat\/ceipcassiacostal\/categoria\/la-grada-suma\/\" target=\"_blank\" rel=\"noopener noreferrer\">Projecte &#8220;La Grada Suma&#8221;<\/a><\/strong><\/td>\n<\/tr>\n<tr style=\"height: 42px;\">\n<td style=\"width: 75.014%; height: 42px;\"><a href=\"https:\/\/agora.xtec.cat\/ceipcassiacostal\/categoria\/educacio-fisica\/projecte-touchtennis-i-blind-tennis-a-lescola\/\"><strong>Projecte Touchtennis i Blind Tennis a l&#8217;escola <\/strong><\/a>(des de 2021-22), amb apadrinaments 4t-I5.<\/td>\n<\/tr>\n<tr style=\"height: 34px;\">\n<td style=\"width: 75.014%; height: 34px;\">\n<p class=\"widget-title\">Projecte <strong><a href=\"https:\/\/agora.xtec.cat\/ceipcassiacostal\/categoria\/educacio-fisica\/la-psicomotricitat-aucouturier-a-la-nostra-escola\/\">\u00a0\u201cPsicomotricitat Aucouturier a l\u2019escola<\/a><span style=\"font-size: 10pt;\"><a href=\"https:\/\/agora.xtec.cat\/ceipcassiacostal\/categoria\/educacio-fisica\/la-psicomotricitat-aucouturier-a-la-nostra-escola\/\">\u201d<\/a><\/span><\/strong><\/p>\n<\/td>\n<\/tr>\n<tr style=\"height: 42px;\">\n<td style=\"width: 24.1202%; height: 42px;\"><strong>M\u00fasica\u00a0<\/strong><\/td>\n<td style=\"width: 75.014%; height: 42px;\"><strong><a href=\"https:\/\/agora.xtec.cat\/ceipcassiacostal\/general\/ens-han-donat-el-projecte-de-musica\/\">Projecte elasticant <\/a><\/strong>(des de 2019-20) amb apadrinaments 5\u00e8-I4.<\/td>\n<\/tr>\n<tr style=\"height: 42px;\">\n<td style=\"width: 24.1202%; height: 42px;\"><b>Alimentaci\u00f3 saludable<\/b><\/td>\n<td style=\"width: 75.014%; height: 42px;\">Dilluns, dia de la fruita.<\/td>\n<\/tr>\n<tr style=\"height: 62px;\">\n<td style=\"width: 24.1202%; height: 83px;\" rowspan=\"2\"><strong>Treball d&#8217;emocions i habilitats personals<\/strong><br \/>\n<strong><br \/>\n<\/strong><\/td>\n<td style=\"width: 75.014%; height: 40px;\">Projecte<strong> &#8220;Sigues tu&#8221;: <a href=\"http:\/\/www.siguestu.cat\/\" target=\"_blank\" rel=\"noopener noreferrer\">&#8220;L&#8217;aventura de la vida&#8221; (D&#8217;I3 a 6\u00e8)<\/a>\u00a0<\/strong><\/td>\n<\/tr>\n<tr style=\"height: 43px;\">\n<td style=\"width: 75.014%; height: 43px;\">Programa <strong><a href=\"https:\/\/agora.xtec.cat\/ceipcassiacostal\/general\/diploma-programa-escoles-contra-el-bullying\/\">&#8220;Escoles contra el Bullying<\/a><\/strong>&#8220;<\/td>\n<\/tr>\n<tr style=\"height: 42px;\">\n<td style=\"width: 24.1202%; height: 42px;\" rowspan=\"3\"><b>Sostenibilitat <\/b><br \/>\n<b>\u00a0<\/b><br \/>\n<b>\u00a0<\/b><\/td>\n<td style=\"width: 75.014%; height: 42px;\"><b>Brigada ecol\u00f2gica<\/b>: paper i pl\u00e0stic (+ recollida espec\u00edfica de taps de pl\u00e0stic).<\/td>\n<\/tr>\n<tr style=\"height: 42px;\">\n<td style=\"width: 75.014%; height: 42px;\">Programa <strong><a href=\"http:\/\/www.apilo.cat\/\" target=\"_blank\" rel=\"noopener noreferrer\">Apilo XII<\/a><\/strong>\u00a0(recollida de piles).<\/td>\n<\/tr>\n<tr style=\"height: 42px;\">\n<td style=\"width: 75.014%; height: 42px;\"><strong>\u201cPROJECTE CUIDA\u2019M\u201d<\/strong>: Projecte de Socialitzaci\u00f3 de llibres.<\/td>\n<\/tr>\n<tr style=\"height: 42px;\">\n<td style=\"width: 24.1202%; height: 42px;\" rowspan=\"7\"><b>\u00a0<\/b><br \/>\n<b>Altres<\/b><br \/>\n<b>\u00a0<\/b><\/td>\n<td style=\"width: 75.014%; height: 42px;\"><a href=\"http:\/\/www2.girona.cat\/ciutat_subvencions_igualtat\" target=\"_blank\" rel=\"noopener noreferrer\"><strong>Projecte de qualitat\u2013 igualtat de l\u2019Ajuntament<\/strong>.<\/a><\/td>\n<\/tr>\n<tr style=\"height: 42px;\">\n<td style=\"width: 75.014%; height: 42px;\">Pla d\u2019educaci\u00f3 i conviv\u00e8ncia.<\/td>\n<\/tr>\n<tr style=\"height: 42px;\">\n<td style=\"width: 75.014%; height: 42px;\"><b>Noves tecnologies <\/b>integrades en el desenvolupament curricular.<\/td>\n<\/tr>\n<tr style=\"height: 42px;\">\n<td style=\"width: 75.014%; height: 42px;\">Ci\u00e8ncies experimentals 3-12.<\/td>\n<\/tr>\n<tr style=\"height: 42px;\">\n<td style=\"width: 75.014%; height: 42px;\">Projecte<span style=\"color: #000000;\"> <strong>&#8220;<a href=\"https:\/\/agora.xtec.cat\/ceipcassiacostal\/general\/jocs-de-pati-a-primaria-projecte-proa-espais-inclusius-abril-maig\/\">Espais inclusius: Jocs de pati<\/a>&#8220;<\/strong>:<\/span> a infantil i prim\u00e0ria<\/td>\n<\/tr>\n<tr style=\"height: 103px;\">\n<td style=\"width: 75.014%; height: 103px;\"><a href=\"https:\/\/bibliotech.cat\/\"><img loading=\"lazy\" decoding=\"async\" class=\"alignnone wp-image-32023\" src=\"https:\/\/agora.xtec.cat\/ceipcassiacostal\/wp-content\/uploads\/usu719\/2023\/12\/Bibliotech_logo_lema-1-1024x560.png\" alt=\"\" width=\"150\" height=\"82\" srcset=\"https:\/\/agora.xtec.cat\/ceipcassiacostal\/wp-content\/uploads\/usu719\/2023\/12\/Bibliotech_logo_lema-1-1024x560.png 1024w, https:\/\/agora.xtec.cat\/ceipcassiacostal\/wp-content\/uploads\/usu719\/2023\/12\/Bibliotech_logo_lema-1-300x164.png 300w, https:\/\/agora.xtec.cat\/ceipcassiacostal\/wp-content\/uploads\/usu719\/2023\/12\/Bibliotech_logo_lema-1-768x420.png 768w, https:\/\/agora.xtec.cat\/ceipcassiacostal\/wp-content\/uploads\/usu719\/2023\/12\/Bibliotech_logo_lema-1-1536x839.png 1536w, https:\/\/agora.xtec.cat\/ceipcassiacostal\/wp-content\/uploads\/usu719\/2023\/12\/Bibliotech_logo_lema-1.png 1590w\" sizes=\"auto, (max-width: 150px) 100vw, 150px\" \/><\/a><\/td>\n<\/tr>\n<tr style=\"height: 33px;\">\n<td style=\"width: 75.014%; height: 33px;\">Projecte &#8220;<a href=\"https:\/\/web.girona.cat\/educacio\/lleure-educatiu\"><strong>Entarda&#8217;t, tardes de lleure<\/strong><\/a>&#8220;<\/td>\n<\/tr>\n<\/tbody>\n<\/table>\n<p><span style=\"display: inline !important; float: none; background-color: transparent; color: #444444; direction: ltr; font-family: 'Open Sans',Arial,Helvetica,sans-serif; font-size: 14.4px; font-style: normal; font-variant: normal; font-weight: 400; letter-spacing: normal; orphans: 2; text-align: left; text-decoration: none; text-indent: 0px; text-transform: uppercase; -webkit-text-stroke-width: 0px; white-space: normal; word-spacing: 0px;\"><span style=\"font-family: helvetica,arial,sans-serif; font-size: 12pt;\">Eix\u201916:<\/span>\u00a0<\/span>Vine a saber coses de les <a href=\"http:\/\/agora.xtec.cat\/ceipcassiacostal\/categoria\/eix-les-olimpiades\/\" target=\"_blank\" rel=\"noopener noreferrer\">&#8220;Les olimp\u00edades&#8221;<\/a><\/p>\n<p><a href=\"https:\/\/agora.xtec.cat\/ceipcassiacostal\/categoria\/el-circ\/\" target=\"_blank\" rel=\"noopener noreferrer\"><span style=\"color: #000000;\">Eix\u201918:<\/span> &#8220;El circ&#8221;<\/a><\/p>\n","protected":false},"excerpt":{"rendered":"<p>&nbsp;<\/p>\n<p>Llengua<br \/>\n<a href=\"http:\/\/xtec.gencat.cat\/ca\/projectes\/lectura\/impulslectura\/\" target=\"_blank\" rel=\"noopener noreferrer\">Pla d\u2019impuls a la lectura<\/a>: Pla de lectura de centre.<\/p>\n<p>Projecte \u201cActiva la biblioteca\u201d<\/p>\n<p>Acompanyaments i <a href=\"http:\/\/blocs.xtec.cat\/biblioteca1ecc\/2016\/03\/07\/vull-un-padri-lector\/\" target=\"_blank\" rel=\"noopener noreferrer\">apadrinaments lectors.<\/a><\/p>\n<p>Angl\u00e8s des de P3.<\/p>\n<p>Formaci\u00f3<br \/>\nFormaci\u00f3 cont\u00ednua de mestres (PFC-PFZ).<\/p>\n<p><a href=\"http:\/\/xtec.gencat.cat\/ca\/projectes\/escriptura\/ara-escric\/\" target=\"_blank\" rel=\"noopener noreferrer\">AraEscric<\/a>, formaci\u00f3 en problemes matem\u00e0tics i resoluci\u00f3 en grups cooperatius, Escolta&hellip;  <a href=\"https:\/\/agora.xtec.cat\/ceipcassiacostal\/projecte-educatiu\/projectes-i-altres-activitats\/\" title=\"Read Altres projectes d&#8217;escola\">Llegeix m\u00e9s\u00bb<\/a><\/p>\n","protected":false},"author":1,"featured_media":0,"parent":64,"menu_order":40,"comment_status":"closed","ping_status":"closed","template":"page-templates\/side-menu.php","meta":{"_bbp_topic_count":0,"_bbp_reply_count":0,"_bbp_total_topic_count":0,"_bbp_total_reply_count":0,"_bbp_voice_count":0,"_bbp_anonymous_reply_count":0,"_bbp_topic_count_hidden":0,"_bbp_reply_count_hidden":0,"_bbp_forum_subforum_count":0,"footnotes":""},"class_list":["post-1561","page","type-page","status-publish","hentry"],"post_mailing_queue_ids":[],"_links":{"self":[{"href":"https:\/\/agora.xtec.cat\/ceipcassiacostal\/wp-json\/wp\/v2\/pages\/1561","targetHints":{"allow":["GET"]}}],"collection":[{"href":"https:\/\/agora.xtec.cat\/ceipcassiacostal\/wp-json\/wp\/v2\/pages"}],"about":[{"href":"https:\/\/agora.xtec.cat\/ceipcassiacostal\/wp-json\/wp\/v2\/types\/page"}],"author":[{"embeddable":true,"href":"https:\/\/agora.xtec.cat\/ceipcassiacostal\/wp-json\/wp\/v2\/users\/1"}],"replies":[{"embeddable":true,"href":"https:\/\/agora.xtec.cat\/ceipcassiacostal\/wp-json\/wp\/v2\/comments?post=1561"}],"version-history":[{"count":7,"href":"https:\/\/agora.xtec.cat\/ceipcassiacostal\/wp-json\/wp\/v2\/pages\/1561\/revisions"}],"predecessor-version":[{"id":35218,"href":"https:\/\/agora.xtec.cat\/ceipcassiacostal\/wp-json\/wp\/v2\/pages\/1561\/revisions\/35218"}],"up":[{"embeddable":true,"href":"https:\/\/agora.xtec.cat\/ceipcassiacostal\/wp-json\/wp\/v2\/pages\/64"}],"wp:attachment":[{"href":"https:\/\/agora.xtec.cat\/ceipcassiacostal\/wp-json\/wp\/v2\/media?parent=1561"}],"curies":[{"name":"wp","href":"https:\/\/api.w.org\/{rel}","templated":true}]}}