{"id":1557,"date":"2016-04-02T10:33:43","date_gmt":"2016-04-02T09:33:43","guid":{"rendered":"http:\/\/agora.xtec.cat\/ceipcassiacostal\/?page_id=1557"},"modified":"2023-07-10T13:10:06","modified_gmt":"2023-07-10T11:10:06","slug":"projectes","status":"publish","type":"page","link":"https:\/\/agora.xtec.cat\/ceipcassiacostal\/projecte-educatiu\/projectes\/","title":{"rendered":"L\u00ednea de centre: Projecte Educatiu i Normes d&#8217;Organitzaci\u00f3 i Funcionament Intern"},"content":{"rendered":"<h4>Principis de l&#8217;escola:<\/h4>\n<ul>\n<li>Educaci\u00f3 com a proc\u00e9s per al desenvolupament de la persona.<\/li>\n<li>Integraci\u00f3 del centre i la seva tasca educativa en el seu entorn.<\/li>\n<li>Respecte i formaci\u00f3 en el pluralisme i els valors democr\u00e0tics.<\/li>\n<li>Igualtat entre les persones i comunicaci\u00f3 com a base de la conviv\u00e8ncia.<\/li>\n<li>L\u00ednia pedag\u00f2gica comuna i consensuada.<\/li>\n<li>Esfor\u00e7 per adaptar-s\u2019hi als canvis de la societat i les noves tecnologies.<\/li>\n<li>Preocupaci\u00f3 pel treball de la sostenibilitat i els h\u00e0bits saludables.<\/li>\n<li>Gesti\u00f3 institucional basada en la democr\u00e0cia, el foment del treball cooperatiu entre tots els membres de la comunitat i l\u2019avaluaci\u00f3 cont\u00ednua.<\/li>\n<\/ul>\n<p><span style=\"font-size: 14pt;\"><a href=\"https:\/\/drive.google.com\/file\/d\/1W6qM5cXfs5n90SL4etzlkkarzfwbTWWR\/view?usp=sharing\" target=\"_blank\" rel=\"noopener noreferrer\">Projecte Educatiu de Centre (PEC) Darrera revisi\u00f3 30 juny de 2023<\/a><\/span><\/p>\n<p style=\"padding-left: 30px;\"><a href=\"https:\/\/drive.google.com\/file\/d\/1hJlc8WZh10SSYOR0nU5-UUp2FxPHduGz\/view?usp=sharing\" target=\"_blank\" rel=\"noopener noreferrer\">Projecte l\u00edng\u00fc\u00edstic (punt 3 del PEC)<\/a><\/p>\n<p><a href=\"https:\/\/drive.google.com\/file\/d\/1aLJ8jsc5uimplBNaCdDKiduQ3xQeN3qy\/view?usp=sharing\" target=\"_blank\" rel=\"noopener\"><span style=\"font-size: 14pt;\">Normes d&#8217;Organitzaci\u00f3 i Funcionament de Centre (NOFC) Darrera revisi\u00f3 30 juny de 2023<\/span><\/a><\/p>\n<p style=\"padding-left: 30px;\"><a href=\"https:\/\/drive.google.com\/file\/d\/18GMPoLyXurSTDFiWzJlTqHEQf8krjex7\/view?usp=sharing\" target=\"_blank\" rel=\"noopener noreferrer\">Carta de comprom\u00eds educatiu<\/a>.<\/p>\n<p style=\"text-align: right;\"><span style=\"font-size: 10pt; color: #808080;\"><em>Darrera actualitzaci\u00f3: 10 de juliol de 2023<\/em><\/span><\/p>\n","protected":false},"excerpt":{"rendered":"<p>Principis de l&#8217;escola:<\/p>\n<ul>\n<li>Educaci\u00f3 com a proc\u00e9s per al desenvolupament de la persona.<\/li>\n<li>Integraci\u00f3 del centre i la seva tasca educativa en el seu entorn.<\/li>\n<li>Respecte i formaci\u00f3 en el pluralisme i els valors democr\u00e0tics.<\/li>\n<li>Igualtat entre les persones i comunicaci\u00f3 com a base de la conviv\u00e8ncia.<\/li>\n<li>L\u00ednia pedag\u00f2gica comuna&hellip;  <a href=\"https:\/\/agora.xtec.cat\/ceipcassiacostal\/projecte-educatiu\/projectes\/\" title=\"Read L\u00ednea de centre: Projecte Educatiu i Normes d&#8217;Organitzaci\u00f3 i Funcionament Intern\">Llegeix m\u00e9s\u00bb<\/a><br \/>\n","protected":false},"author":1,"featured_media":0,"parent":64,"menu_order":10,"comment_status":"closed","ping_status":"closed","template":"page-templates\/side-menu.php","meta":{"_bbp_topic_count":0,"_bbp_reply_count":0,"_bbp_total_topic_count":0,"_bbp_total_reply_count":0,"_bbp_voice_count":0,"_bbp_anonymous_reply_count":0,"_bbp_topic_count_hidden":0,"_bbp_reply_count_hidden":0,"_bbp_forum_subforum_count":0,"footnotes":""},"class_list":["post-1557","page","type-page","status-publish","hentry"],"post_mailing_queue_ids":[],"_links":{"self":[{"href":"https:\/\/agora.xtec.cat\/ceipcassiacostal\/wp-json\/wp\/v2\/pages\/1557","targetHints":{"allow":["GET"]}}],"collection":[{"href":"https:\/\/agora.xtec.cat\/ceipcassiacostal\/wp-json\/wp\/v2\/pages"}],"about":[{"href":"https:\/\/agora.xtec.cat\/ceipcassiacostal\/wp-json\/wp\/v2\/types\/page"}],"author":[{"embeddable":true,"href":"https:\/\/agora.xtec.cat\/ceipcassiacostal\/wp-json\/wp\/v2\/users\/1"}],"replies":[{"embeddable":true,"href":"https:\/\/agora.xtec.cat\/ceipcassiacostal\/wp-json\/wp\/v2\/comments?post=1557"}],"version-history":[{"count":4,"href":"https:\/\/agora.xtec.cat\/ceipcassiacostal\/wp-json\/wp\/v2\/pages\/1557\/revisions"}],"predecessor-version":[{"id":30773,"href":"https:\/\/agora.xtec.cat\/ceipcassiacostal\/wp-json\/wp\/v2\/pages\/1557\/revisions\/30773"}],"up":[{"embeddable":true,"href":"https:\/\/agora.xtec.cat\/ceipcassiacostal\/wp-json\/wp\/v2\/pages\/64"}],"wp:attachment":[{"href":"https:\/\/agora.xtec.cat\/ceipcassiacostal\/wp-json\/wp\/v2\/media?parent=1557"}],"curies":[{"name":"wp","href":"https:\/\/api.w.org\/{rel}","templated":true}]}}