{"id":1773,"date":"2020-04-02T11:33:17","date_gmt":"2020-04-02T09:33:17","guid":{"rendered":"http:\/\/agora.xtec.cat\/ceipcascavell\/?page_id=1773"},"modified":"2024-02-24T11:54:39","modified_gmt":"2024-02-24T10:54:39","slug":"innovamat","status":"publish","type":"page","link":"https:\/\/agora.xtec.cat\/ceipcascavell\/projecte-educatiu\/innovamat\/","title":{"rendered":"Innovamat"},"content":{"rendered":"<p style=\"text-align: justify;\"><span style=\"font-weight: 400;\"><a href=\"https:\/\/www.innovamat.com\/\"><img loading=\"lazy\" decoding=\"async\" class=\"wp-image-1776 alignleft\" src=\"https:\/\/agora.xtec.cat\/ceipcascavell\/wp-content\/uploads\/usu963\/2020\/04\/bmath-2-1024x670.png\" alt=\"\" width=\"224\" height=\"146\" srcset=\"https:\/\/agora.xtec.cat\/ceipcascavell\/wp-content\/uploads\/usu963\/2020\/04\/bmath-2-1024x670.png 1024w, https:\/\/agora.xtec.cat\/ceipcascavell\/wp-content\/uploads\/usu963\/2020\/04\/bmath-2-300x196.png 300w, https:\/\/agora.xtec.cat\/ceipcascavell\/wp-content\/uploads\/usu963\/2020\/04\/bmath-2-768x502.png 768w, https:\/\/agora.xtec.cat\/ceipcascavell\/wp-content\/uploads\/usu963\/2020\/04\/bmath-2.png 1304w\" sizes=\"auto, (max-width: 224px) 100vw, 224px\" \/><\/a>Innovamat \u00e9s una proposta did\u00e0ctica, que forma part de la l\u00ednia d\u2019escola, per ensenyar i aprendre matem\u00e0tiques de manera significativa. A partir d&#8217;unes aventures i reptes que es plantegen, treballem de manera competencial els diferents blocs de continguts de l&#8217;\u00e0mbit matem\u00e0tic. <img loading=\"lazy\" decoding=\"async\" class=\" wp-image-1780 alignright\" src=\"https:\/\/agora.xtec.cat\/ceipcascavell\/wp-content\/uploads\/usu963\/2020\/04\/IMG_20190115_120816-min-1024x768.jpg\" alt=\"\" width=\"253\" height=\"190\" srcset=\"https:\/\/agora.xtec.cat\/ceipcascavell\/wp-content\/uploads\/usu963\/2020\/04\/IMG_20190115_120816-min-1024x768.jpg 1024w, https:\/\/agora.xtec.cat\/ceipcascavell\/wp-content\/uploads\/usu963\/2020\/04\/IMG_20190115_120816-min-300x225.jpg 300w, https:\/\/agora.xtec.cat\/ceipcascavell\/wp-content\/uploads\/usu963\/2020\/04\/IMG_20190115_120816-min-768x576.jpg 768w, https:\/\/agora.xtec.cat\/ceipcascavell\/wp-content\/uploads\/usu963\/2020\/04\/IMG_20190115_120816-min-200x150.jpg 200w\" sizes=\"auto, (max-width: 253px) 100vw, 253px\" \/>Tanmateix, amb l&#8217;ajuda de la plataforma i les nostres tauletes, podem treballar de manera digital aquests continguts a partir d&#8217;una metodologia variada i manipulativa. <\/span><\/p>\n<p style=\"text-align: justify;\"><span style=\"font-weight: 400;\">La finalitat \u00e9s que els i les alumnes raonin, conversin, manipulin, verbalitzin i facin \u00fas de les matem\u00e0tiques de forma contextualitzada i competencial. <\/span><\/p>\n<p style=\"text-align: justify;\"><span style=\"font-weight: 400;\">Acc\u00e9s directe:<\/span><\/p>\n<p><a href=\"https:\/\/app.innovamat.com\/curriculum\/home\"><img loading=\"lazy\" decoding=\"async\" class=\"size-full wp-image-3269 aligncenter\" src=\"https:\/\/agora.xtec.cat\/ceipcascavell\/wp-content\/uploads\/usu963\/2024\/02\/innovamat-logo.png\" alt=\"\" width=\"273\" height=\"185\" \/><\/a><\/p>\n","protected":false},"excerpt":{"rendered":"<p>Innovamat \u00e9s una proposta did\u00e0ctica, que forma part de la l\u00ednia d\u2019escola, per ensenyar i aprendre matem\u00e0tiques de manera significativa. A partir d&#8217;unes aventures i reptes que es plantegen, treballem de manera competencial els diferents blocs de continguts de l&#8217;\u00e0mbit matem\u00e0tic. Tanmateix, amb l&#8217;ajuda de la plataforma i les nostres tauletes, podem treballar de manera [&hellip;]<\/p>\n","protected":false},"author":1,"featured_media":0,"parent":64,"menu_order":5,"comment_status":"closed","ping_status":"closed","template":"page-templates\/side-menu.php","meta":{"_bbp_topic_count":0,"_bbp_reply_count":0,"_bbp_total_topic_count":0,"_bbp_total_reply_count":0,"_bbp_voice_count":0,"_bbp_anonymous_reply_count":0,"_bbp_topic_count_hidden":0,"_bbp_reply_count_hidden":0,"_bbp_forum_subforum_count":0,"site-sidebar-layout":"default","site-content-layout":"","ast-site-content-layout":"","site-content-style":"default","site-sidebar-style":"default","ast-global-header-display":"","ast-banner-title-visibility":"","ast-main-header-display":"","ast-hfb-above-header-display":"","ast-hfb-below-header-display":"","ast-hfb-mobile-header-display":"","site-post-title":"","ast-breadcrumbs-content":"","ast-featured-img":"","footer-sml-layout":"","theme-transparent-header-meta":"","adv-header-id-meta":"","stick-header-meta":"","header-above-stick-meta":"","header-main-stick-meta":"","header-below-stick-meta":"","astra-migrate-meta-layouts":"default","ast-page-background-enabled":"default","ast-page-background-meta":{"desktop":{"background-color":"var(--ast-global-color-4)","background-image":"","background-repeat":"repeat","background-position":"center center","background-size":"auto","background-attachment":"scroll","background-type":"","background-media":"","overlay-type":"","overlay-color":"","overlay-opacity":"","overlay-gradient":""},"tablet":{"background-color":"","background-image":"","background-repeat":"repeat","background-position":"center center","background-size":"auto","background-attachment":"scroll","background-type":"","background-media":"","overlay-type":"","overlay-color":"","overlay-opacity":"","overlay-gradient":""},"mobile":{"background-color":"","background-image":"","background-repeat":"repeat","background-position":"center center","background-size":"auto","background-attachment":"scroll","background-type":"","background-media":"","overlay-type":"","overlay-color":"","overlay-opacity":"","overlay-gradient":""}},"ast-content-background-meta":{"desktop":{"background-color":"var(--ast-global-color-5)","background-image":"","background-repeat":"repeat","background-position":"center center","background-size":"auto","background-attachment":"scroll","background-type":"","background-media":"","overlay-type":"","overlay-color":"","overlay-opacity":"","overlay-gradient":""},"tablet":{"background-color":"var(--ast-global-color-5)","background-image":"","background-repeat":"repeat","background-position":"center center","background-size":"auto","background-attachment":"scroll","background-type":"","background-media":"","overlay-type":"","overlay-color":"","overlay-opacity":"","overlay-gradient":""},"mobile":{"background-color":"var(--ast-global-color-5)","background-image":"","background-repeat":"repeat","background-position":"center center","background-size":"auto","background-attachment":"scroll","background-type":"","background-media":"","overlay-type":"","overlay-color":"","overlay-opacity":"","overlay-gradient":""}},"footnotes":""},"class_list":["post-1773","page","type-page","status-publish","hentry"],"post_mailing_queue_ids":[],"_links":{"self":[{"href":"https:\/\/agora.xtec.cat\/ceipcascavell\/wp-json\/wp\/v2\/pages\/1773","targetHints":{"allow":["GET"]}}],"collection":[{"href":"https:\/\/agora.xtec.cat\/ceipcascavell\/wp-json\/wp\/v2\/pages"}],"about":[{"href":"https:\/\/agora.xtec.cat\/ceipcascavell\/wp-json\/wp\/v2\/types\/page"}],"author":[{"embeddable":true,"href":"https:\/\/agora.xtec.cat\/ceipcascavell\/wp-json\/wp\/v2\/users\/1"}],"replies":[{"embeddable":true,"href":"https:\/\/agora.xtec.cat\/ceipcascavell\/wp-json\/wp\/v2\/comments?post=1773"}],"version-history":[{"count":7,"href":"https:\/\/agora.xtec.cat\/ceipcascavell\/wp-json\/wp\/v2\/pages\/1773\/revisions"}],"predecessor-version":[{"id":3271,"href":"https:\/\/agora.xtec.cat\/ceipcascavell\/wp-json\/wp\/v2\/pages\/1773\/revisions\/3271"}],"up":[{"embeddable":true,"href":"https:\/\/agora.xtec.cat\/ceipcascavell\/wp-json\/wp\/v2\/pages\/64"}],"wp:attachment":[{"href":"https:\/\/agora.xtec.cat\/ceipcascavell\/wp-json\/wp\/v2\/media?parent=1773"}],"curies":[{"name":"wp","href":"https:\/\/api.w.org\/{rel}","templated":true}]}}