{"id":1705,"date":"2020-03-25T09:51:55","date_gmt":"2020-03-25T08:51:55","guid":{"rendered":"http:\/\/agora.xtec.cat\/ceipcascavell\/?page_id=1705"},"modified":"2020-04-01T18:22:43","modified_gmt":"2020-04-01T16:22:43","slug":"educacio-fisica","status":"publish","type":"page","link":"https:\/\/agora.xtec.cat\/ceipcascavell\/especialitats\/educacio-fisica\/","title":{"rendered":"Educaci\u00f3 F\u00edsica"},"content":{"rendered":"<p><span style=\"font-weight: 400;\"><img loading=\"lazy\" decoding=\"async\" class=\" wp-image-1766 alignleft\" src=\"https:\/\/agora.xtec.cat\/ceipcascavell\/wp-content\/uploads\/usu963\/2020\/04\/Paraules-educaci\u00f3-f\u00edsica-1024x416.png\" alt=\"\" width=\"424\" height=\"172\" srcset=\"https:\/\/agora.xtec.cat\/ceipcascavell\/wp-content\/uploads\/usu963\/2020\/04\/Paraules-educaci\u00f3-f\u00edsica-1024x416.png 1024w, https:\/\/agora.xtec.cat\/ceipcascavell\/wp-content\/uploads\/usu963\/2020\/04\/Paraules-educaci\u00f3-f\u00edsica-300x122.png 300w, https:\/\/agora.xtec.cat\/ceipcascavell\/wp-content\/uploads\/usu963\/2020\/04\/Paraules-educaci\u00f3-f\u00edsica-768x312.png 768w, https:\/\/agora.xtec.cat\/ceipcascavell\/wp-content\/uploads\/usu963\/2020\/04\/Paraules-educaci\u00f3-f\u00edsica.png 1661w\" sizes=\"auto, (max-width: 424px) 100vw, 424px\" \/><\/span><\/p>\n<p style=\"text-align: justify;\"><span style=\"font-weight: 400;\">L\u2019educaci\u00f3 f\u00edsica \u00e9s fonamental per al <\/span><b>desenvolupament integral<\/b><span style=\"font-weight: 400;\"> de les persones posant l\u2019accent en la import\u00e0ncia d\u2019<\/span><b>EDUCAR<\/b><span style=\"font-weight: 400;\"> mitjan\u00e7ant el cos i el moviment.<\/span><\/p>\n<p style=\"text-align: justify;\"><span style=\"font-weight: 400;\">L\u2019etapa escolar \u00e9s el moment m\u00e9s propici perqu\u00e8 els nostres alumnes entenguin la import\u00e0ncia i les repercussions que tindr\u00e0 l\u2019activitat f\u00edsica en la seva salut la resta de les seves vides.\u00a0<\/span><\/p>\n<p style=\"text-align: justify;\"><span style=\"font-weight: 400;\">A trav\u00e9s d\u2019aquesta \u00e0rea, busquem que els alumnes, expressin la seva <\/span><b>espontane\u00efta<\/b><span style=\"font-weight: 400;\"><strong>t<\/strong>, fomentin la seva <\/span><b>creativitat<\/b><span style=\"font-weight: 400;\"> i sobretot es formin <\/span><b>vincles<\/b><span style=\"font-weight: 400;\"> de coneixen\u00e7a i respecte per tal que es valorin entre ells\/es i a si mateixos. Tot aix\u00f2, per tal que potenci\u00efn les habilitats motores, cognitives i afectives essencials al seu dia a dia.<\/span><\/p>\n<p style=\"text-align: justify;\"><span style=\"font-weight: 400;\">L\u2019educaci\u00f3 f\u00edsica ens ajuda a cr\u00e9ixer valorant i posant en pr\u00e0ctica el <\/span><b>treball en equip,<\/b><span style=\"font-weight: 400;\"> i ens permet assolir objectius en com\u00fa mitjan\u00e7ant jocs i reptes que els hi proposem a trav\u00e9s de les diferents sessions.<\/span><\/p>\n<p style=\"text-align: justify;\"><span style=\"font-weight: 400;\">No sabem si els nostres alumnes seran esportistes d\u2019elit, ni tan sols si l\u2019esport ser\u00e0 el seu mitj\u00e0 de vida. Per\u00f2 si tenim la ferma creen\u00e7a que l\u2019esport donar\u00e0 una major qualitat a les seves vides, millorant la seva salut aix\u00ed com aportant-li valors tant importants per la vida com la capacitat de sacrifici, el treball en equip o la motivaci\u00f3 i const\u00e0ncia\u00a0 per assolir els objectius que es plantegin a la vida.<\/span><\/p>\n<p style=\"text-align: justify;\"><span style=\"font-weight: 400;\">Treballem durant tota l&#8217;etapa, per conscienciar el nostre alumnat de la problem\u00e0tica existent en relaci\u00f3 a l\u2019alt \u00edndex\u00a0 d\u2019obesitat infantil i el sedentarisme que, cada vegada m\u00e9s, s&#8217;est\u00e0 instal\u00b7lant a la nostra societat. I ho fem a trav\u00e9s de les diferents activitats que realitzem des de l&#8217;\u00e0rea:<\/span><\/p>\n<ul style=\"text-align: justify;\">\n<li style=\"font-weight: 400;\"><span style=\"font-weight: 400;\">2 hores a la setmana d\u2019educaci\u00f3 f\u00edsica<\/span><\/li>\n<li style=\"font-weight: 400;\"><span style=\"font-weight: 400;\">2 hores a la setmana de piscina (repartides semestrals de 1r i 2n fins a 3r i 4t)<\/span><\/li>\n<li style=\"font-weight: 400;\"><span style=\"font-weight: 400;\">Diversitat en sortides (esportives, senderisme a la natura, curses de barri, roc\u00f2drom&#8230;)\u00a0<\/span><\/li>\n<li style=\"font-weight: 400;\"><span style=\"font-weight: 400;\">H\u00e0bits d\u2019alimentaci\u00f3 saludable (pla de fruita, pla de llet&#8230;)<\/span><\/li>\n<\/ul>\n<p style=\"text-align: justify;\"><span style=\"font-weight: 400;\">Aix\u00ed doncs des de la web compartirem les diferents activitats i propostes que es duen a terme a l\u2019escola per tal de prendre consci\u00e8ncia de la import\u00e0ncia de practicar exercici f\u00edsic a les etapes d\u2019educaci\u00f3 d\u2019infantil i prim\u00e0ria.<\/span><\/p>\n","protected":false},"excerpt":{"rendered":"<p>L\u2019educaci\u00f3 f\u00edsica \u00e9s fonamental per al desenvolupament integral de les persones posant l\u2019accent en la import\u00e0ncia d\u2019EDUCAR mitjan\u00e7ant el cos i el moviment. L\u2019etapa escolar \u00e9s el moment m\u00e9s propici perqu\u00e8 els nostres alumnes entenguin la import\u00e0ncia i les repercussions que tindr\u00e0 l\u2019activitat f\u00edsica en la seva salut la resta de les seves vides.\u00a0 A [&hellip;]<\/p>\n","protected":false},"author":1,"featured_media":0,"parent":1207,"menu_order":3,"comment_status":"closed","ping_status":"closed","template":"page-templates\/side-menu.php","meta":{"_bbp_topic_count":0,"_bbp_reply_count":0,"_bbp_total_topic_count":0,"_bbp_total_reply_count":0,"_bbp_voice_count":0,"_bbp_anonymous_reply_count":0,"_bbp_topic_count_hidden":0,"_bbp_reply_count_hidden":0,"_bbp_forum_subforum_count":0,"site-sidebar-layout":"default","site-content-layout":"","ast-site-content-layout":"","site-content-style":"default","site-sidebar-style":"default","ast-global-header-display":"","ast-banner-title-visibility":"","ast-main-header-display":"","ast-hfb-above-header-display":"","ast-hfb-below-header-display":"","ast-hfb-mobile-header-display":"","site-post-title":"","ast-breadcrumbs-content":"","ast-featured-img":"","footer-sml-layout":"","theme-transparent-header-meta":"","adv-header-id-meta":"","stick-header-meta":"","header-above-stick-meta":"","header-main-stick-meta":"","header-below-stick-meta":"","astra-migrate-meta-layouts":"default","ast-page-background-enabled":"default","ast-page-background-meta":{"desktop":{"background-color":"var(--ast-global-color-4)","background-image":"","background-repeat":"repeat","background-position":"center center","background-size":"auto","background-attachment":"scroll","background-type":"","background-media":"","overlay-type":"","overlay-color":"","overlay-opacity":"","overlay-gradient":""},"tablet":{"background-color":"","background-image":"","background-repeat":"repeat","background-position":"center center","background-size":"auto","background-attachment":"scroll","background-type":"","background-media":"","overlay-type":"","overlay-color":"","overlay-opacity":"","overlay-gradient":""},"mobile":{"background-color":"","background-image":"","background-repeat":"repeat","background-position":"center center","background-size":"auto","background-attachment":"scroll","background-type":"","background-media":"","overlay-type":"","overlay-color":"","overlay-opacity":"","overlay-gradient":""}},"ast-content-background-meta":{"desktop":{"background-color":"var(--ast-global-color-5)","background-image":"","background-repeat":"repeat","background-position":"center center","background-size":"auto","background-attachment":"scroll","background-type":"","background-media":"","overlay-type":"","overlay-color":"","overlay-opacity":"","overlay-gradient":""},"tablet":{"background-color":"var(--ast-global-color-5)","background-image":"","background-repeat":"repeat","background-position":"center center","background-size":"auto","background-attachment":"scroll","background-type":"","background-media":"","overlay-type":"","overlay-color":"","overlay-opacity":"","overlay-gradient":""},"mobile":{"background-color":"var(--ast-global-color-5)","background-image":"","background-repeat":"repeat","background-position":"center center","background-size":"auto","background-attachment":"scroll","background-type":"","background-media":"","overlay-type":"","overlay-color":"","overlay-opacity":"","overlay-gradient":""}},"footnotes":""},"class_list":["post-1705","page","type-page","status-publish","hentry"],"post_mailing_queue_ids":[],"_links":{"self":[{"href":"https:\/\/agora.xtec.cat\/ceipcascavell\/wp-json\/wp\/v2\/pages\/1705","targetHints":{"allow":["GET"]}}],"collection":[{"href":"https:\/\/agora.xtec.cat\/ceipcascavell\/wp-json\/wp\/v2\/pages"}],"about":[{"href":"https:\/\/agora.xtec.cat\/ceipcascavell\/wp-json\/wp\/v2\/types\/page"}],"author":[{"embeddable":true,"href":"https:\/\/agora.xtec.cat\/ceipcascavell\/wp-json\/wp\/v2\/users\/1"}],"replies":[{"embeddable":true,"href":"https:\/\/agora.xtec.cat\/ceipcascavell\/wp-json\/wp\/v2\/comments?post=1705"}],"version-history":[{"count":3,"href":"https:\/\/agora.xtec.cat\/ceipcascavell\/wp-json\/wp\/v2\/pages\/1705\/revisions"}],"predecessor-version":[{"id":1768,"href":"https:\/\/agora.xtec.cat\/ceipcascavell\/wp-json\/wp\/v2\/pages\/1705\/revisions\/1768"}],"up":[{"embeddable":true,"href":"https:\/\/agora.xtec.cat\/ceipcascavell\/wp-json\/wp\/v2\/pages\/1207"}],"wp:attachment":[{"href":"https:\/\/agora.xtec.cat\/ceipcascavell\/wp-json\/wp\/v2\/media?parent=1705"}],"curies":[{"name":"wp","href":"https:\/\/api.w.org\/{rel}","templated":true}]}}