{"id":1578,"date":"2020-03-18T17:52:28","date_gmt":"2020-03-18T16:52:28","guid":{"rendered":"http:\/\/agora.xtec.cat\/ceipcascavell\/?page_id=1578"},"modified":"2024-02-11T11:10:24","modified_gmt":"2024-02-11T10:10:24","slug":"assemblees","status":"publish","type":"page","link":"https:\/\/agora.xtec.cat\/ceipcascavell\/comunitats-daprenentatge\/assemblees\/","title":{"rendered":"Assemblees"},"content":{"rendered":"<p style=\"text-align: justify;\"><span style=\"font-weight: 400;\">Per garantir l&#8217;\u00e8xit educatiu de tots els alumnes, es promou que les fam\u00edlies i la comunitat s&#8217;involucrin directament en els processos i espais d&#8217;aprenentatge de l&#8217;escola, inclusivament a l&#8217;aula. Els familiars i la comunitat participen tamb\u00e9 en aquelles decisions que es refereixen a la educaci\u00f3 dels seus fills.<\/span><\/p>\n<p style=\"text-align: justify;\"><span style=\"font-weight: 400;\">Aix\u00f2 es concreta, fonamentalment, de dues maneres:<\/span><\/p>\n<ul style=\"text-align: justify;\">\n<li><span style=\"font-weight: 400;\"> A trav\u00e9s de la participaci\u00f3 directa en les Accions Educatives d&#8217;\u00c8xit ja descrites (Grups Interactius, Tert\u00falies, Biblioteques Tutoritzades, Formaci\u00f3, etc.), aix\u00ed com en la d&#8217;altres formes d&#8217;extensi\u00f3 del temps d&#8217;aprenentatge, especialment promovent m\u00e9s temps de lectura dial\u00f2gica i d&#8217;escriptura, en m\u00e9s espais.<\/span><\/li>\n<li><span style=\"font-weight: 400;\"> A trav\u00e9s de la participaci\u00f3 en la gesti\u00f3 i en l&#8217;organitzaci\u00f3 de centre educatiu per mitj\u00e0 <\/span>de les comissions mixtes de treball.<\/li>\n<\/ul>\n<p style=\"text-align: justify;\"><span style=\"font-weight: 400;\">En una Comunitat d&#8217;Aprenentatge la gesti\u00f3 de l&#8217;escola \u00e9s desenvolupada per una comissi\u00f3 gestora i diverses comissions mixtes. La comissi\u00f3 gestora est\u00e0 integrada per l&#8217;equip directiu i representants de cadascuna de les comissions mixtes de treball. Aquestes comissions (formades per professors, familiars, voluntaris i alumnes) s\u00f3n les encarregades de dur a terme les transformacions decidides per l&#8217;escola en la fase de somni.\u00a0<\/span><\/p>\n<p style=\"text-align: justify;\"><span style=\"font-weight: 400;\">Aprovades pel consell escolar, les comissions tenen autonomia per planificar, implementar i avaluar totes aquelles prioritats decidides de manera consensuada. Alguns exemples de comissions mixtes s\u00f3n: biblioteca, formaci\u00f3, voluntariat, conviv\u00e8ncia, infraestructura, etc.<\/span><\/p>\n<p><a href=\"https:\/\/drive.google.com\/file\/d\/1MXvIorJ_k7RFQg7b3O0O9tkrtVs0YQG5\/view?usp=sharing\"><img loading=\"lazy\" decoding=\"async\" class=\"aligncenter size-full wp-image-2137\" src=\"https:\/\/agora.xtec.cat\/ceipcascavell\/wp-content\/uploads\/usu963\/2020\/11\/Captura-de-pantalla-2020-11-29-a-las-19.47.39.png\" alt=\"\" width=\"1532\" height=\"534\" srcset=\"https:\/\/agora.xtec.cat\/ceipcascavell\/wp-content\/uploads\/usu963\/2020\/11\/Captura-de-pantalla-2020-11-29-a-las-19.47.39.png 1532w, https:\/\/agora.xtec.cat\/ceipcascavell\/wp-content\/uploads\/usu963\/2020\/11\/Captura-de-pantalla-2020-11-29-a-las-19.47.39-300x105.png 300w, https:\/\/agora.xtec.cat\/ceipcascavell\/wp-content\/uploads\/usu963\/2020\/11\/Captura-de-pantalla-2020-11-29-a-las-19.47.39-768x268.png 768w, https:\/\/agora.xtec.cat\/ceipcascavell\/wp-content\/uploads\/usu963\/2020\/11\/Captura-de-pantalla-2020-11-29-a-las-19.47.39-1024x357.png 1024w\" sizes=\"auto, (max-width: 1532px) 100vw, 1532px\" \/><\/a><\/p>\n","protected":false},"excerpt":{"rendered":"<p>Per garantir l&#8217;\u00e8xit educatiu de tots els alumnes, es promou que les fam\u00edlies i la comunitat s&#8217;involucrin directament en els processos i espais d&#8217;aprenentatge de l&#8217;escola, inclusivament a l&#8217;aula. Els familiars i la comunitat participen tamb\u00e9 en aquelles decisions que es refereixen a la educaci\u00f3 dels seus fills. Aix\u00f2 es concreta, fonamentalment, de dues maneres: [&hellip;]<\/p>\n","protected":false},"author":1,"featured_media":0,"parent":1391,"menu_order":1,"comment_status":"closed","ping_status":"closed","template":"page-templates\/side-menu.php","meta":{"_bbp_topic_count":0,"_bbp_reply_count":0,"_bbp_total_topic_count":0,"_bbp_total_reply_count":0,"_bbp_voice_count":0,"_bbp_anonymous_reply_count":0,"_bbp_topic_count_hidden":0,"_bbp_reply_count_hidden":0,"_bbp_forum_subforum_count":0,"site-sidebar-layout":"default","site-content-layout":"","ast-site-content-layout":"","site-content-style":"default","site-sidebar-style":"default","ast-global-header-display":"","ast-banner-title-visibility":"","ast-main-header-display":"","ast-hfb-above-header-display":"","ast-hfb-below-header-display":"","ast-hfb-mobile-header-display":"","site-post-title":"","ast-breadcrumbs-content":"","ast-featured-img":"","footer-sml-layout":"","theme-transparent-header-meta":"","adv-header-id-meta":"","stick-header-meta":"","header-above-stick-meta":"","header-main-stick-meta":"","header-below-stick-meta":"","astra-migrate-meta-layouts":"default","ast-page-background-enabled":"default","ast-page-background-meta":{"desktop":{"background-color":"var(--ast-global-color-4)","background-image":"","background-repeat":"repeat","background-position":"center center","background-size":"auto","background-attachment":"scroll","background-type":"","background-media":"","overlay-type":"","overlay-color":"","overlay-opacity":"","overlay-gradient":""},"tablet":{"background-color":"","background-image":"","background-repeat":"repeat","background-position":"center center","background-size":"auto","background-attachment":"scroll","background-type":"","background-media":"","overlay-type":"","overlay-color":"","overlay-opacity":"","overlay-gradient":""},"mobile":{"background-color":"","background-image":"","background-repeat":"repeat","background-position":"center center","background-size":"auto","background-attachment":"scroll","background-type":"","background-media":"","overlay-type":"","overlay-color":"","overlay-opacity":"","overlay-gradient":""}},"ast-content-background-meta":{"desktop":{"background-color":"var(--ast-global-color-5)","background-image":"","background-repeat":"repeat","background-position":"center center","background-size":"auto","background-attachment":"scroll","background-type":"","background-media":"","overlay-type":"","overlay-color":"","overlay-opacity":"","overlay-gradient":""},"tablet":{"background-color":"var(--ast-global-color-5)","background-image":"","background-repeat":"repeat","background-position":"center center","background-size":"auto","background-attachment":"scroll","background-type":"","background-media":"","overlay-type":"","overlay-color":"","overlay-opacity":"","overlay-gradient":""},"mobile":{"background-color":"var(--ast-global-color-5)","background-image":"","background-repeat":"repeat","background-position":"center center","background-size":"auto","background-attachment":"scroll","background-type":"","background-media":"","overlay-type":"","overlay-color":"","overlay-opacity":"","overlay-gradient":""}},"footnotes":""},"class_list":["post-1578","page","type-page","status-publish","hentry"],"post_mailing_queue_ids":[],"_links":{"self":[{"href":"https:\/\/agora.xtec.cat\/ceipcascavell\/wp-json\/wp\/v2\/pages\/1578","targetHints":{"allow":["GET"]}}],"collection":[{"href":"https:\/\/agora.xtec.cat\/ceipcascavell\/wp-json\/wp\/v2\/pages"}],"about":[{"href":"https:\/\/agora.xtec.cat\/ceipcascavell\/wp-json\/wp\/v2\/types\/page"}],"author":[{"embeddable":true,"href":"https:\/\/agora.xtec.cat\/ceipcascavell\/wp-json\/wp\/v2\/users\/1"}],"replies":[{"embeddable":true,"href":"https:\/\/agora.xtec.cat\/ceipcascavell\/wp-json\/wp\/v2\/comments?post=1578"}],"version-history":[{"count":4,"href":"https:\/\/agora.xtec.cat\/ceipcascavell\/wp-json\/wp\/v2\/pages\/1578\/revisions"}],"predecessor-version":[{"id":3137,"href":"https:\/\/agora.xtec.cat\/ceipcascavell\/wp-json\/wp\/v2\/pages\/1578\/revisions\/3137"}],"up":[{"embeddable":true,"href":"https:\/\/agora.xtec.cat\/ceipcascavell\/wp-json\/wp\/v2\/pages\/1391"}],"wp:attachment":[{"href":"https:\/\/agora.xtec.cat\/ceipcascavell\/wp-json\/wp\/v2\/media?parent=1578"}],"curies":[{"name":"wp","href":"https:\/\/api.w.org\/{rel}","templated":true}]}}