{"id":1576,"date":"2020-03-18T17:51:13","date_gmt":"2020-03-18T16:51:13","guid":{"rendered":"http:\/\/agora.xtec.cat\/ceipcascavell\/?page_id=1576"},"modified":"2025-05-19T14:37:41","modified_gmt":"2025-05-19T12:37:41","slug":"model-dialogic-de-resolucio-de-conflictes","status":"publish","type":"page","link":"https:\/\/agora.xtec.cat\/ceipcascavell\/comunitats-daprenentatge\/model-dialogic-de-resolucio-de-conflictes\/","title":{"rendered":"Model dial\u00f2gic de resoluci\u00f3 de conflictes"},"content":{"rendered":"<p style=\"text-align: justify;\"><span style=\"font-weight: 400;\">El di\u00e0leg igualitari i la participaci\u00f3 solid\u00e0ria de tots en la recerca de consensos s\u00f3n la base fonamental d&#8217;aquest model.<\/span><\/p>\n<p style=\"text-align: justify;\"><span style=\"font-weight: 400;\">\u00c9s un model preventiu, perqu\u00e8 involucra a tota la comunitat en l&#8217;establiment d&#8217;una pauta de conviv\u00e8ncia. A trav\u00e9s d&#8217;un di\u00e0leg igualitari, es construeixen de manera conjunta i consensuada les normes de l\u2019escola que tothom ha de respectar i aquells procediments que seran adoptats en el cas que aquestes normes siguin transgredides. D&#8217;aquesta manera, s&#8217;arriba a un acord sobre un marc de conviv\u00e8ncia que \u00e9s acceptat i leg\u00edtim per a tothom.<\/span><\/p>\n<p style=\"text-align: justify;\"><span style=\"font-weight: 400;\">El model promou assemblees i m\u00e9s espais de di\u00e0leg en qu\u00e8 tots participen i en els que tots els arguments s\u00f3n escoltats en la mateixa mesura. Tota la comunitat escolar es compromet amb l&#8217;establiment d&#8217;una bona conviv\u00e8ncia.<\/span><\/p>\n<p><img loading=\"lazy\" decoding=\"async\" class=\"aligncenter  wp-image-3656\" src=\"https:\/\/agora.xtec.cat\/ceipcascavell\/wp-content\/uploads\/usu963\/2025\/05\/Imatge-de-WhatsApp-2025-05-19-a-les-14.35.43_b00f0123-300x225.jpg\" alt=\"\" width=\"396\" height=\"297\" srcset=\"https:\/\/agora.xtec.cat\/ceipcascavell\/wp-content\/uploads\/usu963\/2025\/05\/Imatge-de-WhatsApp-2025-05-19-a-les-14.35.43_b00f0123-300x225.jpg 300w, https:\/\/agora.xtec.cat\/ceipcascavell\/wp-content\/uploads\/usu963\/2025\/05\/Imatge-de-WhatsApp-2025-05-19-a-les-14.35.43_b00f0123-1024x768.jpg 1024w, https:\/\/agora.xtec.cat\/ceipcascavell\/wp-content\/uploads\/usu963\/2025\/05\/Imatge-de-WhatsApp-2025-05-19-a-les-14.35.43_b00f0123-768x576.jpg 768w, https:\/\/agora.xtec.cat\/ceipcascavell\/wp-content\/uploads\/usu963\/2025\/05\/Imatge-de-WhatsApp-2025-05-19-a-les-14.35.43_b00f0123-1536x1152.jpg 1536w, https:\/\/agora.xtec.cat\/ceipcascavell\/wp-content\/uploads\/usu963\/2025\/05\/Imatge-de-WhatsApp-2025-05-19-a-les-14.35.43_b00f0123-200x150.jpg 200w, https:\/\/agora.xtec.cat\/ceipcascavell\/wp-content\/uploads\/usu963\/2025\/05\/Imatge-de-WhatsApp-2025-05-19-a-les-14.35.43_b00f0123.jpg 1600w\" sizes=\"auto, (max-width: 396px) 100vw, 396px\" \/><\/p>\n<p>&nbsp;<\/p>\n","protected":false},"excerpt":{"rendered":"<p>El di\u00e0leg igualitari i la participaci\u00f3 solid\u00e0ria de tots en la recerca de consensos s\u00f3n la base fonamental d&#8217;aquest model. \u00c9s un model preventiu, perqu\u00e8 involucra a tota la comunitat en l&#8217;establiment d&#8217;una pauta de conviv\u00e8ncia. A trav\u00e9s d&#8217;un di\u00e0leg igualitari, es construeixen de manera conjunta i consensuada les normes de l\u2019escola que tothom ha [&hellip;]<\/p>\n","protected":false},"author":1,"featured_media":0,"parent":1391,"menu_order":5,"comment_status":"closed","ping_status":"closed","template":"page-templates\/side-menu.php","meta":{"_bbp_topic_count":0,"_bbp_reply_count":0,"_bbp_total_topic_count":0,"_bbp_total_reply_count":0,"_bbp_voice_count":0,"_bbp_anonymous_reply_count":0,"_bbp_topic_count_hidden":0,"_bbp_reply_count_hidden":0,"_bbp_forum_subforum_count":0,"site-sidebar-layout":"default","site-content-layout":"","ast-site-content-layout":"","site-content-style":"default","site-sidebar-style":"default","ast-global-header-display":"","ast-banner-title-visibility":"","ast-main-header-display":"","ast-hfb-above-header-display":"","ast-hfb-below-header-display":"","ast-hfb-mobile-header-display":"","site-post-title":"","ast-breadcrumbs-content":"","ast-featured-img":"","footer-sml-layout":"","theme-transparent-header-meta":"","adv-header-id-meta":"","stick-header-meta":"","header-above-stick-meta":"","header-main-stick-meta":"","header-below-stick-meta":"","astra-migrate-meta-layouts":"default","ast-page-background-enabled":"default","ast-page-background-meta":{"desktop":{"background-color":"var(--ast-global-color-4)","background-image":"","background-repeat":"repeat","background-position":"center center","background-size":"auto","background-attachment":"scroll","background-type":"","background-media":"","overlay-type":"","overlay-color":"","overlay-opacity":"","overlay-gradient":""},"tablet":{"background-color":"","background-image":"","background-repeat":"repeat","background-position":"center center","background-size":"auto","background-attachment":"scroll","background-type":"","background-media":"","overlay-type":"","overlay-color":"","overlay-opacity":"","overlay-gradient":""},"mobile":{"background-color":"","background-image":"","background-repeat":"repeat","background-position":"center center","background-size":"auto","background-attachment":"scroll","background-type":"","background-media":"","overlay-type":"","overlay-color":"","overlay-opacity":"","overlay-gradient":""}},"ast-content-background-meta":{"desktop":{"background-color":"var(--ast-global-color-5)","background-image":"","background-repeat":"repeat","background-position":"center center","background-size":"auto","background-attachment":"scroll","background-type":"","background-media":"","overlay-type":"","overlay-color":"","overlay-opacity":"","overlay-gradient":""},"tablet":{"background-color":"var(--ast-global-color-5)","background-image":"","background-repeat":"repeat","background-position":"center center","background-size":"auto","background-attachment":"scroll","background-type":"","background-media":"","overlay-type":"","overlay-color":"","overlay-opacity":"","overlay-gradient":""},"mobile":{"background-color":"var(--ast-global-color-5)","background-image":"","background-repeat":"repeat","background-position":"center center","background-size":"auto","background-attachment":"scroll","background-type":"","background-media":"","overlay-type":"","overlay-color":"","overlay-opacity":"","overlay-gradient":""}},"footnotes":""},"class_list":["post-1576","page","type-page","status-publish","hentry"],"post_mailing_queue_ids":[],"_links":{"self":[{"href":"https:\/\/agora.xtec.cat\/ceipcascavell\/wp-json\/wp\/v2\/pages\/1576","targetHints":{"allow":["GET"]}}],"collection":[{"href":"https:\/\/agora.xtec.cat\/ceipcascavell\/wp-json\/wp\/v2\/pages"}],"about":[{"href":"https:\/\/agora.xtec.cat\/ceipcascavell\/wp-json\/wp\/v2\/types\/page"}],"author":[{"embeddable":true,"href":"https:\/\/agora.xtec.cat\/ceipcascavell\/wp-json\/wp\/v2\/users\/1"}],"replies":[{"embeddable":true,"href":"https:\/\/agora.xtec.cat\/ceipcascavell\/wp-json\/wp\/v2\/comments?post=1576"}],"version-history":[{"count":5,"href":"https:\/\/agora.xtec.cat\/ceipcascavell\/wp-json\/wp\/v2\/pages\/1576\/revisions"}],"predecessor-version":[{"id":3657,"href":"https:\/\/agora.xtec.cat\/ceipcascavell\/wp-json\/wp\/v2\/pages\/1576\/revisions\/3657"}],"up":[{"embeddable":true,"href":"https:\/\/agora.xtec.cat\/ceipcascavell\/wp-json\/wp\/v2\/pages\/1391"}],"wp:attachment":[{"href":"https:\/\/agora.xtec.cat\/ceipcascavell\/wp-json\/wp\/v2\/media?parent=1576"}],"curies":[{"name":"wp","href":"https:\/\/api.w.org\/{rel}","templated":true}]}}