{"id":1574,"date":"2020-03-18T17:49:35","date_gmt":"2020-03-18T16:49:35","guid":{"rendered":"http:\/\/agora.xtec.cat\/ceipcascavell\/?page_id=1574"},"modified":"2024-02-18T10:34:06","modified_gmt":"2024-02-18T09:34:06","slug":"tertulies-literaries-dialogiques","status":"publish","type":"page","link":"https:\/\/agora.xtec.cat\/ceipcascavell\/comunitats-daprenentatge\/tertulies-literaries-dialogiques\/","title":{"rendered":"Tert\u00falies liter\u00e0ries dial\u00f2giques"},"content":{"rendered":"<p style=\"text-align: justify;\"><span style=\"font-weight: 400;\">Es tracta de la construcci\u00f3 col\u00b7lectiva de significat i coneixement a trav\u00e9s del di\u00e0leg sobre les millors creacions de la humanitat en disciplines com la literatura, l\u2019art o la m\u00fasica. Amb les Tert\u00falies Dial\u00f2giques, es pret\u00e9n l&#8217;aproximaci\u00f3 directa dels alumnes, sense distinci\u00f3 d&#8217;edat, g\u00e8nere, cultura o capacitat, a la cultura cl\u00e0ssica universal i al coneixement cient\u00edfic acumulat per la humanitat al llarg de el temps. <a href=\"https:\/\/agora.xtec.cat\/ceipcascavell\/wp-content\/uploads\/usu963\/2024\/02\/Tertulia-5e-scaled.jpg\"><img loading=\"lazy\" decoding=\"async\" class=\"size-medium wp-image-3206 alignright\" src=\"https:\/\/agora.xtec.cat\/ceipcascavell\/wp-content\/uploads\/usu963\/2024\/02\/Tertulia-5e-300x225.jpg\" alt=\"\" width=\"300\" height=\"225\" srcset=\"https:\/\/agora.xtec.cat\/ceipcascavell\/wp-content\/uploads\/usu963\/2024\/02\/Tertulia-5e-300x225.jpg 300w, https:\/\/agora.xtec.cat\/ceipcascavell\/wp-content\/uploads\/usu963\/2024\/02\/Tertulia-5e-1024x768.jpg 1024w, https:\/\/agora.xtec.cat\/ceipcascavell\/wp-content\/uploads\/usu963\/2024\/02\/Tertulia-5e-768x576.jpg 768w, https:\/\/agora.xtec.cat\/ceipcascavell\/wp-content\/uploads\/usu963\/2024\/02\/Tertulia-5e-1536x1152.jpg 1536w, https:\/\/agora.xtec.cat\/ceipcascavell\/wp-content\/uploads\/usu963\/2024\/02\/Tertulia-5e-2048x1536.jpg 2048w, https:\/\/agora.xtec.cat\/ceipcascavell\/wp-content\/uploads\/usu963\/2024\/02\/Tertulia-5e-200x150.jpg 200w\" sizes=\"auto, (max-width: 300px) 100vw, 300px\" \/><\/a><\/span><\/p>\n<p style=\"text-align: justify;\"><span style=\"font-weight: 400;\">La Tert\u00falia es desenvolupa compartint, mitjan\u00e7ant un rigor\u00f3s respecte de torn de paraula, aquelles idees o trams de l\u2019obra que els participants pr\u00e8viament han seleccionat perqu\u00e8 els han cridat l&#8217;atenci\u00f3 o els han suscitat alguna reflexi\u00f3. Aix\u00f2 genera un intercanvi molt enriquidor, que permet una major profunditat en els temes i promou la <\/span><span style=\"font-weight: 400;\">construcci\u00f3 de nous coneixements. A les sessions, un dels participants assumeix el paper de moderador, amb la idea d&#8217;afavorir la participaci\u00f3 igualit\u00e0ria de tots.<\/span><\/p>\n<p style=\"text-align: justify;\"><span style=\"font-weight: 400;\">Les m\u00e9s experimentades fins al moment s\u00f3n les Tert\u00falies Liter\u00e0ries Dial\u00f2giques, a les <\/span><span style=\"font-weight: 400;\">que les persones es reuneixen per dialogar i compartir sobre un llibre de la literatura <\/span><span style=\"font-weight: 400;\">cl\u00e0ssica universal. L&#8217;opci\u00f3 pels cl\u00e0ssics es deu a que les obres aborden les q\u00fcestions m\u00e9s centrals de la vida de les persones i per aix\u00f2 han perdurat en el temps; i perqu\u00e8 aix\u00f2 trenca amb les barreres elitistes culturals que han considerat la literatura cl\u00e0ssica un patrimoni de determinats grups socials. Es democratitza aix\u00ed l&#8217;acc\u00e9s a la cultura per <\/span><span style=\"font-weight: 400;\">totes les persones.<\/span><\/p>\n<p style=\"text-align: justify;\"><span style=\"font-weight: 400;\">Les Tert\u00falies Liter\u00e0ries Dial\u00f2giques han demostrat que augmenten el vocabulari, milloren l&#8217;expressi\u00f3 oral, l&#8217;escriptura i la comprensi\u00f3 lectora. Al mateix temps, \u00e9s un exercici de respecte i escolta igualit\u00e0ria, que transforma el context de les persones i crea sentit.<\/span><\/p>\n","protected":false},"excerpt":{"rendered":"<p>Es tracta de la construcci\u00f3 col\u00b7lectiva de significat i coneixement a trav\u00e9s del di\u00e0leg sobre les millors creacions de la humanitat en disciplines com la literatura, l\u2019art o la m\u00fasica. Amb les Tert\u00falies Dial\u00f2giques, es pret\u00e9n l&#8217;aproximaci\u00f3 directa dels alumnes, sense distinci\u00f3 d&#8217;edat, g\u00e8nere, cultura o capacitat, a la cultura cl\u00e0ssica universal i al coneixement [&hellip;]<\/p>\n","protected":false},"author":1,"featured_media":0,"parent":1391,"menu_order":6,"comment_status":"closed","ping_status":"closed","template":"page-templates\/side-menu.php","meta":{"_bbp_topic_count":0,"_bbp_reply_count":0,"_bbp_total_topic_count":0,"_bbp_total_reply_count":0,"_bbp_voice_count":0,"_bbp_anonymous_reply_count":0,"_bbp_topic_count_hidden":0,"_bbp_reply_count_hidden":0,"_bbp_forum_subforum_count":0,"site-sidebar-layout":"default","site-content-layout":"","ast-site-content-layout":"","site-content-style":"default","site-sidebar-style":"default","ast-global-header-display":"","ast-banner-title-visibility":"","ast-main-header-display":"","ast-hfb-above-header-display":"","ast-hfb-below-header-display":"","ast-hfb-mobile-header-display":"","site-post-title":"","ast-breadcrumbs-content":"","ast-featured-img":"","footer-sml-layout":"","theme-transparent-header-meta":"","adv-header-id-meta":"","stick-header-meta":"","header-above-stick-meta":"","header-main-stick-meta":"","header-below-stick-meta":"","astra-migrate-meta-layouts":"default","ast-page-background-enabled":"default","ast-page-background-meta":{"desktop":{"background-color":"var(--ast-global-color-4)","background-image":"","background-repeat":"repeat","background-position":"center center","background-size":"auto","background-attachment":"scroll","background-type":"","background-media":"","overlay-type":"","overlay-color":"","overlay-opacity":"","overlay-gradient":""},"tablet":{"background-color":"","background-image":"","background-repeat":"repeat","background-position":"center center","background-size":"auto","background-attachment":"scroll","background-type":"","background-media":"","overlay-type":"","overlay-color":"","overlay-opacity":"","overlay-gradient":""},"mobile":{"background-color":"","background-image":"","background-repeat":"repeat","background-position":"center center","background-size":"auto","background-attachment":"scroll","background-type":"","background-media":"","overlay-type":"","overlay-color":"","overlay-opacity":"","overlay-gradient":""}},"ast-content-background-meta":{"desktop":{"background-color":"var(--ast-global-color-5)","background-image":"","background-repeat":"repeat","background-position":"center center","background-size":"auto","background-attachment":"scroll","background-type":"","background-media":"","overlay-type":"","overlay-color":"","overlay-opacity":"","overlay-gradient":""},"tablet":{"background-color":"var(--ast-global-color-5)","background-image":"","background-repeat":"repeat","background-position":"center center","background-size":"auto","background-attachment":"scroll","background-type":"","background-media":"","overlay-type":"","overlay-color":"","overlay-opacity":"","overlay-gradient":""},"mobile":{"background-color":"var(--ast-global-color-5)","background-image":"","background-repeat":"repeat","background-position":"center center","background-size":"auto","background-attachment":"scroll","background-type":"","background-media":"","overlay-type":"","overlay-color":"","overlay-opacity":"","overlay-gradient":""}},"footnotes":""},"class_list":["post-1574","page","type-page","status-publish","hentry"],"post_mailing_queue_ids":[],"_links":{"self":[{"href":"https:\/\/agora.xtec.cat\/ceipcascavell\/wp-json\/wp\/v2\/pages\/1574","targetHints":{"allow":["GET"]}}],"collection":[{"href":"https:\/\/agora.xtec.cat\/ceipcascavell\/wp-json\/wp\/v2\/pages"}],"about":[{"href":"https:\/\/agora.xtec.cat\/ceipcascavell\/wp-json\/wp\/v2\/types\/page"}],"author":[{"embeddable":true,"href":"https:\/\/agora.xtec.cat\/ceipcascavell\/wp-json\/wp\/v2\/users\/1"}],"replies":[{"embeddable":true,"href":"https:\/\/agora.xtec.cat\/ceipcascavell\/wp-json\/wp\/v2\/comments?post=1574"}],"version-history":[{"count":5,"href":"https:\/\/agora.xtec.cat\/ceipcascavell\/wp-json\/wp\/v2\/pages\/1574\/revisions"}],"predecessor-version":[{"id":3208,"href":"https:\/\/agora.xtec.cat\/ceipcascavell\/wp-json\/wp\/v2\/pages\/1574\/revisions\/3208"}],"up":[{"embeddable":true,"href":"https:\/\/agora.xtec.cat\/ceipcascavell\/wp-json\/wp\/v2\/pages\/1391"}],"wp:attachment":[{"href":"https:\/\/agora.xtec.cat\/ceipcascavell\/wp-json\/wp\/v2\/media?parent=1574"}],"curies":[{"name":"wp","href":"https:\/\/api.w.org\/{rel}","templated":true}]}}