{"id":1391,"date":"2020-03-04T10:29:28","date_gmt":"2020-03-04T09:29:28","guid":{"rendered":"http:\/\/agora.xtec.cat\/ceipcascavell\/?page_id=1391"},"modified":"2020-03-27T18:17:02","modified_gmt":"2020-03-27T17:17:02","slug":"comunitats-daprenentatge","status":"publish","type":"page","link":"https:\/\/agora.xtec.cat\/ceipcascavell\/comunitats-daprenentatge\/","title":{"rendered":"Comunitats d&#8217;Aprenentatge"},"content":{"rendered":"<ul>\n<li><strong>Reptes que ens dona resposta ser comunitats d\u2019aprenentatges:<\/strong><\/li>\n<\/ul>\n<p>&#8211; Superar les desigualtats<br \/>\n&#8211; Aconseguir l\u2019\u00e8xit educatiu<br \/>\n&#8211; Millorar la conviv\u00e8ncia<\/p>\n<p><a href=\"https:\/\/agora.xtec.cat\/ceipcascavell\/wp-content\/uploads\/usu963\/2020\/03\/principis.jpg\"><img loading=\"lazy\" decoding=\"async\" class=\"alignnone size-full wp-image-1393\" src=\"https:\/\/agora.xtec.cat\/ceipcascavell\/wp-content\/uploads\/usu963\/2020\/03\/principis.jpg\" alt=\"\" width=\"616\" height=\"332\" srcset=\"https:\/\/agora.xtec.cat\/ceipcascavell\/wp-content\/uploads\/usu963\/2020\/03\/principis.jpg 616w, https:\/\/agora.xtec.cat\/ceipcascavell\/wp-content\/uploads\/usu963\/2020\/03\/principis-300x162.jpg 300w\" sizes=\"auto, (max-width: 616px) 100vw, 616px\" \/><\/a><\/p>\n<ul>\n<li><strong>Objectius:<\/strong><\/li>\n<\/ul>\n<p>&#8211; \u00c8xit de resultats per a tothom<br \/>\n&#8211; Millora de la conviv\u00e8ncia<br \/>\n-Igualtat de possibilitats<br \/>\n-Participaci\u00f3 de la comunitat<br \/>\n-Centre educatiu obert al territori<\/p>\n<ul>\n<li><strong>Com es fan possibles aquests objectius?<\/strong><\/li>\n<\/ul>\n<p>&#8211; Grups interactius<br \/>\n<img loading=\"lazy\" decoding=\"async\" class=\"size-full wp-image-1394 alignright\" src=\"https:\/\/agora.xtec.cat\/ceipcascavell\/wp-content\/uploads\/usu963\/2020\/03\/Aee.jpg\" alt=\"\" width=\"427\" height=\"268\" srcset=\"https:\/\/agora.xtec.cat\/ceipcascavell\/wp-content\/uploads\/usu963\/2020\/03\/Aee.jpg 427w, https:\/\/agora.xtec.cat\/ceipcascavell\/wp-content\/uploads\/usu963\/2020\/03\/Aee-300x188.jpg 300w\" sizes=\"auto, (max-width: 427px) 100vw, 427px\" \/><\/p>\n<p>&#8211; Participaci\u00f3 educativa de la comunitat<br \/>\n&#8211; Formaci\u00f3 de fam\u00edlies<br \/>\n&#8211; Tert\u00falies dial\u00f2giques<br \/>\n&#8211; Model dial\u00f2gic de prevenci\u00f3 i resoluci\u00f3 de conflictes<br \/>\n&#8211; Formaci\u00f3 dial\u00f2gica del professorat<\/p>\n<p>&nbsp;<\/p>\n","protected":false},"excerpt":{"rendered":"<p>Reptes que ens dona resposta ser comunitats d\u2019aprenentatges: &#8211; Superar les desigualtats &#8211; Aconseguir l\u2019\u00e8xit educatiu &#8211; Millorar la conviv\u00e8ncia Objectius: &#8211; \u00c8xit de resultats per a tothom &#8211; Millora de la conviv\u00e8ncia -Igualtat de possibilitats -Participaci\u00f3 de la comunitat -Centre educatiu obert al territori Com es fan possibles aquests objectius? &#8211; Grups interactius &#8211; [&hellip;]<\/p>\n","protected":false},"author":1,"featured_media":0,"parent":0,"menu_order":0,"comment_status":"closed","ping_status":"closed","template":"page-templates\/side-menu.php","meta":{"_bbp_topic_count":0,"_bbp_reply_count":0,"_bbp_total_topic_count":0,"_bbp_total_reply_count":0,"_bbp_voice_count":0,"_bbp_anonymous_reply_count":0,"_bbp_topic_count_hidden":0,"_bbp_reply_count_hidden":0,"_bbp_forum_subforum_count":0,"site-sidebar-layout":"default","site-content-layout":"","ast-site-content-layout":"","site-content-style":"default","site-sidebar-style":"default","ast-global-header-display":"","ast-banner-title-visibility":"","ast-main-header-display":"","ast-hfb-above-header-display":"","ast-hfb-below-header-display":"","ast-hfb-mobile-header-display":"","site-post-title":"","ast-breadcrumbs-content":"","ast-featured-img":"","footer-sml-layout":"","theme-transparent-header-meta":"","adv-header-id-meta":"","stick-header-meta":"","header-above-stick-meta":"","header-main-stick-meta":"","header-below-stick-meta":"","astra-migrate-meta-layouts":"default","ast-page-background-enabled":"default","ast-page-background-meta":{"desktop":{"background-color":"var(--ast-global-color-4)","background-image":"","background-repeat":"repeat","background-position":"center center","background-size":"auto","background-attachment":"scroll","background-type":"","background-media":"","overlay-type":"","overlay-color":"","overlay-opacity":"","overlay-gradient":""},"tablet":{"background-color":"","background-image":"","background-repeat":"repeat","background-position":"center center","background-size":"auto","background-attachment":"scroll","background-type":"","background-media":"","overlay-type":"","overlay-color":"","overlay-opacity":"","overlay-gradient":""},"mobile":{"background-color":"","background-image":"","background-repeat":"repeat","background-position":"center center","background-size":"auto","background-attachment":"scroll","background-type":"","background-media":"","overlay-type":"","overlay-color":"","overlay-opacity":"","overlay-gradient":""}},"ast-content-background-meta":{"desktop":{"background-color":"var(--ast-global-color-5)","background-image":"","background-repeat":"repeat","background-position":"center center","background-size":"auto","background-attachment":"scroll","background-type":"","background-media":"","overlay-type":"","overlay-color":"","overlay-opacity":"","overlay-gradient":""},"tablet":{"background-color":"var(--ast-global-color-5)","background-image":"","background-repeat":"repeat","background-position":"center center","background-size":"auto","background-attachment":"scroll","background-type":"","background-media":"","overlay-type":"","overlay-color":"","overlay-opacity":"","overlay-gradient":""},"mobile":{"background-color":"var(--ast-global-color-5)","background-image":"","background-repeat":"repeat","background-position":"center center","background-size":"auto","background-attachment":"scroll","background-type":"","background-media":"","overlay-type":"","overlay-color":"","overlay-opacity":"","overlay-gradient":""}},"footnotes":""},"class_list":["post-1391","page","type-page","status-publish","hentry"],"post_mailing_queue_ids":[],"_links":{"self":[{"href":"https:\/\/agora.xtec.cat\/ceipcascavell\/wp-json\/wp\/v2\/pages\/1391","targetHints":{"allow":["GET"]}}],"collection":[{"href":"https:\/\/agora.xtec.cat\/ceipcascavell\/wp-json\/wp\/v2\/pages"}],"about":[{"href":"https:\/\/agora.xtec.cat\/ceipcascavell\/wp-json\/wp\/v2\/types\/page"}],"author":[{"embeddable":true,"href":"https:\/\/agora.xtec.cat\/ceipcascavell\/wp-json\/wp\/v2\/users\/1"}],"replies":[{"embeddable":true,"href":"https:\/\/agora.xtec.cat\/ceipcascavell\/wp-json\/wp\/v2\/comments?post=1391"}],"version-history":[{"count":3,"href":"https:\/\/agora.xtec.cat\/ceipcascavell\/wp-json\/wp\/v2\/pages\/1391\/revisions"}],"predecessor-version":[{"id":1397,"href":"https:\/\/agora.xtec.cat\/ceipcascavell\/wp-json\/wp\/v2\/pages\/1391\/revisions\/1397"}],"wp:attachment":[{"href":"https:\/\/agora.xtec.cat\/ceipcascavell\/wp-json\/wp\/v2\/media?parent=1391"}],"curies":[{"name":"wp","href":"https:\/\/api.w.org\/{rel}","templated":true}]}}