{"id":1282,"date":"2020-02-13T13:33:10","date_gmt":"2020-02-13T12:33:10","guid":{"rendered":"http:\/\/agora.xtec.cat\/ceipcascavell\/?page_id=1282"},"modified":"2025-12-04T13:05:30","modified_gmt":"2025-12-04T12:05:30","slug":"documents-descola-2","status":"publish","type":"page","link":"https:\/\/agora.xtec.cat\/ceipcascavell\/lescola\/documents-descola-2\/","title":{"rendered":"Documents d&#8217;escola"},"content":{"rendered":"<ol>\n<li><a href=\"https:\/\/drive.google.com\/file\/d\/1-UJJGY7wwv_iakVOjucthGPBXcRaXJKo\/view?usp=sharing\">PROJECTE DE DIRECCI\u00d3 2024-2028<\/a><\/li>\n<li><a href=\"https:\/\/drive.google.com\/file\/d\/1nAgwIXzmdBUrMfIO4bq6SJhVI1eO-Aul\/view?usp=sharing\">PROJECTE EDUCATIU DE CENTRE <\/a><\/li>\n<li>PROGRAMACI\u00d3 GENERAL ANUAL<\/li>\n<li><a href=\"https:\/\/drive.google.com\/file\/d\/1U_2jFgu-ntFcOFGfJvNxYrhFA1GF9_Ah\/view?usp=drive_link\">CARTA COMPROM\u00cdS CASCAVELL<\/a><\/li>\n<li><a href=\"https:\/\/drive.google.com\/file\/d\/1br58NNfck2HbMRFaZVMGsVbu3OGNYGhN\/view?usp=sharing\">PROJECTE LING\u00dc\u00cdSTIC DE CENTRE<\/a><\/li>\n<li><a href=\"https:\/\/drive.google.com\/file\/d\/1xwt6QmG2DbNUYvCRvlYjhMKvVTHCVhU8\/view?usp=sharing\">NORMES D&#8217;ORGANITZACI\u00d3 I FUNCIONAMENT DE CENTRE (NOFC)\u00a0<\/a><\/li>\n<li><a href=\"https:\/\/drive.google.com\/file\/d\/1cBjZknvnL_ixshyaV-TH63ms4-Il8WRe\/view?usp=sharing\">NOFC SIMPLIFICADES PER FAM\u00cdLIES.<\/a><\/li>\n<li><a href=\"https:\/\/drive.google.com\/file\/d\/1v4k-Z0e0W09VANA-5cK8JrBqfJ-YXKrJ\/view?usp=sharing\">PROJECTE DE CONVIV\u00c8NCIA<\/a><\/li>\n<li>AUTORITZACIONS DEL CURS:\n<ol>\n<li><a href=\"https:\/\/drive.google.com\/file\/d\/1GUHWO8pQ5DMvfz_5Ki17dEslTUnIcE7D\/view?usp=drive_link\">Autoritzaci\u00f3 d&#8217;imatges\u00a0<\/a><\/li>\n<li><a href=\"https:\/\/drive.google.com\/file\/d\/1REv8XpIWmZGUNJkj0T4tCBGPI0NLXdeS\/view?usp=drive_link\">Autoritzaci\u00f3 sortides<\/a><\/li>\n<li><a href=\"https:\/\/drive.google.com\/file\/d\/18AmtwlPWFY_Vv3XW1d27vlmQ50mYtS5P\/view?usp=drive_link\">Autoritzaci\u00f3 programa de fruita<\/a><\/li>\n<li><a href=\"https:\/\/drive.google.com\/file\/d\/1EMNVivlC1t9uGbffTBGjSMfQiOfEG7hJ\/view?usp=drive_link\">Autoritzaci\u00f3 Nataci\u00f3 ( 1r, 2n, 3r, 4t,)<\/a><\/li>\n<li><a href=\"https:\/\/drive.google.com\/file\/d\/1OEg3wOh69GZgKcrqzK0eN98kaez2vB4Y\/view?usp=drive_link\">Autoritzaci\u00f3 Paracetamol.<\/a><\/li>\n<li><a href=\"https:\/\/drive.google.com\/file\/d\/1qUF0z7MNhab07KP6eOqNUPWGJCPFc8so\/view?usp=drive_link\">Autoritzaci\u00f3 recollir alumne<\/a><\/li>\n<li><a href=\"https:\/\/drive.google.com\/file\/d\/1Acmv22r-iuoMmLudCyDcPbLtF9Js8lbk\/view?usp=sharing\">Autoritzaci\u00f3 sortir sols.<\/a><\/li>\n<li>Autoritzaci\u00f3 de la recollida per part d&#8217;un germ\u00e0 del centre. ( SECRETARIA)<\/li>\n<li><a href=\"https:\/\/drive.google.com\/file\/d\/1GQxE70Y7Ddbg7fDKjSH9v8ak9D2YIPcQ\/view?usp=sharing\">Autoritzaci\u00f3 d&#8217;\u00fas dels recursos digitals<\/a><\/li>\n<\/ol>\n<\/li>\n<\/ol>\n","protected":false},"excerpt":{"rendered":"<p>PROJECTE DE DIRECCI\u00d3 2024-2028 PROJECTE EDUCATIU DE CENTRE PROGRAMACI\u00d3 GENERAL ANUAL CARTA COMPROM\u00cdS CASCAVELL PROJECTE LING\u00dc\u00cdSTIC DE CENTRE NORMES D&#8217;ORGANITZACI\u00d3 I FUNCIONAMENT DE CENTRE (NOFC)\u00a0 NOFC SIMPLIFICADES PER FAM\u00cdLIES. PROJECTE DE CONVIV\u00c8NCIA AUTORITZACIONS DEL CURS: Autoritzaci\u00f3 d&#8217;imatges\u00a0 Autoritzaci\u00f3 sortides Autoritzaci\u00f3 programa de fruita Autoritzaci\u00f3 Nataci\u00f3 ( 1r, 2n, 3r, 4t,) Autoritzaci\u00f3 Paracetamol. Autoritzaci\u00f3 recollir alumne [&hellip;]<\/p>\n","protected":false},"author":1,"featured_media":0,"parent":22,"menu_order":8,"comment_status":"closed","ping_status":"closed","template":"","meta":{"_bbp_topic_count":0,"_bbp_reply_count":0,"_bbp_total_topic_count":0,"_bbp_total_reply_count":0,"_bbp_voice_count":0,"_bbp_anonymous_reply_count":0,"_bbp_topic_count_hidden":0,"_bbp_reply_count_hidden":0,"_bbp_forum_subforum_count":0,"site-sidebar-layout":"default","site-content-layout":"","ast-site-content-layout":"default","site-content-style":"default","site-sidebar-style":"default","ast-global-header-display":"","ast-banner-title-visibility":"","ast-main-header-display":"","ast-hfb-above-header-display":"","ast-hfb-below-header-display":"","ast-hfb-mobile-header-display":"","site-post-title":"","ast-breadcrumbs-content":"","ast-featured-img":"","footer-sml-layout":"","theme-transparent-header-meta":"default","adv-header-id-meta":"","stick-header-meta":"","header-above-stick-meta":"","header-main-stick-meta":"","header-below-stick-meta":"","astra-migrate-meta-layouts":"set","ast-page-background-enabled":"default","ast-page-background-meta":{"desktop":{"background-color":"var(--ast-global-color-4)","background-image":"","background-repeat":"repeat","background-position":"center center","background-size":"auto","background-attachment":"scroll","background-type":"","background-media":"","overlay-type":"","overlay-color":"","overlay-opacity":"","overlay-gradient":""},"tablet":{"background-color":"","background-image":"","background-repeat":"repeat","background-position":"center center","background-size":"auto","background-attachment":"scroll","background-type":"","background-media":"","overlay-type":"","overlay-color":"","overlay-opacity":"","overlay-gradient":""},"mobile":{"background-color":"","background-image":"","background-repeat":"repeat","background-position":"center center","background-size":"auto","background-attachment":"scroll","background-type":"","background-media":"","overlay-type":"","overlay-color":"","overlay-opacity":"","overlay-gradient":""}},"ast-content-background-meta":{"desktop":{"background-color":"var(--ast-global-color-5)","background-image":"","background-repeat":"repeat","background-position":"center center","background-size":"auto","background-attachment":"scroll","background-type":"","background-media":"","overlay-type":"","overlay-color":"","overlay-opacity":"","overlay-gradient":""},"tablet":{"background-color":"var(--ast-global-color-5)","background-image":"","background-repeat":"repeat","background-position":"center center","background-size":"auto","background-attachment":"scroll","background-type":"","background-media":"","overlay-type":"","overlay-color":"","overlay-opacity":"","overlay-gradient":""},"mobile":{"background-color":"var(--ast-global-color-5)","background-image":"","background-repeat":"repeat","background-position":"center center","background-size":"auto","background-attachment":"scroll","background-type":"","background-media":"","overlay-type":"","overlay-color":"","overlay-opacity":"","overlay-gradient":""}},"footnotes":""},"class_list":["post-1282","page","type-page","status-publish","hentry"],"post_mailing_queue_ids":[],"_links":{"self":[{"href":"https:\/\/agora.xtec.cat\/ceipcascavell\/wp-json\/wp\/v2\/pages\/1282","targetHints":{"allow":["GET"]}}],"collection":[{"href":"https:\/\/agora.xtec.cat\/ceipcascavell\/wp-json\/wp\/v2\/pages"}],"about":[{"href":"https:\/\/agora.xtec.cat\/ceipcascavell\/wp-json\/wp\/v2\/types\/page"}],"author":[{"embeddable":true,"href":"https:\/\/agora.xtec.cat\/ceipcascavell\/wp-json\/wp\/v2\/users\/1"}],"replies":[{"embeddable":true,"href":"https:\/\/agora.xtec.cat\/ceipcascavell\/wp-json\/wp\/v2\/comments?post=1282"}],"version-history":[{"count":7,"href":"https:\/\/agora.xtec.cat\/ceipcascavell\/wp-json\/wp\/v2\/pages\/1282\/revisions"}],"predecessor-version":[{"id":3815,"href":"https:\/\/agora.xtec.cat\/ceipcascavell\/wp-json\/wp\/v2\/pages\/1282\/revisions\/3815"}],"up":[{"embeddable":true,"href":"https:\/\/agora.xtec.cat\/ceipcascavell\/wp-json\/wp\/v2\/pages\/22"}],"wp:attachment":[{"href":"https:\/\/agora.xtec.cat\/ceipcascavell\/wp-json\/wp\/v2\/media?parent=1282"}],"curies":[{"name":"wp","href":"https:\/\/api.w.org\/{rel}","templated":true}]}}