{"id":1238,"date":"2020-01-27T16:50:16","date_gmt":"2020-01-27T15:50:16","guid":{"rendered":"http:\/\/agora.xtec.cat\/ceipcascavell\/?page_id=1238"},"modified":"2024-02-11T12:23:10","modified_gmt":"2024-02-11T11:23:10","slug":"cantata","status":"publish","type":"page","link":"https:\/\/agora.xtec.cat\/ceipcascavell\/projecte-educatiu\/cantata\/","title":{"rendered":"Cantata"},"content":{"rendered":"<p style=\"text-align: justify;\">Des de fa diversos anys, l\u2019escola de m\u00fasica de Sant Adri\u00e0 de Bes\u00f2s organitza una cantata per a totes les escoles de la ciutat. L\u2019activitat est\u00e0 adre\u00e7ada als alumnes de segon curs de prim\u00e0ria amb la intenci\u00f3 de fer-los part\u00edcips i protagonistes d\u2019una obra de gran format d\u2019all\u00f2 m\u00e9s engrescadora i suggerent.<br \/>\nUna cantata \u00e9s una obra musical que explica una hist\u00f2ria fent servir can\u00e7ons cantades i acompanyades per diversos instruments.<br \/>\nAquest curs 2019-2020 els alumnes de l\u2019escola interpretaran la cantata \u201cBoix en bruixot i la ciutat Meravella\u201d que t\u00e9 el seg\u00fcent argument: Hi ha tres ciutats de tres colors. Apareix un bruixot que vol fer amics, per\u00f2 no l\u2019accepten perqu\u00e8 \u00e9s d\u2019un color diferent. S\u2019enfada i fa una maledicci\u00f3 que dura fins que un dia neixen tres infants a cada ciutat i decideixen canviar el seu punt de vista i fer una ciutat multicolor.<\/p>\n","protected":false},"excerpt":{"rendered":"<p>Des de fa diversos anys, l\u2019escola de m\u00fasica de Sant Adri\u00e0 de Bes\u00f2s organitza una cantata per a totes les escoles de la ciutat. L\u2019activitat est\u00e0 adre\u00e7ada als alumnes de segon curs de prim\u00e0ria amb la intenci\u00f3 de fer-los part\u00edcips i protagonistes d\u2019una obra de gran format d\u2019all\u00f2 m\u00e9s engrescadora i suggerent. Una cantata \u00e9s [&hellip;]<\/p>\n","protected":false},"author":1,"featured_media":0,"parent":64,"menu_order":2,"comment_status":"closed","ping_status":"closed","template":"page-templates\/side-menu.php","meta":{"_bbp_topic_count":0,"_bbp_reply_count":0,"_bbp_total_topic_count":0,"_bbp_total_reply_count":0,"_bbp_voice_count":0,"_bbp_anonymous_reply_count":0,"_bbp_topic_count_hidden":0,"_bbp_reply_count_hidden":0,"_bbp_forum_subforum_count":0,"site-sidebar-layout":"default","site-content-layout":"","ast-site-content-layout":"","site-content-style":"default","site-sidebar-style":"default","ast-global-header-display":"","ast-banner-title-visibility":"","ast-main-header-display":"","ast-hfb-above-header-display":"","ast-hfb-below-header-display":"","ast-hfb-mobile-header-display":"","site-post-title":"","ast-breadcrumbs-content":"","ast-featured-img":"","footer-sml-layout":"","theme-transparent-header-meta":"","adv-header-id-meta":"","stick-header-meta":"","header-above-stick-meta":"","header-main-stick-meta":"","header-below-stick-meta":"","astra-migrate-meta-layouts":"default","ast-page-background-enabled":"default","ast-page-background-meta":{"desktop":{"background-color":"var(--ast-global-color-4)","background-image":"","background-repeat":"repeat","background-position":"center center","background-size":"auto","background-attachment":"scroll","background-type":"","background-media":"","overlay-type":"","overlay-color":"","overlay-opacity":"","overlay-gradient":""},"tablet":{"background-color":"","background-image":"","background-repeat":"repeat","background-position":"center center","background-size":"auto","background-attachment":"scroll","background-type":"","background-media":"","overlay-type":"","overlay-color":"","overlay-opacity":"","overlay-gradient":""},"mobile":{"background-color":"","background-image":"","background-repeat":"repeat","background-position":"center center","background-size":"auto","background-attachment":"scroll","background-type":"","background-media":"","overlay-type":"","overlay-color":"","overlay-opacity":"","overlay-gradient":""}},"ast-content-background-meta":{"desktop":{"background-color":"var(--ast-global-color-5)","background-image":"","background-repeat":"repeat","background-position":"center center","background-size":"auto","background-attachment":"scroll","background-type":"","background-media":"","overlay-type":"","overlay-color":"","overlay-opacity":"","overlay-gradient":""},"tablet":{"background-color":"var(--ast-global-color-5)","background-image":"","background-repeat":"repeat","background-position":"center center","background-size":"auto","background-attachment":"scroll","background-type":"","background-media":"","overlay-type":"","overlay-color":"","overlay-opacity":"","overlay-gradient":""},"mobile":{"background-color":"var(--ast-global-color-5)","background-image":"","background-repeat":"repeat","background-position":"center center","background-size":"auto","background-attachment":"scroll","background-type":"","background-media":"","overlay-type":"","overlay-color":"","overlay-opacity":"","overlay-gradient":""}},"footnotes":""},"class_list":["post-1238","page","type-page","status-publish","hentry"],"post_mailing_queue_ids":[],"_links":{"self":[{"href":"https:\/\/agora.xtec.cat\/ceipcascavell\/wp-json\/wp\/v2\/pages\/1238","targetHints":{"allow":["GET"]}}],"collection":[{"href":"https:\/\/agora.xtec.cat\/ceipcascavell\/wp-json\/wp\/v2\/pages"}],"about":[{"href":"https:\/\/agora.xtec.cat\/ceipcascavell\/wp-json\/wp\/v2\/types\/page"}],"author":[{"embeddable":true,"href":"https:\/\/agora.xtec.cat\/ceipcascavell\/wp-json\/wp\/v2\/users\/1"}],"replies":[{"embeddable":true,"href":"https:\/\/agora.xtec.cat\/ceipcascavell\/wp-json\/wp\/v2\/comments?post=1238"}],"version-history":[{"count":4,"href":"https:\/\/agora.xtec.cat\/ceipcascavell\/wp-json\/wp\/v2\/pages\/1238\/revisions"}],"predecessor-version":[{"id":3151,"href":"https:\/\/agora.xtec.cat\/ceipcascavell\/wp-json\/wp\/v2\/pages\/1238\/revisions\/3151"}],"up":[{"embeddable":true,"href":"https:\/\/agora.xtec.cat\/ceipcascavell\/wp-json\/wp\/v2\/pages\/64"}],"wp:attachment":[{"href":"https:\/\/agora.xtec.cat\/ceipcascavell\/wp-json\/wp\/v2\/media?parent=1238"}],"curies":[{"name":"wp","href":"https:\/\/api.w.org\/{rel}","templated":true}]}}