{"id":1223,"date":"2020-01-27T16:27:12","date_gmt":"2020-01-27T15:27:12","guid":{"rendered":"http:\/\/agora.xtec.cat\/ceipcascavell\/?page_id=1223"},"modified":"2024-02-11T13:34:27","modified_gmt":"2024-02-11T12:34:27","slug":"angles","status":"publish","type":"page","link":"https:\/\/agora.xtec.cat\/ceipcascavell\/especialitats\/angles\/","title":{"rendered":"Angl\u00e8s"},"content":{"rendered":"<p style=\"text-align: justify;\"><span style=\"font-weight: 400;\">L\u2019\u00e0rea d\u2019angl\u00e8s es treballa a partir <a href=\"https:\/\/agora.xtec.cat\/ceipcascavell\/wp-content\/uploads\/usu963\/2023\/12\/Today.jpg\"><img loading=\"lazy\" decoding=\"async\" class=\"alignright wp-image-3074\" src=\"https:\/\/agora.xtec.cat\/ceipcascavell\/wp-content\/uploads\/usu963\/2023\/12\/Today-225x300.jpg\" alt=\"\" width=\"150\" height=\"200\" srcset=\"https:\/\/agora.xtec.cat\/ceipcascavell\/wp-content\/uploads\/usu963\/2023\/12\/Today-225x300.jpg 225w, https:\/\/agora.xtec.cat\/ceipcascavell\/wp-content\/uploads\/usu963\/2023\/12\/Today-768x1024.jpg 768w, https:\/\/agora.xtec.cat\/ceipcascavell\/wp-content\/uploads\/usu963\/2023\/12\/Today-1152x1536.jpg 1152w, https:\/\/agora.xtec.cat\/ceipcascavell\/wp-content\/uploads\/usu963\/2023\/12\/Today.jpg 1500w\" sizes=\"auto, (max-width: 150px) 100vw, 150px\" \/><\/a>dels projectes. L\u2019alumnat de cada curs treballa el vocabulari i les expressions d\u2019angl\u00e8s segons la tem\u00e0tica del seu projecte; ho fem a partir de jocs (gamificaci\u00f3), roll-playing, activitats d&#8217;expressi\u00f3 oral (can\u00e7ons) i eines digitals (Kahoot, edu365, v\u00eddeos\u2026).\u00a0<\/span><\/p>\n<p style=\"text-align: justify;\"><span style=\"font-weight: 400;\">Les activitats s\u00f3n din\u00e0miques, divertides i estan pensades a partir dels interessos dels infants.<\/span><\/p>\n<table style=\"border-collapse: collapse; width: 94.4099%;\">\n<tbody>\n<tr>\n<td style=\"width: 28.5714%; text-align: center;\"><a href=\"https:\/\/agora.xtec.cat\/ceipcascavell\/wp-content\/uploads\/usu963\/2023\/12\/IMG-20231130-WA0005.jpg\"><img loading=\"lazy\" decoding=\"async\" class=\"wp-image-3075 aligncenter\" src=\"https:\/\/agora.xtec.cat\/ceipcascavell\/wp-content\/uploads\/usu963\/2023\/12\/IMG-20231130-WA0005-225x300.jpg\" alt=\"\" width=\"120\" height=\"161\" srcset=\"https:\/\/agora.xtec.cat\/ceipcascavell\/wp-content\/uploads\/usu963\/2023\/12\/IMG-20231130-WA0005-225x300.jpg 225w, https:\/\/agora.xtec.cat\/ceipcascavell\/wp-content\/uploads\/usu963\/2023\/12\/IMG-20231130-WA0005-768x1024.jpg 768w, https:\/\/agora.xtec.cat\/ceipcascavell\/wp-content\/uploads\/usu963\/2023\/12\/IMG-20231130-WA0005-1152x1536.jpg 1152w, https:\/\/agora.xtec.cat\/ceipcascavell\/wp-content\/uploads\/usu963\/2023\/12\/IMG-20231130-WA0005.jpg 1500w\" sizes=\"auto, (max-width: 120px) 100vw, 120px\" \/><\/a><\/td>\n<td style=\"width: 39.5445%; text-align: center;\"><a href=\"https:\/\/agora.xtec.cat\/ceipcascavell\/wp-content\/uploads\/usu963\/2023\/12\/IMG-20231130-WA0004.jpg\"><img loading=\"lazy\" decoding=\"async\" class=\"wp-image-3076 aligncenter\" src=\"https:\/\/agora.xtec.cat\/ceipcascavell\/wp-content\/uploads\/usu963\/2023\/12\/IMG-20231130-WA0004-300x225.jpg\" alt=\"\" width=\"176\" height=\"132\" srcset=\"https:\/\/agora.xtec.cat\/ceipcascavell\/wp-content\/uploads\/usu963\/2023\/12\/IMG-20231130-WA0004-300x225.jpg 300w, https:\/\/agora.xtec.cat\/ceipcascavell\/wp-content\/uploads\/usu963\/2023\/12\/IMG-20231130-WA0004-1024x768.jpg 1024w, https:\/\/agora.xtec.cat\/ceipcascavell\/wp-content\/uploads\/usu963\/2023\/12\/IMG-20231130-WA0004-768x576.jpg 768w, https:\/\/agora.xtec.cat\/ceipcascavell\/wp-content\/uploads\/usu963\/2023\/12\/IMG-20231130-WA0004-1536x1152.jpg 1536w, https:\/\/agora.xtec.cat\/ceipcascavell\/wp-content\/uploads\/usu963\/2023\/12\/IMG-20231130-WA0004-200x150.jpg 200w, https:\/\/agora.xtec.cat\/ceipcascavell\/wp-content\/uploads\/usu963\/2023\/12\/IMG-20231130-WA0004.jpg 2000w\" sizes=\"auto, (max-width: 176px) 100vw, 176px\" \/><\/a><\/td>\n<td style=\"width: 26.2939%; text-align: center;\"><a href=\"https:\/\/agora.xtec.cat\/ceipcascavell\/wp-content\/uploads\/usu963\/2023\/12\/IMG-20231130-WA0003.jpg\"><img loading=\"lazy\" decoding=\"async\" class=\"wp-image-3077 aligncenter\" src=\"https:\/\/agora.xtec.cat\/ceipcascavell\/wp-content\/uploads\/usu963\/2023\/12\/IMG-20231130-WA0003-225x300.jpg\" alt=\"\" width=\"109\" height=\"145\" srcset=\"https:\/\/agora.xtec.cat\/ceipcascavell\/wp-content\/uploads\/usu963\/2023\/12\/IMG-20231130-WA0003-225x300.jpg 225w, https:\/\/agora.xtec.cat\/ceipcascavell\/wp-content\/uploads\/usu963\/2023\/12\/IMG-20231130-WA0003-768x1024.jpg 768w, https:\/\/agora.xtec.cat\/ceipcascavell\/wp-content\/uploads\/usu963\/2023\/12\/IMG-20231130-WA0003-1152x1536.jpg 1152w, https:\/\/agora.xtec.cat\/ceipcascavell\/wp-content\/uploads\/usu963\/2023\/12\/IMG-20231130-WA0003.jpg 1500w\" sizes=\"auto, (max-width: 109px) 100vw, 109px\" \/><\/a><\/td>\n<\/tr>\n<\/tbody>\n<\/table>\n<p><a href=\"https:\/\/sites.google.com\/xtec.cat\/escolacascavell\/p%C3%A0gina-principal\"><img loading=\"lazy\" decoding=\"async\" class=\"aligncenter size-full wp-image-2117\" src=\"https:\/\/agora.xtec.cat\/ceipcascavell\/wp-content\/uploads\/usu963\/2020\/11\/Captura-1.png\" alt=\"\" width=\"1278\" height=\"356\" srcset=\"https:\/\/agora.xtec.cat\/ceipcascavell\/wp-content\/uploads\/usu963\/2020\/11\/Captura-1.png 1278w, https:\/\/agora.xtec.cat\/ceipcascavell\/wp-content\/uploads\/usu963\/2020\/11\/Captura-1-300x84.png 300w, https:\/\/agora.xtec.cat\/ceipcascavell\/wp-content\/uploads\/usu963\/2020\/11\/Captura-1-768x214.png 768w, https:\/\/agora.xtec.cat\/ceipcascavell\/wp-content\/uploads\/usu963\/2020\/11\/Captura-1-1024x285.png 1024w\" sizes=\"auto, (max-width: 1278px) 100vw, 1278px\" \/><\/a><\/p>\n","protected":false},"excerpt":{"rendered":"<p>L\u2019\u00e0rea d\u2019angl\u00e8s es treballa a partir dels projectes. L\u2019alumnat de cada curs treballa el vocabulari i les expressions d\u2019angl\u00e8s segons la tem\u00e0tica del seu projecte; ho fem a partir de jocs (gamificaci\u00f3), roll-playing, activitats d&#8217;expressi\u00f3 oral (can\u00e7ons) i eines digitals (Kahoot, edu365, v\u00eddeos\u2026).\u00a0 Les activitats s\u00f3n din\u00e0miques, divertides i estan pensades a partir dels interessos [&hellip;]<\/p>\n","protected":false},"author":1,"featured_media":0,"parent":1207,"menu_order":1,"comment_status":"closed","ping_status":"closed","template":"page-templates\/side-menu.php","meta":{"_bbp_topic_count":0,"_bbp_reply_count":0,"_bbp_total_topic_count":0,"_bbp_total_reply_count":0,"_bbp_voice_count":0,"_bbp_anonymous_reply_count":0,"_bbp_topic_count_hidden":0,"_bbp_reply_count_hidden":0,"_bbp_forum_subforum_count":0,"site-sidebar-layout":"default","site-content-layout":"","ast-site-content-layout":"","site-content-style":"default","site-sidebar-style":"default","ast-global-header-display":"","ast-banner-title-visibility":"","ast-main-header-display":"","ast-hfb-above-header-display":"","ast-hfb-below-header-display":"","ast-hfb-mobile-header-display":"","site-post-title":"","ast-breadcrumbs-content":"","ast-featured-img":"","footer-sml-layout":"","theme-transparent-header-meta":"","adv-header-id-meta":"","stick-header-meta":"","header-above-stick-meta":"","header-main-stick-meta":"","header-below-stick-meta":"","astra-migrate-meta-layouts":"default","ast-page-background-enabled":"default","ast-page-background-meta":{"desktop":{"background-color":"var(--ast-global-color-4)","background-image":"","background-repeat":"repeat","background-position":"center center","background-size":"auto","background-attachment":"scroll","background-type":"","background-media":"","overlay-type":"","overlay-color":"","overlay-opacity":"","overlay-gradient":""},"tablet":{"background-color":"","background-image":"","background-repeat":"repeat","background-position":"center center","background-size":"auto","background-attachment":"scroll","background-type":"","background-media":"","overlay-type":"","overlay-color":"","overlay-opacity":"","overlay-gradient":""},"mobile":{"background-color":"","background-image":"","background-repeat":"repeat","background-position":"center center","background-size":"auto","background-attachment":"scroll","background-type":"","background-media":"","overlay-type":"","overlay-color":"","overlay-opacity":"","overlay-gradient":""}},"ast-content-background-meta":{"desktop":{"background-color":"var(--ast-global-color-5)","background-image":"","background-repeat":"repeat","background-position":"center center","background-size":"auto","background-attachment":"scroll","background-type":"","background-media":"","overlay-type":"","overlay-color":"","overlay-opacity":"","overlay-gradient":""},"tablet":{"background-color":"var(--ast-global-color-5)","background-image":"","background-repeat":"repeat","background-position":"center center","background-size":"auto","background-attachment":"scroll","background-type":"","background-media":"","overlay-type":"","overlay-color":"","overlay-opacity":"","overlay-gradient":""},"mobile":{"background-color":"var(--ast-global-color-5)","background-image":"","background-repeat":"repeat","background-position":"center center","background-size":"auto","background-attachment":"scroll","background-type":"","background-media":"","overlay-type":"","overlay-color":"","overlay-opacity":"","overlay-gradient":""}},"footnotes":""},"class_list":["post-1223","page","type-page","status-publish","hentry"],"post_mailing_queue_ids":[],"_links":{"self":[{"href":"https:\/\/agora.xtec.cat\/ceipcascavell\/wp-json\/wp\/v2\/pages\/1223","targetHints":{"allow":["GET"]}}],"collection":[{"href":"https:\/\/agora.xtec.cat\/ceipcascavell\/wp-json\/wp\/v2\/pages"}],"about":[{"href":"https:\/\/agora.xtec.cat\/ceipcascavell\/wp-json\/wp\/v2\/types\/page"}],"author":[{"embeddable":true,"href":"https:\/\/agora.xtec.cat\/ceipcascavell\/wp-json\/wp\/v2\/users\/1"}],"replies":[{"embeddable":true,"href":"https:\/\/agora.xtec.cat\/ceipcascavell\/wp-json\/wp\/v2\/comments?post=1223"}],"version-history":[{"count":6,"href":"https:\/\/agora.xtec.cat\/ceipcascavell\/wp-json\/wp\/v2\/pages\/1223\/revisions"}],"predecessor-version":[{"id":3169,"href":"https:\/\/agora.xtec.cat\/ceipcascavell\/wp-json\/wp\/v2\/pages\/1223\/revisions\/3169"}],"up":[{"embeddable":true,"href":"https:\/\/agora.xtec.cat\/ceipcascavell\/wp-json\/wp\/v2\/pages\/1207"}],"wp:attachment":[{"href":"https:\/\/agora.xtec.cat\/ceipcascavell\/wp-json\/wp\/v2\/media?parent=1223"}],"curies":[{"name":"wp","href":"https:\/\/api.w.org\/{rel}","templated":true}]}}