{"id":1213,"date":"2020-01-27T16:24:56","date_gmt":"2020-01-27T15:24:56","guid":{"rendered":"http:\/\/agora.xtec.cat\/ceipcascavell\/?page_id=1213"},"modified":"2024-02-11T13:45:32","modified_gmt":"2024-02-11T12:45:32","slug":"tac","status":"publish","type":"page","link":"https:\/\/agora.xtec.cat\/ceipcascavell\/especialitats\/tac\/","title":{"rendered":"Aula d&#8217;Acollida"},"content":{"rendered":"<p style=\"text-align: justify;\">L\u2019aula d\u2019acollida \u00e9s un espai dedicat a l\u2019alumnat nouvingut, on tot i que estiguin lluny dels seus pa\u00efsos puguin sentir-se una mica com a casa, compartint moments, experi\u00e8ncies i aprenent la llengua catalana en confian\u00e7a. \u00a0Per aconseguir-ho s\u2019han de tenir en compte els diferents ritmes i s\u2019han d\u2019oferir totes les eines possibles, per aix\u00f2 a m\u00e9s a m\u00e9s dels jocs i les diferents activitats per assolir el vocabulari hem creat un blog on poder mostrar algunes de les nostres feines.<\/p>\n<p><a href=\"https:\/\/escolacascavellacollida.blogspot.com\/\"><img loading=\"lazy\" decoding=\"async\" class=\"aligncenter size-medium wp-image-3172\" src=\"https:\/\/agora.xtec.cat\/ceipcascavell\/wp-content\/uploads\/usu963\/2024\/02\/aula-d-acollida-300x71.jpg\" alt=\"\" width=\"300\" height=\"71\" srcset=\"https:\/\/agora.xtec.cat\/ceipcascavell\/wp-content\/uploads\/usu963\/2024\/02\/aula-d-acollida-300x71.jpg 300w, https:\/\/agora.xtec.cat\/ceipcascavell\/wp-content\/uploads\/usu963\/2024\/02\/aula-d-acollida-1024x242.jpg 1024w, https:\/\/agora.xtec.cat\/ceipcascavell\/wp-content\/uploads\/usu963\/2024\/02\/aula-d-acollida-768x181.jpg 768w, https:\/\/agora.xtec.cat\/ceipcascavell\/wp-content\/uploads\/usu963\/2024\/02\/aula-d-acollida.jpg 1186w\" sizes=\"auto, (max-width: 300px) 100vw, 300px\" \/><\/a><\/p>\n","protected":false},"excerpt":{"rendered":"<p>L\u2019aula d\u2019acollida \u00e9s un espai dedicat a l\u2019alumnat nouvingut, on tot i que estiguin lluny dels seus pa\u00efsos puguin sentir-se una mica com a casa, compartint moments, experi\u00e8ncies i aprenent la llengua catalana en confian\u00e7a. \u00a0Per aconseguir-ho s\u2019han de tenir en compte els diferents ritmes i s\u2019han d\u2019oferir totes les eines possibles, per aix\u00f2 a [&hellip;]<\/p>\n","protected":false},"author":1,"featured_media":0,"parent":1207,"menu_order":6,"comment_status":"closed","ping_status":"closed","template":"page-templates\/side-menu.php","meta":{"_bbp_topic_count":0,"_bbp_reply_count":0,"_bbp_total_topic_count":0,"_bbp_total_reply_count":0,"_bbp_voice_count":0,"_bbp_anonymous_reply_count":0,"_bbp_topic_count_hidden":0,"_bbp_reply_count_hidden":0,"_bbp_forum_subforum_count":0,"site-sidebar-layout":"default","site-content-layout":"","ast-site-content-layout":"","site-content-style":"default","site-sidebar-style":"default","ast-global-header-display":"","ast-banner-title-visibility":"","ast-main-header-display":"","ast-hfb-above-header-display":"","ast-hfb-below-header-display":"","ast-hfb-mobile-header-display":"","site-post-title":"","ast-breadcrumbs-content":"","ast-featured-img":"","footer-sml-layout":"","theme-transparent-header-meta":"","adv-header-id-meta":"","stick-header-meta":"","header-above-stick-meta":"","header-main-stick-meta":"","header-below-stick-meta":"","astra-migrate-meta-layouts":"default","ast-page-background-enabled":"default","ast-page-background-meta":{"desktop":{"background-color":"var(--ast-global-color-4)","background-image":"","background-repeat":"repeat","background-position":"center center","background-size":"auto","background-attachment":"scroll","background-type":"","background-media":"","overlay-type":"","overlay-color":"","overlay-opacity":"","overlay-gradient":""},"tablet":{"background-color":"","background-image":"","background-repeat":"repeat","background-position":"center center","background-size":"auto","background-attachment":"scroll","background-type":"","background-media":"","overlay-type":"","overlay-color":"","overlay-opacity":"","overlay-gradient":""},"mobile":{"background-color":"","background-image":"","background-repeat":"repeat","background-position":"center center","background-size":"auto","background-attachment":"scroll","background-type":"","background-media":"","overlay-type":"","overlay-color":"","overlay-opacity":"","overlay-gradient":""}},"ast-content-background-meta":{"desktop":{"background-color":"var(--ast-global-color-5)","background-image":"","background-repeat":"repeat","background-position":"center center","background-size":"auto","background-attachment":"scroll","background-type":"","background-media":"","overlay-type":"","overlay-color":"","overlay-opacity":"","overlay-gradient":""},"tablet":{"background-color":"var(--ast-global-color-5)","background-image":"","background-repeat":"repeat","background-position":"center center","background-size":"auto","background-attachment":"scroll","background-type":"","background-media":"","overlay-type":"","overlay-color":"","overlay-opacity":"","overlay-gradient":""},"mobile":{"background-color":"var(--ast-global-color-5)","background-image":"","background-repeat":"repeat","background-position":"center center","background-size":"auto","background-attachment":"scroll","background-type":"","background-media":"","overlay-type":"","overlay-color":"","overlay-opacity":"","overlay-gradient":""}},"footnotes":""},"class_list":["post-1213","page","type-page","status-publish","hentry"],"post_mailing_queue_ids":[],"_links":{"self":[{"href":"https:\/\/agora.xtec.cat\/ceipcascavell\/wp-json\/wp\/v2\/pages\/1213","targetHints":{"allow":["GET"]}}],"collection":[{"href":"https:\/\/agora.xtec.cat\/ceipcascavell\/wp-json\/wp\/v2\/pages"}],"about":[{"href":"https:\/\/agora.xtec.cat\/ceipcascavell\/wp-json\/wp\/v2\/types\/page"}],"author":[{"embeddable":true,"href":"https:\/\/agora.xtec.cat\/ceipcascavell\/wp-json\/wp\/v2\/users\/1"}],"replies":[{"embeddable":true,"href":"https:\/\/agora.xtec.cat\/ceipcascavell\/wp-json\/wp\/v2\/comments?post=1213"}],"version-history":[{"count":6,"href":"https:\/\/agora.xtec.cat\/ceipcascavell\/wp-json\/wp\/v2\/pages\/1213\/revisions"}],"predecessor-version":[{"id":3173,"href":"https:\/\/agora.xtec.cat\/ceipcascavell\/wp-json\/wp\/v2\/pages\/1213\/revisions\/3173"}],"up":[{"embeddable":true,"href":"https:\/\/agora.xtec.cat\/ceipcascavell\/wp-json\/wp\/v2\/pages\/1207"}],"wp:attachment":[{"href":"https:\/\/agora.xtec.cat\/ceipcascavell\/wp-json\/wp\/v2\/media?parent=1213"}],"curies":[{"name":"wp","href":"https:\/\/api.w.org\/{rel}","templated":true}]}}