{"id":84,"date":"2014-09-18T14:11:31","date_gmt":"2014-09-18T13:11:31","guid":{"rendered":"http:\/\/agora.xtec.cat\/ceipcarrassumada\/?page_id=84"},"modified":"2026-04-11T16:27:01","modified_gmt":"2026-04-11T14:27:01","slug":"activitats-extraescolars","status":"publish","type":"page","link":"https:\/\/agora.xtec.cat\/ceipcarrassumada\/serveis\/activitats-extraescolars\/","title":{"rendered":"Tutoria amb fam\u00edlies"},"content":{"rendered":"\n<figure class=\"wp-block-image size-full\"><a href=\"https:\/\/agora.xtec.cat\/ceipcarrassumada\/wp-content\/uploads\/usu380\/2026\/04\/Gemini_Generated_Image_rqdiy5rqdiy5rqdi-1.png\"><img loading=\"lazy\" decoding=\"async\" width=\"428\" height=\"285\" src=\"https:\/\/agora.xtec.cat\/ceipcarrassumada\/wp-content\/uploads\/usu380\/2026\/04\/Gemini_Generated_Image_rqdiy5rqdiy5rqdi-1.png\" alt=\"\" class=\"wp-image-1725\" srcset=\"https:\/\/agora.xtec.cat\/ceipcarrassumada\/wp-content\/uploads\/usu380\/2026\/04\/Gemini_Generated_Image_rqdiy5rqdiy5rqdi-1.png 428w, https:\/\/agora.xtec.cat\/ceipcarrassumada\/wp-content\/uploads\/usu380\/2026\/04\/Gemini_Generated_Image_rqdiy5rqdiy5rqdi-1-300x200.png 300w\" sizes=\"auto, (max-width: 428px) 100vw, 428px\" \/><\/a><\/figure>\n\n\n<blockquote>\n<p data-path-to-node=\"3\">Creiem que l&#8217;\u00e8xit escolar no \u00e9s nom\u00e9s el resultat del treball a l&#8217;aula, sin\u00f3 el fruit d&#8217;una comunicaci\u00f3 fluida\u00a0entre la fam\u00edlia i l&#8217;escola. Quan caminem en la mateixa direcci\u00f3, l&#8217;alumne se sent acompanyat i motivat per assolir els seus reptes.<\/p>\n<p data-path-to-node=\"4\">Aquesta col\u00b7laboraci\u00f3 \u00e9s el pilar fonamental per garantir el benestar emocional i el progr\u00e9s acad\u00e8mic dels nostres infants i joves.<\/p>\n<h3 data-path-to-node=\"5\">\ud83d\udcc5 Horari de Tutories<\/h3>\n<p data-path-to-node=\"6\">Per tal de facilitar aquest espai de trobada, compartir inquietuds i fer el seguiment de l&#8217;evoluci\u00f3 de l&#8217;alumne, el nostre horari d&#8217;atenci\u00f3 a les fam\u00edlies \u00e9s:<\/p>\n<ul data-path-to-node=\"7\">\n<li>\n<p data-path-to-node=\"7,0,0\"><b data-path-to-node=\"7,0,0\" data-index-in-node=\"0\">Dia:<\/b> Tots els dilluns<\/p>\n<\/li>\n<li>\n<p data-path-to-node=\"7,1,0\"><b data-path-to-node=\"7,1,0\" data-index-in-node=\"0\">Hora:<\/b> 12:30 h<\/p>\n<\/li>\n<\/ul>\n<blockquote data-path-to-node=\"8\">\n<p data-path-to-node=\"8,0\"><b data-path-to-node=\"8,0\" data-index-in-node=\"0\">Nota:<\/b> Us recordem que, per oferir-vos una millor atenci\u00f3, cal concertar la cita pr\u00e8viament a trav\u00e9s dels canals habituals de comunicaci\u00f3 del centre.<\/p>\n<\/blockquote>\n<\/blockquote>","protected":false},"excerpt":{"rendered":"<p>Creiem que l&#8217;\u00e8xit escolar no \u00e9s nom\u00e9s el resultat del treball a l&#8217;aula, sin\u00f3 el fruit d&#8217;una comunicaci\u00f3 fluida\u00a0entre la fam\u00edlia i l&#8217;escola. Quan caminem en la mateixa direcci\u00f3, l&#8217;alumne se sent acompanyat i motivat per assolir els seus reptes. Aquesta col\u00b7laboraci\u00f3 \u00e9s el pilar fonamental per garantir el benestar emocional i el progr\u00e9s acad\u00e8mic [&hellip;]<\/p>\n","protected":false},"author":1,"featured_media":0,"parent":66,"menu_order":20,"comment_status":"closed","ping_status":"closed","template":"","meta":{"_bbp_topic_count":0,"_bbp_reply_count":0,"_bbp_total_topic_count":0,"_bbp_total_reply_count":0,"_bbp_voice_count":0,"_bbp_anonymous_reply_count":0,"_bbp_topic_count_hidden":0,"_bbp_reply_count_hidden":0,"_bbp_forum_subforum_count":0,"site-sidebar-layout":"default","site-content-layout":"","ast-site-content-layout":"default","site-content-style":"default","site-sidebar-style":"default","ast-global-header-display":"","ast-banner-title-visibility":"","ast-main-header-display":"","ast-hfb-above-header-display":"","ast-hfb-below-header-display":"","ast-hfb-mobile-header-display":"","site-post-title":"","ast-breadcrumbs-content":"","ast-featured-img":"","footer-sml-layout":"","theme-transparent-header-meta":"","adv-header-id-meta":"","stick-header-meta":"","header-above-stick-meta":"","header-main-stick-meta":"","header-below-stick-meta":"","astra-migrate-meta-layouts":"set","ast-page-background-enabled":"default","ast-page-background-meta":{"desktop":{"background-color":"var(--ast-global-color-4)","background-image":"","background-repeat":"repeat","background-position":"center center","background-size":"auto","background-attachment":"scroll","background-type":"","background-media":"","overlay-type":"","overlay-color":"","overlay-opacity":"","overlay-gradient":""},"tablet":{"background-color":"","background-image":"","background-repeat":"repeat","background-position":"center center","background-size":"auto","background-attachment":"scroll","background-type":"","background-media":"","overlay-type":"","overlay-color":"","overlay-opacity":"","overlay-gradient":""},"mobile":{"background-color":"","background-image":"","background-repeat":"repeat","background-position":"center center","background-size":"auto","background-attachment":"scroll","background-type":"","background-media":"","overlay-type":"","overlay-color":"","overlay-opacity":"","overlay-gradient":""}},"ast-content-background-meta":{"desktop":{"background-color":"var(--ast-global-color-5)","background-image":"","background-repeat":"repeat","background-position":"center center","background-size":"auto","background-attachment":"scroll","background-type":"","background-media":"","overlay-type":"","overlay-color":"","overlay-opacity":"","overlay-gradient":""},"tablet":{"background-color":"var(--ast-global-color-5)","background-image":"","background-repeat":"repeat","background-position":"center center","background-size":"auto","background-attachment":"scroll","background-type":"","background-media":"","overlay-type":"","overlay-color":"","overlay-opacity":"","overlay-gradient":""},"mobile":{"background-color":"var(--ast-global-color-5)","background-image":"","background-repeat":"repeat","background-position":"center center","background-size":"auto","background-attachment":"scroll","background-type":"","background-media":"","overlay-type":"","overlay-color":"","overlay-opacity":"","overlay-gradient":""}},"footnotes":""},"class_list":["post-84","page","type-page","status-publish","hentry"],"post_mailing_queue_ids":[],"_links":{"self":[{"href":"https:\/\/agora.xtec.cat\/ceipcarrassumada\/wp-json\/wp\/v2\/pages\/84","targetHints":{"allow":["GET"]}}],"collection":[{"href":"https:\/\/agora.xtec.cat\/ceipcarrassumada\/wp-json\/wp\/v2\/pages"}],"about":[{"href":"https:\/\/agora.xtec.cat\/ceipcarrassumada\/wp-json\/wp\/v2\/types\/page"}],"author":[{"embeddable":true,"href":"https:\/\/agora.xtec.cat\/ceipcarrassumada\/wp-json\/wp\/v2\/users\/1"}],"replies":[{"embeddable":true,"href":"https:\/\/agora.xtec.cat\/ceipcarrassumada\/wp-json\/wp\/v2\/comments?post=84"}],"version-history":[{"count":5,"href":"https:\/\/agora.xtec.cat\/ceipcarrassumada\/wp-json\/wp\/v2\/pages\/84\/revisions"}],"predecessor-version":[{"id":1727,"href":"https:\/\/agora.xtec.cat\/ceipcarrassumada\/wp-json\/wp\/v2\/pages\/84\/revisions\/1727"}],"up":[{"embeddable":true,"href":"https:\/\/agora.xtec.cat\/ceipcarrassumada\/wp-json\/wp\/v2\/pages\/66"}],"wp:attachment":[{"href":"https:\/\/agora.xtec.cat\/ceipcarrassumada\/wp-json\/wp\/v2\/media?parent=84"}],"curies":[{"name":"wp","href":"https:\/\/api.w.org\/{rel}","templated":true}]}}