{"id":32,"date":"2014-09-17T12:31:33","date_gmt":"2014-09-17T10:31:33","guid":{"rendered":"http:\/\/agora.xtec.cat\/ceipcarrassumada\/?page_id=32"},"modified":"2025-09-13T10:28:37","modified_gmt":"2025-09-13T08:28:37","slug":"calendari-del-curs","status":"publish","type":"page","link":"https:\/\/agora.xtec.cat\/ceipcarrassumada\/lescola\/calendari-del-curs\/","title":{"rendered":"Calendari i horari"},"content":{"rendered":"<h2><\/h2>\n<h3><span style=\"text-decoration: underline;\"><a href=\"https:\/\/agora.xtec.cat\/ceipcarrassumada\/wp-content\/uploads\/usu380\/2025\/07\/Calendari-del-curs-2025-26.pdf\">Cliqueu aqu\u00ed per veure el calendari<\/a><\/span><\/h3>\n<p>&nbsp;<\/p>\n<h3>Inici classes: 8 setembre 2025<\/h3>\n<h5>Horari infantil i prim\u00e0ria:<\/h5>\n<p>MAT\u00cd<br \/>\n9:00h a 12 :30h<\/p>\n<p>TARDA<br \/>\n15:00h a 16:30h<\/p>\n<h5><strong>Jornada compactada:<\/strong><\/h5>\n<h5><strong>19 de desembre\u00a0<\/strong><\/h5>\n<h5><strong>del 8 al 19 juny<\/strong><\/h5>\n<p>Es realitza horari compactat de 9h a 13h. Fins les 15h els alumnes amb servei de menjador.<\/p>\n<p>&nbsp;<\/p>\n<p>&nbsp;<\/p>\n<p>&nbsp;<\/p>\n<p>&nbsp;<\/p>\n","protected":false},"excerpt":{"rendered":"<p>Cliqueu aqu\u00ed per veure el calendari &nbsp; Inici classes: 8 setembre 2025 Horari infantil i prim\u00e0ria: MAT\u00cd 9:00h a 12 :30h TARDA 15:00h a 16:30h Jornada compactada: 19 de desembre\u00a0 del 8 al 19 juny Es realitza horari compactat de 9h a 13h. Fins les 15h els alumnes amb servei de menjador. &nbsp; &nbsp; &nbsp; [&hellip;]<\/p>\n","protected":false},"author":1,"featured_media":0,"parent":22,"menu_order":40,"comment_status":"closed","ping_status":"closed","template":"page-templates\/side-menu.php","meta":{"_bbp_topic_count":0,"_bbp_reply_count":0,"_bbp_total_topic_count":0,"_bbp_total_reply_count":0,"_bbp_voice_count":0,"_bbp_anonymous_reply_count":0,"_bbp_topic_count_hidden":0,"_bbp_reply_count_hidden":0,"_bbp_forum_subforum_count":0,"site-sidebar-layout":"default","site-content-layout":"","ast-site-content-layout":"","site-content-style":"default","site-sidebar-style":"default","ast-global-header-display":"","ast-banner-title-visibility":"","ast-main-header-display":"","ast-hfb-above-header-display":"","ast-hfb-below-header-display":"","ast-hfb-mobile-header-display":"","site-post-title":"","ast-breadcrumbs-content":"","ast-featured-img":"","footer-sml-layout":"","theme-transparent-header-meta":"","adv-header-id-meta":"","stick-header-meta":"","header-above-stick-meta":"","header-main-stick-meta":"","header-below-stick-meta":"","astra-migrate-meta-layouts":"default","ast-page-background-enabled":"default","ast-page-background-meta":{"desktop":{"background-color":"var(--ast-global-color-4)","background-image":"","background-repeat":"repeat","background-position":"center center","background-size":"auto","background-attachment":"scroll","background-type":"","background-media":"","overlay-type":"","overlay-color":"","overlay-opacity":"","overlay-gradient":""},"tablet":{"background-color":"","background-image":"","background-repeat":"repeat","background-position":"center center","background-size":"auto","background-attachment":"scroll","background-type":"","background-media":"","overlay-type":"","overlay-color":"","overlay-opacity":"","overlay-gradient":""},"mobile":{"background-color":"","background-image":"","background-repeat":"repeat","background-position":"center center","background-size":"auto","background-attachment":"scroll","background-type":"","background-media":"","overlay-type":"","overlay-color":"","overlay-opacity":"","overlay-gradient":""}},"ast-content-background-meta":{"desktop":{"background-color":"var(--ast-global-color-5)","background-image":"","background-repeat":"repeat","background-position":"center center","background-size":"auto","background-attachment":"scroll","background-type":"","background-media":"","overlay-type":"","overlay-color":"","overlay-opacity":"","overlay-gradient":""},"tablet":{"background-color":"var(--ast-global-color-5)","background-image":"","background-repeat":"repeat","background-position":"center center","background-size":"auto","background-attachment":"scroll","background-type":"","background-media":"","overlay-type":"","overlay-color":"","overlay-opacity":"","overlay-gradient":""},"mobile":{"background-color":"var(--ast-global-color-5)","background-image":"","background-repeat":"repeat","background-position":"center center","background-size":"auto","background-attachment":"scroll","background-type":"","background-media":"","overlay-type":"","overlay-color":"","overlay-opacity":"","overlay-gradient":""}},"footnotes":""},"class_list":["post-32","page","type-page","status-publish","hentry"],"post_mailing_queue_ids":[],"_links":{"self":[{"href":"https:\/\/agora.xtec.cat\/ceipcarrassumada\/wp-json\/wp\/v2\/pages\/32","targetHints":{"allow":["GET"]}}],"collection":[{"href":"https:\/\/agora.xtec.cat\/ceipcarrassumada\/wp-json\/wp\/v2\/pages"}],"about":[{"href":"https:\/\/agora.xtec.cat\/ceipcarrassumada\/wp-json\/wp\/v2\/types\/page"}],"author":[{"embeddable":true,"href":"https:\/\/agora.xtec.cat\/ceipcarrassumada\/wp-json\/wp\/v2\/users\/1"}],"replies":[{"embeddable":true,"href":"https:\/\/agora.xtec.cat\/ceipcarrassumada\/wp-json\/wp\/v2\/comments?post=32"}],"version-history":[{"count":6,"href":"https:\/\/agora.xtec.cat\/ceipcarrassumada\/wp-json\/wp\/v2\/pages\/32\/revisions"}],"predecessor-version":[{"id":1505,"href":"https:\/\/agora.xtec.cat\/ceipcarrassumada\/wp-json\/wp\/v2\/pages\/32\/revisions\/1505"}],"up":[{"embeddable":true,"href":"https:\/\/agora.xtec.cat\/ceipcarrassumada\/wp-json\/wp\/v2\/pages\/22"}],"wp:attachment":[{"href":"https:\/\/agora.xtec.cat\/ceipcarrassumada\/wp-json\/wp\/v2\/media?parent=32"}],"curies":[{"name":"wp","href":"https:\/\/api.w.org\/{rel}","templated":true}]}}