{"id":26,"date":"2014-09-18T12:24:32","date_gmt":"2014-09-18T11:24:32","guid":{"rendered":"http:\/\/agora.xtec.cat\/ceipcarrassumada\/?page_id=26"},"modified":"2026-04-15T20:35:36","modified_gmt":"2026-04-15T18:35:36","slug":"historia","status":"publish","type":"page","link":"https:\/\/agora.xtec.cat\/ceipcarrassumada\/lescola\/historia\/","title":{"rendered":"Qui som"},"content":{"rendered":"<table style=\"height: 183px;\" width=\"411\">\n<tbody>\n<tr>\n<td colspan=\"2\">\n<h4 style=\"text-align: center;\">EQUIP DIRECTIU<\/h4>\n<\/td>\n<\/tr>\n<tr>\n<td colspan=\"2\">\n<h4 style=\"text-align: center;\"><\/h4>\n<\/td>\n<\/tr>\n<tr>\n<td><strong>Directora<\/strong><\/td>\n<td>Al\u00edcia R.<\/td>\n<\/tr>\n<tr>\n<td><strong>Cap d&#8217;Estudis<\/strong><\/td>\n<td>M\u00edriam F.<\/td>\n<\/tr>\n<tr>\n<td><strong>Secret\u00e0ria<\/strong><\/td>\n<td>Dolors B.<\/td>\n<\/tr>\n<\/tbody>\n<\/table>\n<table style=\"height: 718px; width: 40.5388%;\" width=\"413\">\n<tbody>\n<tr style=\"height: 49px;\">\n<td style=\"height: 49px; width: 407px;\" colspan=\"2\">\n<h4 style=\"text-align: center;\">PROFESSORS DEL CENTRE<\/h4>\n<\/td>\n<\/tr>\n<tr style=\"height: 46px;\">\n<td style=\"height: 46px; width: 407px;\" colspan=\"2\">\n<h6 style=\"text-align: center;\">TUTORS\/ES<\/h6>\n<\/td>\n<\/tr>\n<tr style=\"height: 34px;\">\n<td style=\"height: 34px; width: 182px;\"><strong>I3<\/strong><\/td>\n<td style=\"height: 34px; width: 223px;\">N\u00faria G<\/td>\n<\/tr>\n<tr style=\"height: 34px;\">\n<td style=\"height: 34px; width: 182px;\"><strong>I4<\/strong><\/td>\n<td style=\"height: 34px; width: 223px;\">Ariadna R.<\/td>\n<\/tr>\n<tr style=\"height: 34px;\">\n<td style=\"height: 34px; width: 182px;\"><strong>I5-A<\/strong><strong>I5-B<\/strong><\/td>\n<td style=\"height: 34px; width: 223px;\">Montse A.J\u00e9ssica F.<\/td>\n<\/tr>\n<tr style=\"height: 34px;\">\n<td style=\"height: 34px; width: 182px;\"><strong>1r<\/strong><\/td>\n<td style=\"height: 34px; width: 223px;\">Nat\u00e0lia C.<\/td>\n<\/tr>\n<tr style=\"height: 34px;\">\n<td style=\"height: 34px; width: 182px;\"><strong>2n<\/strong><\/td>\n<td style=\"height: 34px; width: 223px;\">Neus Ll.<\/td>\n<\/tr>\n<tr style=\"height: 34px;\">\n<td style=\"height: 34px; width: 182px;\"><strong>3r<\/strong><\/td>\n<td style=\"height: 34px; width: 223px;\">S\u00f2nia F.<\/td>\n<\/tr>\n<tr style=\"height: 34px;\">\n<td style=\"height: 34px; width: 182px;\"><strong>4t<\/strong><\/td>\n<td style=\"height: 34px; width: 223px;\">T\u00e0nia D<\/td>\n<\/tr>\n<tr style=\"height: 34px;\">\n<td style=\"height: 34px; width: 182px;\"><strong>5\u00e8<\/strong><\/td>\n<td style=\"height: 34px; width: 223px;\">Esther P.<\/td>\n<\/tr>\n<tr style=\"height: 34px;\">\n<td style=\"height: 34px; width: 182px;\"><strong>6\u00e8<\/strong><\/td>\n<td style=\"height: 34px; width: 223px;\">Igor S.<\/td>\n<\/tr>\n<tr style=\"height: 46px;\">\n<td style=\"height: 46px; width: 407px;\" colspan=\"2\">\n<h6 style=\"text-align: center;\">ESPECIALISTES<\/h6>\n<\/td>\n<\/tr>\n<tr style=\"height: 33px;\">\n<td style=\"width: 182px; height: 33px;\"><strong>Refor\u00e7 infantil<\/strong><\/td>\n<td style=\"width: 223px; height: 33px;\">Antonieta M.<\/td>\n<\/tr>\n<tr style=\"height: 34px;\">\n<td style=\"height: 34px; width: 182px;\"><strong>Angl\u00e8s (E.I)<\/strong><\/td>\n<td style=\"height: 34px; width: 223px;\">Marc B.<\/td>\n<\/tr>\n<tr style=\"height: 34px;\">\n<td style=\"height: 34px; width: 182px;\"><strong style=\"background-color: #f9f9f9;\">Angl\u00e8s ( PRI)<\/strong><\/td>\n<td style=\"height: 34px; width: 223px;\"><span style=\"background-color: #f9f9f9;\">Marc\u00a0 B.<\/span><\/td>\n<\/tr>\n<tr style=\"height: 34px;\">\n<td style=\"height: 34px; width: 182px;\"><strong style=\"background-color: #ffffff;\">Educaci\u00f3 F\u00edsica<\/strong><\/td>\n<td style=\"height: 34px; width: 223px;\"><span style=\"background-color: #ffffff;\">Dolors B.<\/span><\/td>\n<\/tr>\n<tr style=\"height: 34px;\">\n<td style=\"height: 34px; width: 182px;\"><strong style=\"background-color: #f9f9f9;\">Educaci\u00f3 Especial<\/strong><\/td>\n<td style=\"height: 34px; width: 223px;\"><span style=\"background-color: #f9f9f9;\">M\u00edriam F.<\/span><\/td>\n<\/tr>\n<tr style=\"height: 34px;\">\n<td style=\"height: 34px; width: 182px;\"><strong style=\"background-color: #ffffff;\">Religi\u00f3<\/strong><\/td>\n<td style=\"height: 34px; width: 223px;\"><span style=\"background-color: #ffffff;\">Rosa A.<\/span><\/td>\n<\/tr>\n<tr style=\"height: 36px;\">\n<td style=\"width: 182px; height: 36px;\"><strong style=\"background-color: #f9f9f9;\">Educaci\u00f3 musical<\/strong><\/td>\n<td style=\"width: 223px; height: 36px;\"><span style=\"background-color: #f9f9f9;\">Isolda B.<\/span><\/td>\n<\/tr>\n<tr style=\"height: 32px;\">\n<td style=\"width: 182px; height: 32px;\"><strong>Refor\u00e7 prim\u00e0ria<br \/>\n<\/strong><\/td>\n<td style=\"width: 223px; height: 32px;\">Al\u00edcia R.<\/td>\n<\/tr>\n<\/tbody>\n<\/table>\n<table style=\"width: 40.3439%;\">\n<tbody>\n<tr>\n<td style=\"width: 143.01%;\" colspan=\"2\">\n<h4 style=\"text-align: center;\">ALTRES PROFESSIONALS<\/h4>\n<\/td>\n<\/tr>\n<tr>\n<td style=\"width: 45.2523%;\">\u00a0<strong>TEI<\/strong><\/td>\n<td style=\"width: 97.7581%;\">Marta N.<\/td>\n<\/tr>\n<tr>\n<td style=\"width: 45.2523%;\"><strong>Auxiliar d&#8217;Educaci\u00f3 Especial<\/strong><\/td>\n<td style=\"width: 97.7581%;\">\u00a0Adelina G.Iris U.<\/td>\n<\/tr>\n<\/tbody>\n<\/table>\n<table style=\"height: 229px; width: 40.6291%;\" width=\"416\">\n<tbody>\n<tr style=\"height: 97px;\">\n<td style=\"height: 97px; width: 94.2993%;\" colspan=\"2\">\n<h4 style=\"text-align: center;\">PERSONAL NO DOCENT<\/h4>\n<\/td>\n<\/tr>\n<tr style=\"height: 33px;\">\n<td style=\"height: 33px; width: 37.2922%;\"><strong>Administrativa<\/strong><\/td>\n<td style=\"height: 33px; width: 57.0071%;\">Isabel<\/td>\n<\/tr>\n<tr style=\"height: 33px;\">\n<td style=\"height: 33px; width: 37.2922%;\"><strong>Conserge<\/strong><\/td>\n<td style=\"height: 33px; width: 57.0071%;\">Carina<\/td>\n<\/tr>\n<tr style=\"height: 33px;\">\n<td style=\"height: 33px; width: 37.2922%;\"><strong>Cuineres<\/strong><\/td>\n<td style=\"height: 33px; width: 57.0071%;\">Olga G.\/ M.Carme R.<\/td>\n<\/tr>\n<tr>\n<td style=\"width: 37.2922%;\"><strong>Monitores menjador<\/strong><\/td>\n<td style=\"width: 57.0071%;\">Montse \/M\u00aa \u00c0ngels \/ Ver\u00f2nica \/ Maite\/ Meri<\/td>\n<\/tr>\n<\/tbody>\n<\/table>\n","protected":false},"excerpt":{"rendered":"<p>EQUIP DIRECTIU Directora Al\u00edcia R. Cap d&#8217;Estudis M\u00edriam F. Secret\u00e0ria Dolors B. PROFESSORS DEL CENTRE TUTORS\/ES I3 N\u00faria G I4 Ariadna R. I5-AI5-B Montse A.J\u00e9ssica F. 1r Nat\u00e0lia C. 2n Neus Ll. 3r S\u00f2nia F. 4t T\u00e0nia D 5\u00e8 Esther P. 6\u00e8 Igor S. ESPECIALISTES Refor\u00e7 infantil Antonieta M. Angl\u00e8s (E.I) Marc B. Angl\u00e8s ( [&hellip;]<\/p>\n","protected":false},"author":1,"featured_media":0,"parent":22,"menu_order":20,"comment_status":"closed","ping_status":"closed","template":"","meta":{"_bbp_topic_count":0,"_bbp_reply_count":0,"_bbp_total_topic_count":0,"_bbp_total_reply_count":0,"_bbp_voice_count":0,"_bbp_anonymous_reply_count":0,"_bbp_topic_count_hidden":0,"_bbp_reply_count_hidden":0,"_bbp_forum_subforum_count":0,"site-sidebar-layout":"default","site-content-layout":"","ast-site-content-layout":"default","site-content-style":"default","site-sidebar-style":"default","ast-global-header-display":"","ast-banner-title-visibility":"","ast-main-header-display":"","ast-hfb-above-header-display":"","ast-hfb-below-header-display":"","ast-hfb-mobile-header-display":"","site-post-title":"","ast-breadcrumbs-content":"","ast-featured-img":"","footer-sml-layout":"","theme-transparent-header-meta":"default","adv-header-id-meta":"","stick-header-meta":"","header-above-stick-meta":"","header-main-stick-meta":"","header-below-stick-meta":"","astra-migrate-meta-layouts":"set","ast-page-background-enabled":"default","ast-page-background-meta":{"desktop":{"background-color":"var(--ast-global-color-4)","background-image":"","background-repeat":"repeat","background-position":"center center","background-size":"auto","background-attachment":"scroll","background-type":"","background-media":"","overlay-type":"","overlay-color":"","overlay-opacity":"","overlay-gradient":""},"tablet":{"background-color":"","background-image":"","background-repeat":"repeat","background-position":"center center","background-size":"auto","background-attachment":"scroll","background-type":"","background-media":"","overlay-type":"","overlay-color":"","overlay-opacity":"","overlay-gradient":""},"mobile":{"background-color":"","background-image":"","background-repeat":"repeat","background-position":"center center","background-size":"auto","background-attachment":"scroll","background-type":"","background-media":"","overlay-type":"","overlay-color":"","overlay-opacity":"","overlay-gradient":""}},"ast-content-background-meta":{"desktop":{"background-color":"var(--ast-global-color-5)","background-image":"","background-repeat":"repeat","background-position":"center center","background-size":"auto","background-attachment":"scroll","background-type":"","background-media":"","overlay-type":"","overlay-color":"","overlay-opacity":"","overlay-gradient":""},"tablet":{"background-color":"var(--ast-global-color-5)","background-image":"","background-repeat":"repeat","background-position":"center center","background-size":"auto","background-attachment":"scroll","background-type":"","background-media":"","overlay-type":"","overlay-color":"","overlay-opacity":"","overlay-gradient":""},"mobile":{"background-color":"var(--ast-global-color-5)","background-image":"","background-repeat":"repeat","background-position":"center center","background-size":"auto","background-attachment":"scroll","background-type":"","background-media":"","overlay-type":"","overlay-color":"","overlay-opacity":"","overlay-gradient":""}},"footnotes":""},"class_list":["post-26","page","type-page","status-publish","hentry"],"post_mailing_queue_ids":[],"_links":{"self":[{"href":"https:\/\/agora.xtec.cat\/ceipcarrassumada\/wp-json\/wp\/v2\/pages\/26","targetHints":{"allow":["GET"]}}],"collection":[{"href":"https:\/\/agora.xtec.cat\/ceipcarrassumada\/wp-json\/wp\/v2\/pages"}],"about":[{"href":"https:\/\/agora.xtec.cat\/ceipcarrassumada\/wp-json\/wp\/v2\/types\/page"}],"author":[{"embeddable":true,"href":"https:\/\/agora.xtec.cat\/ceipcarrassumada\/wp-json\/wp\/v2\/users\/1"}],"replies":[{"embeddable":true,"href":"https:\/\/agora.xtec.cat\/ceipcarrassumada\/wp-json\/wp\/v2\/comments?post=26"}],"version-history":[{"count":6,"href":"https:\/\/agora.xtec.cat\/ceipcarrassumada\/wp-json\/wp\/v2\/pages\/26\/revisions"}],"predecessor-version":[{"id":1833,"href":"https:\/\/agora.xtec.cat\/ceipcarrassumada\/wp-json\/wp\/v2\/pages\/26\/revisions\/1833"}],"up":[{"embeddable":true,"href":"https:\/\/agora.xtec.cat\/ceipcarrassumada\/wp-json\/wp\/v2\/pages\/22"}],"wp:attachment":[{"href":"https:\/\/agora.xtec.cat\/ceipcarrassumada\/wp-json\/wp\/v2\/media?parent=26"}],"curies":[{"name":"wp","href":"https:\/\/api.w.org\/{rel}","templated":true}]}}