{"id":219,"date":"2015-12-15T16:34:02","date_gmt":"2015-12-15T15:34:02","guid":{"rendered":"http:\/\/agora.xtec.cat\/ceipcarrassumada\/?page_id=219"},"modified":"2026-04-11T21:46:30","modified_gmt":"2026-04-11T19:46:30","slug":"escola-verda","status":"publish","type":"page","link":"https:\/\/agora.xtec.cat\/ceipcarrassumada\/projecte-educatiu\/escola-verda\/","title":{"rendered":"Escola verda"},"content":{"rendered":"\n<figure class=\"wp-block-image size-large\"><a href=\"https:\/\/agora.xtec.cat\/ceipcarrassumada\/wp-content\/uploads\/usu380\/2026\/04\/escola-verda.png\"><img loading=\"lazy\" decoding=\"async\" width=\"1024\" height=\"486\" src=\"https:\/\/agora.xtec.cat\/ceipcarrassumada\/wp-content\/uploads\/usu380\/2026\/04\/escola-verda-1024x486.png\" alt=\"\" class=\"wp-image-1758\" srcset=\"https:\/\/agora.xtec.cat\/ceipcarrassumada\/wp-content\/uploads\/usu380\/2026\/04\/escola-verda-1024x486.png 1024w, https:\/\/agora.xtec.cat\/ceipcarrassumada\/wp-content\/uploads\/usu380\/2026\/04\/escola-verda-300x142.png 300w, https:\/\/agora.xtec.cat\/ceipcarrassumada\/wp-content\/uploads\/usu380\/2026\/04\/escola-verda-768x365.png 768w, https:\/\/agora.xtec.cat\/ceipcarrassumada\/wp-content\/uploads\/usu380\/2026\/04\/escola-verda.png 1177w\" sizes=\"auto, (max-width: 1024px) 100vw, 1024px\" \/><\/a><\/figure>\n\n\n<p>Formem part de la xarxa <strong>d\u2019Escoles Verdes<\/strong> i duem a terme activitats relacionades amb\u00a0 el tema d\u2019educaci\u00f3 ambiental, com sensibilitzaci\u00f3 amb temes de reciclatge, consum responsable, reutilitzaci\u00f3, ecologia, estalvi energ\u00e8tic,\u00a0 etc.<\/p>\n<p>Aquest curs continuem dins del Projecte del Consell Comarcal del Segri\u00e0: \u201cReduir, Reciclar i Reutilitzar et fa gran!!!\u201d.<\/p>\n<p>Creiem que la col\u00b7laboraci\u00f3 de fam\u00edlies en la sensibilitzaci\u00f3 en aquest aspecte, \u00e9s molt important en la formaci\u00f3 dels nostre alumnat en\u00a0 relaci\u00f3 a l\u2019educaci\u00f3 ambiental.<\/p>\n<p>Tots els nens i nenes de l\u2019escola porten una tovalloleta de roba per eixugar-se les mans, per tal d\u2019estalviar paper de mans d\u2019un sol \u00fas.<\/p>\n<p>Esperem que les fam\u00edlies continueu col\u00b7laborant amb l\u2019escola\u00a0 i utilitzeu embolcalls no contaminants: carmanyola, paper de cuina&#8230;\u00a0 i evitem el paper d\u2019alumini i els brics. Tamb\u00e9 recomanem que els esmorzars siguin el m\u00e9s saludables possible, evitant la\u00a0 \u201c rebosteria industrial \u201d\u00a0\u00a0 ja que est\u00e0 demostrat que no \u00e9s\u00a0 gens benefici\u00f3s per la salut.<\/p>\n<p>Continuem tenint el <strong>dimecres i divendres <\/strong>com el <strong>dies de la fruita<\/strong>, per tant aquests dies tots els nens\/es de l\u2019escola esmorzaran una pe\u00e7a de fruita.<\/p>\n<p>L\u2019escola participa en el \u201c<strong>programa de consum de fruites i verdures<\/strong>\u201d promogut des del Departament d\u2019Agricultura i Medi Ambient. Per tant <u>peri\u00f2dicament<\/u> rebrem fruita que es distribuir\u00e0 entre l\u2019alumnat de prim\u00e0ria a les hores d\u2019esmorzar.<\/p>\n<p>Com ja sabeu tamb\u00e9 tenim el nostre <strong>hort escolar<\/strong> i des del programa d\u2019educaci\u00f3 ambiental es dissenyen\u00a0 activitats i es vetlla pel seu funcionament i la seva conservaci\u00f3. En aquesta tasca col\u00b7labora habitualment <strong>l\u2019Ajuntament<\/strong> i comptem amb la participaci\u00f3 d\u2019una colla de <strong>padrins del poble<\/strong> que ens assessoren amb la seva inestimable experi\u00e8ncia.<\/p>\n<p>\u00a0<\/p>\n<p>\u00a0<\/p>","protected":false},"excerpt":{"rendered":"<p>Formem part de la xarxa d\u2019Escoles Verdes i duem a terme activitats relacionades amb\u00a0 el tema d\u2019educaci\u00f3 ambiental, com sensibilitzaci\u00f3 amb temes de reciclatge, consum responsable, reutilitzaci\u00f3, ecologia, estalvi energ\u00e8tic,\u00a0 etc. Aquest curs continuem dins del Projecte del Consell Comarcal del Segri\u00e0: \u201cReduir, Reciclar i Reutilitzar et fa gran!!!\u201d. Creiem que la col\u00b7laboraci\u00f3 de fam\u00edlies [&hellip;]<\/p>\n","protected":false},"author":1,"featured_media":0,"parent":64,"menu_order":10,"comment_status":"closed","ping_status":"closed","template":"","meta":{"_bbp_topic_count":0,"_bbp_reply_count":0,"_bbp_total_topic_count":0,"_bbp_total_reply_count":0,"_bbp_voice_count":0,"_bbp_anonymous_reply_count":0,"_bbp_topic_count_hidden":0,"_bbp_reply_count_hidden":0,"_bbp_forum_subforum_count":0,"site-sidebar-layout":"default","site-content-layout":"","ast-site-content-layout":"default","site-content-style":"default","site-sidebar-style":"default","ast-global-header-display":"","ast-banner-title-visibility":"","ast-main-header-display":"","ast-hfb-above-header-display":"","ast-hfb-below-header-display":"","ast-hfb-mobile-header-display":"","site-post-title":"","ast-breadcrumbs-content":"","ast-featured-img":"","footer-sml-layout":"","theme-transparent-header-meta":"","adv-header-id-meta":"","stick-header-meta":"","header-above-stick-meta":"","header-main-stick-meta":"","header-below-stick-meta":"","astra-migrate-meta-layouts":"set","ast-page-background-enabled":"default","ast-page-background-meta":{"desktop":{"background-color":"var(--ast-global-color-4)","background-image":"","background-repeat":"repeat","background-position":"center center","background-size":"auto","background-attachment":"scroll","background-type":"","background-media":"","overlay-type":"","overlay-color":"","overlay-opacity":"","overlay-gradient":""},"tablet":{"background-color":"","background-image":"","background-repeat":"repeat","background-position":"center center","background-size":"auto","background-attachment":"scroll","background-type":"","background-media":"","overlay-type":"","overlay-color":"","overlay-opacity":"","overlay-gradient":""},"mobile":{"background-color":"","background-image":"","background-repeat":"repeat","background-position":"center center","background-size":"auto","background-attachment":"scroll","background-type":"","background-media":"","overlay-type":"","overlay-color":"","overlay-opacity":"","overlay-gradient":""}},"ast-content-background-meta":{"desktop":{"background-color":"var(--ast-global-color-5)","background-image":"","background-repeat":"repeat","background-position":"center center","background-size":"auto","background-attachment":"scroll","background-type":"","background-media":"","overlay-type":"","overlay-color":"","overlay-opacity":"","overlay-gradient":""},"tablet":{"background-color":"var(--ast-global-color-5)","background-image":"","background-repeat":"repeat","background-position":"center center","background-size":"auto","background-attachment":"scroll","background-type":"","background-media":"","overlay-type":"","overlay-color":"","overlay-opacity":"","overlay-gradient":""},"mobile":{"background-color":"var(--ast-global-color-5)","background-image":"","background-repeat":"repeat","background-position":"center center","background-size":"auto","background-attachment":"scroll","background-type":"","background-media":"","overlay-type":"","overlay-color":"","overlay-opacity":"","overlay-gradient":""}},"footnotes":""},"class_list":["post-219","page","type-page","status-publish","hentry"],"post_mailing_queue_ids":[],"_links":{"self":[{"href":"https:\/\/agora.xtec.cat\/ceipcarrassumada\/wp-json\/wp\/v2\/pages\/219","targetHints":{"allow":["GET"]}}],"collection":[{"href":"https:\/\/agora.xtec.cat\/ceipcarrassumada\/wp-json\/wp\/v2\/pages"}],"about":[{"href":"https:\/\/agora.xtec.cat\/ceipcarrassumada\/wp-json\/wp\/v2\/types\/page"}],"author":[{"embeddable":true,"href":"https:\/\/agora.xtec.cat\/ceipcarrassumada\/wp-json\/wp\/v2\/users\/1"}],"replies":[{"embeddable":true,"href":"https:\/\/agora.xtec.cat\/ceipcarrassumada\/wp-json\/wp\/v2\/comments?post=219"}],"version-history":[{"count":6,"href":"https:\/\/agora.xtec.cat\/ceipcarrassumada\/wp-json\/wp\/v2\/pages\/219\/revisions"}],"predecessor-version":[{"id":1761,"href":"https:\/\/agora.xtec.cat\/ceipcarrassumada\/wp-json\/wp\/v2\/pages\/219\/revisions\/1761"}],"up":[{"embeddable":true,"href":"https:\/\/agora.xtec.cat\/ceipcarrassumada\/wp-json\/wp\/v2\/pages\/64"}],"wp:attachment":[{"href":"https:\/\/agora.xtec.cat\/ceipcarrassumada\/wp-json\/wp\/v2\/media?parent=219"}],"curies":[{"name":"wp","href":"https:\/\/api.w.org\/{rel}","templated":true}]}}