{"id":1657,"date":"2026-04-11T14:05:01","date_gmt":"2026-04-11T12:05:01","guid":{"rendered":"https:\/\/agora.xtec.cat\/ceipcarrassumada\/?page_id=1657"},"modified":"2026-04-11T16:22:26","modified_gmt":"2026-04-11T14:22:26","slug":"estrategia-digital-de-centre-edc","status":"publish","type":"page","link":"https:\/\/agora.xtec.cat\/ceipcarrassumada\/documents-de-centre\/estrategia-digital-de-centre-edc\/","title":{"rendered":"ESTRAT\u00c8GIA DIGITAL DE CENTRE (EDC)"},"content":{"rendered":"\n<figure class=\"wp-block-image size-full is-resized\"><a href=\"https:\/\/agora.xtec.cat\/ceipcarrassumada\/wp-content\/uploads\/usu380\/2026\/04\/Gemini_Generated_Image_8hu6ge8hu6ge8hu6-1.png\"><img loading=\"lazy\" decoding=\"async\" width=\"428\" height=\"285\" src=\"https:\/\/agora.xtec.cat\/ceipcarrassumada\/wp-content\/uploads\/usu380\/2026\/04\/Gemini_Generated_Image_8hu6ge8hu6ge8hu6-1.png\" alt=\"\" class=\"wp-image-1722\" style=\"width:229px;height:auto\" srcset=\"https:\/\/agora.xtec.cat\/ceipcarrassumada\/wp-content\/uploads\/usu380\/2026\/04\/Gemini_Generated_Image_8hu6ge8hu6ge8hu6-1.png 428w, https:\/\/agora.xtec.cat\/ceipcarrassumada\/wp-content\/uploads\/usu380\/2026\/04\/Gemini_Generated_Image_8hu6ge8hu6ge8hu6-1-300x200.png 300w\" sizes=\"auto, (max-width: 428px) 100vw, 428px\" \/><\/a><\/figure>\n\n\n\n<p>L&#8217;estrat\u00e8gia digital de centre (EDC) defineix i concreta les l\u00ednies d&#8217;actuaci\u00f3 d&#8217;un centre que fan possible que docents, alumnat i centre assoleixin la compet\u00e8ncia digital. Per aconseguir aquesta compet\u00e8ncia digital, l&#8217;EDC compr\u00e8n tots els \u00e0mbits del centre: organitzatius, metodol\u00f2gics, curriculars i comunicatius, els quals s&#8217;han de veure necess\u00e0riament implicats i, si escau, transformats, des d\u2019una perspectiva d&#8217;innovaci\u00f3 i de millora cont\u00ednua.<\/p>\n\n\n\n<p>Per saber m\u00e9s, feu clic a la imatge.<\/p>\n\n\n\n<figure class=\"wp-block-image size-full is-resized\"><a href=\"https:\/\/sites.google.com\/xtec.cat\/edcescolacarrassumada\/edc\"><img loading=\"lazy\" decoding=\"async\" width=\"819\" height=\"574\" src=\"https:\/\/agora.xtec.cat\/ceipcarrassumada\/wp-content\/uploads\/usu380\/2026\/04\/IMATGE-EDC.png\" alt=\"\" class=\"wp-image-1661\" style=\"width:478px;height:auto\" srcset=\"https:\/\/agora.xtec.cat\/ceipcarrassumada\/wp-content\/uploads\/usu380\/2026\/04\/IMATGE-EDC.png 819w, https:\/\/agora.xtec.cat\/ceipcarrassumada\/wp-content\/uploads\/usu380\/2026\/04\/IMATGE-EDC-300x210.png 300w, https:\/\/agora.xtec.cat\/ceipcarrassumada\/wp-content\/uploads\/usu380\/2026\/04\/IMATGE-EDC-768x538.png 768w\" sizes=\"auto, (max-width: 819px) 100vw, 819px\" \/><\/a><\/figure>\n","protected":false},"excerpt":{"rendered":"<p>L&#8217;estrat\u00e8gia digital de centre (EDC) defineix i concreta les l\u00ednies d&#8217;actuaci\u00f3 d&#8217;un centre que fan possible que docents, alumnat i centre assoleixin la compet\u00e8ncia digital. Per aconseguir aquesta compet\u00e8ncia digital, l&#8217;EDC compr\u00e8n tots els \u00e0mbits del centre: organitzatius, metodol\u00f2gics, curriculars i comunicatius, els quals s&#8217;han de veure necess\u00e0riament implicats i, si escau, transformats, des d\u2019una [&hellip;]<\/p>\n","protected":false},"author":1,"featured_media":0,"parent":1020,"menu_order":0,"comment_status":"closed","ping_status":"close","template":"","meta":{"_bbp_topic_count":0,"_bbp_reply_count":0,"_bbp_total_topic_count":0,"_bbp_total_reply_count":0,"_bbp_voice_count":0,"_bbp_anonymous_reply_count":0,"_bbp_topic_count_hidden":0,"_bbp_reply_count_hidden":0,"_bbp_forum_subforum_count":0,"site-sidebar-layout":"default","site-content-layout":"","ast-site-content-layout":"default","site-content-style":"default","site-sidebar-style":"default","ast-global-header-display":"","ast-banner-title-visibility":"","ast-main-header-display":"","ast-hfb-above-header-display":"","ast-hfb-below-header-display":"","ast-hfb-mobile-header-display":"","site-post-title":"","ast-breadcrumbs-content":"","ast-featured-img":"","footer-sml-layout":"","theme-transparent-header-meta":"","adv-header-id-meta":"","stick-header-meta":"","header-above-stick-meta":"","header-main-stick-meta":"","header-below-stick-meta":"","astra-migrate-meta-layouts":"set","ast-page-background-enabled":"default","ast-page-background-meta":{"desktop":{"background-color":"var(--ast-global-color-4)","background-image":"","background-repeat":"repeat","background-position":"center center","background-size":"auto","background-attachment":"scroll","background-type":"","background-media":"","overlay-type":"","overlay-color":"","overlay-opacity":"","overlay-gradient":""},"tablet":{"background-color":"","background-image":"","background-repeat":"repeat","background-position":"center center","background-size":"auto","background-attachment":"scroll","background-type":"","background-media":"","overlay-type":"","overlay-color":"","overlay-opacity":"","overlay-gradient":""},"mobile":{"background-color":"","background-image":"","background-repeat":"repeat","background-position":"center center","background-size":"auto","background-attachment":"scroll","background-type":"","background-media":"","overlay-type":"","overlay-color":"","overlay-opacity":"","overlay-gradient":""}},"ast-content-background-meta":{"desktop":{"background-color":"var(--ast-global-color-5)","background-image":"","background-repeat":"repeat","background-position":"center center","background-size":"auto","background-attachment":"scroll","background-type":"","background-media":"","overlay-type":"","overlay-color":"","overlay-opacity":"","overlay-gradient":""},"tablet":{"background-color":"var(--ast-global-color-5)","background-image":"","background-repeat":"repeat","background-position":"center center","background-size":"auto","background-attachment":"scroll","background-type":"","background-media":"","overlay-type":"","overlay-color":"","overlay-opacity":"","overlay-gradient":""},"mobile":{"background-color":"var(--ast-global-color-5)","background-image":"","background-repeat":"repeat","background-position":"center center","background-size":"auto","background-attachment":"scroll","background-type":"","background-media":"","overlay-type":"","overlay-color":"","overlay-opacity":"","overlay-gradient":""}},"footnotes":""},"class_list":["post-1657","page","type-page","status-publish","hentry"],"post_mailing_queue_ids":[],"_links":{"self":[{"href":"https:\/\/agora.xtec.cat\/ceipcarrassumada\/wp-json\/wp\/v2\/pages\/1657","targetHints":{"allow":["GET"]}}],"collection":[{"href":"https:\/\/agora.xtec.cat\/ceipcarrassumada\/wp-json\/wp\/v2\/pages"}],"about":[{"href":"https:\/\/agora.xtec.cat\/ceipcarrassumada\/wp-json\/wp\/v2\/types\/page"}],"author":[{"embeddable":true,"href":"https:\/\/agora.xtec.cat\/ceipcarrassumada\/wp-json\/wp\/v2\/users\/1"}],"replies":[{"embeddable":true,"href":"https:\/\/agora.xtec.cat\/ceipcarrassumada\/wp-json\/wp\/v2\/comments?post=1657"}],"version-history":[{"count":6,"href":"https:\/\/agora.xtec.cat\/ceipcarrassumada\/wp-json\/wp\/v2\/pages\/1657\/revisions"}],"predecessor-version":[{"id":1724,"href":"https:\/\/agora.xtec.cat\/ceipcarrassumada\/wp-json\/wp\/v2\/pages\/1657\/revisions\/1724"}],"up":[{"embeddable":true,"href":"https:\/\/agora.xtec.cat\/ceipcarrassumada\/wp-json\/wp\/v2\/pages\/1020"}],"wp:attachment":[{"href":"https:\/\/agora.xtec.cat\/ceipcarrassumada\/wp-json\/wp\/v2\/media?parent=1657"}],"curies":[{"name":"wp","href":"https:\/\/api.w.org\/{rel}","templated":true}]}}