{"id":903,"date":"2018-04-10T01:33:30","date_gmt":"2018-04-09T23:33:30","guid":{"rendered":"http:\/\/agora.xtec.cat\/ceipcarmeguaschidarne\/?page_id=903"},"modified":"2024-04-17T13:59:38","modified_gmt":"2024-04-17T11:59:38","slug":"afa","status":"publish","type":"page","link":"https:\/\/agora.xtec.cat\/ceipcarmeguaschidarne\/afa\/","title":{"rendered":"l\u2019AFA de l\u2019Escola Carme Guasch"},"content":{"rendered":"<div id=\"responsive-form\" class=\"clearfix\">\n<div class=\"form-row\">\n<div class=\"fullcol\">\n<h5>Com ens estructurem?<\/h5>\n<p>l\u2019AFA de l\u2019Escola Carme Guasch s\u2019estructura en 4 grans \u00e0rees:<\/p>\n<ol>\n<li>Assemblea General de Socis, on participen totes les fam\u00edlies socies de l\u2019AFA<\/li>\n<li>Junta Directiva, formada per les persones que s\u2019encarreguen de la gesti\u00f3 de l\u2019AFA<\/li>\n<li>Comissions de treball, organitzades per tem\u00e0tiques<\/li>\n<li>Representants de l\u2019AFA als diferents organismes (Consell Escolar, Consell Escolar Municipal, Interampa, etc\u2026)<\/li>\n<\/ol>\n<p>Intentem que els diferents blocs estiguin representats per persones diferents, amb l\u2019objectiu de tenir una estructura el m\u00e9s horitzontal possible i obrir-la al major nombre de persones.<br \/>\nNo hem d\u2019oblidar que tot aquest treball \u00e9s possible gr\u00e0cies a la participaci\u00f3 dels nostres voluntaris i volunt\u00e0ries<\/p>\n<h5>Qu\u00e8 fem?<\/h5>\n<p>Els fins de l\u2019associaci\u00f3 s\u00f3n:<\/p>\n<ul>\n<li>Donar suport i assist\u00e8ncia als membres de l\u2019Associaci\u00f3, i en general, a les fam\u00edlies, professors i els alumnes del Centre i als seus \u00f2rgans de govern i participaci\u00f3, en tot all\u00f2 que fa refer\u00e8ncia a l\u2019educaci\u00f3 dels seus fills i en general, a tota la comunitat que formem l\u2019escola Carme Guasch i Darn\u00e9 de Figueres en tot el que es refereix a l\u2019\u00e0mbit educatiu i formatiu.<\/li>\n<li>Promoure la participaci\u00f3 de les fam\u00edlies dels alumnes en el funcionament general del Centre i vetllar pel compliment del seu projecte educatiu de l\u2019escola.<\/li>\n<li>Assistir a les fam\u00edlies dels alumnes en l\u2019exercici del seu dret a intervenir en l\u2019assessorament del Centre quan aquest sigui sostingut amb fons p\u00fablics.<\/li>\n<li>Promoure la representaci\u00f3 i la participaci\u00f3 de les fam\u00edlies dels alumnes en el Consell Escolar i en altres \u00f2rgans col\u2022legials.<\/li>\n<li>Facilitar la col\u2022laboraci\u00f3 del Centre en l\u2019\u00e0mbit social, cultural, econ\u00f2mic i laboral de l\u2019entorn.<\/li>\n<li>Col\u2022laborar en les activitats educatives del Centre i Cooperar amb el Consell Escolar en l\u2019elaboraci\u00f3 de directrius per a la programaci\u00f3 d\u2019activitats complement\u00e0ries, extraescolars o de serveis.<\/li>\n<li>Promoure les activitats de formaci\u00f3 de les fam\u00edlies, tant des del vessant cultural com de l\u2019espec\u00edfic de responsabilitzaci\u00f3 en l\u2019educaci\u00f3 familiar.<\/li>\n<li>D\u2019altres que, en el marc de la normativa educativa els assignin els seus respectius estatuts, com les de tipus cultural i recreatives.<\/li>\n<li>Promoure i realitzar tota mena d\u2019activitats f\u00edsicoesportives, educatives, l\u00fadiques i confer\u00e8ncies sobre temes d\u2019actualitat.<\/li>\n<li>I, en general, totes les activitats que puguin afavorir el desenvolupament de la personalitat dels seus membres i la projecci\u00f3 sobre el Centre per aconseguir la major perfecci\u00f3 del compliment de la formaci\u00f3 integral dels alumnes.<\/li>\n<li>Presentar i proposar al Consell Escolar programes d\u2019activitats complement\u00e0ries visites, viatges, menjadors, col\u00f2nies, etc&#8230;<\/li>\n<li>Vetllar per la qualitat de l\u2019educaci\u00f3 i per la seva continu\u00eftat i coher\u00e8ncia en els trams educatius.<\/li>\n<li>Promoure, organitzar, i\/o en el seu cas, supervisar la prestaci\u00f3 del servei de menjador de l\u2019escola, el monitoratge, aix\u00ed com el temps educatiu del migdia.<\/li>\n<\/ul>\n<p>Per aconseguir les seves finalitats, l\u2019associaci\u00f3 du a terme les activitats seg\u00fcents, ja sigui de forma directa o indirecta:<\/p>\n<ul>\n<li>Organitzaci\u00f3 d\u2019activitats extraescolars, servei d\u2019acollida i ludoteca<\/li>\n<li>Organitzaci\u00f3 del casal d\u2019estiu<\/li>\n<li>Organitzaci\u00f3 de visites i sortides educatives i culturals<\/li>\n<li>Organitzaci\u00f3 i participaci\u00f3 en les festes i celebracions de cultura popular<\/li>\n<li>Organitzaci\u00f3 i participaci\u00f3 en activitats educatives i culturals, tant dins l\u2019escola com a fora<\/li>\n<li>Participaci\u00f3 en els diferents \u00f2rgans de representaci\u00f3 de la comunitat educativa<\/li>\n<li>Organitzaci\u00f3 de tallers, xerrades i conferencies de tem\u00e0tica educativa<\/li>\n<li>Gesti\u00f3 del material necessari per a la tasca educativa<\/li>\n<li>Organitzaci\u00f3, control i seguiment del servei de menjador escolar i el temps d\u2019esbarjo del menjador<\/li>\n<li>Creaci\u00f3 de grups de treball i comissions de gesti\u00f3 de temes d\u2019inter\u00e8s per l\u2019entitat<\/li>\n<\/ul>\n<p><strong>En queda excl\u00f2s tot \u00e0nim de lucre.<\/strong><\/p>\n<\/div>\n<\/div>\n<\/div>\n<div id=\"responsive-form\" class=\"clearfix\">\n<div class=\"form-row\">\n<div class=\"fullcol\">\n<h2>Fes-te Soci !! \u00c9s molt senzill, clica a la imatge seg\u00fcent:<\/h2>\n<p><a href=\"\/ceipcarmeguaschidarne\/afa\/afa-com-fer-se-soci\/ \"><img loading=\"lazy\" decoding=\"async\" class=\"alignnone size-full wp-image-1359\" src=\"\/ceipcarmeguaschidarne\/wp-content\/uploads\/usu1597\/2018\/04\/Ampa_FesteSoci.gif\" alt=\"\" width=\"200\" height=\"162\" \/><\/a><\/p>\n<\/div>\n<\/div>\n<\/div>\n<div id=\"responsive-form\" class=\"clearfix\">\n<div class=\"form-row\">\n<div class=\"col-two\">\n<h2>Coneix qui forma la Junta Directiva<\/h2>\n<p><a href=\"\/ceipcarmeguaschidarne\/afa\/afa-junta-directiva\/\"><img loading=\"lazy\" decoding=\"async\" class=\"size-full wp-image-1269\" src=\"\/ceipcarmeguaschidarne\/wp-content\/uploads\/usu1597\/2018\/04\/Ampa_Equip.gif\" alt=\"\" width=\"400\" height=\"252\" \/><\/a><\/p>\n<\/div>\n<\/div>\n<\/div>\n<div id=\"responsive-form\" class=\"clearfix\">\n<div class=\"form-row\">\n<div class=\"fullcol\">\n<h2>Comissions<\/h2>\n<\/div>\n<\/div>\n<\/div>\n<div id=\"responsive-form\" class=\"clearfix\">\n<div class=\"form-row\">\n<div class=\"col-four\">\n<h4>Mercantil<\/h4>\n<p><a href=\"\/ceipcarmeguaschidarne\/afa\/afa-comissio-mercantil\/\"><img loading=\"lazy\" decoding=\"async\" class=\"size-full wp-image-1298\" src=\"\/ceipcarmeguaschidarne\/wp-content\/uploads\/usu1597\/2018\/04\/Ampa_Mercantil.gif\" alt=\"\" width=\"200\" height=\"133\" \/><\/a><\/p>\n<\/div>\n<div class=\"col-four\">\n<h4>Festes<\/h4>\n<p><a href=\"\/ceipcarmeguaschidarne\/afa\/afa-comissio-festes\/\"><img loading=\"lazy\" decoding=\"async\" class=\"alignnone size-full wp-image-1300\" src=\"\/ceipcarmeguaschidarne\/wp-content\/uploads\/usu1597\/2018\/04\/Ampa_Festes.gif\" alt=\"\" width=\"200\" height=\"129\" \/><\/a><\/p>\n<\/div>\n<div class=\"col-four\">\n<h4>Rues<\/h4>\n<p><a href=\"\/ceipcarmeguaschidarne\/afa\/afa-comissio-rua\/\"><img loading=\"lazy\" decoding=\"async\" class=\"alignnone size-full wp-image-1302\" src=\"\/ceipcarmeguaschidarne\/wp-content\/uploads\/usu1597\/2018\/04\/Ampa_Rues.gif\" alt=\"\" width=\"200\" height=\"120\" \/><\/a><\/p>\n<\/div>\n<div class=\"form-row\">\n<div class=\"col-four\">\n<h4>Extraescolars<\/h4>\n<p><a href=\"\/ceipcarmeguaschidarne\/afa\/afa-comissio-extraescolars\/\"><img loading=\"lazy\" decoding=\"async\" class=\"alignnone size-full wp-image-1307\" src=\"\/ceipcarmeguaschidarne\/wp-content\/uploads\/usu1597\/2018\/04\/Ampa_ExtraEscolars.gif\" alt=\"\" width=\"200\" height=\"133\" \/><\/a><\/p>\n<\/div>\n<div class=\"col-four\">\n<h4>Paral\u00b7leles<\/h4>\n<p><a href=\"\/ceipcarmeguaschidarne\/afa\/afa-comissio-paraleles\/\"><img loading=\"lazy\" decoding=\"async\" class=\"alignnone size-full wp-image-1308\" src=\"\/ceipcarmeguaschidarne\/wp-content\/uploads\/usu1597\/2018\/04\/Ampa_Paralelesl.gif\" alt=\"\" width=\"200\" height=\"130\" \/><\/a><\/p>\n<\/div>\n<div class=\"col-four\">\n<h4>Pati<\/h4>\n<p><a href=\"\/ceipcarmeguaschidarne\/afa\/afa-comissio-pati\/\"><img loading=\"lazy\" decoding=\"async\" class=\"alignnone size-full wp-image-1309\" src=\"\/ceipcarmeguaschidarne\/wp-content\/uploads\/usu1597\/2018\/04\/Ampa_Pati.gif\" alt=\"\" width=\"200\" height=\"133\" \/><\/a><\/p>\n<\/div>\n<div class=\"col-four\">\n<h4>Menjador<\/h4>\n<p><a href=\"\/ceipcarmeguaschidarne\/afa\/afa-comissio-menjador\/\"><img loading=\"lazy\" decoding=\"async\" class=\"alignnone size-full wp-image-1310\" src=\"\/ceipcarmeguaschidarne\/wp-content\/uploads\/usu1597\/2018\/04\/Ampa_Menjador.gif\" alt=\"\" width=\"200\" height=\"133\" \/><\/a><\/p>\n<\/div>\n<\/div>\n<div class=\"form-row\">\n<div class=\"col-four\">\n<h4>Comunicaci\u00f3<\/h4>\n<p><a href=\"\/ceipcarmeguaschidarne\/afa\/afa-comunicacio\/\"><img loading=\"lazy\" decoding=\"async\" class=\"alignnone size-full wp-image-1311\" src=\"\/ceipcarmeguaschidarne\/wp-content\/uploads\/usu1597\/2018\/04\/Ampa_Comunicacio.gif\" alt=\"\" width=\"200\" height=\"133\" \/><\/a><\/p>\n<\/div>\n<div class=\"col-four\">\n<h4>Escola Nova<\/h4>\n<p><a href=\"\/ceipcarmeguaschidarne\/afa\/afa-comissio-escola-nova\/\"><img loading=\"lazy\" decoding=\"async\" class=\"alignnone size-full wp-image-1312\" src=\"\/ceipcarmeguaschidarne\/wp-content\/uploads\/usu1597\/2018\/04\/Ampa_EscolaNova.gif\" alt=\"\" width=\"200\" height=\"150\" \/><\/a><\/p>\n<\/div>\n<div class=\"col-four\"><\/div>\n<div class=\"col-four\"><\/div>\n<\/div>\n<\/div>\n<\/div>\n","protected":false},"excerpt":{"rendered":"<p>Com ens estructurem?<br \/>\nl\u2019AFA de l\u2019Escola Carme Guasch s\u2019estructura en 4 grans \u00e0rees:<\/p>\n<ol>\n<li>Assemblea General de Socis, on participen totes les fam\u00edlies socies de l\u2019AFA<\/li>\n<li>Junta Directiva, formada per les persones que s\u2019encarreguen de la gesti\u00f3 de l\u2019AFA<\/li>\n<li>Comissions de treball, organitzades per tem\u00e0tiques<\/li>\n<li>Representants de l\u2019AFA als diferents organismes&hellip;  <a href=\"https:\/\/agora.xtec.cat\/ceipcarmeguaschidarne\/afa\/\" title=\"Read l\u2019AFA de l\u2019Escola Carme Guasch\">Llegeix m\u00e9s\u00bb<\/a><br \/>\n","protected":false},"author":38,"featured_media":0,"parent":0,"menu_order":0,"comment_status":"closed","ping_status":"closed","template":"","meta":{"_bbp_topic_count":0,"_bbp_reply_count":0,"_bbp_total_topic_count":0,"_bbp_total_reply_count":0,"_bbp_voice_count":0,"_bbp_anonymous_reply_count":0,"_bbp_topic_count_hidden":0,"_bbp_reply_count_hidden":0,"_bbp_forum_subforum_count":0,"footnotes":""},"class_list":["post-903","page","type-page","status-publish","hentry"],"post_mailing_queue_ids":[],"_links":{"self":[{"href":"https:\/\/agora.xtec.cat\/ceipcarmeguaschidarne\/wp-json\/wp\/v2\/pages\/903","targetHints":{"allow":["GET"]}}],"collection":[{"href":"https:\/\/agora.xtec.cat\/ceipcarmeguaschidarne\/wp-json\/wp\/v2\/pages"}],"about":[{"href":"https:\/\/agora.xtec.cat\/ceipcarmeguaschidarne\/wp-json\/wp\/v2\/types\/page"}],"author":[{"embeddable":true,"href":"https:\/\/agora.xtec.cat\/ceipcarmeguaschidarne\/wp-json\/wp\/v2\/users\/38"}],"replies":[{"embeddable":true,"href":"https:\/\/agora.xtec.cat\/ceipcarmeguaschidarne\/wp-json\/wp\/v2\/comments?post=903"}],"version-history":[{"count":4,"href":"https:\/\/agora.xtec.cat\/ceipcarmeguaschidarne\/wp-json\/wp\/v2\/pages\/903\/revisions"}],"predecessor-version":[{"id":6865,"href":"https:\/\/agora.xtec.cat\/ceipcarmeguaschidarne\/wp-json\/wp\/v2\/pages\/903\/revisions\/6865"}],"wp:attachment":[{"href":"https:\/\/agora.xtec.cat\/ceipcarmeguaschidarne\/wp-json\/wp\/v2\/media?parent=903"}],"curies":[{"name":"wp","href":"https:\/\/api.w.org\/{rel}","templated":true}]}}