{"id":7007,"date":"2025-01-21T11:34:40","date_gmt":"2025-01-21T10:34:40","guid":{"rendered":"https:\/\/agora.xtec.cat\/ceipcarmeguaschidarne\/?page_id=7007"},"modified":"2026-03-03T13:41:01","modified_gmt":"2026-03-03T12:41:01","slug":"prova","status":"publish","type":"page","link":"https:\/\/agora.xtec.cat\/ceipcarmeguaschidarne\/lescola\/prova\/","title":{"rendered":"Preinscripcions curs 2026-2027"},"content":{"rendered":"<p>Web de la Generalitat on podeu trobar tota la informaci\u00f3 i fer la preinscripci\u00f3: <a href=\"https:\/\/preinscripcio.gencat.cat\/ca\/inici\/\">Aqu\u00ed<\/a><\/p>\n<p>Dates preinscripci\u00f3 2026-2027, de Segon cicle d&#8217;educaci\u00f3 <strong>infantil<\/strong> (3-5 anys) i Educaci\u00f3 <strong>prim\u00e0ria<\/strong>: <span style=\"text-decoration: underline;\"><strong>Del 4 al 18 de mar\u00e7 2026<\/strong><\/span><\/p>\n<p>Calendari i terminis: <a href=\"https:\/\/preinscripcio.gencat.cat\/ca\/estudis\/infantil-3-6\/informat\/calendari\/\">Aqu\u00ed<\/a><\/p>\n<p>Criteris d&#8217;assignaci\u00f3 de pla\u00e7a: <a href=\"https:\/\/preinscripcio.gencat.cat\/ca\/estudis\/infantil-3-6\/informat\/criteris-assignacio\/\">Aqu\u00ed<\/a><\/p>\n<p>Dates per la matriculaci\u00f3: <strong>Del 22 al 30 de juny de 2026 <\/strong>(data estimada)<\/p>\n","protected":false},"excerpt":{"rendered":"<p>Web de la Generalitat on podeu trobar tota la informaci\u00f3 i fer la preinscripci\u00f3: <a href=\"https:\/\/preinscripcio.gencat.cat\/ca\/inici\/\">Aqu\u00ed<\/a><br \/>\nDates preinscripci\u00f3 2026-2027, de Segon cicle d&#8217;educaci\u00f3 infantil (3-5 anys) i Educaci\u00f3 prim\u00e0ria: Del 4 al 18 de mar\u00e7 2026<br \/>\nCalendari i terminis: <a href=\"https:\/\/preinscripcio.gencat.cat\/ca\/estudis\/infantil-3-6\/informat\/calendari\/\">Aqu\u00ed<\/a><br \/>\nCriteris d&#8217;assignaci\u00f3 de pla\u00e7a: <a href=\"https:\/\/preinscripcio.gencat.cat\/ca\/estudis\/infantil-3-6\/informat\/criteris-assignacio\/\">Aqu\u00ed<\/a><br \/>\nDates per&hellip;  <a href=\"https:\/\/agora.xtec.cat\/ceipcarmeguaschidarne\/lescola\/prova\/\" title=\"Read Preinscripcions curs 2026-2027\">Llegeix m\u00e9s\u00bb<\/a><\/p>\n","protected":false},"author":1,"featured_media":0,"parent":22,"menu_order":61,"comment_status":"closed","ping_status":"closed","template":"page-templates\/side-menu.php","meta":{"_bbp_topic_count":0,"_bbp_reply_count":0,"_bbp_total_topic_count":0,"_bbp_total_reply_count":0,"_bbp_voice_count":0,"_bbp_anonymous_reply_count":0,"_bbp_topic_count_hidden":0,"_bbp_reply_count_hidden":0,"_bbp_forum_subforum_count":0,"footnotes":""},"class_list":["post-7007","page","type-page","status-publish","hentry"],"post_mailing_queue_ids":[],"_links":{"self":[{"href":"https:\/\/agora.xtec.cat\/ceipcarmeguaschidarne\/wp-json\/wp\/v2\/pages\/7007","targetHints":{"allow":["GET"]}}],"collection":[{"href":"https:\/\/agora.xtec.cat\/ceipcarmeguaschidarne\/wp-json\/wp\/v2\/pages"}],"about":[{"href":"https:\/\/agora.xtec.cat\/ceipcarmeguaschidarne\/wp-json\/wp\/v2\/types\/page"}],"author":[{"embeddable":true,"href":"https:\/\/agora.xtec.cat\/ceipcarmeguaschidarne\/wp-json\/wp\/v2\/users\/1"}],"replies":[{"embeddable":true,"href":"https:\/\/agora.xtec.cat\/ceipcarmeguaschidarne\/wp-json\/wp\/v2\/comments?post=7007"}],"version-history":[{"count":6,"href":"https:\/\/agora.xtec.cat\/ceipcarmeguaschidarne\/wp-json\/wp\/v2\/pages\/7007\/revisions"}],"predecessor-version":[{"id":7150,"href":"https:\/\/agora.xtec.cat\/ceipcarmeguaschidarne\/wp-json\/wp\/v2\/pages\/7007\/revisions\/7150"}],"up":[{"embeddable":true,"href":"https:\/\/agora.xtec.cat\/ceipcarmeguaschidarne\/wp-json\/wp\/v2\/pages\/22"}],"wp:attachment":[{"href":"https:\/\/agora.xtec.cat\/ceipcarmeguaschidarne\/wp-json\/wp\/v2\/media?parent=7007"}],"curies":[{"name":"wp","href":"https:\/\/api.w.org\/{rel}","templated":true}]}}