{"id":66,"date":"2014-09-18T12:40:47","date_gmt":"2014-09-18T11:40:47","guid":{"rendered":"http:\/\/agora.xtec.cat\/ceipcarmeguaschidarne\/?page_id=66"},"modified":"2024-01-10T13:41:52","modified_gmt":"2024-01-10T12:41:52","slug":"serveis","status":"publish","type":"page","link":"https:\/\/agora.xtec.cat\/ceipcarmeguaschidarne\/serveis\/","title":{"rendered":"Menjador"},"content":{"rendered":"<ul>\n<li>Per qualsevol consulta del tema de menjador adreceu-vos al\/la coordinador\/a de menjador<br \/>\nal tel\u00e8fon de l\u2019escola de 9:15h a 10:00h.<\/li>\n<li>El menjador de l\u2019escola est\u00e0 gestionat per l\u2019empresa Teca i Xerinola.<\/li>\n<li>El preu de menjador s\u2019informar\u00e0 a l\u2019inici del curs.<\/li>\n<li>Hi ha dues maneres de ser usuari de menjador:\n<ul>\n<li>Fixes: per apuntar un alumne\/a al menjador cal omplir el full d\u2019inscripci\u00f3 al menjador escolar que facilitarem la primera setmana de setembre i retornar-lo al coordinador de menjador juntament la documentaci\u00f3 requerida.<\/li>\n<li>Eventuals: es queden dies puntuals i han de posar una nota dins la bossa.<\/li>\n<\/ul>\n<\/li>\n<li>Qualsevol canvi, de si un\/a alumne\/a es queda o no al servei de menjador no es pot comunicar a l\u2019escola m\u00e9s tard de les 9:30h.<\/li>\n<li>Cada inici de mes es donar\u00e0 una c\u00f2pia del men\u00fa als usuaris fixes del servei de menjador i se\u2019n penjar\u00e0 una c\u00f2pia a l\u2019entrada de l\u2019escola.<\/li>\n<li>Els usuaris del servei han de menjar de tot encara que nom\u00e9s sigui poca quantitat.<\/li>\n<li>Durant el mes de maig es pot demanar un ajut socioecon\u00f2mic pel servei de menjador. Es penjar\u00e0 la informaci\u00f3 a la cartellera i a l\u2019entrada de l\u2019escola.<\/li>\n<li>La normativa del servei de menjador, per a tal que tothom la respecti i en tingui coneixement, estar\u00e0 penjada a la cartellera de l\u2019escola.<\/li>\n<li>En cas que algun alumne\/a tingui intoler\u00e0ncia a algun aliment i per motius de salut no en pugui menjar, els pares o tutors ho hauran de manifestar durant la matr\u00edcula al centre i acreditar-ho amb un certificat m\u00e8dic.<\/li>\n<li>Els usuaris del menjador no podran sortir del recinte escolar ni abans ni despr\u00e9s de dinar, \u00fanicament en casos justificats amb un escrit dels pares o tutors.<\/li>\n<\/ul>\n","protected":false},"excerpt":{"rendered":"<ul>\n<li>Per qualsevol consulta del tema de menjador adreceu-vos al\/la coordinador\/a de menjador<br \/>\nal tel\u00e8fon de l\u2019escola de 9:15h a 10:00h.<\/li>\n<li>El menjador de l\u2019escola est\u00e0 gestionat per l\u2019empresa Teca i Xerinola.<\/li>\n<li>El preu de menjador s\u2019informar\u00e0 a l\u2019inici del curs.<\/li>\n<li>Hi ha dues maneres de ser usuari de menjador:\n<ul>\n<li>Fixes:&hellip;  <a href=\"https:\/\/agora.xtec.cat\/ceipcarmeguaschidarne\/serveis\/\" title=\"Read Menjador\">Llegeix m\u00e9s\u00bb<\/a><br \/>\n","protected":false},"author":1,"featured_media":0,"parent":0,"menu_order":0,"comment_status":"closed","ping_status":"closed","template":"page-templates\/side-menu.php","meta":{"_bbp_topic_count":0,"_bbp_reply_count":0,"_bbp_total_topic_count":0,"_bbp_total_reply_count":0,"_bbp_voice_count":0,"_bbp_anonymous_reply_count":0,"_bbp_topic_count_hidden":0,"_bbp_reply_count_hidden":0,"_bbp_forum_subforum_count":0,"footnotes":""},"class_list":["post-66","page","type-page","status-publish","hentry"],"post_mailing_queue_ids":[],"_links":{"self":[{"href":"https:\/\/agora.xtec.cat\/ceipcarmeguaschidarne\/wp-json\/wp\/v2\/pages\/66","targetHints":{"allow":["GET"]}}],"collection":[{"href":"https:\/\/agora.xtec.cat\/ceipcarmeguaschidarne\/wp-json\/wp\/v2\/pages"}],"about":[{"href":"https:\/\/agora.xtec.cat\/ceipcarmeguaschidarne\/wp-json\/wp\/v2\/types\/page"}],"author":[{"embeddable":true,"href":"https:\/\/agora.xtec.cat\/ceipcarmeguaschidarne\/wp-json\/wp\/v2\/users\/1"}],"replies":[{"embeddable":true,"href":"https:\/\/agora.xtec.cat\/ceipcarmeguaschidarne\/wp-json\/wp\/v2\/comments?post=66"}],"version-history":[{"count":4,"href":"https:\/\/agora.xtec.cat\/ceipcarmeguaschidarne\/wp-json\/wp\/v2\/pages\/66\/revisions"}],"predecessor-version":[{"id":6816,"href":"https:\/\/agora.xtec.cat\/ceipcarmeguaschidarne\/wp-json\/wp\/v2\/pages\/66\/revisions\/6816"}],"wp:attachment":[{"href":"https:\/\/agora.xtec.cat\/ceipcarmeguaschidarne\/wp-json\/wp\/v2\/media?parent=66"}],"curies":[{"name":"wp","href":"https:\/\/api.w.org\/{rel}","templated":true}]}}