{"id":487,"date":"2017-07-31T10:00:57","date_gmt":"2017-07-31T08:00:57","guid":{"rendered":"http:\/\/agora.xtec.cat\/ceipcarmeguaschidarne\/?page_id=487"},"modified":"2024-01-10T14:03:01","modified_gmt":"2024-01-10T13:03:01","slug":"saps-que","status":"publish","type":"page","link":"https:\/\/agora.xtec.cat\/ceipcarmeguaschidarne\/lescola\/saps-que\/","title":{"rendered":"TPV"},"content":{"rendered":"<p><strong>Comunicaci\u00f3 amb fam\u00edlies<\/strong><\/p>\n<p>A l&#8217;Escola Carme Guasch i Darn\u00e9, ens comuniquem habitualment amb les fam\u00edlies per mitj\u00e0 de l&#8217;aplicaci\u00f3 de missatgeria TPV Escola.<\/p>\n<p><a href=\"https:\/\/agora.xtec.cat\/ceipcarmeguaschidarne\/wp-content\/uploads\/usu1597\/2024\/01\/tpv-escola.png\"><img loading=\"lazy\" decoding=\"async\" class=\"alignnone size-full wp-image-6814\" src=\"https:\/\/agora.xtec.cat\/ceipcarmeguaschidarne\/wp-content\/uploads\/usu1597\/2024\/01\/tpv-escola.png\" alt=\"\" width=\"225\" height=\"225\" srcset=\"https:\/\/agora.xtec.cat\/ceipcarmeguaschidarne\/wp-content\/uploads\/usu1597\/2024\/01\/tpv-escola.png 225w, https:\/\/agora.xtec.cat\/ceipcarmeguaschidarne\/wp-content\/uploads\/usu1597\/2024\/01\/tpv-escola-150x150.png 150w\" sizes=\"auto, (max-width: 225px) 100vw, 225px\" \/><\/a><\/p>\n","protected":false},"excerpt":{"rendered":"<p>Comunicaci\u00f3 amb fam\u00edlies<br \/>\nA l&#8217;Escola Carme Guasch i Darn\u00e9, ens comuniquem habitualment amb les fam\u00edlies per mitj\u00e0 de l&#8217;aplicaci\u00f3 de missatgeria TPV Escola.<br \/>\n<a href=\"https:\/\/agora.xtec.cat\/ceipcarmeguaschidarne\/wp-content\/uploads\/usu1597\/2024\/01\/tpv-escola.png\"><\/a><\/p>\n","protected":false},"author":1,"featured_media":0,"parent":22,"menu_order":60,"comment_status":"closed","ping_status":"closed","template":"page-templates\/side-menu.php","meta":{"_bbp_topic_count":0,"_bbp_reply_count":0,"_bbp_total_topic_count":0,"_bbp_total_reply_count":0,"_bbp_voice_count":0,"_bbp_anonymous_reply_count":0,"_bbp_topic_count_hidden":0,"_bbp_reply_count_hidden":0,"_bbp_forum_subforum_count":0,"footnotes":""},"class_list":["post-487","page","type-page","status-publish","hentry"],"post_mailing_queue_ids":[],"_links":{"self":[{"href":"https:\/\/agora.xtec.cat\/ceipcarmeguaschidarne\/wp-json\/wp\/v2\/pages\/487","targetHints":{"allow":["GET"]}}],"collection":[{"href":"https:\/\/agora.xtec.cat\/ceipcarmeguaschidarne\/wp-json\/wp\/v2\/pages"}],"about":[{"href":"https:\/\/agora.xtec.cat\/ceipcarmeguaschidarne\/wp-json\/wp\/v2\/types\/page"}],"author":[{"embeddable":true,"href":"https:\/\/agora.xtec.cat\/ceipcarmeguaschidarne\/wp-json\/wp\/v2\/users\/1"}],"replies":[{"embeddable":true,"href":"https:\/\/agora.xtec.cat\/ceipcarmeguaschidarne\/wp-json\/wp\/v2\/comments?post=487"}],"version-history":[{"count":5,"href":"https:\/\/agora.xtec.cat\/ceipcarmeguaschidarne\/wp-json\/wp\/v2\/pages\/487\/revisions"}],"predecessor-version":[{"id":6817,"href":"https:\/\/agora.xtec.cat\/ceipcarmeguaschidarne\/wp-json\/wp\/v2\/pages\/487\/revisions\/6817"}],"up":[{"embeddable":true,"href":"https:\/\/agora.xtec.cat\/ceipcarmeguaschidarne\/wp-json\/wp\/v2\/pages\/22"}],"wp:attachment":[{"href":"https:\/\/agora.xtec.cat\/ceipcarmeguaschidarne\/wp-json\/wp\/v2\/media?parent=487"}],"curies":[{"name":"wp","href":"https:\/\/api.w.org\/{rel}","templated":true}]}}