{"id":3741,"date":"2020-04-17T18:40:51","date_gmt":"2020-04-17T16:40:51","guid":{"rendered":"http:\/\/agora.xtec.cat\/ceipcarmeguaschidarne\/?page_id=3741"},"modified":"2020-04-18T19:49:15","modified_gmt":"2020-04-18T17:49:15","slug":"recursos-digitals","status":"publish","type":"page","link":"https:\/\/agora.xtec.cat\/ceipcarmeguaschidarne\/recursos-educatius\/siei\/recursos-digitals\/","title":{"rendered":"Recursos digitals"},"content":{"rendered":"<p dir=\"ltr\">Us deixem un recull d&#8217;Aplicacions gratu\u00eftes que poden descarregar-se els vostres fills i filles amb el vostre perm\u00eds al m\u00f2bil per tal que aquesta situaci\u00f3 sigui m\u00e9s amena, i puguin anar posant en pr\u00e0ctica alguns aprenentatges.<\/p>\n<p dir=\"ltr\">\u00c9s important mantenir un control de l&#8217;\u00fas dels dispositius m\u00f2bils, sempre sota la supervisi\u00f3 d&#8217;un adult.<\/p>\n<p dir=\"ltr\"><strong>PSICOMOTRICITAT\u00a0<\/strong><\/p>\n<p dir=\"ltr\"><a href=\"https:\/\/play.google.com\/store\/apps\/details?id=com.letterschool.es\" target=\"_blank\" rel=\"noopener noreferrer\" data-saferedirecturl=\"https:\/\/www.google.com\/url?q=https:\/\/play.google.com\/store\/apps\/details?id%3Dcom.letterschool.es&amp;source=gmail&amp;ust=1587318258044000&amp;usg=AFQjCNE7bLCdj6enbz1mFfrzvQHyjUFzvA\">https:\/\/play.google.com\/store\/<wbr \/>apps\/details?id=com.<wbr \/>letterschool.es<\/a><\/p>\n<p dir=\"ltr\"><b>LLENGUA (LECTURA)<\/b><\/p>\n<p dir=\"ltr\"><a href=\"https:\/\/play.google.com\/store\/apps\/details?id=com.Company.aprenderjugando\" target=\"_blank\" rel=\"noopener noreferrer\" data-saferedirecturl=\"https:\/\/www.google.com\/url?q=https:\/\/play.google.com\/store\/apps\/details?id%3Dcom.Company.aprenderjugando&amp;source=gmail&amp;ust=1587318258044000&amp;usg=AFQjCNFRS4hx1-g-ksWlK_l7Rk8NONrd5A\">https:\/\/play.google.com\/store\/<wbr \/>apps\/details?id=com.Company.<wbr \/>aprenderjugando<\/a><\/p>\n<p dir=\"ltr\"><a href=\"https:\/\/play.google.com\/store\/apps\/details?id=com.eduapps.silabario\" target=\"_blank\" rel=\"noopener noreferrer\" data-saferedirecturl=\"https:\/\/www.google.com\/url?q=https:\/\/play.google.com\/store\/apps\/details?id%3Dcom.eduapps.silabario&amp;source=gmail&amp;ust=1587318258044000&amp;usg=AFQjCNG7ZKSU8VB7-Bsz0mPvqtwQwYABPw\">https:\/\/play.google.com\/store\/<wbr \/>apps\/details?id=com.eduapps.<wbr \/>silabario<\/a><\/p>\n<p dir=\"ltr\"><a href=\"https:\/\/play.google.com\/store\/apps\/details?id=com.lunacreciente.monoclasean1\" target=\"_blank\" rel=\"noopener noreferrer\" data-saferedirecturl=\"https:\/\/www.google.com\/url?q=https:\/\/play.google.com\/store\/apps\/details?id%3Dcom.lunacreciente.monoclasean1&amp;source=gmail&amp;ust=1587318258044000&amp;usg=AFQjCNE4OCB2WTVqUTHS6eoe9D2rlpzr5Q\">https:\/\/play.google.com\/store\/<wbr \/>apps\/details?id=com.<wbr \/>lunacreciente.monoclasean1<\/a><\/p>\n<p dir=\"ltr\"><a href=\"https:\/\/play.google.com\/store\/apps\/details?id=com.appndroide.aprenderaleeryescribir\" target=\"_blank\" rel=\"noopener noreferrer\" data-saferedirecturl=\"https:\/\/www.google.com\/url?q=https:\/\/play.google.com\/store\/apps\/details?id%3Dcom.appndroide.aprenderaleeryescribir&amp;source=gmail&amp;ust=1587318258044000&amp;usg=AFQjCNF9H8c0IanbfMBmSKoH0g7vw5J0Vw\">https:\/\/play.google.com\/store\/<wbr \/>apps\/details?id=com.<wbr \/>appndroide.<wbr \/>aprenderaleeryescribir<\/a><\/p>\n<p dir=\"ltr\"><strong>MATEM\u00c0TIQUES<\/strong><\/p>\n<p dir=\"ltr\"><a href=\"https:\/\/play.google.com\/store\/apps\/details?id=com.DGOMA2.MATHMANSIONDEMO\" target=\"_blank\" rel=\"noopener noreferrer\" data-saferedirecturl=\"https:\/\/www.google.com\/url?q=https:\/\/play.google.com\/store\/apps\/details?id%3Dcom.DGOMA2.MATHMANSIONDEMO&amp;source=gmail&amp;ust=1587318258044000&amp;usg=AFQjCNFee62eW-2Q2DaQ4_rP9TA3xyhPqQ\">https:\/\/play.google.com\/store\/<wbr \/>apps\/details?id=com.DGOMA2.<wbr \/>MATHMANSIONDEMO<\/a><\/p>\n<p dir=\"ltr\"><a href=\"https:\/\/play.google.com\/store\/apps\/details?id=com.preschool.kidsmathgames&amp;hl=en_US\" target=\"_blank\" rel=\"noopener noreferrer\" data-saferedirecturl=\"https:\/\/www.google.com\/url?q=https:\/\/play.google.com\/store\/apps\/details?id%3Dcom.preschool.kidsmathgames%26hl%3Den_US&amp;source=gmail&amp;ust=1587318258044000&amp;usg=AFQjCNFLYhVKcoaiQ-8wZ2wWTOGQVFoVUQ\">https:\/\/play.google.com\/store\/<wbr \/>apps\/details?id=com.preschool.<wbr \/>kidsmathgames&amp;hl=en_US<\/a><\/p>\n<p dir=\"ltr\"><a href=\"https:\/\/play.google.com\/store\/apps\/details?id=com.mobile.android.smartick&amp;hl=ca\" target=\"_blank\" rel=\"noopener noreferrer\" data-saferedirecturl=\"https:\/\/www.google.com\/url?q=https:\/\/play.google.com\/store\/apps\/details?id%3Dcom.mobile.android.smartick%26hl%3Dca&amp;source=gmail&amp;ust=1587318258044000&amp;usg=AFQjCNErjOM4Rt2csTBu8l7RlvaHqR_oMw\">https:\/\/play.google.com\/store\/<wbr \/>apps\/details?id=com.mobile.<wbr \/>android.smartick&amp;hl=ca<\/a><\/p>\n<p dir=\"ltr\"><a href=\"https:\/\/play.google.com\/store\/apps\/details?id=com.duckduckmoosedesign.pb&amp;hl=ca\" target=\"_blank\" rel=\"noopener noreferrer\" data-saferedirecturl=\"https:\/\/www.google.com\/url?q=https:\/\/play.google.com\/store\/apps\/details?id%3Dcom.duckduckmoosedesign.pb%26hl%3Dca&amp;source=gmail&amp;ust=1587318258044000&amp;usg=AFQjCNGDQBmdPcsUqPZvBwY-x4E5vBS5_g\">https:\/\/play.google.com\/store\/<wbr \/>apps\/details?id=com.<wbr \/>duckduckmoosedesign.pb&amp;hl=ca<\/a><\/p>\n<p dir=\"ltr\"><strong>ANGL\u00c8S<\/strong><\/p>\n<p dir=\"ltr\"><a href=\"https:\/\/play.google.com\/store\/apps\/details?id=com.mitchlehan.arflashcardsaa&amp;hl=ca\" target=\"_blank\" rel=\"noopener noreferrer\" data-saferedirecturl=\"https:\/\/www.google.com\/url?q=https:\/\/play.google.com\/store\/apps\/details?id%3Dcom.mitchlehan.arflashcardsaa%26hl%3Dca&amp;source=gmail&amp;ust=1587318258044000&amp;usg=AFQjCNHnRfWJFdC6kcZHqISY-fG3FI-aAw\">https:\/\/play.google.com\/store\/<wbr \/>apps\/details?id=com.<wbr \/>mitchlehan.arflashcardsaa&amp;hl=<wbr \/>ca<\/a><\/p>\n<p dir=\"ltr\"><strong>MEDI<\/strong><\/p>\n<p dir=\"ltr\"><a href=\"https:\/\/play.google.com\/store\/apps\/details?id=de.berlin.reality.augmented.landscapar&amp;hl=en_US\" target=\"_blank\" rel=\"noopener noreferrer\" data-saferedirecturl=\"https:\/\/www.google.com\/url?q=https:\/\/play.google.com\/store\/apps\/details?id%3Dde.berlin.reality.augmented.landscapar%26hl%3Den_US&amp;source=gmail&amp;ust=1587318258044000&amp;usg=AFQjCNHSyF9BWyImgy7skxdOsdh5-l9-dA\">https:\/\/play.google.com\/store\/<wbr \/>apps\/details?id=de.berlin.<wbr \/>reality.augmented.landscapar&amp;<wbr \/>hl=en_US<\/a><\/p>\n<p dir=\"ltr\"><strong>MEM\u00d2RIA<\/strong><\/p>\n<p dir=\"ltr\"><a href=\"https:\/\/play.google.com\/store\/apps\/details?id=com.planshetka.memorytrainerchildren&amp;hl=ca\" target=\"_blank\" rel=\"noopener noreferrer\" data-saferedirecturl=\"https:\/\/www.google.com\/url?q=https:\/\/play.google.com\/store\/apps\/details?id%3Dcom.planshetka.memorytrainerchildren%26hl%3Dca&amp;source=gmail&amp;ust=1587318258045000&amp;usg=AFQjCNHUiDYpDJGISwt5BvoXWGUZTytEUw\">https:\/\/play.google.com\/store\/<wbr \/>apps\/details?id=com.<wbr \/>planshetka.<wbr \/>memorytrainerchildren&amp;hl=ca<\/a><\/p>\n<p dir=\"ltr\"><strong>JOCS:\u00a0<\/strong><\/p>\n<p dir=\"ltr\"><strong>CONSTRUCCI\u00d3 AVATAR<\/strong><\/p>\n<p dir=\"ltr\"><a href=\"https:\/\/play.google.com\/store\/apps\/details?id=com.miantan.myoface&amp;hl=ca\" target=\"_blank\" rel=\"noopener noreferrer\" data-saferedirecturl=\"https:\/\/www.google.com\/url?q=https:\/\/play.google.com\/store\/apps\/details?id%3Dcom.miantan.myoface%26hl%3Dca&amp;source=gmail&amp;ust=1587318258045000&amp;usg=AFQjCNEEpH3LM0zs59A7RYngkbhvHNA7Xg\">https:\/\/play.google.com\/store\/<wbr \/>apps\/details?id=com.miantan.<wbr \/>myoface&amp;hl=ca<\/a><\/p>\n<p dir=\"ltr\"><strong>LEGO<\/strong><\/p>\n<p dir=\"ltr\"><a href=\"https:\/\/play.google.com\/store\/apps\/details?id=com.lego.mindstorms.fixthefactory&amp;hl=ca\" target=\"_blank\" rel=\"noopener noreferrer\" data-saferedirecturl=\"https:\/\/www.google.com\/url?q=https:\/\/play.google.com\/store\/apps\/details?id%3Dcom.lego.mindstorms.fixthefactory%26hl%3Dca&amp;source=gmail&amp;ust=1587318258045000&amp;usg=AFQjCNFKRn17-8LIsrRdWSeaGmZk7co2WA\">https:\/\/play.google.com\/store\/<wbr \/>apps\/details?id=com.lego.<wbr \/>mindstorms.fixthefactory&amp;hl=ca<\/a><\/p>\n<p dir=\"ltr\"><strong>DIBUIX I PINTURA<\/strong><\/p>\n<p dir=\"ltr\"><a href=\"https:\/\/play.google.com\/store\/apps\/details?id=com.adsk.sketchbook&amp;hl=es\" target=\"_blank\" rel=\"noopener noreferrer\" data-saferedirecturl=\"https:\/\/www.google.com\/url?q=https:\/\/play.google.com\/store\/apps\/details?id%3Dcom.adsk.sketchbook%26hl%3Des&amp;source=gmail&amp;ust=1587318258045000&amp;usg=AFQjCNE8IlSh-Zc4-cQuDDprfq12c4uaKA\">https:\/\/play.google.com\/store\/<wbr \/>apps\/details?id=com.adsk.<wbr \/>sketchbook&amp;hl=es<\/a><\/p>\n","protected":false},"excerpt":{"rendered":"<p>Us deixem un recull d&#8217;Aplicacions gratu\u00eftes que poden descarregar-se els vostres fills i filles amb el vostre perm\u00eds al m\u00f2bil per tal que aquesta situaci\u00f3 sigui m\u00e9s amena, i puguin anar posant en pr\u00e0ctica alguns aprenentatges.<br \/>\n\u00c9s important mantenir un control de l&#8217;\u00fas dels dispositius m\u00f2bils,&hellip;  <a href=\"https:\/\/agora.xtec.cat\/ceipcarmeguaschidarne\/recursos-educatius\/siei\/recursos-digitals\/\" title=\"Read Recursos digitals\">Llegeix m\u00e9s\u00bb<\/a><\/p>\n","protected":false},"author":1,"featured_media":0,"parent":3679,"menu_order":1,"comment_status":"closed","ping_status":"closed","template":"page-templates\/side-menu.php","meta":{"_bbp_topic_count":0,"_bbp_reply_count":0,"_bbp_total_topic_count":0,"_bbp_total_reply_count":0,"_bbp_voice_count":0,"_bbp_anonymous_reply_count":0,"_bbp_topic_count_hidden":0,"_bbp_reply_count_hidden":0,"_bbp_forum_subforum_count":0,"footnotes":""},"class_list":["post-3741","page","type-page","status-publish","hentry"],"post_mailing_queue_ids":[],"_links":{"self":[{"href":"https:\/\/agora.xtec.cat\/ceipcarmeguaschidarne\/wp-json\/wp\/v2\/pages\/3741","targetHints":{"allow":["GET"]}}],"collection":[{"href":"https:\/\/agora.xtec.cat\/ceipcarmeguaschidarne\/wp-json\/wp\/v2\/pages"}],"about":[{"href":"https:\/\/agora.xtec.cat\/ceipcarmeguaschidarne\/wp-json\/wp\/v2\/types\/page"}],"author":[{"embeddable":true,"href":"https:\/\/agora.xtec.cat\/ceipcarmeguaschidarne\/wp-json\/wp\/v2\/users\/1"}],"replies":[{"embeddable":true,"href":"https:\/\/agora.xtec.cat\/ceipcarmeguaschidarne\/wp-json\/wp\/v2\/comments?post=3741"}],"version-history":[{"count":3,"href":"https:\/\/agora.xtec.cat\/ceipcarmeguaschidarne\/wp-json\/wp\/v2\/pages\/3741\/revisions"}],"predecessor-version":[{"id":3757,"href":"https:\/\/agora.xtec.cat\/ceipcarmeguaschidarne\/wp-json\/wp\/v2\/pages\/3741\/revisions\/3757"}],"up":[{"embeddable":true,"href":"https:\/\/agora.xtec.cat\/ceipcarmeguaschidarne\/wp-json\/wp\/v2\/pages\/3679"}],"wp:attachment":[{"href":"https:\/\/agora.xtec.cat\/ceipcarmeguaschidarne\/wp-json\/wp\/v2\/media?parent=3741"}],"curies":[{"name":"wp","href":"https:\/\/api.w.org\/{rel}","templated":true}]}}