{"id":3689,"date":"2020-03-31T21:33:24","date_gmt":"2020-03-31T19:33:24","guid":{"rendered":"http:\/\/agora.xtec.cat\/ceipcarmeguaschidarne\/?page_id=3689"},"modified":"2020-03-31T21:34:00","modified_gmt":"2020-03-31T19:34:00","slug":"cicle-superior","status":"publish","type":"page","link":"https:\/\/agora.xtec.cat\/ceipcarmeguaschidarne\/recursos-educatius\/cicle-superior\/","title":{"rendered":"CICLE SUPERIOR"},"content":{"rendered":"<h3 style=\"text-align: center;\"><strong>Orientacions d\u2019Educaci\u00f3 Prim\u00e0ria<\/strong><\/h3>\n<p>Cal compaginar temps de lleure i de joc aut\u00f2nom en qu\u00e8 els nens i les nenes decideixin qu\u00e8 volen fer i com, amb temps i activitats compartides amb els adults.<\/p>\n<p>Per al temps de lleure i de joc aut\u00f2nom hem de posar a l\u2019abast dels els nens i les nenes recursos i materials diversos amb els quals puguin elaborar els seus jocs.<\/p>\n<p>&nbsp;<\/p>\n<ul style=\"font-size: 16px; font-family: 'Helvetica Neue', Helvetica, Helvetica, Arial, sans-serif; font-weight: 400;\">\n<li>El conte per a infants ( i no tan infants) per entendre el coronavirus 2019. Podeu descarregar la versi\u00f3 del conte <em>Mussol i el coronavirus\u00a0<\/em>en aquest enlla\u00e7:\n<ul>\n<li style=\"list-style-type: none;\">\n<ul style=\"font-size: 16px; font-family: 'Helvetica Neue', Helvetica, Helvetica, Arial, sans-serif; font-weight: 400;\">\n<li>CATAL\u00c0:\u00a0<a href=\"http:\/\/84.88.88.15\/wp-content\/uploads\/2020\/03\/Conte_Mussol_coronavirus_EnricVidal_CAT.pdf\" data-auth=\"NotApplicable\">http:\/\/84.88.88.15\/wp-content\/uploads\/2020\/03\/Conte_Mussol_coronavirus_EnricVidal_CAT.pdf<\/a><\/li>\n<li>CASTELL\u00c0:\u00a0<a href=\"http:\/\/84.88.88.15\/wp-content\/uploads\/2020\/03\/Cuento_Mussol_coronavirus_EnricVidal_ESP.pdf\" data-auth=\"NotApplicable\">http:\/\/84.88.88.15\/wp-content\/uploads\/2020\/03\/Cuento_Mussol_coronavirus_EnricVidal_ESP.pdf<\/a><\/li>\n<\/ul>\n<\/li>\n<\/ul>\n<\/li>\n<\/ul>\n<p>&nbsp;<\/p>\n<ul style=\"font-size: 16px; font-family: 'Helvetica Neue', Helvetica, Helvetica, Arial, sans-serif; font-weight: 400;\">\n<li>Per comen\u00e7ar, sabem\u00a0<strong>qu\u00e8 \u00e9s un virus?\u00a0<\/strong>Doncs llegim el conte de la Rosa que de ben segur ens ajudar\u00e0 a saber-ho!<\/li>\n<\/ul>\n<h3><span style=\"text-decoration: underline;\"><a style=\"font-size: 16px; font-weight: normal;\" href=\"https:\/\/agora.xtec.cat\/ceipcarmeguaschidarne\/wp-content\/uploads\/usu1597\/2020\/03\/La-Rosa-contra-el-virus-CATAL\u00c0-1.pdf\">La Rosa contra el virus &#8211; CATAL\u00c0<\/a><\/span><\/h3>\n<p>&nbsp;<\/p>\n<ul>\n<li><strong><span style=\"text-decoration: underline;\">PROPOSTA FIGUERES: <\/span><\/strong><\/li>\n<\/ul>\n<p>Les escoles de Figueres us realitzem aquesta proposta per fer aquests dies des de casa. <strong><a href=\"https:\/\/agora.xtec.cat\/ceipcarmeguaschidarne\/wp-content\/uploads\/usu1597\/2020\/03\/activitat-escolesfigueres.jpg\"><img loading=\"lazy\" decoding=\"async\" class=\"wp-image-3464 aligncenter\" src=\"https:\/\/agora.xtec.cat\/ceipcarmeguaschidarne\/wp-content\/uploads\/usu1597\/2020\/03\/activitat-escolesfigueres.jpg\" alt=\"\" width=\"191\" height=\"144\" srcset=\"https:\/\/agora.xtec.cat\/ceipcarmeguaschidarne\/wp-content\/uploads\/usu1597\/2020\/03\/activitat-escolesfigueres.jpg 720w, https:\/\/agora.xtec.cat\/ceipcarmeguaschidarne\/wp-content\/uploads\/usu1597\/2020\/03\/activitat-escolesfigueres-300x225.jpg 300w, https:\/\/agora.xtec.cat\/ceipcarmeguaschidarne\/wp-content\/uploads\/usu1597\/2020\/03\/activitat-escolesfigueres-200x150.jpg 200w\" sizes=\"auto, (max-width: 191px) 100vw, 191px\" \/><\/a><\/strong><\/p>\n<ul>\n<li><span style=\"text-decoration: underline;\"><strong>ROB\u00d2TICA:<\/strong><\/span><\/li>\n<\/ul>\n<p>La p\u00e0gina Niueduca posa a la vostra disposici\u00f3 una s\u00e8rie d\u2019activitats, exercicis i recomanacions<\/p>\n<p>que podeu fer servir a casa amb els vostres fills i filles, per a continuar treballant aspectes<br \/>\nde programaci\u00f3 i pensament computacional.<\/p>\n<p>Trobareu les activitats en el seg\u00fcent enlla\u00e7:<\/p>\n<p><a href=\"http:\/\/www.niueduca.com\/ca\/2020\/03\/16\/activitats-online-per-a-robotica-i-creacio-de-videojocs\/\">http:\/\/www.niueduca.com\/ca\/2020\/03\/16\/activitats-online-per-a-robotica-i-creacio-de-videojocs\/<\/a><\/p>\n<p style=\"text-align: center;\"><strong><span style=\"text-decoration: underline;\">BLOGS I P\u00c0GINES D&#8217;INTER\u00c8S<\/span><\/strong><\/p>\n<p style=\"text-align: center;\"><a href=\"http:\/\/agora.xtec.cat\/ceipcarmeguaschidarne\/recursos-educatius\/recursos-primaria\/blocs-i-pagines-dinteres\/\"><img loading=\"lazy\" decoding=\"async\" class=\"alignnone wp-image-3295\" src=\"https:\/\/agora.xtec.cat\/ceipcarmeguaschidarne\/wp-content\/uploads\/usu1597\/2020\/03\/blogs.jpeg\" alt=\"\" width=\"224\" height=\"158\" \/><\/a><\/p>\n","protected":false},"excerpt":{"rendered":"<p>Orientacions d\u2019Educaci\u00f3 Prim\u00e0ria<br \/>\nCal compaginar temps de lleure i de joc aut\u00f2nom en qu\u00e8 els nens i les nenes decideixin qu\u00e8 volen fer i com, amb temps i activitats compartides amb els adults.<br \/>\nPer al temps de lleure i de joc aut\u00f2nom hem de posar a l\u2019abast&hellip;  <a href=\"https:\/\/agora.xtec.cat\/ceipcarmeguaschidarne\/recursos-educatius\/cicle-superior\/\" title=\"Read CICLE SUPERIOR\">Llegeix m\u00e9s\u00bb<\/a><\/p>\n","protected":false},"author":1,"featured_media":0,"parent":3258,"menu_order":4,"comment_status":"closed","ping_status":"closed","template":"","meta":{"_bbp_topic_count":0,"_bbp_reply_count":0,"_bbp_total_topic_count":0,"_bbp_total_reply_count":0,"_bbp_voice_count":0,"_bbp_anonymous_reply_count":0,"_bbp_topic_count_hidden":0,"_bbp_reply_count_hidden":0,"_bbp_forum_subforum_count":0,"footnotes":""},"class_list":["post-3689","page","type-page","status-publish","hentry"],"post_mailing_queue_ids":[],"_links":{"self":[{"href":"https:\/\/agora.xtec.cat\/ceipcarmeguaschidarne\/wp-json\/wp\/v2\/pages\/3689","targetHints":{"allow":["GET"]}}],"collection":[{"href":"https:\/\/agora.xtec.cat\/ceipcarmeguaschidarne\/wp-json\/wp\/v2\/pages"}],"about":[{"href":"https:\/\/agora.xtec.cat\/ceipcarmeguaschidarne\/wp-json\/wp\/v2\/types\/page"}],"author":[{"embeddable":true,"href":"https:\/\/agora.xtec.cat\/ceipcarmeguaschidarne\/wp-json\/wp\/v2\/users\/1"}],"replies":[{"embeddable":true,"href":"https:\/\/agora.xtec.cat\/ceipcarmeguaschidarne\/wp-json\/wp\/v2\/comments?post=3689"}],"version-history":[{"count":1,"href":"https:\/\/agora.xtec.cat\/ceipcarmeguaschidarne\/wp-json\/wp\/v2\/pages\/3689\/revisions"}],"predecessor-version":[{"id":3690,"href":"https:\/\/agora.xtec.cat\/ceipcarmeguaschidarne\/wp-json\/wp\/v2\/pages\/3689\/revisions\/3690"}],"up":[{"embeddable":true,"href":"https:\/\/agora.xtec.cat\/ceipcarmeguaschidarne\/wp-json\/wp\/v2\/pages\/3258"}],"wp:attachment":[{"href":"https:\/\/agora.xtec.cat\/ceipcarmeguaschidarne\/wp-json\/wp\/v2\/media?parent=3689"}],"curies":[{"name":"wp","href":"https:\/\/api.w.org\/{rel}","templated":true}]}}