{"id":3653,"date":"2020-03-30T21:41:20","date_gmt":"2020-03-30T19:41:20","guid":{"rendered":"http:\/\/agora.xtec.cat\/ceipcarmeguaschidarne\/?page_id=3653"},"modified":"2020-04-06T15:26:36","modified_gmt":"2020-04-06T13:26:36","slug":"2n","status":"publish","type":"page","link":"https:\/\/agora.xtec.cat\/ceipcarmeguaschidarne\/recursos-educatius\/recursos-primaria\/2n\/","title":{"rendered":"2n"},"content":{"rendered":"<h3 style=\"text-align: center;\"><span style=\"text-decoration: underline;\">Graella setmanal: &#8220;Jo em quedo a casa&#8221;<\/span><\/h3>\n<p><em><strong>Programaci\u00f3 setmanal del 30 al 3 d&#8217;abril!!<\/strong><\/em><\/p>\n<p>Bon dia fam\u00edlies, nens i nenes, esperem que tots estigueu molt b\u00e9, us deixem un seguit d&#8217;activitats que podeu anar fent aquests dies des de casa. ( a cada enlla\u00e7 trobareu la tasca explicada), tamb\u00e9 podeu seguir treballant amb Teide i Innovamat.<\/p>\n<p>En breu tindreu m\u00e9s noticies de nosaltres, una abra\u00e7ada molt forta.<\/p>\n<p>Les mestres de segon.<\/p>\n<table style=\"height: 1383px; width: 706px; border-style: dotted;\" border=\"X X\" width=\"706\">\n<tbody>\n<tr style=\"height: 45px;\">\n<td style=\"width: 348.75px; text-align: center; height: 45px;\"><strong>\u00c0REES <\/strong><\/td>\n<td style=\"width: 348.75px; height: 45px; text-align: center;\"><strong>PROPOSTES\u00a0 D&#8217;ACTIVITATS<\/strong><\/td>\n<\/tr>\n<tr style=\"height: 150px;\">\n<td style=\"width: 348.75px; height: 150px;\">\n<p style=\"text-align: center;\"><strong>\u00a0\u00a0\u00a0\u00a0 MATEM\u00c0TIQUES<\/strong><\/p>\n<\/td>\n<td style=\"width: 348.75px; height: 150px;\">\n<p style=\"text-align: left;\"><strong><em>c\u00e0lcul mental 1<\/em><\/strong><\/p>\n<p style=\"text-align: left;\"><a href=\"https:\/\/agora.xtec.cat\/ceipcarmeguaschidarne\/wp-content\/uploads\/usu1597\/2020\/03\/C\u00e0lcul-mental-1-Documents-de-Google.pdf\">C\u00e0lcul mental 1 &#8211; Documents de Google<\/a><\/p>\n<\/td>\n<\/tr>\n<tr style=\"height: 10px;\">\n<td style=\"width: 348.75px; height: 10px; text-align: center;\"><strong>CASTELL\u00c0<\/strong><\/td>\n<td style=\"width: 348.75px; height: 10px;\"><em><strong>Palabras inventadas<\/strong><\/em><\/p>\n<p><a href=\"https:\/\/agora.xtec.cat\/ceipcarmeguaschidarne\/wp-content\/uploads\/usu1597\/2020\/03\/Palabras-inventadas-1.pdf\">Palabras inventadas (1)<\/a><\/p>\n<p><strong><em>Comprensi\u00f3n lectora (Tengo una mu\u00f1eca)<\/em><\/strong><\/p>\n<p><a href=\"https:\/\/agora.xtec.cat\/ceipcarmeguaschidarne\/wp-content\/uploads\/usu1597\/2020\/03\/Comprensi\u00f3-lectora-1.pdf\">Comprensi\u00f3 lectora 1<\/a><\/p>\n<p>&nbsp;<\/td>\n<\/tr>\n<tr style=\"height: 45px;\">\n<td style=\"width: 348.75px; height: 45px; text-align: center;\"><strong>CATAL\u00c0<\/strong><\/td>\n<td style=\"width: 348.75px; height: 45px;\"><em><strong>La Fada poesia (comprensi\u00f3 lectora)<\/strong><\/em><\/p>\n<p><a href=\"https:\/\/agora.xtec.cat\/ceipcarmeguaschidarne\/wp-content\/uploads\/usu1597\/2020\/03\/LA-FADA-POESIA.pdf\">LA FADA POESIA<\/a><\/p>\n<p><em><strong>Adjectius<\/strong><\/em><\/p>\n<p><a href=\"https:\/\/agora.xtec.cat\/ceipcarmeguaschidarne\/wp-content\/uploads\/usu1597\/2020\/03\/Adjectius-on-correspongui.pdf\">_Adjectius on correspongui<\/a><\/td>\n<\/tr>\n<tr style=\"height: 45px;\">\n<td style=\"width: 348.75px; height: 45px; text-align: center;\"><strong>LLENGUA ANGLESA<\/strong><\/td>\n<td style=\"width: 348.75px; height: 45px;\">\n<ul>\n<li><strong>Remember the routines. Watch the videos and sing!\u00a0<\/strong><\/li>\n<\/ul>\n<p><a href=\"https:\/\/www.youtube.com\/watch?v=36n93jvjkDs\">Days of the week song<\/a><\/p>\n<p><a href=\"https:\/\/youtu.be\/Jn7uAsLWXpk\">Weather song<\/a><\/p>\n<ul>\n<li><strong>This week we practise: Body vocabulary<\/strong><\/li>\n<\/ul>\n<p><strong>\u00a01st &#8211; Watch the video:<\/strong>\u00a0 <a href=\"https:\/\/www.youtube.com\/watch?v=QkHQ0CYwjaI\">Body song<\/a><\/p>\n<p><strong>2nd &#8211; Do the six activities in the following link (click: &#8220;Games online&#8221; and then &#8220;Body&#8221; section):<\/strong> <a href=\"http:\/\/koalatext.com\/public\/index.php\/grades\/0\/2\">Body exercises and games<\/a><\/p>\n<p><strong>* More ideas and resources:\u00a0<\/strong><\/p>\n<p><a href=\"https:\/\/agora.xtec.cat\/ceipcarmeguaschidarne\/recursos-educatius\/llengua-anglesa\/\">Escola Carme Guasch web &#8211; Llengua Anglesa CI-2n<\/a><\/td>\n<\/tr>\n<tr style=\"height: 45px;\">\n<td style=\"width: 348.75px; height: 45px; text-align: center;\"><strong>MEDI SOCIAL<\/strong><\/td>\n<td style=\"width: 348.75px; height: 45px;\">\n<p style=\"text-align: center;\"><strong><em>Casa nostra<\/em><\/strong><\/p>\n<p style=\"text-align: center;\"><a href=\"https:\/\/agora.xtec.cat\/ceipcarmeguaschidarne\/wp-content\/uploads\/usu1597\/2020\/03\/casa-nostra-1.pdf\">casa nostra 1<\/a><\/p>\n<\/td>\n<\/tr>\n<tr style=\"height: 45px;\">\n<td style=\"width: 348.75px; height: 45px; text-align: center;\"><strong>MEDI NATURAL<\/strong><\/td>\n<td style=\"width: 348.75px; height: 45px;\"><em><strong>El cos hum\u00e0<\/strong><\/em><\/p>\n<ul>\n<li>Activitat: Retallable de l\u2019esquelet. (si alg\u00fa tingu\u00e9s impressora que pot imprimir Dn3 seria ideal, per\u00f2 no patiu amb dn4, quedar\u00e0 perfecte tamb\u00e9.<\/li>\n<\/ul>\n<p><a href=\"https:\/\/agora.xtec.cat\/ceipcarmeguaschidarne\/wp-content\/uploads\/usu1597\/2020\/03\/retallable-esquelet.pdf\">retallable esquelet<\/a><\/p>\n<ul>\n<li>Compartim amb totes les fam\u00edlies aquest enlla\u00e7 de l&#8217;editorial Teide on de manera regular\u00a0 ens van proposant diferents activitats organitades per cursos i \u00e0rees per tal de\u00a0 fer m\u00e9s entretinguts aquests dies de confinament amb els nens i nens.<\/li>\n<\/ul>\n<p>Accedir-hi \u00e9s ben senzill, cal seguir les seg\u00fcents instruccions:<\/p>\n<ol>\n<li>Clicar l\u2019enlla\u00e7 <a href=\"https:\/\/web.editorialteide.com\/ca\/ensquedemacasa\/\" target=\"_blank\" rel=\"noopener noreferrer\" data-saferedirecturl=\"https:\/\/www.google.com\/url?q=https:\/\/web.editorialteide.com\/ca\/ensquedemacasa\/&amp;source=gmail&amp;ust=1584981711986000&amp;usg=AFQjCNF9-aH3gdwmA4GuByXVG8Er5Wy0uQ\">https:\/\/web.<wbr \/>editorialteide.com\/ca\/<wbr \/>ensquedemacasa\/<\/a><\/li>\n<li>Clicar el bot\u00f3 ACCEDEIX<\/li>\n<li>Triar el curs i despr\u00e9s la mat\u00e8ria<\/li>\n<\/ol>\n<\/td>\n<\/tr>\n<tr style=\"height: 45px;\">\n<td style=\"width: 348.75px; height: 45px; text-align: center;\"><strong>ARTS AND CRAFT<\/strong><\/td>\n<td style=\"width: 348.75px; height: 45px;\">Decorate <a href=\"https:\/\/agora.xtec.cat\/ceipcarmeguaschidarne\/wp-content\/uploads\/usu1597\/2020\/04\/Easter-eggs.pdf\">Easter eggs.<\/a><\/td>\n<\/tr>\n<tr>\n<td style=\"width: 348.75px; text-align: center;\"><strong>ANIVERSARIS<\/strong><\/td>\n<td style=\"width: 348.75px;\"><\/td>\n<\/tr>\n<\/tbody>\n<\/table>\n<p><strong>\u00a0<\/strong><\/p>\n<p>&nbsp;<\/p>\n<p><strong>\u00a0<\/strong><\/p>\n<p>&nbsp;<\/p>\n<p><strong>\u00a0<\/strong><\/p>\n<p>&nbsp;<\/p>\n<p>&nbsp;<\/p>\n<p><strong>\u00a0<\/strong><\/p>\n<p>&nbsp;<\/p>\n<p>&nbsp;<\/p>\n<ul>\n<li>Des d&#8217;Innovamat segueixen\u00a0 oferint-nos cada setmana diferents activitats i reptes d&#8217;aventures ordenats per curs i amb una guia did\u00e0ctica adaptada a les fam\u00edlies i\u00a0 tots els materials adaptats per fer a casa.<\/li>\n<\/ul>\n<p><a href=\"https:\/\/innovamat.com\/blog\/ca\/?utm_source=clientes&amp;utm_medium=email&amp;utm_content=cat&amp;utm_campaign=kickoff-blog\">https:\/\/innovamat.com\/blog\/ca\/?utm_source=clientes&amp;utm_medium=email&amp;utm_content=cat&amp;utm_campaign=kickoff-blog<\/a><\/p>\n<p>&nbsp;<\/p>\n<p><span style=\"text-decoration: underline;\"><em><strong>Lectura:<\/strong><\/em><\/span><\/p>\n<ul>\n<li><em>El Tricicle<\/em> \u00e9s un recurs per a l\u2019escola que busca apropar els nens i nenes de 6 a 12 anys al m\u00f3n que els envolta. Clicant al seg\u00fcent enlla\u00e7 podreu llegir el setmanari El Tricicle:<\/li>\n<\/ul>\n<p><a href=\"https:\/\/bit.ly\/3agaEeX\">https:\/\/bit.ly\/3agaEeX<\/a><\/p>\n<ul>\n<li>Orientacions per a pares i mares. Llegir amb els fills i filles: Q\u00fcesti\u00f3 de confian\u00e7a, generositat i paci\u00e8ncia. <a href=\"https:\/\/www.fbofill.cat\/sites\/default\/files\/4Orientacions%20per%20a%20pares%20i%20mares.pdf\">https:\/\/www.fbofill.cat\/sites\/default\/files\/4Orientacions%20per%20a%20pares%20i%20mares.pdf<\/a><\/li>\n<li>En aquests enlla\u00e7os podreu trobar cinc lectures en catal\u00e0 i cinc en castell\u00e0, adre\u00e7ades a diferents nivells:<\/li>\n<\/ul>\n<p><a href=\"https:\/\/blog.barcanovainfantilijuvenil.cat\/?p=2671&amp;utm_campaign=campana-primaria-infantil-26-marzo&amp;utm_medium=email&amp;utm_source=acumbamail\">En catal\u00e0<\/a><\/p>\n<p><a href=\"https:\/\/www.anayainfantilyjuvenil.com\/noticia\/cinco-titulos-para-leer-gratis-desde-casa\/?utm_campaign=campana-primaria-infantil-26-marzo&amp;utm_medium=email&amp;utm_source=acumbamail\">En\u00a0 castell\u00e0<\/a><\/p>\n<p><a href=\"https:\/\/www.brunolibros.es\/noticia\/llibres-per-llegir-online\/?utm_campaign=campana-primaria-infantil-26-marzo&amp;utm_medium=email&amp;utm_source=acumbamail\">Altres<\/a><\/p>\n<p>&nbsp;<\/p>\n<p><span style=\"text-decoration: underline;\"><em><strong>Juegos de Lengua Castellana:<\/strong><\/em><\/span><\/p>\n<ul>\n<li>Un llistat de jocs educatius online per a nens i nenes de 6 a 8 anys on podran con\u00e8ixer i repassar\u00a0 continguts propis de la Llengua Castellana.<\/li>\n<\/ul>\n<p><a href=\"http:\/\/www.cristic.com\/1o-y-2o-de-primaria\/castellano\/\">http:\/\/www.cristic.com\/1o-y-2o-de-primaria\/castellano\/<\/a><\/p>\n<ul>\n<li>Jocs de llengua, llenguatge i literatura sobre vocabulari, gr\u00e0matica, ortografia, sin\u00f2nims i ant\u00f2nims&#8230;<\/li>\n<\/ul>\n<p><a href=\"https:\/\/juegosinfantiles.bosquedefantasias.com\/lengua-literatura\/vocabulario\">https:\/\/juegosinfantiles.bosquedefantasias.com\/lengua-literatura\/vocabulario<\/a><\/p>\n","protected":false},"excerpt":{"rendered":"<p>Graella setmanal: &#8220;Jo em quedo a casa&#8221;<br \/>\nProgramaci\u00f3 setmanal del 30 al 3 d&#8217;abril!!<br \/>\nBon dia fam\u00edlies, nens i nenes, esperem que tots estigueu molt b\u00e9, us deixem un seguit d&#8217;activitats que podeu anar fent aquests dies des de casa. ( a cada enlla\u00e7 trobareu la tasca&hellip;  <a href=\"https:\/\/agora.xtec.cat\/ceipcarmeguaschidarne\/recursos-educatius\/recursos-primaria\/2n\/\" title=\"Read 2n\">Llegeix m\u00e9s\u00bb<\/a><\/p>\n","protected":false},"author":1,"featured_media":0,"parent":3261,"menu_order":1,"comment_status":"closed","ping_status":"closed","template":"","meta":{"_bbp_topic_count":0,"_bbp_reply_count":0,"_bbp_total_topic_count":0,"_bbp_total_reply_count":0,"_bbp_voice_count":0,"_bbp_anonymous_reply_count":0,"_bbp_topic_count_hidden":0,"_bbp_reply_count_hidden":0,"_bbp_forum_subforum_count":0,"footnotes":""},"class_list":["post-3653","page","type-page","status-publish","hentry"],"post_mailing_queue_ids":[],"_links":{"self":[{"href":"https:\/\/agora.xtec.cat\/ceipcarmeguaschidarne\/wp-json\/wp\/v2\/pages\/3653","targetHints":{"allow":["GET"]}}],"collection":[{"href":"https:\/\/agora.xtec.cat\/ceipcarmeguaschidarne\/wp-json\/wp\/v2\/pages"}],"about":[{"href":"https:\/\/agora.xtec.cat\/ceipcarmeguaschidarne\/wp-json\/wp\/v2\/types\/page"}],"author":[{"embeddable":true,"href":"https:\/\/agora.xtec.cat\/ceipcarmeguaschidarne\/wp-json\/wp\/v2\/users\/1"}],"replies":[{"embeddable":true,"href":"https:\/\/agora.xtec.cat\/ceipcarmeguaschidarne\/wp-json\/wp\/v2\/comments?post=3653"}],"version-history":[{"count":5,"href":"https:\/\/agora.xtec.cat\/ceipcarmeguaschidarne\/wp-json\/wp\/v2\/pages\/3653\/revisions"}],"predecessor-version":[{"id":3709,"href":"https:\/\/agora.xtec.cat\/ceipcarmeguaschidarne\/wp-json\/wp\/v2\/pages\/3653\/revisions\/3709"}],"up":[{"embeddable":true,"href":"https:\/\/agora.xtec.cat\/ceipcarmeguaschidarne\/wp-json\/wp\/v2\/pages\/3261"}],"wp:attachment":[{"href":"https:\/\/agora.xtec.cat\/ceipcarmeguaschidarne\/wp-json\/wp\/v2\/media?parent=3653"}],"curies":[{"name":"wp","href":"https:\/\/api.w.org\/{rel}","templated":true}]}}