{"id":3302,"date":"2020-03-21T00:45:19","date_gmt":"2020-03-20T23:45:19","guid":{"rendered":"http:\/\/agora.xtec.cat\/ceipcarmeguaschidarne\/?page_id=3302"},"modified":"2020-03-27T09:42:04","modified_gmt":"2020-03-27T08:42:04","slug":"altres-blogs-interessants","status":"publish","type":"page","link":"https:\/\/agora.xtec.cat\/ceipcarmeguaschidarne\/recursos-educatius\/infantil\/altres-blogs-interessants\/","title":{"rendered":"Altres blogs interessants"},"content":{"rendered":"<p>Per comen\u00e7ar, sabem <strong>qu\u00e8 \u00e9s un virus? <\/strong>Doncs llegim el conte de la Rosa que de ben segur ens ajudar\u00e0 a saber-ho!<\/p>\n<p><strong><a href=\"https:\/\/agora.xtec.cat\/ceipcarmeguaschidarne\/wp-content\/uploads\/usu1597\/2020\/03\/La-Rosa-contra-el-virus-CATAL\u00c0.pdf\">La Rosa contra el virus &#8211; CATAL\u00c0<\/a><\/strong><\/p>\n<p><a href=\"https:\/\/agora.xtec.cat\/ceipcarmeguaschidarne\/wp-content\/uploads\/usu1597\/2020\/03\/editorial-teide.jpg\"><img loading=\"lazy\" decoding=\"async\" class=\"alignnone wp-image-3532\" src=\"https:\/\/agora.xtec.cat\/ceipcarmeguaschidarne\/wp-content\/uploads\/usu1597\/2020\/03\/editorial-teide.jpg\" alt=\"\" width=\"237\" height=\"158\" \/><\/a><\/p>\n<p>L&#8217;Editorial Teide ha posat a disposici\u00f3 diferents activitats per fer a casa amb els vostres fills i filles:<\/p>\n<p><a href=\"https:\/\/web.editorialteide.com\/ca\/ens-quedem-a-casa\/\">https:\/\/web.editorialteide.com\/ca\/ens-quedem-a-casa\/<\/a><\/p>\n<p>Us fem arribar aquest enlla\u00e7 dels Mossos d&#8217;Esquadra on podreu trobar material que us ajudar\u00e0 a con\u00e8ixer millor els mossos i mosses de les diferents especialitats!<\/p>\n<p><a href=\"https:\/\/mossos.gencat.cat\/ca\/temes\/families-i-escoles\/materials-infantils\/#bloc2\">https:\/\/mossos.gencat.cat\/ca\/temes\/families-i-escoles\/materials-infantils\/#bloc2.<\/a><\/p>\n<p>&nbsp;<\/p>\n<p>&nbsp;<\/p>\n<p>&nbsp;<\/p>\n<p>&nbsp;<\/p>\n<p>&nbsp;<\/p>\n<p>&nbsp;<\/p>\n","protected":false},"excerpt":{"rendered":"<p>Per comen\u00e7ar, sabem qu\u00e8 \u00e9s un virus? Doncs llegim el conte de la Rosa que de ben segur ens ajudar\u00e0 a saber-ho!<br \/>\n<a href=\"https:\/\/agora.xtec.cat\/ceipcarmeguaschidarne\/wp-content\/uploads\/usu1597\/2020\/03\/La-Rosa-contra-el-virus-CATAL\u00c0.pdf\">La Rosa contra el virus &#8211; CATAL\u00c0<\/a><br \/>\n<a href=\"https:\/\/agora.xtec.cat\/ceipcarmeguaschidarne\/wp-content\/uploads\/usu1597\/2020\/03\/editorial-teide.jpg\"><\/a><br \/>\nL&#8217;Editorial Teide ha posat a disposici\u00f3 diferents activitats per fer a casa amb els vostres fills&hellip;  <a href=\"https:\/\/agora.xtec.cat\/ceipcarmeguaschidarne\/recursos-educatius\/infantil\/altres-blogs-interessants\/\" title=\"Read Altres blogs interessants\">Llegeix m\u00e9s\u00bb<\/a><\/p>\n","protected":false},"author":1,"featured_media":0,"parent":3271,"menu_order":0,"comment_status":"closed","ping_status":"closed","template":"","meta":{"_bbp_topic_count":0,"_bbp_reply_count":0,"_bbp_total_topic_count":0,"_bbp_total_reply_count":0,"_bbp_voice_count":0,"_bbp_anonymous_reply_count":0,"_bbp_topic_count_hidden":0,"_bbp_reply_count_hidden":0,"_bbp_forum_subforum_count":0,"footnotes":""},"class_list":["post-3302","page","type-page","status-publish","hentry"],"post_mailing_queue_ids":[],"_links":{"self":[{"href":"https:\/\/agora.xtec.cat\/ceipcarmeguaschidarne\/wp-json\/wp\/v2\/pages\/3302","targetHints":{"allow":["GET"]}}],"collection":[{"href":"https:\/\/agora.xtec.cat\/ceipcarmeguaschidarne\/wp-json\/wp\/v2\/pages"}],"about":[{"href":"https:\/\/agora.xtec.cat\/ceipcarmeguaschidarne\/wp-json\/wp\/v2\/types\/page"}],"author":[{"embeddable":true,"href":"https:\/\/agora.xtec.cat\/ceipcarmeguaschidarne\/wp-json\/wp\/v2\/users\/1"}],"replies":[{"embeddable":true,"href":"https:\/\/agora.xtec.cat\/ceipcarmeguaschidarne\/wp-json\/wp\/v2\/comments?post=3302"}],"version-history":[{"count":5,"href":"https:\/\/agora.xtec.cat\/ceipcarmeguaschidarne\/wp-json\/wp\/v2\/pages\/3302\/revisions"}],"predecessor-version":[{"id":3563,"href":"https:\/\/agora.xtec.cat\/ceipcarmeguaschidarne\/wp-json\/wp\/v2\/pages\/3302\/revisions\/3563"}],"up":[{"embeddable":true,"href":"https:\/\/agora.xtec.cat\/ceipcarmeguaschidarne\/wp-json\/wp\/v2\/pages\/3271"}],"wp:attachment":[{"href":"https:\/\/agora.xtec.cat\/ceipcarmeguaschidarne\/wp-json\/wp\/v2\/media?parent=3302"}],"curies":[{"name":"wp","href":"https:\/\/api.w.org\/{rel}","templated":true}]}}