{"id":3287,"date":"2020-03-21T00:10:26","date_gmt":"2020-03-20T23:10:26","guid":{"rendered":"http:\/\/agora.xtec.cat\/ceipcarmeguaschidarne\/?page_id=3287"},"modified":"2020-03-30T21:35:56","modified_gmt":"2020-03-30T19:35:56","slug":"activitats-coneixement-del-medi","status":"publish","type":"page","link":"https:\/\/agora.xtec.cat\/ceipcarmeguaschidarne\/recursos-educatius\/cicle-mitja\/activitats-coneixement-del-medi\/","title":{"rendered":"Activitats Coneixement del medi"},"content":{"rendered":"<h3><\/h3>\n<ul>\n<li>Els i les alumnes de Cicle Mitj\u00e0 i les vostres fam\u00edlies tamb\u00e9 podeu accedir al web que ha habilitat l&#8217;editorial Teide mentre ens quedem a casa.<\/li>\n<\/ul>\n<p>Accedir-hi \u00e9s ben senzill, cal seguir les seg\u00fcents instruccions:<\/p>\n<ol>\n<li>Clicar l\u2019enlla\u00e7 <a href=\"https:\/\/web.editorialteide.com\/ca\/ensquedemacasa\/\" target=\"_blank\" rel=\"noopener noreferrer\" data-saferedirecturl=\"https:\/\/www.google.com\/url?q=https:\/\/web.editorialteide.com\/ca\/ensquedemacasa\/&amp;source=gmail&amp;ust=1584981711986000&amp;usg=AFQjCNF9-aH3gdwmA4GuByXVG8Er5Wy0uQ\">https:\/\/web.<wbr \/>editorialteide.com\/ca\/<wbr \/>ensquedemacasa\/<\/a><\/li>\n<li>Clicar el bot\u00f3 ACCEDEIX<\/li>\n<li>Triar el curs i despr\u00e9s la mat\u00e8ria (llengua, matem\u00e0tiques i medi).<\/li>\n<\/ol>\n<p>&nbsp;<\/p>\n<ul>\n<li>Si us interessa el m\u00f3n dels animals podeu mirar el Kukurota al super3. Acostumen a fer-lo cap a les 19:00h. I si no esteu davant la TV a aquella hora podeu mirar els v\u00eddeos al seu web: <a href=\"https:\/\/www.ccma.cat\/tv3\/super3\/kukurota\/videos\/\">https:\/\/www.ccma.cat\/tv3\/super3\/kukurota\/videos\/<\/a><\/li>\n<\/ul>\n<p>&nbsp;<\/p>\n<ul>\n<li>Pels que teniu fusta de cient\u00edfic us recomanem el Din\u00e0miks del super3. El fan aproximadament a tres quarts de nou (20:45h). Aqu\u00ed teniu l&#8217;enlla\u00e7 per veure els seus v\u00eddeos si no podeu ser davant la TV en aquell moment: <a href=\"https:\/\/www.ccma.cat\/tv3\/super3\/dinamiks\/\">https:\/\/www.ccma.cat\/tv3\/super3\/dinamiks\/<\/a><\/li>\n<\/ul>\n<p>&nbsp;<\/p>\n","protected":false},"excerpt":{"rendered":"<ul>\n<li>Els i les alumnes de Cicle Mitj\u00e0 i les vostres fam\u00edlies tamb\u00e9 podeu accedir al web que ha habilitat l&#8217;editorial Teide mentre ens quedem a casa.<\/li>\n<\/ul>\n<p>Accedir-hi \u00e9s ben senzill, cal seguir les seg\u00fcents instruccions:<\/p>\n<ol>\n<li>Clicar l\u2019enlla\u00e7 <a href=\"https:\/\/web.editorialteide.com\/ca\/ensquedemacasa\/\" target=\"_blank\" rel=\"noopener noreferrer\" data-saferedirecturl=\"https:\/\/www.google.com\/url?q=https:\/\/web.editorialteide.com\/ca\/ensquedemacasa\/&amp;source=gmail&amp;ust=1584981711986000&amp;usg=AFQjCNF9-aH3gdwmA4GuByXVG8Er5Wy0uQ\">https:\/\/web.editorialteide.com\/ca\/ensquedemacasa\/<\/a><\/li>\n<li>Clicar el bot\u00f3 ACCEDEIX<\/li>\n<li>Triar el&hellip;  <a href=\"https:\/\/agora.xtec.cat\/ceipcarmeguaschidarne\/recursos-educatius\/cicle-mitja\/activitats-coneixement-del-medi\/\" title=\"Read Activitats Coneixement del medi\">Llegeix m\u00e9s\u00bb<\/a><br \/>\n","protected":false},"author":1,"featured_media":0,"parent":3622,"menu_order":0,"comment_status":"closed","ping_status":"closed","template":"","meta":{"_bbp_topic_count":0,"_bbp_reply_count":0,"_bbp_total_topic_count":0,"_bbp_total_reply_count":0,"_bbp_voice_count":0,"_bbp_anonymous_reply_count":0,"_bbp_topic_count_hidden":0,"_bbp_reply_count_hidden":0,"_bbp_forum_subforum_count":0,"footnotes":""},"class_list":["post-3287","page","type-page","status-publish","hentry"],"post_mailing_queue_ids":[],"_links":{"self":[{"href":"https:\/\/agora.xtec.cat\/ceipcarmeguaschidarne\/wp-json\/wp\/v2\/pages\/3287","targetHints":{"allow":["GET"]}}],"collection":[{"href":"https:\/\/agora.xtec.cat\/ceipcarmeguaschidarne\/wp-json\/wp\/v2\/pages"}],"about":[{"href":"https:\/\/agora.xtec.cat\/ceipcarmeguaschidarne\/wp-json\/wp\/v2\/types\/page"}],"author":[{"embeddable":true,"href":"https:\/\/agora.xtec.cat\/ceipcarmeguaschidarne\/wp-json\/wp\/v2\/users\/1"}],"replies":[{"embeddable":true,"href":"https:\/\/agora.xtec.cat\/ceipcarmeguaschidarne\/wp-json\/wp\/v2\/comments?post=3287"}],"version-history":[{"count":3,"href":"https:\/\/agora.xtec.cat\/ceipcarmeguaschidarne\/wp-json\/wp\/v2\/pages\/3287\/revisions"}],"predecessor-version":[{"id":3651,"href":"https:\/\/agora.xtec.cat\/ceipcarmeguaschidarne\/wp-json\/wp\/v2\/pages\/3287\/revisions\/3651"}],"up":[{"embeddable":true,"href":"https:\/\/agora.xtec.cat\/ceipcarmeguaschidarne\/wp-json\/wp\/v2\/pages\/3622"}],"wp:attachment":[{"href":"https:\/\/agora.xtec.cat\/ceipcarmeguaschidarne\/wp-json\/wp\/v2\/media?parent=3287"}],"curies":[{"name":"wp","href":"https:\/\/api.w.org\/{rel}","templated":true}]}}