{"id":3284,"date":"2020-03-21T00:08:14","date_gmt":"2020-03-20T23:08:14","guid":{"rendered":"http:\/\/agora.xtec.cat\/ceipcarmeguaschidarne\/?page_id=3284"},"modified":"2020-03-30T21:33:57","modified_gmt":"2020-03-30T19:33:57","slug":"activitats-ambit-matematic","status":"publish","type":"page","link":"https:\/\/agora.xtec.cat\/ceipcarmeguaschidarne\/recursos-educatius\/cicle-mitja\/activitats-ambit-matematic\/","title":{"rendered":"Activitats \u00e0mbit matem\u00e0tic"},"content":{"rendered":"<h3><\/h3>\n<ul>\n<li>Els i les alumnes de Cicle Mitj\u00e0 i les vostres fam\u00edlies tamb\u00e9 podeu accedir al web que ha habilitat l&#8217;editorial Teide mentre ens quedem a casa.<\/li>\n<\/ul>\n<p>Accedir-hi \u00e9s ben senzill, cal seguir les seg\u00fcents instruccions:<\/p>\n<ol>\n<li>Clicar l\u2019enlla\u00e7 <a href=\"https:\/\/web.editorialteide.com\/ca\/ensquedemacasa\/\" target=\"_blank\" rel=\"noopener noreferrer\" data-saferedirecturl=\"https:\/\/www.google.com\/url?q=https:\/\/web.editorialteide.com\/ca\/ensquedemacasa\/&amp;source=gmail&amp;ust=1584981711986000&amp;usg=AFQjCNF9-aH3gdwmA4GuByXVG8Er5Wy0uQ\">https:\/\/web.<wbr \/>editorialteide.com\/ca\/<wbr \/>ensquedemacasa\/<\/a><\/li>\n<li>Clicar el bot\u00f3 ACCEDEIX<\/li>\n<li>Triar el curs i despr\u00e9s la mat\u00e8ria (llengua, matem\u00e0tiques i medi).<\/li>\n<\/ol>\n<ul>\n<li>Per treballar les <strong><em><span style=\"text-decoration: underline;\">matem\u00e0tiques<\/span><\/em><\/strong> que fem a l&#8217;escola podeu treballar els quaderns amb el suport del blog que us vam enviar i que han habilitat tamb\u00e9 la gent d&#8217;Innovamat per aquests dies excepcionals.<\/li>\n<\/ul>\n<p><a href=\"https:\/\/innovamat.com\/blog\/ca\/?utm_source=clientes&amp;utm_medium=email&amp;utm_content=cat&amp;utm_campaign=kickoff-blog\">https:\/\/innovamat.com\/blog\/ca\/?utm_source=clientes&amp;utm_medium=email&amp;utm_content=cat&amp;utm_campaign=kickoff-blog<\/a><\/p>\n<p>&nbsp;<\/p>\n","protected":false},"excerpt":{"rendered":"<ul>\n<li>Els i les alumnes de Cicle Mitj\u00e0 i les vostres fam\u00edlies tamb\u00e9 podeu accedir al web que ha habilitat l&#8217;editorial Teide mentre ens quedem a casa.<\/li>\n<\/ul>\n<p>Accedir-hi \u00e9s ben senzill, cal seguir les seg\u00fcents instruccions:<\/p>\n<ol>\n<li>Clicar l\u2019enlla\u00e7 <a href=\"https:\/\/web.editorialteide.com\/ca\/ensquedemacasa\/\" target=\"_blank\" rel=\"noopener noreferrer\" data-saferedirecturl=\"https:\/\/www.google.com\/url?q=https:\/\/web.editorialteide.com\/ca\/ensquedemacasa\/&amp;source=gmail&amp;ust=1584981711986000&amp;usg=AFQjCNF9-aH3gdwmA4GuByXVG8Er5Wy0uQ\">https:\/\/web.editorialteide.com\/ca\/ensquedemacasa\/<\/a><\/li>\n<li>Clicar el bot\u00f3 ACCEDEIX<\/li>\n<li>Triar el&hellip;  <a href=\"https:\/\/agora.xtec.cat\/ceipcarmeguaschidarne\/recursos-educatius\/cicle-mitja\/activitats-ambit-matematic\/\" title=\"Read Activitats \u00e0mbit matem\u00e0tic\">Llegeix m\u00e9s\u00bb<\/a><br \/>\n","protected":false},"author":1,"featured_media":0,"parent":3622,"menu_order":0,"comment_status":"closed","ping_status":"closed","template":"","meta":{"_bbp_topic_count":0,"_bbp_reply_count":0,"_bbp_total_topic_count":0,"_bbp_total_reply_count":0,"_bbp_voice_count":0,"_bbp_anonymous_reply_count":0,"_bbp_topic_count_hidden":0,"_bbp_reply_count_hidden":0,"_bbp_forum_subforum_count":0,"footnotes":""},"class_list":["post-3284","page","type-page","status-publish","hentry"],"post_mailing_queue_ids":[],"_links":{"self":[{"href":"https:\/\/agora.xtec.cat\/ceipcarmeguaschidarne\/wp-json\/wp\/v2\/pages\/3284","targetHints":{"allow":["GET"]}}],"collection":[{"href":"https:\/\/agora.xtec.cat\/ceipcarmeguaschidarne\/wp-json\/wp\/v2\/pages"}],"about":[{"href":"https:\/\/agora.xtec.cat\/ceipcarmeguaschidarne\/wp-json\/wp\/v2\/types\/page"}],"author":[{"embeddable":true,"href":"https:\/\/agora.xtec.cat\/ceipcarmeguaschidarne\/wp-json\/wp\/v2\/users\/1"}],"replies":[{"embeddable":true,"href":"https:\/\/agora.xtec.cat\/ceipcarmeguaschidarne\/wp-json\/wp\/v2\/comments?post=3284"}],"version-history":[{"count":3,"href":"https:\/\/agora.xtec.cat\/ceipcarmeguaschidarne\/wp-json\/wp\/v2\/pages\/3284\/revisions"}],"predecessor-version":[{"id":3650,"href":"https:\/\/agora.xtec.cat\/ceipcarmeguaschidarne\/wp-json\/wp\/v2\/pages\/3284\/revisions\/3650"}],"up":[{"embeddable":true,"href":"https:\/\/agora.xtec.cat\/ceipcarmeguaschidarne\/wp-json\/wp\/v2\/pages\/3622"}],"wp:attachment":[{"href":"https:\/\/agora.xtec.cat\/ceipcarmeguaschidarne\/wp-json\/wp\/v2\/media?parent=3284"}],"curies":[{"name":"wp","href":"https:\/\/api.w.org\/{rel}","templated":true}]}}